{"id":15686,"date":"2024-03-10T01:24:43","date_gmt":"2024-03-10T00:24:43","guid":{"rendered":"https:\/\/diamondspa.sk\/product\/m-spa-prava-sucha-sauna-parna-miestnost-a-sprchovaci-kut-trio-180-x-110-x-223-cm\/"},"modified":"2025-08-15T08:36:43","modified_gmt":"2025-08-15T06:36:43","slug":"m-spa-prava-sucha-sauna-parna-miestnost-a-sprchovaci-kut-trio-180-x-110-x-223-cm","status":"publish","type":"product","link":"https:\/\/diamondspa.sk\/sk\/produkt\/m-spa-prava-sucha-sauna-parna-miestnost-a-sprchovaci-kut-trio-180-x-110-x-223-cm\/","title":{"rendered":"M-SPA &#8211;  Prav\u00e1 such\u00e1 sauna, parn\u00e1 miestnos\u0165 a sprchovac\u00ed k\u00fat TRIO 180 x 110 x 223 cm"},"content":{"rendered":"<p><strong>POPIS PRODUKTU:<\/strong><\/p>\n<ul>\n<li><span>Verzia: prav\u00e1<\/span><\/li>\n<li><span>\u010cierna farba<\/span><\/li>\n<li><span>Materi\u00e1l: tvrden\u00e9 sklo 5 mm<\/span><\/li>\n<li><span>Nap\u00e1janie: 220V<\/span><\/li>\n<\/ul>\n<p><strong>KAB\u00cdNA:<\/strong><\/p>\n<ul>\n<li><span>Po\u010det miest na sedenie: 1 osoba<\/span><\/li>\n<li><span>Akryl\u00e1tov\u00e1 sprchov\u00e1 vani\u010dka<\/span><\/li>\n<li><span>N\u00edzke brouzdali\u0161t\u011b<\/span><\/li>\n<li><span>Hlin\u00edkov\u00fd r\u00e1m<\/span><\/li>\n<li><span>PARN\u00dd GENER\u00c1TOR: \u00c1NO<\/span><\/li>\n<li><span>Reproduktor: \u00e1no<\/span><\/li>\n<li><span>Osvetlenie<\/span><\/li>\n<li><span>Ventil\u00e1tor: \u00e1no<\/span><\/li>\n<li><span>Ovl\u00e1dac\u00ed panel: \u00e1no<\/span><\/li>\n<li><span>R\u00e1dio: \u00e1no<\/span><\/li>\n<li><span>Mas\u00e1\u017ene trysky<\/span><\/li>\n<li><span>Poli\u010dka na kozmetiku: \u00e1no<\/span><\/li>\n<li><span>Sprchov\u00e1 hlavica: \u00e1no<\/span><\/li>\n<li><span>Bat\u00e9ria: \u00e1no<\/span><\/li>\n<li><span>Da\u017e\u010fov\u00e1 sprcha: \u00e1no<\/span><\/li>\n<li><span>Posuvn\u00e9 dvere<\/span><\/li>\n<\/ul>\n<p><strong>SAUNA:<\/strong><\/p>\n<ul>\n<li><span>Po\u010det miest na sedenie: 1 osoba<\/span><\/li>\n<li><span>Materi\u00e1l: borovica<\/span><\/li>\n<li><span>Typ: such\u00e1 sauna s pieckou<\/span><\/li>\n<li><span>Sedadlo: \u00e1no<\/span><\/li>\n<li><span>Pieskov\u00e9 hodiny: \u00e1no<\/span><\/li>\n<li><span>Osvetlenie v saune: \u00e1no<\/span><\/li>\n<li><span>Teplomer: \u00e1no<\/span><\/li>\n<li><span>Pec: \u00e1no<\/span><\/li>\n<li><span>Sud + nabera\u010dka: \u00e1no<\/span><\/li>\n<li><span>Hodiny mimo sauny: \u00e1no<\/span><\/li>\n<li><span>Okno: \u00e1no<\/span><\/li>\n<\/ul>\n","protected":false},"excerpt":{"rendered":"<p>POPIS PRODUKTU: Verzia: prav\u00e1 \u010cierna farba Materi\u00e1l: tvrden\u00e9 sklo 5 mm Nap\u00e1janie: 220V KAB\u00cdNA: Po\u010det miest na sedenie: 1 osoba Akryl\u00e1tov\u00e1 sprchov\u00e1 vani\u010dka N\u00edzke brouzdali\u0161t\u011b Hlin\u00edkov\u00fd r\u00e1m PARN\u00dd GENER\u00c1TOR: \u00c1NO Reproduktor: \u00e1no Osvetlenie Ventil\u00e1tor: \u00e1no Ovl\u00e1dac\u00ed panel: \u00e1no R\u00e1dio: \u00e1no Mas\u00e1\u017ene trysky Poli\u010dka na kozmetiku: \u00e1no Sprchov\u00e1 hlavica: \u00e1no Bat\u00e9ria: \u00e1no Da\u017e\u010fov\u00e1 sprcha: \u00e1no Posuvn\u00e9 [&hellip;]<\/p>\n","protected":false},"featured_media":15687,"comment_status":"closed","ping_status":"open","template":"","meta":[],"product_brand":[2536],"product_cat":[891,626],"product_tag":[],"class_list":{"0":"post-15686","1":"product","2":"type-product","3":"status-publish","4":"has-post-thumbnail","6":"product_brand-m-spa","7":"product_cat-parne-sauny","8":"product_cat-sauny-sk","9":"pa_material-borovica","10":"pa_napajanie-220-v","11":"pa_pocet-miest-1-1","12":"pa_sirka-110-cm","13":"pa_vyrobca-m-spa","14":"pa_vyska-223-cm","15":"pa_zaruka-2-roky","17":"first","18":"outofstock","19":"sale","20":"taxable","21":"shipping-taxable","22":"purchasable","23":"product-type-simple"},"_links":{"self":[{"href":"https:\/\/diamondspa.sk\/sk\/wp-json\/wp\/v2\/product\/15686","targetHints":{"allow":["GET"]}}],"collection":[{"href":"https:\/\/diamondspa.sk\/sk\/wp-json\/wp\/v2\/product"}],"about":[{"href":"https:\/\/diamondspa.sk\/sk\/wp-json\/wp\/v2\/types\/product"}],"replies":[{"embeddable":true,"href":"https:\/\/diamondspa.sk\/sk\/wp-json\/wp\/v2\/comments?post=15686"}],"wp:featuredmedia":[{"embeddable":true,"href":"https:\/\/diamondspa.sk\/sk\/wp-json\/wp\/v2\/media\/15687"}],"wp:attachment":[{"href":"https:\/\/diamondspa.sk\/sk\/wp-json\/wp\/v2\/media?parent=15686"}],"wp:term":[{"taxonomy":"product_brand","embeddable":true,"href":"https:\/\/diamondspa.sk\/sk\/wp-json\/wp\/v2\/product_brand?post=15686"},{"taxonomy":"product_cat","embeddable":true,"href":"https:\/\/diamondspa.sk\/sk\/wp-json\/wp\/v2\/product_cat?post=15686"},{"taxonomy":"product_tag","embeddable":true,"href":"https:\/\/diamondspa.sk\/sk\/wp-json\/wp\/v2\/product_tag?post=15686"}],"curies":[{"name":"wp","href":"https:\/\/api.w.org\/{rel}","templated":true}]}}