{"id":15694,"date":"2024-03-10T01:24:43","date_gmt":"2024-03-10T00:24:43","guid":{"rendered":"https:\/\/diamondspa.sk\/product\/m-spa-lava-sucha-sauna-s-parou-a-sprchova-kabina-trio-180-x-110-x-223-cm-6-kw\/"},"modified":"2025-08-15T08:36:42","modified_gmt":"2025-08-15T06:36:42","slug":"m-spa-lava-sucha-sauna-s-parou-a-sprchova-kabina-trio-180-x-110-x-223-cm-6-kw","status":"publish","type":"product","link":"https:\/\/diamondspa.sk\/sk\/produkt\/m-spa-lava-sucha-sauna-s-parou-a-sprchova-kabina-trio-180-x-110-x-223-cm-6-kw\/","title":{"rendered":"M-SPA &#8211; \u013dav\u00e1 such\u00e1 sauna s parou a sprchov\u00e1 kab\u00edna TRIO 180 x 110 x 223 cm 6 kW"},"content":{"rendered":"<p><strong><span>FUNKCIE:<\/span><br \/><\/strong><\/p>\n<ol>\n<li><span>Sprchovac\u00ed k\u00fat<\/span><\/li>\n<li><span>Parn\u00e1 sauna<\/span><\/li>\n<li><span>Such\u00e1 sauna<\/span><\/li>\n<\/ol>\n<p><strong><span>SPRCHOV\u00c1 KAB\u00cdNA S FUNKCIOU PARNEJ SAUNY:<\/span><\/strong><\/p>\n<p><span>Vonkaj\u0161ie rozmery: 180 x 110 x 223 cm<\/span><br \/><span>Hr\u00fabka tvrden\u00e9ho skla: 5 mm<\/span><\/p>\n<p><strong>Materi\u00e1l:<\/strong><\/p>\n<ul>\n<li><span>Sprchov\u00e1 vani\u010dka: Akryl<\/span><\/li>\n<li><span>R\u00e1m: hlin\u00edk (strieborn\u00fd)<\/span><\/li>\n<li><span>Zadn\u00e1 stena: tvrden\u00e9 sklo<\/span><\/li>\n<\/ul>\n<p><strong>Vybavenie:<\/strong><\/p>\n<ul>\n<li><span>Hydromas\u00e1\u017ene trysky (1,5\u2033): 6 ks<\/span><\/li>\n<li><span>Sprcha bat\u00e9ria (zmie\u0161avac\u00ed ventil, prep\u00edna\u010d)<\/span><\/li>\n<li><span>Chr\u00f3movan\u00e9 gomb\u00edky<\/span><\/li>\n<li><span>Multifunk\u010dn\u00e1 ru\u010dn\u00e1 sprcha<\/span><\/li>\n<li><span>Da\u017e\u010fov\u00e1 sprcha<\/span><\/li>\n<li><span>Ods\u00e1vac\u00ed ventil\u00e1tor<\/span><\/li>\n<li><span>LED svetl\u00e1 (na strechu): 2 ks (biela)<\/span><\/li>\n<li><span>Poli\u010dka na kozmetiku<\/span><\/li>\n<li><span>Ovl\u00e1dac\u00ed panel<\/span><\/li>\n<li><span>R\u00e1dio<\/span><\/li>\n<li><span>Reproduktor<\/span><\/li>\n<li><span>Vyv\u00edja\u010d pary 3 kW<\/span><\/li>\n<li><span>V\u00fdstup pary<\/span><\/li>\n<li><span>Sn\u00edma\u010d teploty<\/span><\/li>\n<\/ul>\n<p><strong><span>SUCH\u00c1 SAUNA:<\/span><\/strong><\/p>\n<ul>\n<li><span>Po\u010det miest na sedenie: 1 osoba<\/span><\/li>\n<li><span>Materi\u00e1l: borovica<\/span><\/li>\n<li><span>Nap\u00e1janie: 220 ~ 240V\/50<\/span><\/li>\n<li><span>Elektrick\u00fd spor\u00e1k (ru\u010dne ovl\u00e1dan\u00fd): 3 kW<\/span><\/li>\n<li><span>Sedadlo<\/span><\/li>\n<li><span>V\u00fdvod vetrania (namontovan\u00e9 v strie\u0161ke)<\/span><\/li>\n<li><span>LED svetlo (namontovan\u00e9 v bo\u010dnej stene): 2 ks<\/span><\/li>\n<li><span>LED svetlo (in\u0161talovan\u00e9 v streche)<\/span><\/li>\n<li><span>Termo vlhkomer<\/span><\/li>\n<li><span>Pieskov\u00e9 hodiny<\/span><\/li>\n<li><span>Vedro<\/span><\/li>\n<li><span>Nabera\u010dka<\/span><\/li>\n<\/ul>\n<p><strong><span>\u010eAL\u0160IE INFORM\u00c1CIE:<\/span><\/strong><\/p>\n<ul>\n<li><span>Nap\u00e1janie 220 ~ 240V\/50Hz<\/span><\/li>\n<li><span>Celkov\u00fd v\u00fdkon: spolu cca 6 kW<\/span><\/li>\n<li><span>Typ kab\u00edny-sauna: obd\u013a\u017enikov\u00e1 (\u013eav\u00e1 verzia &#8211; biela)<\/span><\/li>\n<li><span>Chata-sauna postaven\u00e1 zo v\u0161etk\u00fdch str\u00e1n<\/span><\/li>\n<li><span>Typ dver\u00ed: jednoduch\u00e9 otv\u00e1ranie von (prav\u00e9)<\/span><\/li>\n<li><span>Typ dver\u00ed kab\u00edny: jednoduch\u00e9 posuvn\u00e9 (vpravo &#8211; k zadnej stene)<\/span><\/li>\n<li><span>Profilovan\u00e9 dno <\/span><span>sprchovej vani\u010dky <\/span><\/li>\n<li><span>Odtokov\u00e9 z\u00e1tky v kab\u00edne a \u010dastiach sauny napojen\u00e9 na jeden odtok<\/span><\/li>\n<li><span>Hadice na pripojenie vody (1\/2&#8243;)<\/span><\/li>\n<li><span>Mont\u00e1\u017ene prvky<\/span><\/li>\n<li><span>Kab\u00edna a sauna maj\u00fa samostatn\u00e9 nap\u00e1janie z\u00e1sobovanie<\/span><\/li>\n<\/ul>\n","protected":false},"excerpt":{"rendered":"<p>FUNKCIE: Sprchovac\u00ed k\u00fat Parn\u00e1 sauna Such\u00e1 sauna SPRCHOV\u00c1 KAB\u00cdNA S FUNKCIOU PARNEJ SAUNY: Vonkaj\u0161ie rozmery: 180 x 110 x 223 cmHr\u00fabka tvrden\u00e9ho skla: 5 mm Materi\u00e1l: Sprchov\u00e1 vani\u010dka: Akryl R\u00e1m: hlin\u00edk (strieborn\u00fd) Zadn\u00e1 stena: tvrden\u00e9 sklo Vybavenie: Hydromas\u00e1\u017ene trysky (1,5\u2033): 6 ks Sprcha bat\u00e9ria (zmie\u0161avac\u00ed ventil, prep\u00edna\u010d) Chr\u00f3movan\u00e9 gomb\u00edky Multifunk\u010dn\u00e1 ru\u010dn\u00e1 sprcha Da\u017e\u010fov\u00e1 sprcha Ods\u00e1vac\u00ed [&hellip;]<\/p>\n","protected":false},"featured_media":15695,"comment_status":"closed","ping_status":"open","template":"","meta":[],"product_brand":[2536],"product_cat":[740,626],"product_tag":[],"class_list":{"0":"post-15694","1":"product","2":"type-product","3":"status-publish","4":"has-post-thumbnail","6":"product_brand-m-spa","7":"product_cat-finske-suche-sauny-sk","8":"product_cat-sauny-sk","9":"pa_napajanie-220-v","10":"pa_pocet-miest-1-1","11":"pa_sirka-110-cm","12":"pa_sklo-5-mm-tvrdene","13":"pa_umiestnenie-interier","14":"pa_vykon-6000-w","15":"pa_vyrobca-m-spa","16":"pa_vyska-223-cm","17":"pa_zaruka-2-roky","19":"first","20":"instock","21":"sale","22":"taxable","23":"shipping-taxable","24":"purchasable","25":"product-type-simple"},"_links":{"self":[{"href":"https:\/\/diamondspa.sk\/sk\/wp-json\/wp\/v2\/product\/15694","targetHints":{"allow":["GET"]}}],"collection":[{"href":"https:\/\/diamondspa.sk\/sk\/wp-json\/wp\/v2\/product"}],"about":[{"href":"https:\/\/diamondspa.sk\/sk\/wp-json\/wp\/v2\/types\/product"}],"replies":[{"embeddable":true,"href":"https:\/\/diamondspa.sk\/sk\/wp-json\/wp\/v2\/comments?post=15694"}],"wp:featuredmedia":[{"embeddable":true,"href":"https:\/\/diamondspa.sk\/sk\/wp-json\/wp\/v2\/media\/15695"}],"wp:attachment":[{"href":"https:\/\/diamondspa.sk\/sk\/wp-json\/wp\/v2\/media?parent=15694"}],"wp:term":[{"taxonomy":"product_brand","embeddable":true,"href":"https:\/\/diamondspa.sk\/sk\/wp-json\/wp\/v2\/product_brand?post=15694"},{"taxonomy":"product_cat","embeddable":true,"href":"https:\/\/diamondspa.sk\/sk\/wp-json\/wp\/v2\/product_cat?post=15694"},{"taxonomy":"product_tag","embeddable":true,"href":"https:\/\/diamondspa.sk\/sk\/wp-json\/wp\/v2\/product_tag?post=15694"}],"curies":[{"name":"wp","href":"https:\/\/api.w.org\/{rel}","templated":true}]}}