{"id":15794,"date":"2024-03-10T01:28:58","date_gmt":"2024-03-10T00:28:58","guid":{"rendered":"https:\/\/diamondspa.sk\/product\/m-spa-parna-sauna-118-x-195-x-210-cm\/"},"modified":"2025-08-15T08:36:41","modified_gmt":"2025-08-15T06:36:41","slug":"m-spa-parna-sauna-118-x-195-x-210-cm","status":"publish","type":"product","link":"https:\/\/diamondspa.sk\/sk\/produkt\/m-spa-parna-sauna-118-x-195-x-210-cm\/","title":{"rendered":"M-SPA &#8211; Parn\u00e1 sauna 118 x 195 x 210 cm"},"content":{"rendered":"<h4><span>POPIS PRODUKTU:<\/span><\/h4>\n<ul>\n<li><span>Typ: parn\u00e1 sauna<\/span><\/li>\n<li><span>Verzia: vpravo a v\u013eavo<\/span><\/li>\n<li><span>Po\u010det miest na sedenie: 3 osoby<\/span><\/li>\n<li><span>Nap\u00e1janie: 220 ~ 240V \/ 50Hz<\/span><\/li>\n<li><span>Materi\u00e1l: R\u00e1m vyroben\u00fd z dreva Sapeli.<\/span><\/li>\n<li><span>Materi\u00e1l: Sedadl\u00e1 s\u00fa vyroben\u00e9 z akryl\u00e1tu<\/span><\/li>\n<li><span>V\u00fdkon parn\u00e9ho gener\u00e1tora: 5 000 W<\/span><\/li>\n<li><span>Tabule z tvrden\u00e9ho skla ve\u013emi hrub\u00e9 8 mm (\u0161tandardne je 5 mm)<\/span><\/li>\n<li><span>Robustn\u00e9 p\u00e1nty<\/span><\/li>\n<li><span>Dlh\u00e1 rukov\u00e4\u0165<\/span><\/li>\n<li><span>Glazovan\u00e1 predn\u00e1 a jedna strana<\/span><\/li>\n<li><span>Rozsah stup\u0148ov: 30-60 stup\u0148ov C.<\/span><\/li>\n<li><span>\u010cas zahrievania: ~~ 20 min\u00fat<\/span><\/li>\n<li><span>LED interi\u00e9rov\u00e9 \u200b\u200bsvetlo 7 farieb (farebn\u00e1 terapia)<\/span><\/li>\n<li><span>Vn\u00fatorn\u00e9 osvetlenie sauny: \u00e1no<\/span><\/li>\n<li><span>Re\u010dn\u00edci: \u00e1no<\/span><\/li>\n<li><span>R\u00e1dio \/ USB: \u00c1no<\/span><\/li>\n<li><span>Ovl\u00e1dac\u00ed panel: \u00e1no<\/span><\/li>\n<\/ul>\n<p><strong>V\u00fdhody pou\u017e\u00edvania sauny:<\/strong><\/p>\n<ul>\n<li><span>spa\u013euje kal\u00f3rie,<\/span><\/li>\n<li><span>saunou (30 min\u00fat) dok\u00e1\u017eete sp\u00e1li\u0165 a\u017e 600 kal\u00f3ri\u00ed<\/span><\/li>\n<li><span>zvy\u0161uje krvn\u00fd obeh a posil\u0148uje kardiovaskul\u00e1rny syst\u00e9m,<\/span><\/li>\n<li><span>zmier\u0148uje boles\u0165,<\/span><\/li>\n<li><span>t\u00ed\u0161i boles\u0165 a stuhnutos\u0165 k\u013abov,<\/span><\/li>\n<li><span>redukuje celulit\u00eddu,<\/span><\/li>\n<li><span>odstra\u0148uje tox\u00edny a miner\u00e1lne odpady,<\/span><\/li>\n<li><span>zlep\u0161uje n\u00e1ladu,<\/span><\/li>\n<li><span>podporuje imunitn\u00fd syst\u00e9m,<\/span><\/li>\n<li><span>zni\u017euje stres a \u00fanavu<\/span><\/li>\n<\/ul>\n","protected":false},"excerpt":{"rendered":"<p>POPIS PRODUKTU: Typ: parn\u00e1 sauna Verzia: vpravo a v\u013eavo Po\u010det miest na sedenie: 3 osoby Nap\u00e1janie: 220 ~ 240V \/ 50Hz Materi\u00e1l: R\u00e1m vyroben\u00fd z dreva Sapeli. Materi\u00e1l: Sedadl\u00e1 s\u00fa vyroben\u00e9 z akryl\u00e1tu V\u00fdkon parn\u00e9ho gener\u00e1tora: 5 000 W Tabule z tvrden\u00e9ho skla ve\u013emi hrub\u00e9 8 mm (\u0161tandardne je 5 mm) Robustn\u00e9 p\u00e1nty Dlh\u00e1 rukov\u00e4\u0165 [&hellip;]<\/p>\n","protected":false},"featured_media":15795,"comment_status":"closed","ping_status":"open","template":"","meta":[],"product_brand":[2536],"product_cat":[891,626],"product_tag":[],"class_list":{"0":"post-15794","1":"product","2":"type-product","3":"status-publish","4":"has-post-thumbnail","6":"product_brand-m-spa","7":"product_cat-parne-sauny","8":"product_cat-sauny-sk","9":"pa_material-drevo-sapeli","10":"pa_napajanie-220-240-v-50-hz","11":"pa_pocet-miest-420","12":"pa_vyrobca-m-spa","13":"pa_vyska-210-cm","14":"pa_zaruka-2-roky","16":"first","17":"instock","18":"sale","19":"taxable","20":"shipping-taxable","21":"purchasable","22":"product-type-simple"},"_links":{"self":[{"href":"https:\/\/diamondspa.sk\/sk\/wp-json\/wp\/v2\/product\/15794","targetHints":{"allow":["GET"]}}],"collection":[{"href":"https:\/\/diamondspa.sk\/sk\/wp-json\/wp\/v2\/product"}],"about":[{"href":"https:\/\/diamondspa.sk\/sk\/wp-json\/wp\/v2\/types\/product"}],"replies":[{"embeddable":true,"href":"https:\/\/diamondspa.sk\/sk\/wp-json\/wp\/v2\/comments?post=15794"}],"wp:featuredmedia":[{"embeddable":true,"href":"https:\/\/diamondspa.sk\/sk\/wp-json\/wp\/v2\/media\/15795"}],"wp:attachment":[{"href":"https:\/\/diamondspa.sk\/sk\/wp-json\/wp\/v2\/media?parent=15794"}],"wp:term":[{"taxonomy":"product_brand","embeddable":true,"href":"https:\/\/diamondspa.sk\/sk\/wp-json\/wp\/v2\/product_brand?post=15794"},{"taxonomy":"product_cat","embeddable":true,"href":"https:\/\/diamondspa.sk\/sk\/wp-json\/wp\/v2\/product_cat?post=15794"},{"taxonomy":"product_tag","embeddable":true,"href":"https:\/\/diamondspa.sk\/sk\/wp-json\/wp\/v2\/product_tag?post=15794"}],"curies":[{"name":"wp","href":"https:\/\/api.w.org\/{rel}","templated":true}]}}