{"id":15802,"date":"2024-03-10T01:28:58","date_gmt":"2024-03-10T00:28:58","guid":{"rendered":"https:\/\/diamondspa.sk\/product\/m-spa-kupelnova-vana-8007-s-hydromasazou-pre-1-osobu-180-x-90-x-59-cm\/"},"modified":"2025-09-05T10:46:40","modified_gmt":"2025-09-05T08:46:40","slug":"m-spa-kupelnova-vana-8007-s-hydromasazou-pre-1-osobu-180-x-90-x-59-cm","status":"publish","type":"product","link":"https:\/\/diamondspa.sk\/sk\/produkt\/m-spa-kupelnova-vana-8007-s-hydromasazou-pre-1-osobu-180-x-90-x-59-cm\/","title":{"rendered":"M-SPA &#8211; K\u00fapel\u0148ov\u00e1 va\u0148a 8007 s hydromas\u00e1\u017eou pre 1 osobu 180 x 90 x 59 cm"},"content":{"rendered":"<p>Opierky hlavy: 1 ks<br \/>Povrchov\u00e1 \u00faprava: akryl (ABS)<br \/>Sklenen\u00e1 predn\u00e1 strana: \u00e1no<br \/>1,5 HP vodn\u00e1 pumpa: \u00e1no<\/p>\n<ul>\n<li>Ve\u013ek\u00e9 vodn\u00e9 trysky: 4 ks<\/li>\n<li>Stredn\u00e9 vodn\u00e9 d\u00fdzy: 4 ks<\/li>\n<\/ul>\n<p>LED vzduchov\u00e9 d\u00fdzy: 8 ks (svetlo v 7 druhoch farieb)<br \/>Vzduchov\u00e9 \u010derpadlo 0,25 HP: \u00e1no<br \/>Syst\u00e9m prevzdu\u0161\u0148ovania vodn\u00fdch d\u00fdz: \u00e1no<br \/>Regul\u00e1tor prevzdu\u0161\u0148ovania: \u00e1no<br \/>Gener\u00e1tor oz\u00f3nu: \u00e1no<br \/>SPA svetlo : 2 ks (7 druhov farieb)<br \/>Funkcia mas\u00e1\u017ee: \u00e1no<br \/>Ru\u010dn\u00e1 sprcha: \u00e1no<br \/>Vodop\u00e1d: \u00e1no<br \/>Dotykov\u00fd ovl\u00e1dac\u00ed panel po\u010d\u00edta\u010da: \u00e1no<br \/>R\u00e1dio: \u00e1no<br \/>Reproduktor: \u00e1no<br \/>2 nezabudovan\u00e9 strany &#8211; za opierkou hlavy a za kovan\u00edm<\/p>\n<p><strong>Dopl\u0148uj\u00face mo\u017enosti:<\/strong><\/p>\n<ul>\n<li>1500 W ohrieva\u010d vody: 199\u20ac<\/li>\n<li>Ohrieva\u010d vody 1500 W + ovl\u00e1da\u010d so sn\u00edma\u010dom hladiny vody: 255\u20ac<\/li>\n<\/ul>\n","protected":false},"excerpt":{"rendered":"<p>Opierky hlavy: 1 ksPovrchov\u00e1 \u00faprava: akryl (ABS)Sklenen\u00e1 predn\u00e1 strana: \u00e1no1,5 HP vodn\u00e1 pumpa: \u00e1no Ve\u013ek\u00e9 vodn\u00e9 trysky: 4 ks Stredn\u00e9 vodn\u00e9 d\u00fdzy: 4 ks LED vzduchov\u00e9 d\u00fdzy: 8 ks (svetlo v 7 druhoch farieb)Vzduchov\u00e9 \u010derpadlo 0,25 HP: \u00e1noSyst\u00e9m prevzdu\u0161\u0148ovania vodn\u00fdch d\u00fdz: \u00e1noRegul\u00e1tor prevzdu\u0161\u0148ovania: \u00e1noGener\u00e1tor oz\u00f3nu: \u00e1noSPA svetlo : 2 ks (7 druhov farieb)Funkcia mas\u00e1\u017ee: \u00e1noRu\u010dn\u00e1 [&hellip;]<\/p>\n","protected":false},"featured_media":15803,"comment_status":"closed","ping_status":"open","template":"","meta":[],"product_brand":[2536],"product_cat":[168,65],"product_tag":[],"class_list":{"0":"post-15802","1":"product","2":"type-product","3":"status-publish","4":"has-post-thumbnail","6":"product_brand-m-spa","7":"product_cat-hydromasazne-vane","8":"product_cat-vane","9":"pa_napajanie-220-240-v-50-hz","10":"pa_pocet-miest-622","11":"pa_povrch-akryl","12":"pa_sirka-90-cm","13":"pa_vyrobca-m-spa","14":"pa_vyska-59-cm","16":"first","17":"instock","18":"sale","19":"taxable","20":"shipping-taxable","21":"purchasable","22":"product-type-simple"},"_links":{"self":[{"href":"https:\/\/diamondspa.sk\/sk\/wp-json\/wp\/v2\/product\/15802","targetHints":{"allow":["GET"]}}],"collection":[{"href":"https:\/\/diamondspa.sk\/sk\/wp-json\/wp\/v2\/product"}],"about":[{"href":"https:\/\/diamondspa.sk\/sk\/wp-json\/wp\/v2\/types\/product"}],"replies":[{"embeddable":true,"href":"https:\/\/diamondspa.sk\/sk\/wp-json\/wp\/v2\/comments?post=15802"}],"wp:featuredmedia":[{"embeddable":true,"href":"https:\/\/diamondspa.sk\/sk\/wp-json\/wp\/v2\/media\/15803"}],"wp:attachment":[{"href":"https:\/\/diamondspa.sk\/sk\/wp-json\/wp\/v2\/media?parent=15802"}],"wp:term":[{"taxonomy":"product_brand","embeddable":true,"href":"https:\/\/diamondspa.sk\/sk\/wp-json\/wp\/v2\/product_brand?post=15802"},{"taxonomy":"product_cat","embeddable":true,"href":"https:\/\/diamondspa.sk\/sk\/wp-json\/wp\/v2\/product_cat?post=15802"},{"taxonomy":"product_tag","embeddable":true,"href":"https:\/\/diamondspa.sk\/sk\/wp-json\/wp\/v2\/product_tag?post=15802"}],"curies":[{"name":"wp","href":"https:\/\/api.w.org\/{rel}","templated":true}]}}