{"id":15810,"date":"2024-03-10T01:28:58","date_gmt":"2024-03-10T00:28:58","guid":{"rendered":"https:\/\/diamondspa.sk\/product\/m-spa-kupelnova-vana-prava-8009-s-hydromasazou-180-x-90-x-61-cm\/"},"modified":"2025-09-05T10:46:40","modified_gmt":"2025-09-05T08:46:40","slug":"m-spa-kupelnova-vana-prava-8009-s-hydromasazou-180-x-90-x-61-cm","status":"publish","type":"product","link":"https:\/\/diamondspa.sk\/sk\/produkt\/m-spa-kupelnova-vana-prava-8009-s-hydromasazou-180-x-90-x-61-cm\/","title":{"rendered":"M-SPA &#8211; K\u00fapel\u0148ov\u00e1 va\u0148a prav\u00e1 8009 s hydromas\u00e1\u017eou 180 x 90 x 61 cm"},"content":{"rendered":"<p>Opierky hlavy: 1 ks<br \/>Povrchov\u00e1 \u00faprava: akryl (ABS)<br \/>Sklenen\u00e1 predn\u00e1 strana<br \/>1,1 kW vodn\u00e1 pumpa:<\/p>\n<ul>\n<li>Ve\u013ek\u00e9 vodn\u00e9 trysky : 4 ks<\/li>\n<li>Stredn\u00e9 vodn\u00e9 d\u00fdzy: 4 ks<\/li>\n<\/ul>\n<p>Vodn\u00e1 kask\u00e1da<br \/>Rieka vody<br \/>LED vzduchov\u00e9 d\u00fdzy: 8 ks (svetlo v 7 druhoch farieb)<br \/>Vzduchov\u00e9 \u010derpadlo 250 W<br \/>Syst\u00e9m prevzdu\u0161\u0148ovania vodn\u00fdch trysiek<br \/>Regul\u00e1tor prevzdu\u0161\u0148ovania\u00a0<br \/>Gener\u00e1tor oz\u00f3nu<br \/>Funkcia mas\u00e1\u017ee<br \/>Ru\u010dn\u00e1 sprcha<br \/>Osvetlenie vodnou kask\u00e1dou 15 podvodn\u00fdch LED di\u00f3d<br \/>Osvetlenie rieky 8 podvodn\u00fdch LED di\u00f3d<br \/>Ovl\u00e1danie po\u010d\u00edta\u010da dotykov\u00fdm panelom<br \/>R\u00e1dio<br \/>Reproduktor<br \/>2 nevyvinut\u00e9 strany &#8211; za opierkou hlavy a za kovan\u00edm<\/p>\n<p><strong>Doplnkov\u00e9 mo\u017enosti:<\/strong><\/p>\n<ul>\n<li>1 &#8211; 1500 W ohrieva\u010d vody: 199\u20ac<\/li>\n<li>2 &#8211; 1500 W ohrieva\u010d vody + ovl\u00e1da\u010d so sn\u00edma\u010dom hladiny vody : 249\u20ac<\/li>\n<\/ul>\n","protected":false},"excerpt":{"rendered":"<p>Opierky hlavy: 1 ksPovrchov\u00e1 \u00faprava: akryl (ABS)Sklenen\u00e1 predn\u00e1 strana1,1 kW vodn\u00e1 pumpa: Ve\u013ek\u00e9 vodn\u00e9 trysky : 4 ks Stredn\u00e9 vodn\u00e9 d\u00fdzy: 4 ks Vodn\u00e1 kask\u00e1daRieka vodyLED vzduchov\u00e9 d\u00fdzy: 8 ks (svetlo v 7 druhoch farieb)Vzduchov\u00e9 \u010derpadlo 250 WSyst\u00e9m prevzdu\u0161\u0148ovania vodn\u00fdch trysiekRegul\u00e1tor prevzdu\u0161\u0148ovania\u00a0Gener\u00e1tor oz\u00f3nuFunkcia mas\u00e1\u017eeRu\u010dn\u00e1 sprchaOsvetlenie vodnou kask\u00e1dou 15 podvodn\u00fdch LED di\u00f3dOsvetlenie rieky 8 podvodn\u00fdch LED [&hellip;]<\/p>\n","protected":false},"featured_media":15811,"comment_status":"closed","ping_status":"open","template":"","meta":[],"product_brand":[2536],"product_cat":[168,65],"product_tag":[],"class_list":{"0":"post-15810","1":"product","2":"type-product","3":"status-publish","4":"has-post-thumbnail","6":"product_brand-m-spa","7":"product_cat-hydromasazne-vane","8":"product_cat-vane","9":"pa_napajanie-220-240-v-50-hz","10":"pa_povrch-akryl","11":"pa_sirka-90-cm","12":"pa_vyrobca-m-spa","13":"pa_vyska-61-cm","14":"pa_zaruka-2-roky","16":"first","17":"instock","18":"sale","19":"taxable","20":"shipping-taxable","21":"purchasable","22":"product-type-simple"},"_links":{"self":[{"href":"https:\/\/diamondspa.sk\/sk\/wp-json\/wp\/v2\/product\/15810","targetHints":{"allow":["GET"]}}],"collection":[{"href":"https:\/\/diamondspa.sk\/sk\/wp-json\/wp\/v2\/product"}],"about":[{"href":"https:\/\/diamondspa.sk\/sk\/wp-json\/wp\/v2\/types\/product"}],"replies":[{"embeddable":true,"href":"https:\/\/diamondspa.sk\/sk\/wp-json\/wp\/v2\/comments?post=15810"}],"wp:featuredmedia":[{"embeddable":true,"href":"https:\/\/diamondspa.sk\/sk\/wp-json\/wp\/v2\/media\/15811"}],"wp:attachment":[{"href":"https:\/\/diamondspa.sk\/sk\/wp-json\/wp\/v2\/media?parent=15810"}],"wp:term":[{"taxonomy":"product_brand","embeddable":true,"href":"https:\/\/diamondspa.sk\/sk\/wp-json\/wp\/v2\/product_brand?post=15810"},{"taxonomy":"product_cat","embeddable":true,"href":"https:\/\/diamondspa.sk\/sk\/wp-json\/wp\/v2\/product_cat?post=15810"},{"taxonomy":"product_tag","embeddable":true,"href":"https:\/\/diamondspa.sk\/sk\/wp-json\/wp\/v2\/product_tag?post=15810"}],"curies":[{"name":"wp","href":"https:\/\/api.w.org\/{rel}","templated":true}]}}