{"id":15818,"date":"2024-03-10T01:28:58","date_gmt":"2024-03-10T00:28:58","guid":{"rendered":"https:\/\/diamondspa.sk\/product\/m-spa-kupelnova-vana-s-hydromasazou-180-x-120-x-61-cm\/"},"modified":"2025-09-05T10:46:41","modified_gmt":"2025-09-05T08:46:41","slug":"m-spa-kupelnova-vana-s-hydromasazou-180-x-120-x-61-cm","status":"publish","type":"product","link":"https:\/\/diamondspa.sk\/sk\/produkt\/m-spa-kupelnova-vana-s-hydromasazou-180-x-120-x-61-cm\/","title":{"rendered":"M-SPA &#8211; K\u00fape\u013e\u0148ov\u00e1 va\u0148a s hydromas\u00e1\u017eou 180 x 120 x 61 cm"},"content":{"rendered":"<p><strong>Ovl\u00e1dac\u00ed panel<\/strong>\u00a0&#8211; panel podporuje v\u0161etky funkcie vo vani, po\u010dn\u00fac \u010derpadlami, ozoniz\u00e1ciou, osvetlen\u00edm, r\u00e1diom a kon\u010diac ohrieva\u010dom.<\/p>\n<p><img loading=\"lazy\" decoding=\"async\" loading=\"lazy\" class=\"aligncenter wp-image-2142 size-full\" src=\"https:\/\/diamondspa.sk\/wp-content\/uploads\/2024\/03\/013-23.jpg\" alt=\"\" srcset=\"https:\/\/diamondspa.sk\/wp-content\/uploads\/2024\/03\/013-23.jpg 1000w, https:\/\/diamondspa.sk\/wp-content\/uploads\/2024\/03\/013-23.jpg 600w, https:\/\/diamondspa.sk\/wp-content\/uploads\/2024\/03\/013-23-300x197.jpg 300w, https:\/\/diamondspa.sk\/wp-content\/uploads\/2024\/03\/013-23-768x505.jpg 768w\" sizes=\"auto, (max-width: 1000px) 100vw, 1000px\" width=\"696\" height=\"458\"><\/p>\n<p>R\u00e1dio, reproduktory &#8211; pri dlhej vodnej a vzduchovej mas\u00e1\u017ei m\u00f4\u017eete po\u010d\u00fava\u0165 r\u00e1dio. Ka\u017ed\u00fd z na\u0161ich modelov je vybaven\u00fd tak\u00fdmto prij\u00edma\u010dom a reproduktormi.<\/p>\n<p><img loading=\"lazy\" decoding=\"async\" loading=\"lazy\" class=\"aligncenter wp-image-2143 size-full\" src=\"https:\/\/diamondspa.sk\/wp-content\/uploads\/2024\/03\/k032.jpg\" alt=\"\" srcset=\"https:\/\/diamondspa.sk\/wp-content\/uploads\/2024\/03\/k032.jpg 1000w, https:\/\/diamondspa.sk\/wp-content\/uploads\/2024\/03\/k032.jpg 600w, https:\/\/diamondspa.sk\/wp-content\/uploads\/2024\/03\/k032-300x197.jpg 300w, https:\/\/diamondspa.sk\/wp-content\/uploads\/2024\/03\/k032-768x505.jpg 768w\" sizes=\"auto, (max-width: 1000px) 100vw, 1000px\" width=\"681\" height=\"448\"><\/p>\n<p>Vane s\u00fa vybaven\u00e9\u00a0<strong>prietokov\u00fdm ohrieva\u010dom vody s v\u00fdkonom 1,5 kW<\/strong>\u00a0a sn\u00edma\u010dom teploty.\u00a0Pri dlh\u0161om pou\u017e\u00edvan\u00ed vane to zabr\u00e1ni vychladnutiu vody.\u00a0Teplotu je mo\u017en\u00e9 nastavi\u0165 od 35 \u00b0 C do 40 \u00b0 C.\u00a0Ohrieva\u010d ho okrem teploty vody m\u00f4\u017ee aj zv\u00fd\u0161i\u0165, maxim\u00e1lne na 40 \u00b0 C.<\/p>\n<p><img loading=\"lazy\" decoding=\"async\" loading=\"lazy\" class=\"aligncenter wp-image-2144 size-full\" src=\"https:\/\/diamondspa.sk\/wp-content\/uploads\/2024\/03\/k036.jpg\" alt=\"\" srcset=\"https:\/\/diamondspa.sk\/wp-content\/uploads\/2024\/03\/k036.jpg 1000w, https:\/\/diamondspa.sk\/wp-content\/uploads\/2024\/03\/k036.jpg 600w, https:\/\/diamondspa.sk\/wp-content\/uploads\/2024\/03\/k036-300x197.jpg 300w, https:\/\/diamondspa.sk\/wp-content\/uploads\/2024\/03\/k036-768x505.jpg 768w\" sizes=\"auto, (max-width: 1000px) 100vw, 1000px\" width=\"693\" height=\"456\"><\/p>\n<p><strong>Gener\u00e1tor oz\u00f3nu<\/strong>\u00a0&#8211; \u0161peci\u00e1lny program, ktor\u00fd sterilizuje vodu tak, aby bola va\u0148a aj voda \u010dist\u00e1.\u00a0Je to nov\u00fd a r\u00fdchly sp\u00f4sob odstra\u0148ovania bakt\u00e9ri\u00ed, rias a pod. Prevzdu\u0161nenie vodn\u00fdmi tryskami &#8211; t\u00e1to funkcia sl\u00fa\u017ei na pridanie vzduchu do vodn\u00e9ho okruhu.\u00a0\u00da\u010dinkom tohto procesu je zv\u00fd\u0161enie intenzity pr\u00fadu, podobne ako pri koh\u00fatiku s prevzdu\u0161\u0148ova\u010dom.\u00a0Tento typ hydromas\u00e1\u017ee m\u00e1 obzvl\u00e1\u0161\u0165 dobr\u00fd vplyv na poko\u017eku a zlep\u0161uje jej prekrvenie.<\/p>\n<p><img loading=\"lazy\" decoding=\"async\" loading=\"lazy\" class=\"aligncenter wp-image-2145 size-full\" src=\"https:\/\/diamondspa.sk\/wp-content\/uploads\/2024\/03\/k012.jpg\" alt=\"\" srcset=\"https:\/\/diamondspa.sk\/wp-content\/uploads\/2024\/03\/k012.jpg 1000w, https:\/\/diamondspa.sk\/wp-content\/uploads\/2024\/03\/k012.jpg 600w, https:\/\/diamondspa.sk\/wp-content\/uploads\/2024\/03\/k012-300x197.jpg 300w, https:\/\/diamondspa.sk\/wp-content\/uploads\/2024\/03\/k012-768x505.jpg 768w\" sizes=\"auto, (max-width: 1000px) 100vw, 1000px\" width=\"690\" height=\"454\"><\/p>\n<p><strong>Osvetlenie vane<\/strong>\u00a0je dokonal\u00fdm rie\u0161en\u00edm, ktor\u00e9 prin\u00e1\u0161a \u00fa\u017easn\u00fd z\u00e1\u017eitok a vytv\u00e1ra romantick\u00fa atmosf\u00e9ru.\u00a0Na\u0161e osvetlenie plynule men\u00ed farby alebo je mo\u017en\u00e9 zachova\u0165 ak\u00fako\u013evek farbu, \u010do v\u00e1m prinesie e\u0161te v\u00e4\u010d\u0161iu rados\u0165 z v\u00edrivky.\u00a0Vane, SPA, s\u00fa okrem svetla vybaven\u00e9 aj optick\u00fdmi vl\u00e1knami, ktor\u00e9 umoc\u0148uj\u00fa z\u00e1\u017eitok z mas\u00e1\u017ee.\u00a0Typy farieb: \u010derven\u00e1, modr\u00e1, \u017elt\u00e1, zelen\u00e1, oran\u017eov\u00e1, fialov\u00e1 a biela.<\/p>\n<p><strong>Farebn\u00e1 terapia<\/strong>\u00a0je netradi\u010dn\u00e1 met\u00f3da lie\u010dby, ktor\u00e1 vystavuje zrakov\u00fd vnem danej osoby pr\u00edslu\u0161n\u00fdm farb\u00e1m, ktor\u00e9 upokojuj\u00fa, uvo\u013e\u0148uj\u00fa alebo stimuluj\u00fa.\u00a0Ke\u010f ste obklopen\u00ed r\u00f4znymi farbami, m\u00f4\u017eete ma\u0165 viac energie a optimizmu.<\/p>\n<p><strong>POPIS PRODUKTU:<\/strong><\/p>\n<ul>\n<li>Vank\u00fa\u0161e: 2 ks.<\/li>\n<li>Ve\u013ek\u00e9 vodn\u00e9 trysky: 4 ks.<\/li>\n<li>Stredn\u00e9 vodn\u00e9 trysky: 8 ks.<\/li>\n<li>Vodn\u00e1 kask\u00e1da: \u00e1no<\/li>\n<li>Vodn\u00e1 rieka: \u00e1no<\/li>\n<li>Gener\u00e1tor oz\u00f3nu: \u00c1no<\/li>\n<li>Dotykov\u00fd ovl\u00e1dac\u00ed panel: \u00e1no<\/li>\n<li>1,5 HP vodn\u00e9 \u010derpadlo: 1 ks.<\/li>\n<li>Vzduchov\u00e9 \u010derpadlo: 1 ks<\/li>\n<li>Prevzdu\u0161\u0148ovac\u00ed syst\u00e9m vodn\u00fdch trysiek: \u00e1no<\/li>\n<li>Regul\u00e1tor prevzdu\u0161\u0148ovania: \u00e1no<\/li>\n<li>LED vzduchov\u00e9 trysky: 16 ks. (Svieti na 7 druhoch farieb)<\/li>\n<li>Osvetlenie kask\u00e1dy a vodnej rieky 23 LED di\u00f3d<\/li>\n<li>1,5 KW ohrieva\u010d vody: \u00e1no\u00a0<\/li>\n<li>Mas\u00e1\u017ena funkcia: \u00e1no<\/li>\n<li>Jedna bo\u010dn\u00e1 stena je presklen\u00e1<\/li>\n<li>Ru\u010dn\u00e1 sprcha: 1 ks.<\/li>\n<li>R\u00e1dio: \u00e1no<\/li>\n<li>Reproduktor: \u00e1no<\/li>\n<\/ul>\n","protected":false},"excerpt":{"rendered":"<p>Ovl\u00e1dac\u00ed panel\u00a0&#8211; panel podporuje v\u0161etky funkcie vo vani, po\u010dn\u00fac \u010derpadlami, ozoniz\u00e1ciou, osvetlen\u00edm, r\u00e1diom a kon\u010diac ohrieva\u010dom. R\u00e1dio, reproduktory &#8211; pri dlhej vodnej a vzduchovej mas\u00e1\u017ei m\u00f4\u017eete po\u010d\u00fava\u0165 r\u00e1dio. Ka\u017ed\u00fd z na\u0161ich modelov je vybaven\u00fd tak\u00fdmto prij\u00edma\u010dom a reproduktormi. Vane s\u00fa vybaven\u00e9\u00a0prietokov\u00fdm ohrieva\u010dom vody s v\u00fdkonom 1,5 kW\u00a0a sn\u00edma\u010dom teploty.\u00a0Pri dlh\u0161om pou\u017e\u00edvan\u00ed vane to zabr\u00e1ni vychladnutiu [&hellip;]<\/p>\n","protected":false},"featured_media":15819,"comment_status":"closed","ping_status":"open","template":"","meta":[],"product_brand":[2536],"product_cat":[168,65],"product_tag":[],"class_list":{"0":"post-15818","1":"product","2":"type-product","3":"status-publish","4":"has-post-thumbnail","6":"product_brand-m-spa","7":"product_cat-hydromasazne-vane","8":"product_cat-vane","9":"pa_pocet-miest-166","10":"pa_pocet-trysiek-857","11":"pa_sirka-120-cm","12":"pa_vyrobca-m-spa","13":"pa_vyska-61-cm","14":"pa_zaruka-2-roky","16":"first","17":"instock","18":"sale","19":"taxable","20":"shipping-taxable","21":"purchasable","22":"product-type-simple"},"_links":{"self":[{"href":"https:\/\/diamondspa.sk\/sk\/wp-json\/wp\/v2\/product\/15818","targetHints":{"allow":["GET"]}}],"collection":[{"href":"https:\/\/diamondspa.sk\/sk\/wp-json\/wp\/v2\/product"}],"about":[{"href":"https:\/\/diamondspa.sk\/sk\/wp-json\/wp\/v2\/types\/product"}],"replies":[{"embeddable":true,"href":"https:\/\/diamondspa.sk\/sk\/wp-json\/wp\/v2\/comments?post=15818"}],"wp:featuredmedia":[{"embeddable":true,"href":"https:\/\/diamondspa.sk\/sk\/wp-json\/wp\/v2\/media\/15819"}],"wp:attachment":[{"href":"https:\/\/diamondspa.sk\/sk\/wp-json\/wp\/v2\/media?parent=15818"}],"wp:term":[{"taxonomy":"product_brand","embeddable":true,"href":"https:\/\/diamondspa.sk\/sk\/wp-json\/wp\/v2\/product_brand?post=15818"},{"taxonomy":"product_cat","embeddable":true,"href":"https:\/\/diamondspa.sk\/sk\/wp-json\/wp\/v2\/product_cat?post=15818"},{"taxonomy":"product_tag","embeddable":true,"href":"https:\/\/diamondspa.sk\/sk\/wp-json\/wp\/v2\/product_tag?post=15818"}],"curies":[{"name":"wp","href":"https:\/\/api.w.org\/{rel}","templated":true}]}}