{"id":15826,"date":"2024-03-10T01:28:58","date_gmt":"2024-03-10T00:28:58","guid":{"rendered":"https:\/\/diamondspa.sk\/product\/m-spa-kupelnova-vana-spa-s-hydromasazou-180-x-120-x-61-cm\/"},"modified":"2025-09-05T10:46:41","modified_gmt":"2025-09-05T08:46:41","slug":"m-spa-kupelnova-vana-spa-s-hydromasazou-180-x-120-x-61-cm","status":"publish","type":"product","link":"https:\/\/diamondspa.sk\/sk\/produkt\/m-spa-kupelnova-vana-spa-s-hydromasazou-180-x-120-x-61-cm\/","title":{"rendered":"M-SPA &#8211; K\u00fapel\u0148ov\u00e1 va\u0148a SPA s hydromas\u00e1\u017eou 180 x 120 x 61 cm"},"content":{"rendered":"<p>Vonkaj\u0161ie rozmery 180 x 120 x 61 cm\u00a0<em>(v\u00fd\u0161ka meran\u00e1 v najvy\u0161\u0161om bode akrylu)<\/em><br \/>Farba: Biela<br \/>Povrchov\u00e1 \u00faprava: Akryl (ABS)<br \/>Po\u010det miest na sedenie: 2 osoby<br \/>Nap\u00e1janie: 220 ~ 240V\/50<br \/>Celkov\u00fd v\u00fdkon: cca 2,8 kW\u00a0<br \/>Vodn\u00e9 d\u00fdzy 12 ks vr\u00e1tane:<br \/>\u2013 Vodn\u00e9 d\u00fdzy (3,5\u2033): 4 ks<br \/>\u2013 Vodn\u00e9 d\u00fdzy (2,5\u2033): 8 ks<br \/>Vodn\u00e9 \u010derpadlo 1,1 kW<br \/>LED vzduchov\u00e9 d\u00fdzy (1,5\u2033) 20 ks\u00a0<em>( sedem druhov farieb)<\/em><br \/>Vzduchov\u00e9 \u010derpadlo 0,2 kW<br \/>Ohrieva\u010d: 1,5 kW<br \/>Gener\u00e1tor oz\u00f3nu<br \/>Sprchov\u00e1 hlavica<br \/>V\u00fdtok<br \/>Opierka hlavy\/Vank\u00fa\u0161: 2 ks\u00a0<em>(pre pr\u00edsavky)<\/em><br \/>Ovl\u00e1dac\u00ed panel<br \/>R\u00e1dio<br \/>Reproduktor<br \/>Osvetlen\u00e1 vodn\u00e1 kask\u00e1da<br \/>Sklenen\u00e1 predn\u00e1 strana <em>(na oboch stran\u00e1ch)<\/em><\/p>\n<p><strong>\u010eAL\u0160IE INFORM\u00c1CIE:<\/strong><\/p>\n<p>Regul\u00e1tor prevzdu\u0161\u0148ovania vodn\u00fdm l\u00fa\u010dom<br \/>Syst\u00e9m prevzdu\u0161\u0148ovania vodn\u00fdm l\u00fa\u010dom <br \/>Proti\u0161mykov\u00e9 dno vane<br \/>Vodn\u00e9 a vzduchov\u00e9 \u010derpadl\u00e1 m\u00f4\u017eu fungova\u0165 paralelne<br \/>Va\u0148a vstavan\u00e1 dookola<br \/>Verzia vane: obd\u013a\u017enikov\u00e1<\/p>\n<p><strong>\u010eAL\u0160IE MO\u017dNOSTI:<\/strong><\/p>\n<p>Regul\u00e1tor so sn\u00edma\u010dom hladiny vody\u00a0<em>(ochrana \u010derpadla pred horen\u00edm)<\/em>\u00a0:\u00a0<strong>125\u20ac<\/strong><\/p>\n","protected":false},"excerpt":{"rendered":"<p>Vonkaj\u0161ie rozmery 180 x 120 x 61 cm\u00a0(v\u00fd\u0161ka meran\u00e1 v najvy\u0161\u0161om bode akrylu)Farba: BielaPovrchov\u00e1 \u00faprava: Akryl (ABS)Po\u010det miest na sedenie: 2 osobyNap\u00e1janie: 220 ~ 240V\/50Celkov\u00fd v\u00fdkon: cca 2,8 kW\u00a0Vodn\u00e9 d\u00fdzy 12 ks vr\u00e1tane:\u2013 Vodn\u00e9 d\u00fdzy (3,5\u2033): 4 ks\u2013 Vodn\u00e9 d\u00fdzy (2,5\u2033): 8 ksVodn\u00e9 \u010derpadlo 1,1 kWLED vzduchov\u00e9 d\u00fdzy (1,5\u2033) 20 ks\u00a0( sedem druhov farieb)Vzduchov\u00e9 \u010derpadlo [&hellip;]<\/p>\n","protected":false},"featured_media":15827,"comment_status":"closed","ping_status":"open","template":"","meta":[],"product_brand":[2536],"product_cat":[168,65],"product_tag":[],"class_list":{"0":"post-15826","1":"product","2":"type-product","3":"status-publish","4":"has-post-thumbnail","6":"product_brand-m-spa","7":"product_cat-hydromasazne-vane","8":"product_cat-vane","9":"pa_napajanie-220-240-v-50-hz","10":"pa_pocet-miest-166","11":"pa_pocet-trysiek-857","12":"pa_povrch-akryl","13":"pa_sirka-120-cm","14":"pa_vyrobca-m-spa","15":"pa_vyska-61-cm","16":"pa_zaruka-2-roky","18":"first","19":"instock","20":"sale","21":"taxable","22":"shipping-taxable","23":"purchasable","24":"product-type-simple"},"_links":{"self":[{"href":"https:\/\/diamondspa.sk\/sk\/wp-json\/wp\/v2\/product\/15826","targetHints":{"allow":["GET"]}}],"collection":[{"href":"https:\/\/diamondspa.sk\/sk\/wp-json\/wp\/v2\/product"}],"about":[{"href":"https:\/\/diamondspa.sk\/sk\/wp-json\/wp\/v2\/types\/product"}],"replies":[{"embeddable":true,"href":"https:\/\/diamondspa.sk\/sk\/wp-json\/wp\/v2\/comments?post=15826"}],"wp:featuredmedia":[{"embeddable":true,"href":"https:\/\/diamondspa.sk\/sk\/wp-json\/wp\/v2\/media\/15827"}],"wp:attachment":[{"href":"https:\/\/diamondspa.sk\/sk\/wp-json\/wp\/v2\/media?parent=15826"}],"wp:term":[{"taxonomy":"product_brand","embeddable":true,"href":"https:\/\/diamondspa.sk\/sk\/wp-json\/wp\/v2\/product_brand?post=15826"},{"taxonomy":"product_cat","embeddable":true,"href":"https:\/\/diamondspa.sk\/sk\/wp-json\/wp\/v2\/product_cat?post=15826"},{"taxonomy":"product_tag","embeddable":true,"href":"https:\/\/diamondspa.sk\/sk\/wp-json\/wp\/v2\/product_tag?post=15826"}],"curies":[{"name":"wp","href":"https:\/\/api.w.org\/{rel}","templated":true}]}}