{"id":15856,"date":"2024-03-10T01:28:58","date_gmt":"2024-03-10T00:28:58","guid":{"rendered":"https:\/\/diamondspa.sk\/product\/m-spa-cierny-hydromasazny-sprchovaci-box-a-parna-sauna-100-x-100-x-217cm\/"},"modified":"2025-08-15T08:36:40","modified_gmt":"2025-08-15T06:36:40","slug":"m-spa-cierny-hydromasazny-sprchovaci-box-a-parna-sauna-100-x-100-x-217cm","status":"publish","type":"product","link":"https:\/\/diamondspa.sk\/sk\/produkt\/m-spa-cierny-hydromasazny-sprchovaci-box-a-parna-sauna-100-x-100-x-217cm\/","title":{"rendered":"M-SPA &#8211; \u010cierny hydromas\u00e1\u017eny sprchovac\u00ed box a parn\u00e1 sauna 100 x 100 x 217cm"},"content":{"rendered":"<p><span>Sprchov\u00e9 k\u00faty radu <strong>Amsterdam <\/strong>s\u00fa vyroben\u00e9 z vysoko kvalitn\u00fdch materi\u00e1lov. Sprchov\u00e1 vani\u010dka a strop s\u00fa vyroben\u00e9 z miner\u00e1lneho mramoru. Pre v\u00e4\u010d\u0161\u00ed lesk bol pou\u017eit\u00fd siln\u00fd g\u00e9lov\u00fd povlak. Boxy boli navrhnut\u00e9 tak, aby sa dali zlo\u017ei\u0165 bez pou\u017eitia silik\u00f3nu. T\u00e1to jedine\u010dn\u00e1 vlastnos\u0165 je mo\u017en\u00e1 v\u010faka dr\u00e1\u017ekam v sprchovej vani\u010dke a v strope.<\/span><\/p>\n<p><span>Sklenen\u00e9 steny boxu, hlin\u00edkov\u00e1 konzola, sprchov\u00e1 vani\u010dka a strop do seba dokonale zapadaj\u00fa a vytv\u00e1raj\u00fa kompaktn\u00e9 uzavret\u00e9 telo, ktor\u00e9 nevy\u017eaduje upevnenie na stenu alebo podlahu. Minim\u00e1lna hr\u00fabka stien z miner\u00e1lneho mramoru a skla vytv\u00e1ra ve\u013ek\u00fd vn\u00fatorn\u00fd priestor.\u00a0<\/span><\/p>\n<p><span>Sprchov\u00fa vani\u010dku je mo\u017en\u00e9 \u013eahko vyrovn\u00e1va\u0165 v\u010faka nain\u0161talovan\u00fdm noh\u00e1m pod \u0148ou. Nastavite\u013en\u00e9 nohy s\u00fa vyroben\u00e9 z nehrdzavej\u00facej ocele. Ak je potrebn\u00fd pr\u00edstup k sif\u00f3nu alebo spodnej \u010dasti boxu, jednoducho odstr\u00e1\u0148te hlin\u00edkov\u00fd kryt<\/span><span>.<\/span><\/p>\n<p><img loading=\"lazy\" decoding=\"async\" loading=\"lazy\" class=\"wp-image-5198 size-full aligncenter\" src=\"https:\/\/diamondspa.sk\/wp-content\/uploads\/2024\/03\/AS-Bb.jpg\" alt=\"\" width=\"683\" height=\"683\" srcset=\"https:\/\/diamondspa.sk\/wp-content\/uploads\/2024\/03\/AS-Bb.jpg 1000w, https:\/\/diamondspa.sk\/wp-content\/uploads\/2024\/03\/AS-Bb-300x300.jpg 300w, https:\/\/diamondspa.sk\/wp-content\/uploads\/2024\/03\/AS-Bb-100x100.jpg 100w, https:\/\/diamondspa.sk\/wp-content\/uploads\/2024\/03\/AS-Bb.jpg 600w, https:\/\/diamondspa.sk\/wp-content\/uploads\/2024\/03\/AS-Bb-150x150.jpg 150w, https:\/\/diamondspa.sk\/wp-content\/uploads\/2024\/03\/AS-Bb-768x768.jpg 768w\" sizes=\"auto, (max-width: 1000px) 100vw, 1000px\"><\/p>\n<p><span>Miner\u00e1lny mramor je materi\u00e1l vyroben\u00fd z 95-97% pr\u00edrodn\u00e9ho kame\u0148a, tj. Mramoru, \u017euly, kreme\u0148a, zatia\u013e \u010do epoxidov\u00e9 \u017eivice sa pou\u017e\u00edvaj\u00fa ako spojivo v 3 a\u017e 5%, \u010do zais\u0165uje ve\u013emi vysok\u00fa pevnos\u0165 v tlaku, n\u00edzku absorpciu vody, odolnos\u0165 vo\u010di oderu a aj vo\u010di n\u00edzkym a vysok\u00fdm teplot\u00e1m.<\/span><\/p>\n<h3><span>Dotykov\u00fd ovl\u00e1dac\u00ed panel<\/span><\/h3>\n<p><span>Ovl\u00e1dac\u00ed panel je intuit\u00edvny a pou\u017e\u00edvanie je ve\u013emi jednoduch\u00e9. M\u00e1 dotykov\u00e9 tla\u010didl\u00e1 a mno\u017estvo u\u017eito\u010dn\u00fdch funkci\u00ed. M\u00f4\u017eete zmeni\u0165 intenzitu svetla (3 \u00farovne) a jeho farbu (7 typov). R\u00e1dio je nain\u0161talovan\u00e9 s program\u00e1torom frekvencie alebo je mo\u017en\u00e9 manu\u00e1lne vyh\u013eada\u0165 rozhlasov\u00e9 stanice. Ak nechcete po\u010d\u00fava\u0165 r\u00e1dio, m\u00f4\u017eete sa k boxu pripoji\u0165 prostredn\u00edctvom vstavan\u00e9ho Bluetooth a prehr\u00e1va\u0165 hudbu z n\u00e1\u0161ho ob\u013e\u00faben\u00e9ho zoznamu skladieb z telef\u00f3nu. Panel m\u00e1 tie\u017e funkciu spustenia gener\u00e1tora pary a ventil\u00e1tora. Pomocou teplotn\u00e9ho senzora je mo\u017en\u00e9 na paneli zobrazi\u0165 aktu\u00e1lnu teplotu v boxe. Parn\u00fd gener\u00e1tor je mo\u017en\u00e9 nastavi\u0165 na dobu jeho prev\u00e1dzky a dokonca aj na to, na ak\u00fa teplotu bude ohrieva\u0165 box.<\/span><\/p>\n<h3><span>Hlin\u00edkov\u00e1 konzola<\/span><\/h3>\n<ul>\n<li><span>Hlin\u00edkov\u00e1 konzola m\u00e1 ventily z chr\u00f3movej mosadze a ovl\u00e1dac\u00ed panel s dotykov\u00fdm displejom. Panel poskytuje jednoduch\u00fd a r\u00fdchly sp\u00f4sob ovl\u00e1dania v\u0161etk\u00fdch funkci\u00ed boxu.<\/span><\/li>\n<\/ul>\n<h3><span>Sprchov\u00fd d\u00e1\u017e\u010f<\/span><\/h3>\n<ul>\n<li><span>Sprchov\u00e1 hlavica je vyroben\u00e1 z chr\u00f3movanej mosadze a jej ve\u013ek\u00e9 rozmery (priemer 20 cm) zais\u0165uj\u00fa pr\u00edjemn\u00fd z\u00e1\u017eitok z pou\u017e\u00edvania.\u00a0M\u00e1 gumov\u00e9 trysky, ktor\u00e9 zjednodu\u0161uj\u00fa \u010distenie sprchy.<\/span><\/li>\n<\/ul>\n<h3><span>Ru\u010dn\u00e1 sprcha<\/span><\/h3>\n<ul>\n<li><span>Sprchovac\u00ed box m\u00e1 aj luxusn\u00fa ru\u010dn\u00fa sprchu. Trubica aj dr\u017eiak sl\u00fachadla s\u00fa vyroben\u00e9 z vysoko kvalitn\u00fdch materi\u00e1lov. M\u00e1 \u0161tyri r\u00f4zne druhy striekania. Ka\u017ed\u00e1 sprcha prin\u00e1\u0161a in\u00fd z\u00e1\u017eitok zo sprchovania. V\u0161etci \u010dlenovia rodiny m\u00f4\u017eu vyu\u017e\u00edva\u0165 r\u00f4zne sprchov\u00e9 funkcie a u\u017ei\u0165 si pr\u00edjemn\u00fd \u010das v sprche.<\/span><\/li>\n<\/ul>\n<h3><span>Bat\u00e9ria s termostatom<\/span><\/h3>\n<p><img loading=\"lazy\" decoding=\"async\" loading=\"lazy\" class=\"size-full wp-image-5134 aligncenter\" src=\"https:\/\/diamondspa.sk\/wp-content\/uploads\/2024\/03\/5-1-1.jpg\" alt=\"\" width=\"689\" height=\"711\" srcset=\"https:\/\/diamondspa.sk\/wp-content\/uploads\/2024\/03\/5-1-1.jpg 969w, https:\/\/diamondspa.sk\/wp-content\/uploads\/2024\/03\/5-1-1.jpg 600w, https:\/\/diamondspa.sk\/wp-content\/uploads\/2024\/03\/5-1-1-291x300.jpg 291w, https:\/\/diamondspa.sk\/wp-content\/uploads\/2024\/03\/5-1-1-768x793.jpg 768w\" sizes=\"auto, (max-width: 969px) 100vw, 969px\"><\/p>\n<p><span>Boxy maj\u00fa vysokokvalitn\u00e9 chr\u00f3movan\u00e9 mosadzn\u00e9 bat\u00e9rie. Tvar sa perfektne hod\u00ed k dizajnu hlin\u00edkovej konzoly. Koh\u00fatik m\u00e1 tri gomb\u00edky, prv\u00fd je termostatick\u00fd (minim\u00e1lna teplota 30 \u00b0 C), druh\u00fd reguluje prietok tlaku vody, tret\u00ed sl\u00fa\u017ei na zmenu miesta prietoku vody. Bat\u00e9ria vyhovuje norm\u00e1m EN1111.<\/span><\/p>\n<p><span>Bat\u00e9ria bola navrhnut\u00e1 tak, aby poskytovala vynikaj\u00facu kvalitu a v\u00fdkon po dlh\u00fa dobu.\u00a0Ak by bola potrebn\u00e1 \u00fadr\u017eba, d\u00e1 sa to \u013eahko dosiahnu\u0165 potiahnut\u00edm gomb\u00edkov na prednej strane.\u00a0Vn\u00fatorn\u00e9 \u010dasti bat\u00e9rie s\u00fa najvy\u0161\u0161ej kvality.\u00a0Termostatick\u00fa vlo\u017eku vyr\u00e1ba Vemet.\u00a0Vemet je v sanit\u00e1rnom priemysle zn\u00e1my svojimi vysoko kvalitn\u00fdmi dielmi.\u00a0Tip: Odpor\u00fa\u010da sa nastavi\u0165 termostat z najchladnej\u0161ieho na najteplej\u0161\u00ed raz za mesiac, aby sa pred\u013a\u017eila \u017eivotnos\u0165 termostatu.<\/span><\/p>\n<h3><span>Trysky<\/span><\/h3>\n<ul>\n<li><span>Trysky s\u00fa vyroben\u00e9 z chr\u00f3movanej mosadze. Box m\u00e1 \u0161tyri hydromas\u00e1\u017ene trysky, ktor\u00e9 mas\u00edruj\u00fa bedr\u00e1. Po dlhom dni pr\u00e1ce v\u00e1m mas\u00e1\u017e m\u00f4\u017ee upokoji\u0165 bo\u013eav\u00fd chrb\u00e1t z dlh\u00e9ho sedenia, zoh\u00fdbania sa alebo st\u00e1tia. Trysky sa \u013eahko \u010distia.<\/span><\/li>\n<\/ul>\n<h3><span>Rolky<\/span><\/h3>\n<ul>\n<li><span>V\u0161etky val\u010deky nain\u0161talovan\u00e9 v sprchovacom boxe s\u00fa vyroben\u00e9 z chr\u00f3movanej mosadze. Zais\u0165uj\u00fa ve\u013emi dlh\u00fa \u017eivotnos\u0165 a ve\u013emi dobr\u00fa kvalitu spracovania. V\u010faka val\u010deku sa dvere boxu pos\u00favaj\u00fa hladko a bez zasek\u00e1vania. Na koncoch ko\u013eajn\u00edc je umiestnen\u00e1 brzda, ktor\u00e1 zais\u0165uje automatick\u00e9 zastavenie dver\u00ed.<\/span><\/li>\n<\/ul>\n<p><img loading=\"lazy\" decoding=\"async\" loading=\"lazy\" class=\"size-full wp-image-5189 aligncenter\" src=\"https:\/\/diamondspa.sk\/wp-content\/uploads\/2024\/03\/3-1-1.jpg\" alt=\"\" width=\"690\" height=\"252\" srcset=\"https:\/\/diamondspa.sk\/wp-content\/uploads\/2024\/03\/3-1-1.jpg 1000w, https:\/\/diamondspa.sk\/wp-content\/uploads\/2024\/03\/3-1-1.jpg 600w, https:\/\/diamondspa.sk\/wp-content\/uploads\/2024\/03\/3-1-1-300x110.jpg 300w, https:\/\/diamondspa.sk\/wp-content\/uploads\/2024\/03\/3-1-1-768x280.jpg 768w\" sizes=\"auto, (max-width: 1000px) 100vw, 1000px\"><\/p>\n<h3><span>Osvetlenie<\/span><\/h3>\n<p><img loading=\"lazy\" decoding=\"async\" loading=\"lazy\" class=\"size-full wp-image-5132 aligncenter\" src=\"https:\/\/diamondspa.sk\/wp-content\/uploads\/2024\/03\/3-2.jpg\" alt=\"\" width=\"687\" height=\"574\" srcset=\"https:\/\/diamondspa.sk\/wp-content\/uploads\/2024\/03\/3-2.jpg 1000w, https:\/\/diamondspa.sk\/wp-content\/uploads\/2024\/03\/3-2.jpg 600w, https:\/\/diamondspa.sk\/wp-content\/uploads\/2024\/03\/3-2-300x251.jpg 300w, https:\/\/diamondspa.sk\/wp-content\/uploads\/2024\/03\/3-2-768x641.jpg 768w\" sizes=\"auto, (max-width: 1000px) 100vw, 1000px\"><\/p>\n<p><span>Parn\u00e9 sprchy s\u00fa vybaven\u00e9 LED osvetlen\u00edm umiestnen\u00fdm v strope.\u00a0M\u00e1 sedem r\u00f4znych farieb: \u010derven\u00e1, zelen\u00e1, modr\u00e1, fialov\u00e1, biela, indigov\u00e1 a fialov\u00e1.\u00a0Rovnako ako troj\u00farov\u0148ov\u00e1 \u00farove\u0148 intenzity svetla a pomaly sa meniace farby z jednej farby na druh\u00fa.<\/span><\/p>\n<h3><span>Hmla<\/span><\/h3>\n<ul>\n<li><span>Hmlov\u00e1 sprcha je inovat\u00edvny sprchovac\u00ed syst\u00e9m, ktor\u00fd zni\u017euje spotrebu vody a\u017e o 70%, ale poskytuje aj nov\u00fd z\u00e1\u017eitok z k\u00fapania. \u013dudia, ktor\u00ed sa sprchuj\u00fa, to porovn\u00e1vaj\u00fa s pobytom v teplom oblaku. Po vstupe do boxu n\u00e1s obklopuje hmla, ktor\u00e1 na n\u00e1s, podobne ako tradi\u010dn\u00fd pr\u00fad vody, nenech\u00e1 such\u00fa ni\u0165.\u00a0<\/span><\/li>\n<li><span>V sprche sa c\u00edtime ako v parnom k\u00fapeli s t\u00fdm rozdielom, \u017ee para tie\u017e pre\u010dist\u00ed telo a dokonca dok\u00e1\u017ee zmy\u0165 aj vlasov\u00fd kondicion\u00e9r. Sprcha funguje ako atomiz\u00e9r zn\u00e1my z obalov parfumov &#8211; rozbije vodu na mal\u00e9 \u010dastice, \u201eprevzdu\u0161n\u00ed\u201c ju, \u010d\u00edm sa zv\u00e4\u010d\u0161\u00ed jej objem. V\u00fdsledkom je, \u017ee pou\u017e\u00edvame menej vody a hmla dokonale zvlh\u010duje poko\u017eku. V porovnan\u00ed s be\u017enou sprchou hmla strieka s 10 &#8211; kr\u00e1t vy\u0161\u0161\u00edm v\u00fdkonom<\/span><\/li>\n<\/ul>\n<p><strong>V\u00fdrobok najvy\u0161\u0161ej kvality<\/strong><\/p>\n<p><span>Box bez silik\u00f3nu (in\u0161talovan\u00e1 bez pou\u017eitia silik\u00f3nu)<\/span><\/p>\n<p><strong>FUNKCIE:<\/strong><\/p>\n<ul>\n<li><span>1 &#8211; hydromas\u00e1\u017e<\/span><\/li>\n<li><span>2 &#8211; parn\u00e1 sauna<\/span><\/li>\n<li><span>3 &#8211; chromoterapia<\/span><\/li>\n<li><span>4 &#8211; aromaterapia<\/span><\/li>\n<li><span>5 &#8211; muzikoterapia<\/span><\/li>\n<\/ul>\n<p><strong>POPIS PRODUKTU:<\/strong><\/p>\n<ul>\n<li><span>Detsk\u00e1 vani\u010dka <\/span><\/li>\n<li><span>Strecha boxu: kame\u0148<\/span><\/li>\n<li><span>Tvrden\u00e9 sklo s hr\u00fabkou 5 mm<\/span><\/li>\n<li><span>Multifunk\u010dn\u00e1 pevn\u00e1 ru\u010dn\u00e1 sprcha: 1 ks.<\/span><\/li>\n<li><span>Nastavenie v\u00fd\u0161ky sprchovej hlavice: \u00e1no<\/span><\/li>\n<li><span>Da\u017e\u010fov\u00e1 sprcha: \u00e1no<\/span><\/li>\n<li><span>Hlin\u00edkov\u00fd panel: \u00e1no<\/span><\/li>\n<li><span>4 mas\u00e1\u017ene trysky<\/span><\/li>\n<li><span>LED svetlo: \u00e1no<\/span><\/li>\n<li><span>Sklenen\u00e9 police: 1 ks.<\/span><\/li>\n<li><span>Ods\u00e1vac\u00ed ventil\u00e1tor 1 ks<\/span><\/li>\n<li><span>Posuvn\u00e9 dvere<\/span><\/li>\n<li><span>Ovl\u00e1dac\u00ed panel Bluetooth: \u00e1no<\/span><\/li>\n<li><span>Reproduktor: 1 ks<\/span><\/li>\n<li><span>Vyp\u00fa\u0161\u0165acia z\u00e1tka: \u00e1no<\/span><\/li>\n<li><span>Sif\u00f3n: \u00e1no<\/span><\/li>\n<li><span>Nap\u00e1janie: 220V<\/span><\/li>\n<\/ul>\n","protected":false},"excerpt":{"rendered":"<p>Sprchov\u00e9 k\u00faty radu Amsterdam s\u00fa vyroben\u00e9 z vysoko kvalitn\u00fdch materi\u00e1lov. Sprchov\u00e1 vani\u010dka a strop s\u00fa vyroben\u00e9 z miner\u00e1lneho mramoru. Pre v\u00e4\u010d\u0161\u00ed lesk bol pou\u017eit\u00fd siln\u00fd g\u00e9lov\u00fd povlak. Boxy boli navrhnut\u00e9 tak, aby sa dali zlo\u017ei\u0165 bez pou\u017eitia silik\u00f3nu. T\u00e1to jedine\u010dn\u00e1 vlastnos\u0165 je mo\u017en\u00e1 v\u010faka dr\u00e1\u017ekam v sprchovej vani\u010dke a v strope. Sklenen\u00e9 steny boxu, hlin\u00edkov\u00e1 [&hellip;]<\/p>\n","protected":false},"featured_media":15857,"comment_status":"closed","ping_status":"open","template":"","meta":[],"product_brand":[2536],"product_cat":[111],"product_tag":[],"class_list":{"0":"post-15856","1":"product","2":"type-product","3":"status-publish","4":"has-post-thumbnail","6":"product_brand-m-spa","7":"product_cat-masazne-sprchove-boxy","8":"pa_napajanie-220-v","9":"pa_pocet-trysiek-863","10":"pa_sirka-100-cm","11":"pa_vyrobca-m-spa","12":"pa_vyska-217-cm","13":"pa_zaruka-2-roky","15":"first","16":"instock","17":"taxable","18":"shipping-taxable","19":"purchasable","20":"product-type-simple"},"_links":{"self":[{"href":"https:\/\/diamondspa.sk\/sk\/wp-json\/wp\/v2\/product\/15856","targetHints":{"allow":["GET"]}}],"collection":[{"href":"https:\/\/diamondspa.sk\/sk\/wp-json\/wp\/v2\/product"}],"about":[{"href":"https:\/\/diamondspa.sk\/sk\/wp-json\/wp\/v2\/types\/product"}],"replies":[{"embeddable":true,"href":"https:\/\/diamondspa.sk\/sk\/wp-json\/wp\/v2\/comments?post=15856"}],"wp:featuredmedia":[{"embeddable":true,"href":"https:\/\/diamondspa.sk\/sk\/wp-json\/wp\/v2\/media\/15857"}],"wp:attachment":[{"href":"https:\/\/diamondspa.sk\/sk\/wp-json\/wp\/v2\/media?parent=15856"}],"wp:term":[{"taxonomy":"product_brand","embeddable":true,"href":"https:\/\/diamondspa.sk\/sk\/wp-json\/wp\/v2\/product_brand?post=15856"},{"taxonomy":"product_cat","embeddable":true,"href":"https:\/\/diamondspa.sk\/sk\/wp-json\/wp\/v2\/product_cat?post=15856"},{"taxonomy":"product_tag","embeddable":true,"href":"https:\/\/diamondspa.sk\/sk\/wp-json\/wp\/v2\/product_tag?post=15856"}],"curies":[{"name":"wp","href":"https:\/\/api.w.org\/{rel}","templated":true}]}}