{"id":15869,"date":"2024-03-10T01:28:58","date_gmt":"2024-03-10T00:28:58","guid":{"rendered":"https:\/\/diamondspa.sk\/product\/m-spa-pravy-biely-hydromasazny-sprchovaci-box-a-parna-sauna-100-x-100-x-217-cm\/"},"modified":"2025-08-15T08:36:42","modified_gmt":"2025-08-15T06:36:42","slug":"m-spa-pravy-biely-hydromasazny-sprchovaci-box-a-parna-sauna-100-x-100-x-217-cm","status":"publish","type":"product","link":"https:\/\/diamondspa.sk\/sk\/produkt\/m-spa-pravy-biely-hydromasazny-sprchovaci-box-a-parna-sauna-100-x-100-x-217-cm\/","title":{"rendered":"M-SPA &#8211; Prav\u00fd biely hydromas\u00e1\u017eny sprchovac\u00ed box a parn\u00e1 sauna 100 x 100 x 217 cm"},"content":{"rendered":"<p>Sprchov\u00e9 k\u00faty s\u00e9rie <strong>Havana <\/strong>s\u00fa vyroben\u00e9 z vysoko kvalitn\u00fdch materi\u00e1lov. Sprchov\u00e1 vani\u010dka a strop s\u00fa vyroben\u00e9 z miner\u00e1lneho mramoru. Pre v\u00e4\u010d\u0161\u00ed lesk bol pou\u017eit\u00fd siln\u00fd g\u00e9lov\u00fd povlak. Boxy boli navrhnut\u00e9 tak, aby sa dali zlo\u017ei\u0165 bez pou\u017eitia silik\u00f3nu. T\u00e1to jedine\u010dn\u00e1 vlastnos\u0165 je mo\u017en\u00e1 v\u010faka dr\u00e1\u017ekam v sprchovej vani\u010dke a v strope.\u00a0<\/p>\n<p>Sklenen\u00e9 steny boxu, hlin\u00edkov\u00e1 konzola, sprchov\u00e1 vani\u010dka a strop do seba dokonale zapadaj\u00fa a vytv\u00e1raj\u00fa kompaktn\u00e9 uzavret\u00e9 telo, ktor\u00e9 nevy\u017eaduje upevnenie na stenu alebo podlahu. Minim\u00e1lna hr\u00fabka stien z miner\u00e1lneho mramoru a skla vytv\u00e1ra ve\u013ek\u00fd vn\u00fatorn\u00fd priestor.\u00a0<\/p>\n<p>Sprchov\u00fa vani\u010dku je mo\u017en\u00e9 \u013eahko vyrovn\u00e1va\u0165 v\u010faka nain\u0161talovan\u00fdm noh\u00e1m pod \u0148ou. Nastavite\u013en\u00e9 nohy s\u00fa vyroben\u00e9 z nehrdzavej\u00facej ocele. Ak je potrebn\u00fd pr\u00edstup k sif\u00f3nu alebo spodnej \u010dasti boxu, jednoducho odstr\u00e1\u0148te hlin\u00edkov\u00fd kryt.<\/p>\n<p><img loading=\"lazy\" decoding=\"async\" loading=\"lazy\" class=\"wp-image-5152 size-full aligncenter\" src=\"https:\/\/diamondspa.sk\/wp-content\/uploads\/2024\/03\/H1000-12-R-Wb.jpg\" alt=\"\" width=\"685\" height=\"685\" srcset=\"https:\/\/diamondspa.sk\/wp-content\/uploads\/2024\/03\/H1000-12-R-Wb.jpg 1000w, https:\/\/diamondspa.sk\/wp-content\/uploads\/2024\/03\/H1000-12-R-Wb-300x300.jpg 300w, https:\/\/diamondspa.sk\/wp-content\/uploads\/2024\/03\/H1000-12-R-Wb-100x100.jpg 100w, https:\/\/diamondspa.sk\/wp-content\/uploads\/2024\/03\/H1000-12-R-Wb.jpg 600w, https:\/\/diamondspa.sk\/wp-content\/uploads\/2024\/03\/H1000-12-R-Wb-150x150.jpg 150w, https:\/\/diamondspa.sk\/wp-content\/uploads\/2024\/03\/H1000-12-R-Wb-768x768.jpg 768w\" sizes=\"auto, (max-width: 1000px) 100vw, 1000px\"><\/p>\n<p>Miner\u00e1lny mramor je materi\u00e1l vyroben\u00fd z 95-97% pr\u00edrodn\u00e9ho kame\u0148a, tj. Mramoru, \u017euly, kreme\u0148a, zatia\u013e \u010do epoxidov\u00e9 \u017eivice sa pou\u017e\u00edvaj\u00fa ako spojivo v 3 a\u017e 5%, \u010do zais\u0165uje ve\u013emi vysok\u00fa pevnos\u0165 v tlaku, n\u00edzku absorpciu vody, odolnos\u0165 vo\u010di oderu a aj vo\u010di n\u00edzkym a vysok\u00fdm teplot\u00e1m.<\/p>\n<h3>Dotykov\u00fd ovl\u00e1dac\u00ed panel<\/h3>\n<p>Ovl\u00e1dac\u00ed panel je intuit\u00edvny a pou\u017e\u00edvanie je ve\u013emi jednoduch\u00e9. M\u00e1 dotykov\u00e9 tla\u010didl\u00e1 a mno\u017estvo u\u017eito\u010dn\u00fdch funkci\u00ed.\u00a0M\u00f4\u017eete zmeni\u0165 intenzitu svetla (3 \u00farovne) a jeho farbu (7 typov).\u00a0Ak nechcete po\u010d\u00fava\u0165 r\u00e1dio, m\u00f4\u017eete sa k boxu pripoji\u0165 prostredn\u00edctvom vstavan\u00e9ho Bluetooth a prehr\u00e1va\u0165 hudbu z n\u00e1\u0161ho ob\u013e\u00faben\u00e9ho zoznamu skladieb z telef\u00f3nu. Panel m\u00e1 tie\u017e funkciu spustenia gener\u00e1tora pary a ventil\u00e1tora.\u00a0Pomocou teplotn\u00e9ho senzora je mo\u017en\u00e9 na paneli zobrazi\u0165 aktu\u00e1lnu teplotu v boxe. Parn\u00fd gener\u00e1tor je mo\u017en\u00e9 nastavi\u0165 na dobu jeho prev\u00e1dzky a dokonca aj na to, na ak\u00fa teplotu bude ohrieva\u0165 box.<\/p>\n<h3>Hlin\u00edkov\u00e1 konzola<\/h3>\n<ul>\n<li>Hlin\u00edkov\u00e1 konzola m\u00e1 ventily z chr\u00f3movej mosadze a ovl\u00e1dac\u00ed panel s dotykov\u00fdm displejom. Panel poskytuje jednoduch\u00fd a r\u00fdchly sp\u00f4sob ovl\u00e1dania v\u0161etk\u00fdch funkci\u00ed boxu. Konzola bola navrhnut\u00e1 tak, aby bol pr\u00edstup k extern\u00fdm komponentom mo\u017en\u00fd zvn\u00fatra boxu, v\u010faka \u010domu nie je pri prev\u00e1dzke potrebn\u00e9 premiest\u0148ova\u0165 box od steny.<\/li>\n<\/ul>\n<h3>Sprchov\u00fd d\u00e1\u017e\u010f<\/h3>\n<ul>\n<li>Da\u017e\u010fov\u00e1 sprcha je vyroben\u00e1 z chr\u00f3movanej mosadze a jej ve\u013ek\u00e9 rozmery (25 x 25 cm) zais\u0165uj\u00fa pr\u00edjemn\u00fd z\u00e1\u017eitok z pou\u017e\u00edvania.\u00a0M\u00e1 gumov\u00e9 trysky, ktor\u00e9 zjednodu\u0161uj\u00fa \u010distenie sprchy.<\/li>\n<\/ul>\n<h3>Ru\u010dn\u00e1 sprcha<\/h3>\n<ul>\n<li>Sprchovac\u00ed box m\u00e1 aj luxusn\u00fa ru\u010dn\u00fa sprchu. Trubica aj dr\u017eiak sl\u00fachadla s\u00fa vyroben\u00e9 z pochr\u00f3movanej mosadze.\u00a0M\u00e1 dva r\u00f4zne druhy striekania.\u00a0Oba sp\u00f4sobuj\u00fa r\u00f4zne pocity pri sprchovan\u00ed.\u00a0Ka\u017ed\u00fd \u010dlen rodiny m\u00f4\u017ee pou\u017e\u00edva\u0165 r\u00f4zne sprchov\u00e9 funkcie a u\u017ei\u0165 si pr\u00edjemn\u00fd \u010das v sprche.<\/li>\n<\/ul>\n<h3>Bat\u00e9ria s termostatom<\/h3>\n<p><img loading=\"lazy\" decoding=\"async\" loading=\"lazy\" class=\"size-full wp-image-5134 aligncenter\" src=\"https:\/\/diamondspa.sk\/wp-content\/uploads\/2024\/03\/5-1-1.jpg\" alt=\"\" width=\"668\" height=\"689\" srcset=\"https:\/\/diamondspa.sk\/wp-content\/uploads\/2024\/03\/5-1-1.jpg 969w, https:\/\/diamondspa.sk\/wp-content\/uploads\/2024\/03\/5-1-1.jpg 600w, https:\/\/diamondspa.sk\/wp-content\/uploads\/2024\/03\/5-1-1-291x300.jpg 291w, https:\/\/diamondspa.sk\/wp-content\/uploads\/2024\/03\/5-1-1-768x793.jpg 768w\" sizes=\"auto, (max-width: 969px) 100vw, 969px\"><\/p>\n<p>Boxy maj\u00fa vysokokvalitn\u00e9 chr\u00f3movan\u00e9 mosadzn\u00e9 bat\u00e9rie. Tvar sa perfektne hod\u00ed k dizajnu hlin\u00edkovej konzoly. Koh\u00fatik m\u00e1 tri gomb\u00edky, prv\u00fd je termostatick\u00fd (minim\u00e1lna teplota 30 \u00b0 C), druh\u00fd reguluje prietok tlaku vody, tret\u00ed sl\u00fa\u017ei na zmenu miesta prietoku vody. Bat\u00e9ria vyhovuje norm\u00e1m EN1111.<\/p>\n<p>Bat\u00e9ria bola navrhnut\u00e1 tak, aby poskytovala vynikaj\u00facu kvalitu a v\u00fdkon po dlh\u00fa dobu.\u00a0Ak by bola potrebn\u00e1 \u00fadr\u017eba, d\u00e1 sa to \u013eahko dosiahnu\u0165 potiahnut\u00edm gomb\u00edkov na prednej strane.\u00a0Vn\u00fatorn\u00e9 \u010dasti bat\u00e9rie s\u00fa najvy\u0161\u0161ej kvality.\u00a0Termostatick\u00fa vlo\u017eku vyr\u00e1ba Vemet.\u00a0Vemet je v sanit\u00e1rnom priemysle zn\u00e1my svojimi vysoko kvalitn\u00fdmi dielmi.\u00a0Tip: Odpor\u00fa\u010da sa nastavi\u0165 termostat z najchladnej\u0161ieho na najteplej\u0161\u00ed raz za mesiac, aby sa pred\u013a\u017eila \u017eivotnos\u0165 termostatu.<\/p>\n<h3>Trysky<\/h3>\n<ul>\n<li>Trysky s\u00fa vyroben\u00e9 z chr\u00f3movanej mosadze.\u00a0Box maj\u00fa \u0161es\u0165 hydromas\u00e1\u017enych trysiek, ktor\u00e9 m\u00f4\u017eu mas\u00edrova\u0165 tri nez\u00e1visl\u00e9 z\u00f3ny (horn\u00fa, stredn\u00fa, spodn\u00fa). Trysky maj\u00fa gumov\u00e9 koncovky, ktor\u00e9 sa v\u010faka svojej flexibilite \u013eahko \u010distia.<\/li>\n<\/ul>\n<h3>Siln\u00e9 p\u00e1nty<\/h3>\n<p><img loading=\"lazy\" decoding=\"async\" loading=\"lazy\" class=\"size-full wp-image-5131 aligncenter\" src=\"https:\/\/diamondspa.sk\/wp-content\/uploads\/2024\/03\/2-scaled-1.jpg\" alt=\"\" width=\"691\" height=\"263\" srcset=\"https:\/\/diamondspa.sk\/wp-content\/uploads\/2024\/03\/2-scaled-1.jpg 2560w, https:\/\/diamondspa.sk\/wp-content\/uploads\/2024\/03\/2-scaled-1.jpg 600w, https:\/\/diamondspa.sk\/wp-content\/uploads\/2024\/03\/2-4-scaled.jpg 300w, https:\/\/diamondspa.sk\/wp-content\/uploads\/2024\/03\/2-4-scaled.jpg 1024w, https:\/\/diamondspa.sk\/wp-content\/uploads\/2024\/03\/2-4-scaled.jpg 768w, https:\/\/diamondspa.sk\/wp-content\/uploads\/2024\/03\/2-4-scaled.jpg 1536w, https:\/\/diamondspa.sk\/wp-content\/uploads\/2024\/03\/2-4-scaled.jpg 2048w\" sizes=\"auto, (max-width: 2560px) 100vw, 2560px\"><\/p>\n<p>Vysoko kvalitn\u00e9 nastavite\u013en\u00e9 chr\u00f3movan\u00e9 mosadzn\u00e9 p\u00e1nty poskytuj\u00fa dodato\u010dn\u00fa stabilitu dver\u00ed boxu. Dvere s\u00fa vyroben\u00e9 z \u010d\u00edreho tvrden\u00e9ho skla s priemerom 8 mm. Tvrden\u00e9 sklo bolo vytvrden\u00e9 pri teplote 650 \u00b0 C. Jednou z hlavn\u00fdch v\u00fdhod je, \u017ee ke\u010f sa rozbije, rozpadne sa na ve\u013ea mal\u00fdch k\u00faskov. Sklo je kri\u0161t\u00e1\u013eovo \u010dist\u00e9 s extr\u00e9mne vysokou priepustnos\u0165ou svetla. Tento efekt je obzvl\u00e1\u0161\u0165 v\u00fdrazn\u00fd u modelov s bielou sklenenou stenou, ktor\u00e9 p\u00f4sobia e\u0161te bel\u0161ie.<\/p>\n<p>V spodnej \u010dasti dver\u00ed je vodn\u00fd \u017e\u013eab.\u00a0V\u010faka nej voda stekaj\u00faca po sprchovac\u00edch dver\u00e1ch pad\u00e1 mal\u00fdm \u017e\u013eabom sp\u00e4\u0165 do sprchovej vani\u010dky.\u00a0To zais\u0165uje, \u017ee v\u0161etka voda zostane v boxe.<\/p>\n<h3>Osvetlenie<\/h3>\n<p><img loading=\"lazy\" decoding=\"async\" loading=\"lazy\" class=\"size-full wp-image-5132 aligncenter\" src=\"https:\/\/diamondspa.sk\/wp-content\/uploads\/2024\/03\/3-2.jpg\" alt=\"\" width=\"683\" height=\"570\" srcset=\"https:\/\/diamondspa.sk\/wp-content\/uploads\/2024\/03\/3-2.jpg 1000w, https:\/\/diamondspa.sk\/wp-content\/uploads\/2024\/03\/3-2.jpg 600w, https:\/\/diamondspa.sk\/wp-content\/uploads\/2024\/03\/3-2-300x251.jpg 300w, https:\/\/diamondspa.sk\/wp-content\/uploads\/2024\/03\/3-2-768x641.jpg 768w\" sizes=\"auto, (max-width: 1000px) 100vw, 1000px\"><\/p>\n<p>Parn\u00e9 sprchy s\u00fa vybaven\u00e9 LED osvetlen\u00edm umiestnen\u00fdm v strope.\u00a0M\u00e1 sedem r\u00f4znych farieb: \u010derven\u00e1, zelen\u00e1, modr\u00e1, fialov\u00e1, biela, indigov\u00e1 a fialov\u00e1.\u00a0Rovnako ako troj\u00farov\u0148ov\u00e1 \u00farove\u0148 intenzity svetla a pomaly sa meniace farby z jednej farby na druh\u00fa.<\/p>\n<p><strong>V\u00fdrobok najvy\u0161\u0161ej kvality<\/strong><\/p>\n<p>Box bez silik\u00f3nu (in\u0161talovan\u00e1 bez pou\u017eitia silik\u00f3nu)<\/p>\n<p>Prav\u00e1 verzia<\/p>\n<p><img loading=\"lazy\" decoding=\"async\" loading=\"lazy\" class=\"alignnone wp-image-5153 size-full\" src=\"https:\/\/diamondspa.sk\/wp-content\/uploads\/2024\/03\/WERSJA-H1200-21R.jpg\" alt=\"\" width=\"261\" height=\"196\"><\/p>\n<p><strong>FUNKCIE:<\/strong><\/p>\n<ul>\n<li>1 &#8211; hydromas\u00e1\u017e<\/li>\n<li>2 &#8211; parn\u00e1 sauna<\/li>\n<li>3 &#8211; chromoterapia<\/li>\n<li>4 &#8211; aromaterapia<\/li>\n<li>5 &#8211; muzikoterapia<\/li>\n<\/ul>\n<p><strong>POPIS PRODUKTU:<\/strong><\/p>\n<ul>\n<li>Vani\u010dka<\/li>\n<li>Strecha boxu: miner\u00e1lny mramor<\/li>\n<li>Sklenen\u00e9 tabule z tvrden\u00e9ho skla s hr\u00fabkou 8 mm<\/li>\n<li>Multifunk\u010dn\u00e1 pevn\u00e1 ru\u010dn\u00e1 sprcha: 1 ks.<\/li>\n<li>Nastavenie v\u00fd\u0161ky sprchovej hlavice: \u00e1no<\/li>\n<li>Da\u017e\u010fov\u00e1 sprcha: \u00e1no<\/li>\n<li>Hlin\u00edkov\u00fd panel: \u00e1no<\/li>\n<li>6 mas\u00e1\u017enych trysiek<\/li>\n<li>LED svetlo: 9 ks.<\/li>\n<li>Sklenen\u00e9 police: 2 ks.<\/li>\n<li>Ods\u00e1vac\u00ed ventil\u00e1tor 1 ks<\/li>\n<li>Vonkaj\u0161ie otv\u00e1racie dvere<\/li>\n<li>Ovl\u00e1dac\u00ed panel Bluetooth: \u00e1no<\/li>\n<li>Reproduktor: 1 ks<\/li>\n<li>Vyp\u00fa\u0161\u0165acia z\u00e1tka: \u00e1no<\/li>\n<li>Sif\u00f3n: \u00e1no<\/li>\n<li>Nap\u00e1janie: 220V<\/li>\n<\/ul>\n","protected":false},"excerpt":{"rendered":"<p>Sprchov\u00e9 k\u00faty s\u00e9rie Havana s\u00fa vyroben\u00e9 z vysoko kvalitn\u00fdch materi\u00e1lov. Sprchov\u00e1 vani\u010dka a strop s\u00fa vyroben\u00e9 z miner\u00e1lneho mramoru. Pre v\u00e4\u010d\u0161\u00ed lesk bol pou\u017eit\u00fd siln\u00fd g\u00e9lov\u00fd povlak. Boxy boli navrhnut\u00e9 tak, aby sa dali zlo\u017ei\u0165 bez pou\u017eitia silik\u00f3nu. T\u00e1to jedine\u010dn\u00e1 vlastnos\u0165 je mo\u017en\u00e1 v\u010faka dr\u00e1\u017ekam v sprchovej vani\u010dke a v strope.\u00a0 Sklenen\u00e9 steny boxu, hlin\u00edkov\u00e1 [&hellip;]<\/p>\n","protected":false},"featured_media":15870,"comment_status":"closed","ping_status":"open","template":"","meta":[],"product_brand":[2536],"product_cat":[111],"product_tag":[],"class_list":{"0":"post-15869","1":"product","2":"type-product","3":"status-publish","4":"has-post-thumbnail","6":"product_brand-m-spa","7":"product_cat-masazne-sprchove-boxy","8":"pa_napajanie-220-v","9":"pa_pocet-trysiek-383","10":"pa_sirka-100-cm","11":"pa_vyrobca-m-spa","12":"pa_vyska-217-cm","13":"pa_zaruka-2-roky","15":"first","16":"instock","17":"taxable","18":"shipping-taxable","19":"purchasable","20":"product-type-simple"},"_links":{"self":[{"href":"https:\/\/diamondspa.sk\/sk\/wp-json\/wp\/v2\/product\/15869","targetHints":{"allow":["GET"]}}],"collection":[{"href":"https:\/\/diamondspa.sk\/sk\/wp-json\/wp\/v2\/product"}],"about":[{"href":"https:\/\/diamondspa.sk\/sk\/wp-json\/wp\/v2\/types\/product"}],"replies":[{"embeddable":true,"href":"https:\/\/diamondspa.sk\/sk\/wp-json\/wp\/v2\/comments?post=15869"}],"wp:featuredmedia":[{"embeddable":true,"href":"https:\/\/diamondspa.sk\/sk\/wp-json\/wp\/v2\/media\/15870"}],"wp:attachment":[{"href":"https:\/\/diamondspa.sk\/sk\/wp-json\/wp\/v2\/media?parent=15869"}],"wp:term":[{"taxonomy":"product_brand","embeddable":true,"href":"https:\/\/diamondspa.sk\/sk\/wp-json\/wp\/v2\/product_brand?post=15869"},{"taxonomy":"product_cat","embeddable":true,"href":"https:\/\/diamondspa.sk\/sk\/wp-json\/wp\/v2\/product_cat?post=15869"},{"taxonomy":"product_tag","embeddable":true,"href":"https:\/\/diamondspa.sk\/sk\/wp-json\/wp\/v2\/product_tag?post=15869"}],"curies":[{"name":"wp","href":"https:\/\/api.w.org\/{rel}","templated":true}]}}