{"id":16534,"date":"2024-03-10T01:54:45","date_gmt":"2024-03-10T00:54:45","guid":{"rendered":"https:\/\/diamondspa.sk\/product\/m-spa-hydromasazna-vana-313-135-x-135-x-53-cm\/"},"modified":"2025-09-05T10:46:40","modified_gmt":"2025-09-05T08:46:40","slug":"m-spa-hydromasazna-vana-313-135-x-135-x-53-cm","status":"publish","type":"product","link":"https:\/\/diamondspa.sk\/sk\/produkt\/m-spa-hydromasazna-vana-313-135-x-135-x-53-cm\/","title":{"rendered":"M-SPA &#8211; Hydromas\u00e1\u017ena va\u0148a 313 &#8211; 135 x 135 x 53 cm"},"content":{"rendered":"<p><span style=\"font-size: 1.1rem;\"><span style=\"font-family: arial, helvetica, sans-serif;\">Vysokokvalitn\u00fd sanit\u00e1rny akryl\u00e1t.<br \/><\/span><span style=\"font-family: arial, helvetica, sans-serif;\">Vysokokvalitn\u00e9 chromovan\u00e9 trysky a v\u00fdlevky.<br \/><\/span><\/span><br \/>Celkov\u00fd v\u00fdkon: cca 1,05 kW vr\u00e1tane<br \/><strong><em>d\u00fdz na vodu 8 ks vr\u00e1tane:<\/em><\/strong><br \/>\u2013 Vodn\u00e9 d\u00fdzy (3,5\u2033): 4 ks<br \/>\u2013 Vodn\u00e9 d\u00fdzy (1\u2033): 4 ks<br \/>Vodn\u00e9 \u010derpadlo 0,7 kW: 1 ks<br \/>Vzduchov\u00e9 d\u00fdzy (1\u2033): 6 ks<br \/>. Vzduchov\u00e9 \u010derpadlo 0,35 kW: 1 ks<br \/>Gener\u00e1tor oz\u00f3nu: 1 ks<br \/>SPA podvodn\u00e9 svetlo: 1 ks (sedem druhov farieb)<br \/>Sprchov\u00e1 hlavica: 1 ks<br \/>V\u00fdtok: 1 ks<br \/>Opierka hlavy: 1 ks ( skrutkovacie )<br \/>Ovl\u00e1dac\u00ed panel : \u00e1no<br \/>R\u00e1dio: \u00e1no<br \/>Reproduktor: 1 ks.<\/p>\n<p>Profilovan\u00e9 dno vane<br \/>Jednostranne vstavan\u00e1 va\u0148a (2 strany nezastavan\u00e1)<\/p>\n<p>Z\u00e1ruka 24 mesiacov<span style=\"font-size: 1.1rem;\"><span style=\"font-family: arial, helvetica, sans-serif;\"> <\/span><\/span><\/p>\n<ul>\n<li><span style=\"font-family: arial, helvetica, sans-serif; font-size: 1.1rem;\">ovl\u00e1dac\u00ed panel so zabudovan\u00fdm r\u00e1diom<\/span><\/li>\n<li><span style=\"font-family: arial, helvetica, sans-serif; font-size: 1.1rem;\">viacfunk\u010dn\u00e1 ru\u010dn\u00e1 sprcha<\/span><\/li>\n<li><span style=\"font-family: arial, helvetica, sans-serif; font-size: 1.1rem;\">oz\u00f3nov\u00e1 steriliz\u00e1cia<\/span><\/li>\n<li><span style=\"font-family: arial, helvetica, sans-serif; font-size: 1.1rem;\">bat\u00e9ria<\/span><\/li>\n<li><span style=\"font-family: arial, helvetica, sans-serif; font-size: 1.1rem;\">1 podhlavn\u00edk<\/span><\/li>\n<li><span style=\"font-family: arial, helvetica, sans-serif; font-size: 1.1rem;\">reproduktor<\/span><\/li>\n<li><span style=\"font-family: arial, helvetica, sans-serif; font-size: 1.1rem;\">1 ks osvetlenie podvodn\u00e9 (chromoterapia)<\/span><\/li>\n<li><span style=\"font-family: arial, helvetica, sans-serif; font-size: 1.1rem;\">odpadov\u00e1 armat\u00fara<\/span><\/li>\n<li><span style=\"font-family: arial, helvetica, sans-serif; font-size: 1.1rem;\">viacfarebn\u00e9 vodn\u00e9 osvetlenie<\/span><\/li>\n<\/ul>\n<p><img fetchpriority=\"high\" decoding=\"async\" src=\"https:\/\/diamondspa.sk\/wp-content\/uploads\/2024\/03\/M-SPA-313-vana-s-hydromasazou-135x135x53-cm-001.jpg\" alt=\"\" width=\"1000\" height=\"1000\"><\/p>\n<p><img decoding=\"async\" src=\"https:\/\/diamondspa.sk\/wp-content\/uploads\/2024\/03\/M-SPA-313-vana-s-hydromasazou-135x135x53-cm-002.jpg\" alt=\"\" width=\"1000\" height=\"658\"><\/p>\n<p><img decoding=\"async\" src=\"https:\/\/diamondspa.sk\/wp-content\/uploads\/2024\/03\/M-SPA-313-vana-s-hydromasazou-135x135x53-cm-003.jpg\" alt=\"\" width=\"1000\" height=\"658\"><\/p>\n<p><img loading=\"lazy\" decoding=\"async\" src=\"https:\/\/diamondspa.sk\/wp-content\/uploads\/2024\/03\/M-SPA-313-vana-s-hydromasazou-135x135x53-cm-004.jpg\" alt=\"\" width=\"1000\" height=\"658\"><\/p>\n<p><img loading=\"lazy\" decoding=\"async\" src=\"https:\/\/diamondspa.sk\/wp-content\/uploads\/2024\/03\/M-SPA-313-vana-s-hydromasazou-135x135x53-cm-005.jpg\" alt=\"\" width=\"1000\" height=\"658\"><\/p>\n<p><img loading=\"lazy\" decoding=\"async\" src=\"https:\/\/diamondspa.sk\/wp-content\/uploads\/2024\/03\/M-SPA-313-vana-s-hydromasazou-135x135x53-cm-006.jpg\" alt=\"\" width=\"1000\" height=\"658\"><\/p>\n<p><img loading=\"lazy\" decoding=\"async\" src=\"https:\/\/diamondspa.sk\/wp-content\/uploads\/2024\/03\/M-SPA-313-vana-s-hydromasazou-135x135x53-cm-007.jpg\" alt=\"\" width=\"1000\" height=\"658\"><\/p>\n<p><img loading=\"lazy\" decoding=\"async\" src=\"https:\/\/diamondspa.sk\/wp-content\/uploads\/2024\/03\/M-SPA-313-vana-s-hydromasazou-135x135x53-cm-008.jpg\" alt=\"\" width=\"1000\" height=\"658\"><\/p>\n<p><img loading=\"lazy\" decoding=\"async\" src=\"https:\/\/diamondspa.sk\/wp-content\/uploads\/2024\/03\/M-SPA-313-vana-s-hydromasazou-135x135x53-cm-009.jpg\" alt=\"\" width=\"1000\" height=\"658\"><\/p>\n<p><img loading=\"lazy\" decoding=\"async\" src=\"https:\/\/diamondspa.sk\/wp-content\/uploads\/2024\/03\/M-SPA-313-vana-s-hydromasazou-135x135x53-cm-010.jpg\" alt=\"\" width=\"1000\" height=\"658\"><\/p>\n<p><img loading=\"lazy\" decoding=\"async\" src=\"https:\/\/diamondspa.sk\/wp-content\/uploads\/2024\/03\/M-SPA-313-vana-s-hydromasazou-135x135x53-cm-011.jpg\" alt=\"\" width=\"1000\" height=\"658\"><\/p>\n<p><img loading=\"lazy\" decoding=\"async\" src=\"https:\/\/diamondspa.sk\/wp-content\/uploads\/2024\/03\/M-SPA-313-vana-s-hydromasazou-135x135x53-cm-012.jpg\" alt=\"\" width=\"1000\" height=\"658\"><\/p>\n<p><img loading=\"lazy\" decoding=\"async\" src=\"https:\/\/diamondspa.sk\/wp-content\/uploads\/2024\/03\/M-SPA-313-vana-s-hydromasazou-135x135x53-cm-013.jpg\" alt=\"\" width=\"1000\" height=\"658\"><\/p>\n<p><img loading=\"lazy\" decoding=\"async\" src=\"https:\/\/diamondspa.sk\/wp-content\/uploads\/2024\/03\/M-SPA-313-vana-s-hydromasazou-135x135x53-cm-014.jpg\" alt=\"\" width=\"1000\" height=\"1000\"><\/p>\n<p><img loading=\"lazy\" decoding=\"async\" src=\"https:\/\/diamondspa.sk\/wp-content\/uploads\/2024\/03\/M-SPA-313-vana-s-hydromasazou-135x135x53-cm-vykres.jpg\" alt=\"\" width=\"1000\" height=\"856\"><\/p>\n","protected":false},"excerpt":{"rendered":"<p>Vysokokvalitn\u00fd sanit\u00e1rny akryl\u00e1t.Vysokokvalitn\u00e9 chromovan\u00e9 trysky a v\u00fdlevky.Celkov\u00fd v\u00fdkon: cca 1,05 kW vr\u00e1taned\u00fdz na vodu 8 ks vr\u00e1tane:\u2013 Vodn\u00e9 d\u00fdzy (3,5\u2033): 4 ks\u2013 Vodn\u00e9 d\u00fdzy (1\u2033): 4 ksVodn\u00e9 \u010derpadlo 0,7 kW: 1 ksVzduchov\u00e9 d\u00fdzy (1\u2033): 6 ks. Vzduchov\u00e9 \u010derpadlo 0,35 kW: 1 ksGener\u00e1tor oz\u00f3nu: 1 ksSPA podvodn\u00e9 svetlo: 1 ks (sedem druhov farieb)Sprchov\u00e1 hlavica: 1 ksV\u00fdtok: [&hellip;]<\/p>\n","protected":false},"featured_media":16535,"comment_status":"closed","ping_status":"open","template":"","meta":[],"product_brand":[2536],"product_cat":[168,65],"product_tag":[],"class_list":{"0":"post-16534","1":"product","2":"type-product","3":"status-publish","4":"has-post-thumbnail","6":"product_brand-m-spa","7":"product_cat-hydromasazne-vane","8":"product_cat-vane","9":"pa_material-akrylat","10":"pa_napajanie-220-240-v-50-hz","11":"pa_pocet-miest-622","12":"pa_pocet-trysiek-859","13":"pa_sirka-135-cm","14":"pa_vyrobca-m-spa","15":"pa_vyska-53-cm","16":"pa_zaruka-2-roky","18":"first","19":"instock","20":"taxable","21":"shipping-taxable","22":"purchasable","23":"product-type-simple"},"_links":{"self":[{"href":"https:\/\/diamondspa.sk\/sk\/wp-json\/wp\/v2\/product\/16534","targetHints":{"allow":["GET"]}}],"collection":[{"href":"https:\/\/diamondspa.sk\/sk\/wp-json\/wp\/v2\/product"}],"about":[{"href":"https:\/\/diamondspa.sk\/sk\/wp-json\/wp\/v2\/types\/product"}],"replies":[{"embeddable":true,"href":"https:\/\/diamondspa.sk\/sk\/wp-json\/wp\/v2\/comments?post=16534"}],"wp:featuredmedia":[{"embeddable":true,"href":"https:\/\/diamondspa.sk\/sk\/wp-json\/wp\/v2\/media\/16535"}],"wp:attachment":[{"href":"https:\/\/diamondspa.sk\/sk\/wp-json\/wp\/v2\/media?parent=16534"}],"wp:term":[{"taxonomy":"product_brand","embeddable":true,"href":"https:\/\/diamondspa.sk\/sk\/wp-json\/wp\/v2\/product_brand?post=16534"},{"taxonomy":"product_cat","embeddable":true,"href":"https:\/\/diamondspa.sk\/sk\/wp-json\/wp\/v2\/product_cat?post=16534"},{"taxonomy":"product_tag","embeddable":true,"href":"https:\/\/diamondspa.sk\/sk\/wp-json\/wp\/v2\/product_tag?post=16534"}],"curies":[{"name":"wp","href":"https:\/\/api.w.org\/{rel}","templated":true}]}}