{"id":16614,"date":"2024-03-10T01:57:52","date_gmt":"2024-03-10T00:57:52","guid":{"rendered":"https:\/\/diamondspa.sk\/product\/m-spa-hydromasazna-vana-633-150x150x60\/"},"modified":"2025-09-05T10:55:52","modified_gmt":"2025-09-05T08:55:52","slug":"m-spa-hydromasazna-vana-633-150x150x60","status":"publish","type":"product","link":"https:\/\/diamondspa.sk\/sk\/produkt\/m-spa-hydromasazna-vana-633-150x150x60\/","title":{"rendered":"M-SPA &#8211; Hydromas\u00e1\u017ena va\u0148a 633 &#8211; 150x150x60"},"content":{"rendered":"<p>\u00a0<br \/>\nRozmery : 1500x1500x600mm<br \/>\nVysokokvalitn\u00fd sanit\u00e1rny akryl\u00e1t.Vysokokvalitn\u00e9 chromovan\u00e9 trysky a v\u00fdlevky.<br \/>\n\u00a0<br \/>\n\u010cerpadl\u00e1:<br \/>\n1 \u010derpadlo vodn\u00e9 \u00a01 HP\u00a0 1 \u010derpadlo vzduchov\u00e9 0,5 HP<br \/>\n\u00a0<br \/>\nHydromas\u00e1\u017ena va\u0148a spolu obsahuje 12 trysiek.<br \/>\n8 ks vzduchov\u00fdch trysiek (zabudovan\u00e9 na dne vane)4 ks vodn\u00fdch trysiek<br \/>\n\u00a0<\/p>\n<p>zabezpe\u010denie vane pr\u00fadov\u00fdm chr\u00e1ni\u010dom<br \/>\novl\u00e1dac\u00ed panel so zabudovan\u00fdm r\u00e1diom<br \/>\nviacfunk\u010dn\u00e1 ru\u010dn\u00e1 sprcha<br \/>\noz\u00f3nov\u00e1 steriliz\u00e1cia<br \/>\ntermostatick\u00e1 bat\u00e9ria<br \/>\nregul\u00e1tor intenzity hydromas\u00e1\u017ee<br \/>\ncirkul\u00e1cia vody<br \/>\n2 ks podhlavn\u00edkov<br \/>\n2 ks reproduktorov<br \/>\n2 ks viacfarebn\u00e9 osvetlenie podvodn\u00e9 LED (chromoterapia)<br \/>\nodpadov\u00e1 armat\u00fara<br \/>\nviacfarebn\u00e9 vodn\u00e9 osvetlenie<br \/>\namerick\u00fd vodosp\u00e1d (kask\u00e1da)<\/p>\n<p>\u00a0<br \/>\n* Dodato\u010dn\u00e1 v\u00fdbava na \u017eiados\u0165 klienta za pr\u00edplatok<\/p>\n<p>funkcia podhrievania vody<br \/>\n200 \u20ac<\/p>\n<p>vzduchov\u00e9 \u010derpadlo s tepl\u00fdm vzduchom<br \/>\n150 \u20ac<\/p>\n<p>\u00a0<br \/>\n\u00a0<br \/>\n\u00a0<br \/>\n\u00a0<br \/>\n\u00a0<\/p>\n<p>\u00a0<\/p>\n","protected":false},"excerpt":{"rendered":"<p>\u00a0 Rozmery : 1500x1500x600mm Vysokokvalitn\u00fd sanit\u00e1rny akryl\u00e1t.Vysokokvalitn\u00e9 chromovan\u00e9 trysky a v\u00fdlevky. \u00a0 \u010cerpadl\u00e1: 1 \u010derpadlo vodn\u00e9 \u00a01 HP\u00a0 1 \u010derpadlo vzduchov\u00e9 0,5 HP \u00a0 Hydromas\u00e1\u017ena va\u0148a spolu obsahuje 12 trysiek. 8 ks vzduchov\u00fdch trysiek (zabudovan\u00e9 na dne vane)4 ks vodn\u00fdch trysiek \u00a0 zabezpe\u010denie vane pr\u00fadov\u00fdm chr\u00e1ni\u010dom ovl\u00e1dac\u00ed panel so zabudovan\u00fdm r\u00e1diom viacfunk\u010dn\u00e1 ru\u010dn\u00e1 sprcha oz\u00f3nov\u00e1 [&hellip;]<\/p>\n","protected":false},"featured_media":16615,"comment_status":"closed","ping_status":"open","template":"","meta":[],"product_brand":[2536],"product_cat":[168,65],"product_tag":[],"class_list":{"0":"post-16614","1":"product","2":"type-product","3":"status-publish","4":"has-post-thumbnail","6":"product_brand-m-spa","7":"product_cat-hydromasazne-vane","8":"product_cat-vane","9":"pa_material-akrylat","10":"pa_sirka-150-cm","11":"pa_vyrobca-m-spa","13":"first","14":"instock","15":"sold-individually","16":"taxable","17":"shipping-taxable","18":"purchasable","19":"product-type-simple"},"_links":{"self":[{"href":"https:\/\/diamondspa.sk\/sk\/wp-json\/wp\/v2\/product\/16614","targetHints":{"allow":["GET"]}}],"collection":[{"href":"https:\/\/diamondspa.sk\/sk\/wp-json\/wp\/v2\/product"}],"about":[{"href":"https:\/\/diamondspa.sk\/sk\/wp-json\/wp\/v2\/types\/product"}],"replies":[{"embeddable":true,"href":"https:\/\/diamondspa.sk\/sk\/wp-json\/wp\/v2\/comments?post=16614"}],"wp:featuredmedia":[{"embeddable":true,"href":"https:\/\/diamondspa.sk\/sk\/wp-json\/wp\/v2\/media\/16615"}],"wp:attachment":[{"href":"https:\/\/diamondspa.sk\/sk\/wp-json\/wp\/v2\/media?parent=16614"}],"wp:term":[{"taxonomy":"product_brand","embeddable":true,"href":"https:\/\/diamondspa.sk\/sk\/wp-json\/wp\/v2\/product_brand?post=16614"},{"taxonomy":"product_cat","embeddable":true,"href":"https:\/\/diamondspa.sk\/sk\/wp-json\/wp\/v2\/product_cat?post=16614"},{"taxonomy":"product_tag","embeddable":true,"href":"https:\/\/diamondspa.sk\/sk\/wp-json\/wp\/v2\/product_tag?post=16614"}],"curies":[{"name":"wp","href":"https:\/\/api.w.org\/{rel}","templated":true}]}}