{"id":16724,"date":"2024-03-10T02:01:32","date_gmt":"2024-03-10T01:01:32","guid":{"rendered":"https:\/\/diamondspa.sk\/product\/m-spa-sprchovaci-box-9914l-s-hydromasazou-120-x-85-x-225-cm-lava-verzia\/"},"modified":"2025-08-15T08:36:37","modified_gmt":"2025-08-15T06:36:37","slug":"m-spa-sprchovaci-box-9914l-s-hydromasazou-120-x-85-x-225-cm-lava-verzia","status":"publish","type":"product","link":"https:\/\/diamondspa.sk\/sk\/produkt\/m-spa-sprchovaci-box-9914l-s-hydromasazou-120-x-85-x-225-cm-lava-verzia\/","title":{"rendered":"M-SPA &#8211; Sprchovac\u00ed box 9914L s hydromas\u00e1\u017eou 120 x 85 x 225 cm, \u013eav\u00e1 verzia"},"content":{"rendered":"<h2><span class=\"page-name\" style=\"font-size: 12pt;\"> Sprchovac\u00ed box 9914L s hydromas\u00e1\u017eou 120 x 85 x 225 cm, \u013eav\u00e1 verzia<br \/><\/span><\/h2>\n<p class=\"text-left\">Sprchovac\u00ed box M-SPA 9914 v\u010faka spr\u00e1vne usporiadan\u00fdm a\u017e \u00f4smym mas\u00e1\u017enym trysk\u00e1m zlep\u0161\u00ed krvn\u00fd obeh a poskytne \u00fa\u013eavu bo\u013eav\u00fdm alebo oslaben\u00fdm svalom. Elektronick\u00fd ovl\u00e1dac\u00ed panel umo\u017e\u0148uje ovl\u00e1da\u0165 svetlo tak, aby vytv\u00e1ralo pr\u00edjemn\u00fa atmosf\u00e9ru, a \u010fal\u0161ia v\u00fdhoda vo forme r\u00e1dia upokoj\u00ed va\u0161e zmysly hudbou. <br \/>Sprchov\u00e1 kab\u00edna m\u00e1 vrchn\u00fd stropn\u00fd kryt a ventil\u00e1tor, ktor\u00fd minimalizuje mno\u017estvo vlhkosti usadenej na strope k\u00fape\u013ene a zabra\u0148uje tak tvorba napr. plesn\u00ed. <br \/>Da\u017e\u010fov\u00e1 sprcha obohaten\u00e1 o osvetlenie zvy\u0161uje komfort k\u00fapania.<\/p>\n<p>\u00a0<\/p>\n<p><strong>POPIS PRODUKTU:<\/strong><\/p>\n<ul>\n<li>Materi\u00e1l: tvrden\u00e9 sklo 5 mm<\/li>\n<li>Sprchov\u00e1 vani\u010dka z akryl\u00e1tu (ABS)<\/li>\n<li>Hlin\u00edkov\u00fd r\u00e1m<\/li>\n<li>Multifunk\u010dn\u00e1 ru\u010dn\u00e1 sprcha: 1 ks.<\/li>\n<li>Bat\u00e9ria: 1 ks<\/li>\n<li>Da\u017e\u010fov\u00e1 sprcha: \u00e1no<\/li>\n<li>Sklopn\u00e9 sed\u00e1tko<\/li>\n<li>Opierka<\/li>\n<li>N\u00e1doba na \u0161amp\u00f3n \/ sprchov\u00fd g\u00e9l: 1 komplet<\/li>\n<li>4 ve\u013ek\u00e9 mas\u00e1\u017ene trysky<\/li>\n<li>4 mal\u00e9 akupunkt\u00farne trysky<\/li>\n<li>Mas\u00e1\u017eny pr\u00edstroj na nohy: \u00e1no<\/li>\n<li>Stropn\u00e9 LED osvetlenie: 1 ks<\/li>\n<li>Sklenen\u00e9 police: 2 ks.<\/li>\n<li>Zrkadlo: 1 ks.<\/li>\n<li>Ods\u00e1vac\u00ed ventil\u00e1tor 1 ks<\/li>\n<li>Reproduktor: 1 ks<\/li>\n<li>R\u00e1dio: \u00e1no<\/li>\n<li>Ovl\u00e1dac\u00ed panel s FM r\u00e1diom<\/li>\n<\/ul>\n<p>\u00a0<\/p>\n<p>\u00a0\u00a0\u00a0\u00a0\u00a0\u00a0\u00a0\u00a0\u00a0\u00a0\u00a0\u00a0\u00a0\u00a0\u00a0\u00a0\u00a0 \u00a0 \u00a0 \u00a0 \u00a0<img fetchpriority=\"high\" decoding=\"async\" src=\"https:\/\/diamondspa.sk\/wp-content\/uploads\/2024\/03\/prava-verzia.jpg\" alt=\"\" width=\"300\" height=\"339\"> <a href=\"https:\/\/www.renovuj.sk\/M-SPA-Sprchovaci-box-9914L-s-hydromasazou-120-x-85-x-225-cm-lava-verzia-d21288.htm\"><img decoding=\"async\" src=\"https:\/\/diamondspa.sk\/wp-content\/uploads\/2024\/03\/lava-verzia.jpg\" alt=\"\" width=\"300\" height=\"339\"><\/a><\/p>\n<p>\u00a0<\/p>\n<p>\u00a0<\/p>\n<p><img decoding=\"async\" src=\"https:\/\/diamondspa.sk\/wp-content\/uploads\/2024\/03\/M-SPA-Sprchovaci-box-s-hydromasazou-9914-lavy-001.jpg\" alt=\"\" width=\"1000\" height=\"1000\"><\/p>\n<p><img loading=\"lazy\" decoding=\"async\" src=\"https:\/\/diamondspa.sk\/wp-content\/uploads\/2024\/03\/M-SPA-Sprchovaci-box-s-hydromasazou-9914-lavy-002.jpg\" alt=\"\" width=\"1000\" height=\"1000\"><\/p>\n<p>\u00a0<\/p>\n<p><img loading=\"lazy\" decoding=\"async\" src=\"https:\/\/diamondspa.sk\/wp-content\/uploads\/2024\/03\/M-SPA-Sprchovaci-box-s-hydromasazou-9914-lavy-003.jpg\" alt=\"\" width=\"1000\" height=\"1000\"><\/p>\n<p><img loading=\"lazy\" decoding=\"async\" src=\"https:\/\/diamondspa.sk\/wp-content\/uploads\/2024\/03\/M-SPA-Sprchovaci-box-s-hydromasazou-9914-lavy-004.jpg\" alt=\"\" width=\"1000\" height=\"658\"><\/p>\n<p><img loading=\"lazy\" decoding=\"async\" src=\"https:\/\/diamondspa.sk\/wp-content\/uploads\/2024\/03\/M-SPA-Sprchovaci-box-s-hydromasazou-9914-lavy-005.jpg\" alt=\"\" width=\"1000\" height=\"658\"><\/p>\n<p><img loading=\"lazy\" decoding=\"async\" src=\"https:\/\/diamondspa.sk\/wp-content\/uploads\/2024\/03\/M-SPA-Sprchovaci-box-s-hydromasazou-9914-lavy-006.jpg\" alt=\"\" width=\"1000\" height=\"658\"><\/p>\n<p><img loading=\"lazy\" decoding=\"async\" src=\"https:\/\/diamondspa.sk\/wp-content\/uploads\/2024\/03\/M-SPA-Sprchovaci-box-s-hydromasazou-9914-lavy-007.jpg\" alt=\"\" width=\"1000\" height=\"658\"><\/p>\n<p><img loading=\"lazy\" decoding=\"async\" src=\"https:\/\/diamondspa.sk\/wp-content\/uploads\/2024\/03\/M-SPA-Sprchovaci-box-s-hydromasazou-9914-lavy-008.jpg\" alt=\"\" width=\"1000\" height=\"658\"><\/p>\n<p><img loading=\"lazy\" decoding=\"async\" src=\"https:\/\/diamondspa.sk\/wp-content\/uploads\/2024\/03\/M-SPA-Sprchovaci-box-s-hydromasazou-9914-lavy-010.jpg\" alt=\"\" width=\"1000\" height=\"658\"><\/p>\n<p><img loading=\"lazy\" decoding=\"async\" src=\"https:\/\/diamondspa.sk\/wp-content\/uploads\/2024\/03\/M-SPA-Sprchovaci-box-s-hydromasazou-9914-lavy-009.jpg\" alt=\"\" width=\"1000\" height=\"658\"><\/p>\n<p>\u00a0<\/p>\n<p>\u00a0<\/p>\n","protected":false},"excerpt":{"rendered":"<p>Sprchovac\u00ed box 9914L s hydromas\u00e1\u017eou 120 x 85 x 225 cm, \u013eav\u00e1 verzia Sprchovac\u00ed box M-SPA 9914 v\u010faka spr\u00e1vne usporiadan\u00fdm a\u017e \u00f4smym mas\u00e1\u017enym trysk\u00e1m zlep\u0161\u00ed krvn\u00fd obeh a poskytne \u00fa\u013eavu bo\u013eav\u00fdm alebo oslaben\u00fdm svalom. Elektronick\u00fd ovl\u00e1dac\u00ed panel umo\u017e\u0148uje ovl\u00e1da\u0165 svetlo tak, aby vytv\u00e1ralo pr\u00edjemn\u00fa atmosf\u00e9ru, a \u010fal\u0161ia v\u00fdhoda vo forme r\u00e1dia upokoj\u00ed va\u0161e zmysly hudbou. [&hellip;]<\/p>\n","protected":false},"featured_media":16725,"comment_status":"closed","ping_status":"open","template":"","meta":[],"product_brand":[2536],"product_cat":[111],"product_tag":[],"class_list":{"0":"post-16724","1":"product","2":"type-product","3":"status-publish","4":"has-post-thumbnail","6":"product_brand-m-spa","7":"product_cat-masazne-sprchove-boxy","8":"pa_pocet-miest-622","9":"pa_pocet-trysiek-859","10":"pa_sirka-85-cm","11":"pa_vyrobca-m-spa","12":"pa_vyska-225-cm","13":"pa_zaruka-2-roky","15":"first","16":"instock","17":"sale","18":"taxable","19":"shipping-taxable","20":"purchasable","21":"product-type-simple"},"_links":{"self":[{"href":"https:\/\/diamondspa.sk\/sk\/wp-json\/wp\/v2\/product\/16724","targetHints":{"allow":["GET"]}}],"collection":[{"href":"https:\/\/diamondspa.sk\/sk\/wp-json\/wp\/v2\/product"}],"about":[{"href":"https:\/\/diamondspa.sk\/sk\/wp-json\/wp\/v2\/types\/product"}],"replies":[{"embeddable":true,"href":"https:\/\/diamondspa.sk\/sk\/wp-json\/wp\/v2\/comments?post=16724"}],"wp:featuredmedia":[{"embeddable":true,"href":"https:\/\/diamondspa.sk\/sk\/wp-json\/wp\/v2\/media\/16725"}],"wp:attachment":[{"href":"https:\/\/diamondspa.sk\/sk\/wp-json\/wp\/v2\/media?parent=16724"}],"wp:term":[{"taxonomy":"product_brand","embeddable":true,"href":"https:\/\/diamondspa.sk\/sk\/wp-json\/wp\/v2\/product_brand?post=16724"},{"taxonomy":"product_cat","embeddable":true,"href":"https:\/\/diamondspa.sk\/sk\/wp-json\/wp\/v2\/product_cat?post=16724"},{"taxonomy":"product_tag","embeddable":true,"href":"https:\/\/diamondspa.sk\/sk\/wp-json\/wp\/v2\/product_tag?post=16724"}],"curies":[{"name":"wp","href":"https:\/\/api.w.org\/{rel}","templated":true}]}}