{"id":16906,"date":"2024-03-10T02:04:40","date_gmt":"2024-03-10T01:04:40","guid":{"rendered":"https:\/\/diamondspa.sk\/product\/m-spa-kabino-spa-vana-s-hydromasazou-a-funkciou-parnej-sauny-135-x-135-x-220-cm\/"},"modified":"2025-08-15T08:36:37","modified_gmt":"2025-08-15T06:36:37","slug":"m-spa-kabino-spa-vana-s-hydromasazou-a-funkciou-parnej-sauny-135-x-135-x-220-cm","status":"publish","type":"product","link":"https:\/\/diamondspa.sk\/sk\/produkt\/m-spa-kabino-spa-vana-s-hydromasazou-a-funkciou-parnej-sauny-135-x-135-x-220-cm\/","title":{"rendered":"M-SPA &#8211; Kabino SPA va\u0148a s hydromas\u00e1\u017eou a funkciou parnej sauny 135 x 135 x 220 cm"},"content":{"rendered":"<h3>Popis<\/h3>\n<p>Sprchov\u00e9 vani\u010dky sp\u00e1jaj\u00fa funkcie sprchovacieho k\u00fata a v\u00edrivej vane. Va\u0148a m\u00e1 vodn\u00e9 \u010derpadlo, vzduchov\u00e9 \u010derpadlo a podvodn\u00e9 osvetlenie. Kab\u00edna obsahuje v\u0161etky funkcie da\u017e\u010fovej sprchy, ru\u010dnej sprchy, poli\u010dky na kozmetiku a trysku na mas\u00e1\u017e chrbta. Kab\u00edna bola vybaven\u00e1 aj gener\u00e1torom pary umiestnen\u00fdm v zadnej \u010dasti, pri\u010dom v\u00fdstup pary bol zabudovan\u00fd vo vani.<\/p>\n<p><strong>POPIS PRODUKTU:<\/strong><\/p>\n<ul>\n<li>Materi\u00e1l: 6 mm tvrden\u00e9 sklo<\/li>\n<li>Akryl\u00e1tov\u00e1 (ABS) sprchov\u00e1 vani\u010dka<\/li>\n<li>Hlin\u00edkov\u00fd r\u00e1m<\/li>\n<li>Sprchov\u00e1 bat\u00e9ria: 1 ks<\/li>\n<li>Multifunk\u010dn\u00e1 pevn\u00e1 ru\u010dn\u00e1 sprcha: 1 ks<\/li>\n<li>Bat\u00e9ria: 1 ks<\/li>\n<li>Da\u017e\u010fov\u00e1 sprcha<\/li>\n<li>Vank\u00fa\u0161: 1 ks<\/li>\n<li>N\u00e1doba na \u0161amp\u00f3n \/ sprchov\u00fd g\u00e9l: 1 ks<\/li>\n<li>8 mas\u00e1\u017enych trysiek<\/li>\n<li>Mas\u00e1\u017eny pr\u00edstroj na nohy<\/li>\n<li>Dr\u017eiak na uter\u00e1k<\/li>\n<li>LED svetlo: 12 ks<\/li>\n<li>Stre\u0161n\u00e9 svetlo: 1 ks<\/li>\n<li>Sklenen\u00e9 police: 2 ks<\/li>\n<li>Ods\u00e1vac\u00ed ventil\u00e1tor 2 ks<\/li>\n<li>Reproduktor: 1 ks<\/li>\n<li>R\u00e1dio<\/li>\n<li>1 hlin\u00edkov\u00fdch panelov<\/li>\n<li>Ovl\u00e1dac\u00ed panel s FM r\u00e1diom<\/li>\n<li>Funkcia sauny<\/li>\n<li>Parn\u00fd gener\u00e1tor 2,8 kW<\/li>\n<\/ul>\n<p><strong>SPA va\u0148a:<\/strong><\/p>\n<ul>\n<li>V\u00fd\u0161ka sprchovej vani\u010dky: 52 cm (so strechou 220)<\/li>\n<li>Vodn\u00e9 trysky: \u00e1no \/ 2 mal\u00e9 \/ 4 ve\u013ek\u00e9<\/li>\n<li>Vodn\u00e9 \u010derpadlo 0,75 kW: \u00e1no<\/li>\n<li>Pneumatick\u00e9 tla\u010didlo aktivuj\u00face vodn\u00e9 \u010derpadlo: 1 ks<\/li>\n<li>Regul\u00e1tor prevzdu\u0161\u0148ovania<\/li>\n<li>Syst\u00e9m prevzdu\u0161\u0148ovania vodn\u00fdmi tryskami<\/li>\n<li>Vzduchov\u00e9 trysky: \u00e1no \/ 8 ks na dne vane<\/li>\n<li>Vzduchov\u00e9 \u010derpadlo 0,2 kW<\/li>\n<li>Pneumatick\u00e9 tla\u010didlo aktivuj\u00face vzduchov\u00e9 \u010derpadlo: 1 ks<\/li>\n<li>SPA svetlo: 1 ks<\/li>\n<li>Proti\u0161mykov\u00e1 spodn\u00e1 \u010das\u0165<\/li>\n<li>1 opierka hlavy<\/li>\n<li>V\u00fdtok<\/li>\n<li>V\u00fdstup pary<\/li>\n<\/ul>\n<p>Celkov\u00fd v\u00fdkon kab\u00edno-vane: 4,5 kW<\/p>\n<p><img fetchpriority=\"high\" decoding=\"async\" src=\"https:\/\/diamondspa.sk\/wp-content\/uploads\/2024\/03\/MSPA-8135-stvrtkruhova-hydromasazna-kabino-vana-135-x-135-x-220-cm-001.jpg\" width=\"1000\" height=\"1000\" alt=\"\"><\/p>\n<p><img decoding=\"async\" src=\"https:\/\/diamondspa.sk\/wp-content\/uploads\/2024\/03\/MSPA-8135-stvrtkruhova-hydromasazna-kabino-vana-135-x-135-x-220-cm-002.jpg\" width=\"1000\" height=\"1000\" alt=\"\"><\/p>\n<p><img decoding=\"async\" src=\"https:\/\/diamondspa.sk\/wp-content\/uploads\/2024\/03\/MSPA-8135-stvrtkruhova-hydromasazna-kabino-vana-135-x-135-x-220-cm-003.jpg\" width=\"1000\" height=\"1000\" alt=\"\"><\/p>\n<p><img loading=\"lazy\" decoding=\"async\" src=\"https:\/\/diamondspa.sk\/wp-content\/uploads\/2024\/03\/MSPA-8135-stvrtkruhova-hydromasazna-kabino-vana-135-x-135-x-220-cm-004.jpg\" width=\"1000\" height=\"1000\" alt=\"\"><\/p>\n<p><img loading=\"lazy\" decoding=\"async\" src=\"https:\/\/diamondspa.sk\/wp-content\/uploads\/2024\/03\/MSPA-8135-stvrtkruhova-hydromasazna-kabino-vana-135-x-135-x-220-cm-005.jpg\" width=\"1000\" height=\"1000\" alt=\"\"><\/p>\n<p><img loading=\"lazy\" decoding=\"async\" src=\"https:\/\/diamondspa.sk\/wp-content\/uploads\/2024\/03\/MSPA-8135-stvrtkruhova-hydromasazna-kabino-vana-135-x-135-x-220-cm-006.jpg\" width=\"1000\" height=\"1000\" alt=\"\"><\/p>\n<p><img decoding=\"async\" src=\"https:\/\/diamondspa.sk\/wp-content\/uploads\/2024\/03\/MSPA-8135-stvrtkruhova-hydromasazna-kabino-vana-135-x-135-x-220-cm-007.jpg\" alt=\"\"><\/p>\n<p><img loading=\"lazy\" decoding=\"async\" src=\"https:\/\/diamondspa.sk\/wp-content\/uploads\/2024\/03\/MSPA-8135-stvrtkruhova-hydromasazna-kabino-vana-135-x-135-x-220-cm-008.jpg\" width=\"1000\" height=\"1000\" alt=\"\"><\/p>\n<p><img loading=\"lazy\" decoding=\"async\" src=\"https:\/\/diamondspa.sk\/wp-content\/uploads\/2024\/03\/MSPA-8135-stvrtkruhova-hydromasazna-kabino-vana-135-x-135-x-220-cm-009.jpg\" width=\"1000\" height=\"1000\" alt=\"\"><\/p>\n<p><img loading=\"lazy\" decoding=\"async\" src=\"https:\/\/diamondspa.sk\/wp-content\/uploads\/2024\/03\/MSPA-8135-stvrtkruhova-hydromasazna-kabino-vana-135-x-135-x-220-cm-010.jpg\" width=\"1000\" height=\"1000\" alt=\"\"><\/p>\n<p><img loading=\"lazy\" decoding=\"async\" src=\"https:\/\/diamondspa.sk\/wp-content\/uploads\/2024\/03\/MSPA-8135-stvrtkruhova-hydromasazna-kabino-vana-135-x-135-x-220-cm-011.jpg\" width=\"1000\" height=\"751\" alt=\"\"><\/p>\n<p><img loading=\"lazy\" decoding=\"async\" src=\"https:\/\/diamondspa.sk\/wp-content\/uploads\/2024\/03\/MSPA-8135-stvrtkruhova-hydromasazna-kabino-vana-135-x-135-x-220-cm-012.jpg\" width=\"1000\" height=\"758\" alt=\"\"><\/p>\n<p><img loading=\"lazy\" decoding=\"async\" src=\"https:\/\/diamondspa.sk\/wp-content\/uploads\/2024\/03\/MSPA-8135-stvrtkruhova-hydromasazna-kabino-vana-135-x-135-x-220-cm-013.jpg\" width=\"1000\" height=\"751\" alt=\"\"><\/p>\n<p><img loading=\"lazy\" decoding=\"async\" src=\"https:\/\/diamondspa.sk\/wp-content\/uploads\/2024\/03\/MSPA-8135-stvrtkruhova-hydromasazna-kabino-vana-135-x-135-x-220-cm-014.jpg\" width=\"1000\" height=\"751\" alt=\"\"><\/p>\n","protected":false},"excerpt":{"rendered":"<p>Popis Sprchov\u00e9 vani\u010dky sp\u00e1jaj\u00fa funkcie sprchovacieho k\u00fata a v\u00edrivej vane. Va\u0148a m\u00e1 vodn\u00e9 \u010derpadlo, vzduchov\u00e9 \u010derpadlo a podvodn\u00e9 osvetlenie. Kab\u00edna obsahuje v\u0161etky funkcie da\u017e\u010fovej sprchy, ru\u010dnej sprchy, poli\u010dky na kozmetiku a trysku na mas\u00e1\u017e chrbta. Kab\u00edna bola vybaven\u00e1 aj gener\u00e1torom pary umiestnen\u00fdm v zadnej \u010dasti, pri\u010dom v\u00fdstup pary bol zabudovan\u00fd vo vani. POPIS PRODUKTU: Materi\u00e1l: [&hellip;]<\/p>\n","protected":false},"featured_media":16907,"comment_status":"closed","ping_status":"open","template":"","meta":[],"product_brand":[2536],"product_cat":[891,626],"product_tag":[],"class_list":{"0":"post-16906","1":"product","2":"type-product","3":"status-publish","4":"has-post-thumbnail","6":"product_brand-m-spa","7":"product_cat-parne-sauny","8":"product_cat-sauny-sk","9":"pa_napajanie-220-240v-50hz","10":"pa_pocet-miest-622","11":"pa_sirka-135-cm","12":"pa_vykon-4500-w","13":"pa_vyrobca-m-spa","14":"pa_vyska-220-cm","15":"pa_zaruka-2-roky","17":"first","18":"instock","19":"sale","20":"taxable","21":"shipping-taxable","22":"purchasable","23":"product-type-simple"},"_links":{"self":[{"href":"https:\/\/diamondspa.sk\/sk\/wp-json\/wp\/v2\/product\/16906","targetHints":{"allow":["GET"]}}],"collection":[{"href":"https:\/\/diamondspa.sk\/sk\/wp-json\/wp\/v2\/product"}],"about":[{"href":"https:\/\/diamondspa.sk\/sk\/wp-json\/wp\/v2\/types\/product"}],"replies":[{"embeddable":true,"href":"https:\/\/diamondspa.sk\/sk\/wp-json\/wp\/v2\/comments?post=16906"}],"wp:featuredmedia":[{"embeddable":true,"href":"https:\/\/diamondspa.sk\/sk\/wp-json\/wp\/v2\/media\/16907"}],"wp:attachment":[{"href":"https:\/\/diamondspa.sk\/sk\/wp-json\/wp\/v2\/media?parent=16906"}],"wp:term":[{"taxonomy":"product_brand","embeddable":true,"href":"https:\/\/diamondspa.sk\/sk\/wp-json\/wp\/v2\/product_brand?post=16906"},{"taxonomy":"product_cat","embeddable":true,"href":"https:\/\/diamondspa.sk\/sk\/wp-json\/wp\/v2\/product_cat?post=16906"},{"taxonomy":"product_tag","embeddable":true,"href":"https:\/\/diamondspa.sk\/sk\/wp-json\/wp\/v2\/product_tag?post=16906"}],"curies":[{"name":"wp","href":"https:\/\/api.w.org\/{rel}","templated":true}]}}