{"id":17035,"date":"2024-03-10T02:09:11","date_gmt":"2024-03-10T01:09:11","guid":{"rendered":"https:\/\/diamondspa.sk\/product\/m-spa-parna-sauna-lava-pre-3-osoby-118-x-195-x-210-cm\/"},"modified":"2025-08-15T08:36:37","modified_gmt":"2025-08-15T06:36:37","slug":"m-spa-parna-sauna-lava-pre-3-osoby-118-x-195-x-210-cm","status":"publish","type":"product","link":"https:\/\/diamondspa.sk\/sk\/produkt\/m-spa-parna-sauna-lava-pre-3-osoby-118-x-195-x-210-cm\/","title":{"rendered":"M-SPA &#8211; Parn\u00e1 sauna \u013eav\u00e1 pre 3 osoby 118 x 195 x 210 cm"},"content":{"rendered":"<h3>M-SPA &#8211; Parn\u00e1 sauna \u013eav\u00e1 118 x 195 x 210 cm<\/h3>\n<h4>POPIS PRODUKTU:<\/h4>\n<ul>\n<li>Typ: parn\u00e1 sauna<\/li>\n<li>Verzia: \u013eav\u00e1<\/li>\n<li>Materi\u00e1l: Sedadl\u00e1 s\u00fa vyroben\u00e9 z akrylu<\/li>\n<li>V\u00fdkon parn\u00e9ho gener\u00e1tora: 5000 W<\/li>\n<li>Tvrden\u00e9 skl\u00e1 ve\u013emi hrub\u00e9 8 mm (\u0161tandardne 5 mm)<\/li>\n<li>Robustn\u00e9 p\u00e1nty<\/li>\n<li>Dlh\u00e1 rukov\u00e4\u0165<\/li>\n<li>Presklen\u00e1 predn\u00e1 \u010das\u0165 a jedna strana<\/li>\n<li>Rozsah stup\u0148ov: 30-60 stup\u0148ov C.<\/li>\n<li>\u010cas zahrievania: ~~ 20 min\u00fat<\/li>\n<li>LED vn\u00fatorn\u00e9 osvetlenie 7 farieb (farebn\u00e1 terapia)<\/li>\n<li>Vn\u00fatorn\u00e9 osvetlenie sauny<\/li>\n<li>Reproduktory<\/li>\n<li>R\u00e1dio \/ USB<\/li>\n<li>Ovl\u00e1dac\u00ed panel<\/li>\n<\/ul>\n<p><strong>V\u00fdhody pou\u017e\u00edvania sauny:<\/strong><\/p>\n<ul>\n<li>spala kal\u00f3rie<\/li>\n<li>m\u00f4\u017ee sp\u00e1li\u0165 a\u017e 600 kal\u00f3ri\u00ed v saune (30 min\u00fat)<\/li>\n<li>zvy\u0161uje krvn\u00fd obeh a posil\u0148uje kardiovaskul\u00e1rny syst\u00e9m<\/li>\n<li>zmier\u0148uje boles\u0165<\/li>\n<li>zmier\u0148uje boles\u0165 a stuhnutos\u0165 k\u013abov<\/li>\n<li>redukuje celulit\u00eddu<\/li>\n<li>odstra\u0148uje tox\u00edny a miner\u00e1lne odpady<\/li>\n<li>zlep\u0161uje n\u00e1ladu<\/li>\n<li>podporuje imunitn\u00fd syst\u00e9m<\/li>\n<li>zni\u017euje stres a \u00fanavu<\/li>\n<\/ul>\n","protected":false},"excerpt":{"rendered":"<p>M-SPA &#8211; Parn\u00e1 sauna \u013eav\u00e1 118 x 195 x 210 cm POPIS PRODUKTU: Typ: parn\u00e1 sauna Verzia: \u013eav\u00e1 Materi\u00e1l: Sedadl\u00e1 s\u00fa vyroben\u00e9 z akrylu V\u00fdkon parn\u00e9ho gener\u00e1tora: 5000 W Tvrden\u00e9 skl\u00e1 ve\u013emi hrub\u00e9 8 mm (\u0161tandardne 5 mm) Robustn\u00e9 p\u00e1nty Dlh\u00e1 rukov\u00e4\u0165 Presklen\u00e1 predn\u00e1 \u010das\u0165 a jedna strana Rozsah stup\u0148ov: 30-60 stup\u0148ov C. \u010cas zahrievania: [&hellip;]<\/p>\n","protected":false},"featured_media":17036,"comment_status":"closed","ping_status":"open","template":"","meta":[],"product_brand":[2536],"product_cat":[891,626],"product_tag":[],"class_list":{"0":"post-17035","1":"product","2":"type-product","3":"status-publish","4":"has-post-thumbnail","6":"product_brand-m-spa","7":"product_cat-parne-sauny","8":"product_cat-sauny-sk","9":"pa_napajanie-220-240-v-50-hz","10":"pa_pocet-miest-420","11":"pa_sirka-118-cm","12":"pa_vyrobca-m-spa","13":"pa_vyska-210-cm","14":"pa_zaruka-2-roky","16":"first","17":"instock","18":"sale","19":"taxable","20":"shipping-taxable","21":"purchasable","22":"product-type-simple"},"_links":{"self":[{"href":"https:\/\/diamondspa.sk\/sk\/wp-json\/wp\/v2\/product\/17035","targetHints":{"allow":["GET"]}}],"collection":[{"href":"https:\/\/diamondspa.sk\/sk\/wp-json\/wp\/v2\/product"}],"about":[{"href":"https:\/\/diamondspa.sk\/sk\/wp-json\/wp\/v2\/types\/product"}],"replies":[{"embeddable":true,"href":"https:\/\/diamondspa.sk\/sk\/wp-json\/wp\/v2\/comments?post=17035"}],"wp:featuredmedia":[{"embeddable":true,"href":"https:\/\/diamondspa.sk\/sk\/wp-json\/wp\/v2\/media\/17036"}],"wp:attachment":[{"href":"https:\/\/diamondspa.sk\/sk\/wp-json\/wp\/v2\/media?parent=17035"}],"wp:term":[{"taxonomy":"product_brand","embeddable":true,"href":"https:\/\/diamondspa.sk\/sk\/wp-json\/wp\/v2\/product_brand?post=17035"},{"taxonomy":"product_cat","embeddable":true,"href":"https:\/\/diamondspa.sk\/sk\/wp-json\/wp\/v2\/product_cat?post=17035"},{"taxonomy":"product_tag","embeddable":true,"href":"https:\/\/diamondspa.sk\/sk\/wp-json\/wp\/v2\/product_tag?post=17035"}],"curies":[{"name":"wp","href":"https:\/\/api.w.org\/{rel}","templated":true}]}}