{"id":17067,"date":"2024-03-10T02:09:11","date_gmt":"2024-03-10T01:09:11","guid":{"rendered":"https:\/\/diamondspa.sk\/product\/m-spa-biela-infrasauna-121-x-106-x-192-cm-23-kw\/"},"modified":"2025-08-15T08:36:36","modified_gmt":"2025-08-15T06:36:36","slug":"m-spa-biela-infrasauna-121-x-106-x-192-cm-23-kw","status":"publish","type":"product","link":"https:\/\/diamondspa.sk\/sk\/produkt\/m-spa-biela-infrasauna-121-x-106-x-192-cm-23-kw\/","title":{"rendered":"M-SPA &#8211; Biela infrasauna 121 x 106 x 192 cm 2,3 kW"},"content":{"rendered":"<h4><strong>POPIS PRODUKTU:<\/strong><\/h4>\n<ul>\n<li>Typ: infrasauna<\/li>\n<li>Vykurovac\u00ed materi\u00e1l: kremenn\u00e9 vykurovacie trubice<\/li>\n<li>Po\u010det ohrieva\u010dov: 5 ks.<\/li>\n<li>Rozsah stup\u0148ov: 30-60 stup\u0148ov C.<\/li>\n<li>\u010cas zahrievania: ~~ 20 min\u00fat<\/li>\n<li>Ioniz\u00e1tor<\/li>\n<li>Svetlo<\/li>\n<li>Pevn\u00e9 oce\u013eov\u00e9 p\u00e1nty<\/li>\n<li>Farebn\u00e1 terapia<\/li>\n<li>R\u00e1dio<\/li>\n<li>Ovl\u00e1dac\u00ed panel<\/li>\n<\/ul>\n<h4>V\u00fdhody pou\u017e\u00edvania sauny:<\/h4>\n<ul>\n<li>spa\u013euje kal\u00f3rie<\/li>\n<li>m\u00f4\u017ee sp\u00e1li\u0165 a\u017e 600 kal\u00f3ri\u00ed v saune (30 min\u00fat)<\/li>\n<li>zvy\u0161uje krvn\u00fd obeh a posil\u0148uje kardiovaskul\u00e1rny syst\u00e9m<\/li>\n<li>zmier\u0148uje boles\u0165<\/li>\n<li>zmier\u0148uje boles\u0165 a stuhnutos\u0165 k\u013abov<\/li>\n<li>redukuje celulit\u00eddu<\/li>\n<li>odstra\u0148uje tox\u00edny a miner\u00e1lne odpady<\/li>\n<li>zlep\u0161uje n\u00e1ladu<\/li>\n<li>podporuje imunitn\u00fd syst\u00e9m<\/li>\n<li>zni\u017euje stres a \u00fanavu<\/li>\n<\/ul>\n","protected":false},"excerpt":{"rendered":"<p>POPIS PRODUKTU: Typ: infrasauna Vykurovac\u00ed materi\u00e1l: kremenn\u00e9 vykurovacie trubice Po\u010det ohrieva\u010dov: 5 ks. Rozsah stup\u0148ov: 30-60 stup\u0148ov C. \u010cas zahrievania: ~~ 20 min\u00fat Ioniz\u00e1tor Svetlo Pevn\u00e9 oce\u013eov\u00e9 p\u00e1nty Farebn\u00e1 terapia R\u00e1dio Ovl\u00e1dac\u00ed panel V\u00fdhody pou\u017e\u00edvania sauny: spa\u013euje kal\u00f3rie m\u00f4\u017ee sp\u00e1li\u0165 a\u017e 600 kal\u00f3ri\u00ed v saune (30 min\u00fat) zvy\u0161uje krvn\u00fd obeh a posil\u0148uje kardiovaskul\u00e1rny syst\u00e9m zmier\u0148uje [&hellip;]<\/p>\n","protected":false},"featured_media":17068,"comment_status":"closed","ping_status":"open","template":"","meta":[],"product_brand":[2536],"product_cat":[753,626],"product_tag":[],"class_list":{"0":"post-17067","1":"product","2":"type-product","3":"status-publish","4":"has-post-thumbnail","6":"product_brand-m-spa","7":"product_cat-infrasauny-sk","8":"product_cat-sauny-sk","9":"pa_material-kanadska-borovica","10":"pa_napajanie-220-240-v-50-hz","11":"pa_pocet-miest-166","12":"pa_sirka-106-cm","13":"pa_umiestnenie-interier","14":"pa_vykon-2300-w","15":"pa_vyrobca-m-spa","16":"pa_vyska-192-cm","17":"pa_zaruka-2-roky","19":"first","20":"instock","21":"sale","22":"taxable","23":"shipping-taxable","24":"purchasable","25":"product-type-simple"},"_links":{"self":[{"href":"https:\/\/diamondspa.sk\/sk\/wp-json\/wp\/v2\/product\/17067","targetHints":{"allow":["GET"]}}],"collection":[{"href":"https:\/\/diamondspa.sk\/sk\/wp-json\/wp\/v2\/product"}],"about":[{"href":"https:\/\/diamondspa.sk\/sk\/wp-json\/wp\/v2\/types\/product"}],"replies":[{"embeddable":true,"href":"https:\/\/diamondspa.sk\/sk\/wp-json\/wp\/v2\/comments?post=17067"}],"wp:featuredmedia":[{"embeddable":true,"href":"https:\/\/diamondspa.sk\/sk\/wp-json\/wp\/v2\/media\/17068"}],"wp:attachment":[{"href":"https:\/\/diamondspa.sk\/sk\/wp-json\/wp\/v2\/media?parent=17067"}],"wp:term":[{"taxonomy":"product_brand","embeddable":true,"href":"https:\/\/diamondspa.sk\/sk\/wp-json\/wp\/v2\/product_brand?post=17067"},{"taxonomy":"product_cat","embeddable":true,"href":"https:\/\/diamondspa.sk\/sk\/wp-json\/wp\/v2\/product_cat?post=17067"},{"taxonomy":"product_tag","embeddable":true,"href":"https:\/\/diamondspa.sk\/sk\/wp-json\/wp\/v2\/product_tag?post=17067"}],"curies":[{"name":"wp","href":"https:\/\/api.w.org\/{rel}","templated":true}]}}