{"id":17078,"date":"2024-03-10T02:09:11","date_gmt":"2024-03-10T01:09:11","guid":{"rendered":"https:\/\/diamondspa.sk\/product\/m-spa-cierna-sprchova-kabina-s-hydromasazou-a-parnou-saunou-120-x-80-x-217-cm\/"},"modified":"2025-08-15T08:36:36","modified_gmt":"2025-08-15T06:36:36","slug":"m-spa-cierna-sprchova-kabina-s-hydromasazou-a-parnou-saunou-120-x-80-x-217-cm","status":"publish","type":"product","link":"https:\/\/diamondspa.sk\/sk\/produkt\/m-spa-cierna-sprchova-kabina-s-hydromasazou-a-parnou-saunou-120-x-80-x-217-cm\/","title":{"rendered":"M-SPA &#8211; \u010cierna sprchov\u00e1 kab\u00edna s hydromas\u00e1\u017eou a parnou saunou 120 x 80 x 217 cm"},"content":{"rendered":"<p>Sprchov\u00e9 kab\u00edny s\u00e9rie <strong>Amsterdam <\/strong>s\u00fa vyroben\u00e9 z vysoko kvalitn\u00fdch materi\u00e1lov. Sprchov\u00e1 vani\u010dka a strop s\u00fa z miner\u00e1lneho mramoru.\u00a0Pre v\u00e4\u010d\u0161\u00ed lesk bol pou\u017eit\u00fd siln\u00fd g\u00e9lov\u00fd povlak.\u00a0Kab\u00edny boli navrhnut\u00e9 tak, aby sa dali zlo\u017ei\u0165 bez pou\u017eitia silik\u00f3nu.\u00a0T\u00e1to jedine\u010dn\u00e1 vlastnos\u0165 je mo\u017en\u00e1 v\u010faka dr\u00e1\u017ekam vo vani\u010dke a v strope.\u00a0Sklenen\u00e9 steny kab\u00edny, hlin\u00edkov\u00e1 konzola, baz\u00e9nik a strop do seba dokonale zapadaj\u00fa a vytv\u00e1raj\u00fa kompaktn\u00e9 uzavret\u00e9 telo, ktor\u00e9 nevy\u017eaduje pripevnenie k stene alebo podlahe. Minim\u00e1lna hr\u00fabka miner\u00e1lneho mramoru a sklenen\u00e9 steny vytv\u00e1raj\u00fa ve\u013ek\u00fd vn\u00fatorn\u00fd priestor.\u00a0Sprchov\u00e1 vani\u010dka sa \u013eahko vyrovn\u00e1va v\u010faka nain\u0161talovan\u00fdm no\u017ei\u010dk\u00e1m pod \u0148ou.\u00a0Nastavite\u013en\u00e9 nohy s\u00fa vyroben\u00e9 z nehrdzavej\u00facej ocele.\u00a0Ak je potrebn\u00fd pr\u00edstup k sif\u00f3nu alebo dnu kab\u00edny, jednoducho odstr\u00e1\u0148te hlin\u00edkov\u00fd kryt.<\/p>\n<p><img fetchpriority=\"high\" decoding=\"async\" src=\"https:\/\/diamondspa.sk\/wp-content\/uploads\/2024\/03\/AR-L-Bca.jpg\" width=\"669\" height=\"669\"><\/p>\n<p>Miner\u00e1lny mramor je materi\u00e1l vyr\u00e1ban\u00fd v 95-97% z pr\u00edrodn\u00e9ho kame\u0148a, teda z mramoru, \u017euly, kremenca, pri\u010dom v 3-5% s\u00fa ako spojivo pou\u017eit\u00e9 epoxidov\u00e9 \u017eivice zais\u0165uj\u00face ve\u013emi vysok\u00fa pevnos\u0165 v tlaku, n\u00edzku nasiakavos\u0165 a odolnos\u0165 proti oderu a n\u00edzke aj n\u00edzke a vysok\u00e9 teploty.<\/p>\n<h3>Dotykov\u00fd ovl\u00e1dac\u00ed panel<\/h3>\n<p>je intuit\u00edvny a \u013eahko sa pou\u017e\u00edva. M\u00e1 dotykov\u00e9 tla\u010didl\u00e1 a mno\u017estvo u\u017eito\u010dn\u00fdch funkci\u00ed.\u00a0M\u00f4\u017eete meni\u0165 intenzitu svetla (3 stupne) a jeho farbu (7 druhov).\u00a0R\u00e1dio je nain\u0161talovan\u00e9 s automatick\u00fdm laden\u00edm alebo je mo\u017en\u00e9 manu\u00e1lne vyh\u013ead\u00e1va\u0165 rozhlasov\u00e9 stanice. Ak nechcete po\u010d\u00fava\u0165 r\u00e1dio, m\u00f4\u017eete sa pripoji\u0165 ku kab\u00edne cez Bluetooth, ktor\u00fd je vstavan\u00fd a prehr\u00e1va\u0165 hudbu z n\u00e1\u0161ho ob\u013e\u00faben\u00e9ho zoznamu skladieb z telef\u00f3nu. Panel m\u00e1 aj funkciu na spustenie parn\u00e9ho gener\u00e1tora a ventil\u00e1tora.\u00a0Pomocou teplotn\u00e9ho senzora je mo\u017en\u00e9 na paneli zobrazi\u0165 aktu\u00e1lnu teplotu v kab\u00edne.\u00a0Parn\u00fd gener\u00e1tor je mo\u017en\u00e9 nastavi\u0165 na dobu jeho prev\u00e1dzky a dokonca aj na ak\u00fa teplotu vyhrieva kab\u00ednu.<\/p>\n<h3>Hlin\u00edkov\u00e1 konzola<\/h3>\n<p>Hlin\u00edkov\u00e1 konzola m\u00e1 pochr\u00f3movan\u00e9 mosadzn\u00e9 ventily a dotykov\u00fd ovl\u00e1dac\u00ed panel.\u00a0Panel poskytuje jednoduch\u00fd a r\u00fdchly sp\u00f4sob ovl\u00e1dania v\u0161etk\u00fdch funkci\u00ed kab\u00edny.<\/p>\n<h3>Sprchov\u00fd d\u00e1\u017e\u010f<\/h3>\n<p>Sprchov\u00e1 hlavica je vyroben\u00e1 z pochr\u00f3movanej mosadze a jej ve\u013ek\u00e9 rozmery (priemer 20 cm) zais\u0165uj\u00fa pr\u00edjemn\u00fd z\u00e1\u017eitok z pou\u017e\u00edvania.\u00a0M\u00e1 gumen\u00e9 trysky, ktor\u00e9 zjednodu\u0161uj\u00fa \u010distenie sprchy.<\/p>\n<h3>Ru\u010dn\u00e1 sprcha<\/h3>\n<p>S\u00fa\u010das\u0165ou sprchovacieho k\u00fata je aj luxusn\u00e1 ru\u010dn\u00e1 sprcha.\u00a0Tubus aj dr\u017eiak na sl\u00fachadl\u00e1 s\u00fa vyroben\u00e9 z kvalitn\u00fdch materi\u00e1lov.\u00a0M\u00e1 \u0161tyri r\u00f4zne typy n\u00e1streku.\u00a0Ka\u017ed\u00e1 sprcha d\u00e1va in\u00fd pocit zo sprchovania.\u00a0V\u0161etci \u010dlenovia rodiny m\u00f4\u017eu vyu\u017e\u00edva\u0165 r\u00f4zne funkcie sprchovania a u\u017e\u00edva\u0165 si pr\u00edjemn\u00e9 chv\u00edle v sprche.<\/p>\n<h3>Bat\u00e9ria s termostatom<\/h3>\n<p><img loading=\"lazy\" decoding=\"async\" loading=\"lazy\" class=\"size-full wp-image-5134 aligncenter\" src=\"https:\/\/diamondspa.sk\/wp-content\/uploads\/2024\/03\/5-1-1.jpg\" alt=\"\" width=\"632\" height=\"652\" srcset=\"https:\/\/diamondspa.sk\/wp-content\/uploads\/2024\/03\/5-1-1.jpg 969w, https:\/\/diamondspa.sk\/wp-content\/uploads\/2024\/03\/5-1-1.jpg 600w, https:\/\/diamondspa.sk\/wp-content\/uploads\/2024\/03\/5-1-1-291x300.jpg 291w, https:\/\/diamondspa.sk\/wp-content\/uploads\/2024\/03\/5-1-1-768x793.jpg 768w\" sizes=\"auto, (max-width: 969px) 100vw, 969px\"><\/p>\n<p>V kab\u00ednach s\u00fa kvalitn\u00e9 mosadzn\u00e9 pochr\u00f3movan\u00e9 bat\u00e9rie. Tvar dokonale lad\u00ed s dizajnom hlin\u00edkovej konzoly. Bat\u00e9ria m\u00e1 tri gomb\u00edky, prv\u00fd je termostatick\u00fd (minim\u00e1lna teplota 30\u00b0C), druh\u00fd reguluje prietok tlaku vody, tret\u00ed sl\u00fa\u017ei na zmenu miesta prietoku vody. Bat\u00e9ria sp\u013a\u0148a normy EN1111.<\/p>\n<p>Bat\u00e9ria bola navrhnut\u00e1 tak, aby poskytovala vynikaj\u00facu kvalitu a v\u00fdkon po dlh\u00fa dobu.\u00a0Ak by bola potrebn\u00e1 \u00fadr\u017eba, d\u00e1 sa to jednoducho dosiahnu\u0165 potiahnut\u00edm gomb\u00edkov na prednej strane.\u00a0Vn\u00fatorn\u00e9 \u010dasti bat\u00e9rie s\u00fa najvy\u0161\u0161ej kvality.\u00a0Termostatick\u00e1 kartu\u0161a je vyroben\u00e1 spolo\u010dnos\u0165ou Vemet.\u00a0Vemet je zn\u00e1my v sanit\u00e1rnom priemysle pre svoje vysokokvalitn\u00e9 diely.\u00a0Tip: Odpor\u00fa\u010da sa nastavi\u0165 termostat od najchladnej\u0161ieho po najteplej\u0161\u00ed raz za mesiac po\u010das pou\u017e\u00edvania, aby sa pred\u013a\u017eila \u017eivotnos\u0165 termostatu.<\/p>\n<h3>Trysky<\/h3>\n<p>Trysky s\u00fa vyroben\u00e9 z chr\u00f3movanej mosadze.\u00a0Kab\u00edna m\u00e1 \u0161tyri hydromas\u00e1\u017ene trysky, ktor\u00e9 mas\u00edruj\u00fa bedr\u00e1.\u00a0Po dlhom pracovnom dni m\u00f4\u017ee mas\u00e1\u017e upokoji\u0165 v\u00e1\u0161 bo\u013eav\u00fd chrb\u00e1t z dlh\u00e9ho sedenia, zoh\u00fdbania sa \u010di st\u00e1tia.\u00a0Trysky sa \u013eahko \u010distia.<\/p>\n<h3>Rolky<\/h3>\n<p>V\u0161etky val\u010deky in\u0161talovan\u00e9 v sprchovom k\u00fate s\u00fa vyroben\u00e9 z chr\u00f3movanej mosadze.\u00a0Zabezpe\u010duj\u00fa ve\u013emi dlh\u00fa \u017eivotnos\u0165 a ve\u013emi dobr\u00fa kvalitu.\u00a0V\u010faka val\u010deku sa dvere kab\u00edny k\u013a\u017eu hladko a bez zaseknutia.\u00a0Na koncoch ko\u013eajni\u010diek je brzda, ktor\u00e1 zabezpe\u010d\u00ed automatick\u00e9 pos\u00favanie dver\u00ed.<\/p>\n<p><img loading=\"lazy\" decoding=\"async\" loading=\"lazy\" class=\"size-full wp-image-5189 aligncenter\" src=\"https:\/\/diamondspa.sk\/wp-content\/uploads\/2024\/03\/3-1-1.jpg\" alt=\"\" width=\"710\" height=\"259\" srcset=\"https:\/\/diamondspa.sk\/wp-content\/uploads\/2024\/03\/3-1-1.jpg 1000w, https:\/\/diamondspa.sk\/wp-content\/uploads\/2024\/03\/3-1-1.jpg 600w, https:\/\/diamondspa.sk\/wp-content\/uploads\/2024\/03\/3-1-1-300x110.jpg 300w, https:\/\/diamondspa.sk\/wp-content\/uploads\/2024\/03\/3-1-1-768x280.jpg 768w\" sizes=\"auto, (max-width: 1000px) 100vw, 1000px\"><\/p>\n<h3>Osvetlenie<\/h3>\n<p><img loading=\"lazy\" decoding=\"async\" loading=\"lazy\" class=\"size-full wp-image-5132 aligncenter\" src=\"https:\/\/diamondspa.sk\/wp-content\/uploads\/2024\/03\/3-2.jpg\" alt=\"\" width=\"707\" height=\"590\" srcset=\"https:\/\/diamondspa.sk\/wp-content\/uploads\/2024\/03\/3-2.jpg 1000w, https:\/\/diamondspa.sk\/wp-content\/uploads\/2024\/03\/3-2.jpg 600w, https:\/\/diamondspa.sk\/wp-content\/uploads\/2024\/03\/3-2-300x251.jpg 300w, https:\/\/diamondspa.sk\/wp-content\/uploads\/2024\/03\/3-2-768x641.jpg 768w\" sizes=\"auto, (max-width: 1000px) 100vw, 1000px\"><\/p>\n<p>Parn\u00e9 sprchy s\u00fa vybaven\u00e9 LED osvetlen\u00edm umiestnen\u00fdm v strope.\u00a0M\u00e1 sedem r\u00f4znych farieb: \u010derven\u00fa, zelen\u00fa, modr\u00fa, fialov\u00fa, bielu, indigov\u00fa a fialov\u00fa.\u00a0Rovnako ako trojstup\u0148ov\u00fd stupe\u0148 intenzity svetla a pomaly sa meniace farby z jednej farby na druh\u00fa.<\/p>\n<h3>Hmlov\u00e1 sprcha<\/h3>\n<p>Hmlov\u00e1 sprcha je inovat\u00edvny syst\u00e9m rozpra\u0161ovania, ktor\u00fd zni\u017euje spotrebu vody a\u017e o 70 %, no z\u00e1rove\u0148 poskytuje nov\u00fd z\u00e1\u017eitok z k\u00fapania.\u00a0\u013dudia, ktor\u00ed sa sprchuj\u00fa, prirovn\u00e1vaj\u00fa tento z\u00e1\u017eitok k pobytu v teplom oblaku.\u00a0Po vstupe do kab\u00edny v\u00e1s obklop\u00ed hmla, ktor\u00e1 na n\u00e1s ako tradi\u010dn\u00fd pr\u00fad vody nenech\u00e1 nitku such\u00fa. V sprche sa budete c\u00edti\u0165 ako v parnom k\u00fapeli, s t\u00fdm rozdielom, \u017ee para z\u00e1rove\u0148 \u010dist\u00ed telo a dok\u00e1\u017ee zmy\u0165 aj kondicion\u00e9r z vlasov. Sprch\u00e1\u010d p\u00f4sob\u00ed ako atomiz\u00e9r zn\u00e1my z obalov parfumov \u2013 rozb\u00edja vodu na drobn\u00e9 \u010diasto\u010dky, \u201eprevzdu\u0161\u0148uje\u201c ju, \u010d\u00edm zv\u00e4\u010d\u0161uje jej objem.\u00a0V d\u00f4sledku toho pou\u017e\u00edvame menej vody a hmla dokonale hydratuje poko\u017eku.\u00a0V porovnan\u00ed s be\u017enou sprchou hmla rozpra\u0161uje kvapky s 10-kr\u00e1t v\u00e4\u010d\u0161ou silou.<\/p>\n<h3>Popis produktu<\/h3>\n<p>Produkt najvy\u0161\u0161ej kvality<\/p>\n<p>KAB\u00cdNA BEZ SILIK\u00d3NU (in\u0161talovan\u00e1 bez pou\u017eitia silik\u00f3nu)<\/p>\n<p><strong>FUNKCIE:<\/strong><\/p>\n<ul>\n<li>1 &#8211; hydromas\u00e1\u017e<\/li>\n<li>2 &#8211; parn\u00e1 sauna<\/li>\n<li>3 &#8211; kromoterapia<\/li>\n<li>4 &#8211; aromaterapia<\/li>\n<li>5 &#8211; muzikoterapia<\/li>\n<\/ul>\n<p><strong>POPIS PRODUKTU:<\/strong><\/p>\n<ul>\n<li>Detsk\u00fd baz\u00e9n + strecha kab\u00ednky: kame\u0148<\/li>\n<li>Sprchov\u00e1 bat\u00e9ria: 1 ks.<\/li>\n<li>5 mm hrub\u00e9 tvrden\u00e9 sklo<\/li>\n<li>Multifunk\u010dn\u00e1 pevn\u00e1 ru\u010dn\u00e1 sprcha: 1 ks.<\/li>\n<li>Nastavenie v\u00fd\u0161ky sprchovej hlavice: \u00e1no<\/li>\n<li>Da\u017e\u010fov\u00e1 sprcha: \u00e1no<\/li>\n<li>Hlin\u00edkov\u00fd panel: \u00e1no<\/li>\n<li>4 mas\u00e1\u017ene trysky<\/li>\n<li>LED svetlo: \u00e1no<\/li>\n<li>Sklenen\u00e9 police: 1 ks.<\/li>\n<li>Ods\u00e1vac\u00ed ventil\u00e1tor 1 ks<\/li>\n<li>Posuvn\u00e9 dvere<\/li>\n<li>Ovl\u00e1dac\u00ed panel Bluetooth: \u00e1no<\/li>\n<li>Reproduktor: 1 ks<\/li>\n<li>Vyp\u00fa\u0161\u0165acia z\u00e1tka: \u00e1no<\/li>\n<li>Sif\u00f3n: \u00e1no<\/li>\n<\/ul>\n","protected":false},"excerpt":{"rendered":"<p>Sprchov\u00e9 kab\u00edny s\u00e9rie Amsterdam s\u00fa vyroben\u00e9 z vysoko kvalitn\u00fdch materi\u00e1lov. Sprchov\u00e1 vani\u010dka a strop s\u00fa z miner\u00e1lneho mramoru.\u00a0Pre v\u00e4\u010d\u0161\u00ed lesk bol pou\u017eit\u00fd siln\u00fd g\u00e9lov\u00fd povlak.\u00a0Kab\u00edny boli navrhnut\u00e9 tak, aby sa dali zlo\u017ei\u0165 bez pou\u017eitia silik\u00f3nu.\u00a0T\u00e1to jedine\u010dn\u00e1 vlastnos\u0165 je mo\u017en\u00e1 v\u010faka dr\u00e1\u017ekam vo vani\u010dke a v strope.\u00a0Sklenen\u00e9 steny kab\u00edny, hlin\u00edkov\u00e1 konzola, baz\u00e9nik a strop do seba [&hellip;]<\/p>\n","protected":false},"featured_media":17079,"comment_status":"closed","ping_status":"open","template":"","meta":[],"product_brand":[2536],"product_cat":[626],"product_tag":[],"class_list":{"0":"post-17078","1":"product","2":"type-product","3":"status-publish","4":"has-post-thumbnail","6":"product_brand-m-spa","7":"product_cat-sauny-sk","8":"pa_napajanie-220-v","9":"pa_pocet-miest-622","10":"pa_sirka-80-cm","11":"pa_vyrobca-m-spa","12":"pa_vyska-217-cm","13":"pa_zaruka-2-roky","15":"first","16":"instock","17":"taxable","18":"shipping-taxable","19":"purchasable","20":"product-type-simple"},"_links":{"self":[{"href":"https:\/\/diamondspa.sk\/sk\/wp-json\/wp\/v2\/product\/17078","targetHints":{"allow":["GET"]}}],"collection":[{"href":"https:\/\/diamondspa.sk\/sk\/wp-json\/wp\/v2\/product"}],"about":[{"href":"https:\/\/diamondspa.sk\/sk\/wp-json\/wp\/v2\/types\/product"}],"replies":[{"embeddable":true,"href":"https:\/\/diamondspa.sk\/sk\/wp-json\/wp\/v2\/comments?post=17078"}],"wp:featuredmedia":[{"embeddable":true,"href":"https:\/\/diamondspa.sk\/sk\/wp-json\/wp\/v2\/media\/17079"}],"wp:attachment":[{"href":"https:\/\/diamondspa.sk\/sk\/wp-json\/wp\/v2\/media?parent=17078"}],"wp:term":[{"taxonomy":"product_brand","embeddable":true,"href":"https:\/\/diamondspa.sk\/sk\/wp-json\/wp\/v2\/product_brand?post=17078"},{"taxonomy":"product_cat","embeddable":true,"href":"https:\/\/diamondspa.sk\/sk\/wp-json\/wp\/v2\/product_cat?post=17078"},{"taxonomy":"product_tag","embeddable":true,"href":"https:\/\/diamondspa.sk\/sk\/wp-json\/wp\/v2\/product_tag?post=17078"}],"curies":[{"name":"wp","href":"https:\/\/api.w.org\/{rel}","templated":true}]}}