{"id":19306,"date":"2024-03-10T03:34:35","date_gmt":"2024-03-10T02:34:35","guid":{"rendered":"https:\/\/diamondspa.sk\/product\/m-spa-kupelnova-vana-prava-s-hydromasazou-0024-pre-1-osobu-169-x-90-x-56-cm\/"},"modified":"2025-09-05T10:46:39","modified_gmt":"2025-09-05T08:46:39","slug":"m-spa-kupelnova-vana-prava-s-hydromasazou-0024-pre-1-osobu-169-x-90-x-56-cm","status":"publish","type":"product","link":"https:\/\/diamondspa.sk\/sk\/produkt\/m-spa-kupelnova-vana-prava-s-hydromasazou-0024-pre-1-osobu-169-x-90-x-56-cm\/","title":{"rendered":"M-SPA &#8211; K\u00fape\u013e\u0148ov\u00e1 va\u0148a prav\u00e1 s hydromas\u00e1\u017eou 0024 pre 1 osobu 169 x 90 x 56 cm"},"content":{"rendered":"<p>Verzia: PRAV\u00c1<br \/>Opierky hlavy: 1 ks<br \/>Povrchov\u00e1 \u00faprava: akryl<br \/>Kon\u0161trukcia z nehrdzavej\u00facej ocele: \u00e1no<br \/>Predn\u00e9 sklo: \u00e1no<br \/>Vodn\u00e1 pumpa 700 W: 1 ks<br \/>Vodn\u00e9 d\u00fdzy 8 ks (5 ve\u013ek\u00fdch \/ 3 mal\u00e9)<br \/>200W vzduchov\u00e9 d\u00fdzy \u010derpadlo: 1 ks<br \/>Vzduchov\u00e9 d\u00fdzy: 9 ks (spodn\u00e1 \u010das\u0165 vane)<br \/>Syst\u00e9m prevzdu\u0161\u0148ovania vodn\u00fdch d\u00fdz: \u00e1no<br \/>Regul\u00e1tor prevzdu\u0161\u0148ovania: \u00e1no<br \/>1,5 kW ohrieva\u010d vody: \u00e1no<br \/>Sn\u00edma\u010d hladiny vody: \u00e1no<br \/>Gener\u00e1tor oz\u00f3nu: \u00e1no<br \/>Multifunk\u010dn\u00e1 ru\u010dn\u00e1 sprcha: \u00e1no<br \/>Bat\u00e9ria: \u00e1no<br \/>V\u00fdtok: \u00e1no<br \/>Farebn\u00e9 podvodn\u00e9 osvetlenie: \u00e1no 1 kus<br \/>Proti\u0161mykov\u00e9 dno: \u00e1no<br \/>Dotykov\u00fd ovl\u00e1dac\u00ed panel: \u00e1no<br \/>R\u00e1dio: \u00e1no<br \/>Reproduktor: 1 kus<br \/>2 vstavan\u00e9 bo\u010dnice<br \/>Va\u0148a komplet, pripraven\u00e1 na pripojenie<\/p>\n","protected":false},"excerpt":{"rendered":"<p>Verzia: PRAV\u00c1Opierky hlavy: 1 ksPovrchov\u00e1 \u00faprava: akrylKon\u0161trukcia z nehrdzavej\u00facej ocele: \u00e1noPredn\u00e9 sklo: \u00e1noVodn\u00e1 pumpa 700 W: 1 ksVodn\u00e9 d\u00fdzy 8 ks (5 ve\u013ek\u00fdch \/ 3 mal\u00e9)200W vzduchov\u00e9 d\u00fdzy \u010derpadlo: 1 ksVzduchov\u00e9 d\u00fdzy: 9 ks (spodn\u00e1 \u010das\u0165 vane)Syst\u00e9m prevzdu\u0161\u0148ovania vodn\u00fdch d\u00fdz: \u00e1noRegul\u00e1tor prevzdu\u0161\u0148ovania: \u00e1no1,5 kW ohrieva\u010d vody: \u00e1noSn\u00edma\u010d hladiny vody: \u00e1noGener\u00e1tor oz\u00f3nu: \u00e1noMultifunk\u010dn\u00e1 ru\u010dn\u00e1 sprcha: \u00e1noBat\u00e9ria: [&hellip;]<\/p>\n","protected":false},"featured_media":19307,"comment_status":"closed","ping_status":"open","template":"","meta":[],"product_brand":[2536],"product_cat":[168,65],"product_tag":[],"class_list":{"0":"post-19306","1":"product","2":"type-product","3":"status-publish","4":"has-post-thumbnail","6":"product_brand-m-spa","7":"product_cat-hydromasazne-vane","8":"product_cat-vane","9":"pa_pocet-miest-622","10":"pa_povrch-akryl","11":"pa_sirka-90-cm","12":"pa_vyrobca-m-spa","13":"pa_vyska-56-cm","14":"pa_zaruka-2-roky","16":"first","17":"instock","18":"sale","19":"taxable","20":"shipping-taxable","21":"purchasable","22":"product-type-simple"},"_links":{"self":[{"href":"https:\/\/diamondspa.sk\/sk\/wp-json\/wp\/v2\/product\/19306","targetHints":{"allow":["GET"]}}],"collection":[{"href":"https:\/\/diamondspa.sk\/sk\/wp-json\/wp\/v2\/product"}],"about":[{"href":"https:\/\/diamondspa.sk\/sk\/wp-json\/wp\/v2\/types\/product"}],"replies":[{"embeddable":true,"href":"https:\/\/diamondspa.sk\/sk\/wp-json\/wp\/v2\/comments?post=19306"}],"wp:featuredmedia":[{"embeddable":true,"href":"https:\/\/diamondspa.sk\/sk\/wp-json\/wp\/v2\/media\/19307"}],"wp:attachment":[{"href":"https:\/\/diamondspa.sk\/sk\/wp-json\/wp\/v2\/media?parent=19306"}],"wp:term":[{"taxonomy":"product_brand","embeddable":true,"href":"https:\/\/diamondspa.sk\/sk\/wp-json\/wp\/v2\/product_brand?post=19306"},{"taxonomy":"product_cat","embeddable":true,"href":"https:\/\/diamondspa.sk\/sk\/wp-json\/wp\/v2\/product_cat?post=19306"},{"taxonomy":"product_tag","embeddable":true,"href":"https:\/\/diamondspa.sk\/sk\/wp-json\/wp\/v2\/product_tag?post=19306"}],"curies":[{"name":"wp","href":"https:\/\/api.w.org\/{rel}","templated":true}]}}