{"id":19346,"date":"2024-03-10T03:34:35","date_gmt":"2024-03-10T02:34:35","guid":{"rendered":"https:\/\/diamondspa.sk\/product\/m-spa-sprchovy-box-lavy-strieborny-hydromasazny-02188-120-x-85-x-220-cm\/"},"modified":"2025-08-15T08:36:34","modified_gmt":"2025-08-15T06:36:34","slug":"m-spa-sprchovy-box-lavy-strieborny-hydromasazny-02188-120-x-85-x-220-cm","status":"publish","type":"product","link":"https:\/\/diamondspa.sk\/sk\/produkt\/m-spa-sprchovy-box-lavy-strieborny-hydromasazny-02188-120-x-85-x-220-cm\/","title":{"rendered":"M-SPA &#8211; Sprchov\u00fd box \u013eav\u00fd strieborn\u00fd hydromas\u00e1\u017eny 02188 120 x 85 x 220 cm"},"content":{"rendered":"<p><span>\u013dav\u00e1 verzia<br \/>Farba sprchovej vani\u010dky a strechy: strieborn\u00e1<\/span><br \/><span>Materi\u00e1l: 5 mm tvrden\u00e9 sklo<\/span><br \/><span>Sprchov\u00e1 vani\u010dka (ABS) AKRYL\u00c1T <br \/>Hlin\u00edkov\u00fd <\/span><span>r\u00e1m<\/span><br \/><span>Dotykov\u00fd ovl\u00e1dac\u00ed panel s FM r\u00e1diom<\/span><br \/><span>Zadn\u00e9 trysky &#8211; Deluxe 4 ks<\/span><br \/><span>Mal\u00e9 trysky &#8211; Akupunkt\u00fara 4 ks<\/span><br \/><span>Sprchov\u00e1 bat\u00e9ria : \u00e1no<\/span><br \/><span>Multifunk\u010dn\u00e1 ru\u010dn\u00e1 sprcha \u00e1no<\/span><br \/><span>Mas\u00e1\u017eny pr\u00edstroj na nohy: \u00e1no<\/span><br \/><span>Poli\u010dka na kozmetiku: \u00e1no<\/span><br \/><span>Sedadlo: \u00e1no<\/span><br \/><span>Svetlo: \u00e1no 1 ks<\/span><br \/><span>Da\u017e\u010fov\u00e1 sprcha: \u00e1no<\/span><br \/><span>Reproduktor 1 ks<\/span><br \/><span>Ods\u00e1vac\u00ed ventil\u00e1tor 1 ks<\/span><\/p>\n","protected":false},"excerpt":{"rendered":"<p>\u013dav\u00e1 verziaFarba sprchovej vani\u010dky a strechy: strieborn\u00e1Materi\u00e1l: 5 mm tvrden\u00e9 skloSprchov\u00e1 vani\u010dka (ABS) AKRYL\u00c1T Hlin\u00edkov\u00fd r\u00e1mDotykov\u00fd ovl\u00e1dac\u00ed panel s FM r\u00e1diomZadn\u00e9 trysky &#8211; Deluxe 4 ksMal\u00e9 trysky &#8211; Akupunkt\u00fara 4 ksSprchov\u00e1 bat\u00e9ria : \u00e1noMultifunk\u010dn\u00e1 ru\u010dn\u00e1 sprcha \u00e1noMas\u00e1\u017eny pr\u00edstroj na nohy: \u00e1noPoli\u010dka na kozmetiku: \u00e1noSedadlo: \u00e1noSvetlo: \u00e1no 1 ksDa\u017e\u010fov\u00e1 sprcha: \u00e1noReproduktor 1 ksOds\u00e1vac\u00ed ventil\u00e1tor 1 ks<\/p>\n","protected":false},"featured_media":19347,"comment_status":"closed","ping_status":"open","template":"","meta":[],"product_brand":[2536],"product_cat":[111],"product_tag":[],"class_list":{"0":"post-19346","1":"product","2":"type-product","3":"status-publish","4":"has-post-thumbnail","6":"product_brand-m-spa","7":"product_cat-masazne-sprchove-boxy","8":"pa_pocet-trysiek-859","9":"pa_povrch-akryl","10":"pa_sirka-85-cm","11":"pa_vyrobca-m-spa","12":"pa_vyska-220-cm","13":"pa_zaruka-2-roky","15":"first","16":"instock","17":"sale","18":"taxable","19":"shipping-taxable","20":"purchasable","21":"product-type-simple"},"_links":{"self":[{"href":"https:\/\/diamondspa.sk\/sk\/wp-json\/wp\/v2\/product\/19346","targetHints":{"allow":["GET"]}}],"collection":[{"href":"https:\/\/diamondspa.sk\/sk\/wp-json\/wp\/v2\/product"}],"about":[{"href":"https:\/\/diamondspa.sk\/sk\/wp-json\/wp\/v2\/types\/product"}],"replies":[{"embeddable":true,"href":"https:\/\/diamondspa.sk\/sk\/wp-json\/wp\/v2\/comments?post=19346"}],"wp:featuredmedia":[{"embeddable":true,"href":"https:\/\/diamondspa.sk\/sk\/wp-json\/wp\/v2\/media\/19347"}],"wp:attachment":[{"href":"https:\/\/diamondspa.sk\/sk\/wp-json\/wp\/v2\/media?parent=19346"}],"wp:term":[{"taxonomy":"product_brand","embeddable":true,"href":"https:\/\/diamondspa.sk\/sk\/wp-json\/wp\/v2\/product_brand?post=19346"},{"taxonomy":"product_cat","embeddable":true,"href":"https:\/\/diamondspa.sk\/sk\/wp-json\/wp\/v2\/product_cat?post=19346"},{"taxonomy":"product_tag","embeddable":true,"href":"https:\/\/diamondspa.sk\/sk\/wp-json\/wp\/v2\/product_tag?post=19346"}],"curies":[{"name":"wp","href":"https:\/\/api.w.org\/{rel}","templated":true}]}}