{"id":19393,"date":"2024-03-10T03:34:35","date_gmt":"2024-03-10T02:34:35","guid":{"rendered":"https:\/\/diamondspa.sk\/product\/m-spa-hydromasazny-sprchovy-box-lavy-09912-120-x-85-x-225-cm\/"},"modified":"2025-08-15T08:36:33","modified_gmt":"2025-08-15T06:36:33","slug":"m-spa-hydromasazny-sprchovy-box-lavy-09912-120-x-85-x-225-cm","status":"publish","type":"product","link":"https:\/\/diamondspa.sk\/sk\/produkt\/m-spa-hydromasazny-sprchovy-box-lavy-09912-120-x-85-x-225-cm\/","title":{"rendered":"M-SPA &#8211; Hydromas\u00e1\u017eny sprchov\u00fd box \u013eav\u00fd 09912 120 x 85 x 225 cm"},"content":{"rendered":"<p>Hr\u00fabka skla: 5 mm tvrden\u00e9 sklo<br \/>Sprchov\u00e1 vani\u010dka (ABS) akryl<br \/>Materi\u00e1l r\u00e1mu: Hlin\u00edk (strieborn\u00e9 prevedenie)<br \/>Hlbok\u00e1 sprchov\u00e1 vani\u010dka (vonkaj\u0161ia v\u00fd\u0161ka vani\u010dky je 46 cm)<br \/>&#8211; Ve\u013ek\u00e9 trysky(2\u2033): 4 ks<br \/>&#8211; Mal\u00e9 trysky Akupunkt\u00farne(1\u2033): 4 ks<br \/>Sprchov\u00e1 hlavica 1 ks<br \/>Multifunk\u010dn\u00e1 ru\u010dn\u00e1 sprcha: 1 ks<br \/>Studen\u00e1 \/ Regul\u00e1tor teplej vody: 1 ks\u00a0Da\u017e\u010fov\u00e1<br \/>sprcha: \u00e1no<br \/>Vank\u00fa\u0161: 1 ks<br \/>N\u00e1doba na \u0161amp\u00f3n \/ sprchov\u00fd g\u00e9l: 2 ks<br \/>LED svetl\u00e1: 36 ks<br \/>Sklenen\u00e9 police: 2 ks<br \/>Zrkadlo: 1 ks<br \/>Ods\u00e1vac\u00ed ventil\u00e1tor 1 ks<br \/>Reproduktor: 1 ks<br \/>R\u00e1dio: \u00e1no<br \/>Ovl\u00e1dac\u00ed panel s FM r\u00e1diom<br \/>Mas\u00e1\u017eny pr\u00edstroj na nohy: \u00e1no<\/p>\n","protected":false},"excerpt":{"rendered":"<p>Hr\u00fabka skla: 5 mm tvrden\u00e9 skloSprchov\u00e1 vani\u010dka (ABS) akrylMateri\u00e1l r\u00e1mu: Hlin\u00edk (strieborn\u00e9 prevedenie)Hlbok\u00e1 sprchov\u00e1 vani\u010dka (vonkaj\u0161ia v\u00fd\u0161ka vani\u010dky je 46 cm)&#8211; Ve\u013ek\u00e9 trysky(2\u2033): 4 ks&#8211; Mal\u00e9 trysky Akupunkt\u00farne(1\u2033): 4 ksSprchov\u00e1 hlavica 1 ksMultifunk\u010dn\u00e1 ru\u010dn\u00e1 sprcha: 1 ksStuden\u00e1 \/ Regul\u00e1tor teplej vody: 1 ks\u00a0Da\u017e\u010fov\u00e1sprcha: \u00e1noVank\u00fa\u0161: 1 ksN\u00e1doba na \u0161amp\u00f3n \/ sprchov\u00fd g\u00e9l: 2 ksLED svetl\u00e1: 36 [&hellip;]<\/p>\n","protected":false},"featured_media":19394,"comment_status":"closed","ping_status":"open","template":"","meta":[],"product_brand":[2536],"product_cat":[111],"product_tag":[],"class_list":{"0":"post-19393","1":"product","2":"type-product","3":"status-publish","4":"has-post-thumbnail","6":"product_brand-m-spa","7":"product_cat-masazne-sprchove-boxy","8":"pa_pocet-trysiek-859","9":"pa_povrch-akryl","10":"pa_sirka-85-cm","11":"pa_vyrobca-m-spa","12":"pa_vyska-225-cm","13":"pa_zaruka-2-roky","15":"first","16":"instock","17":"sale","18":"taxable","19":"shipping-taxable","20":"purchasable","21":"product-type-simple"},"_links":{"self":[{"href":"https:\/\/diamondspa.sk\/sk\/wp-json\/wp\/v2\/product\/19393","targetHints":{"allow":["GET"]}}],"collection":[{"href":"https:\/\/diamondspa.sk\/sk\/wp-json\/wp\/v2\/product"}],"about":[{"href":"https:\/\/diamondspa.sk\/sk\/wp-json\/wp\/v2\/types\/product"}],"replies":[{"embeddable":true,"href":"https:\/\/diamondspa.sk\/sk\/wp-json\/wp\/v2\/comments?post=19393"}],"wp:featuredmedia":[{"embeddable":true,"href":"https:\/\/diamondspa.sk\/sk\/wp-json\/wp\/v2\/media\/19394"}],"wp:attachment":[{"href":"https:\/\/diamondspa.sk\/sk\/wp-json\/wp\/v2\/media?parent=19393"}],"wp:term":[{"taxonomy":"product_brand","embeddable":true,"href":"https:\/\/diamondspa.sk\/sk\/wp-json\/wp\/v2\/product_brand?post=19393"},{"taxonomy":"product_cat","embeddable":true,"href":"https:\/\/diamondspa.sk\/sk\/wp-json\/wp\/v2\/product_cat?post=19393"},{"taxonomy":"product_tag","embeddable":true,"href":"https:\/\/diamondspa.sk\/sk\/wp-json\/wp\/v2\/product_tag?post=19393"}],"curies":[{"name":"wp","href":"https:\/\/api.w.org\/{rel}","templated":true}]}}