{"id":19401,"date":"2024-03-10T03:34:35","date_gmt":"2024-03-10T02:34:35","guid":{"rendered":"https:\/\/diamondspa.sk\/product\/m-spa-sprchovy-box-s-hydromasazou-pravy-09914-120-x-85-x-225-cm\/"},"modified":"2025-08-15T08:36:33","modified_gmt":"2025-08-15T06:36:33","slug":"m-spa-sprchovy-box-s-hydromasazou-pravy-09914-120-x-85-x-225-cm","status":"publish","type":"product","link":"https:\/\/diamondspa.sk\/sk\/produkt\/m-spa-sprchovy-box-s-hydromasazou-pravy-09914-120-x-85-x-225-cm\/","title":{"rendered":"M-SPA &#8211; Sprchov\u00fd box s hydromas\u00e1\u017eou prav\u00fd 09914 120 x 85 x 225 cm"},"content":{"rendered":"<p><span>Materi\u00e1l: 5 mm tvrden\u00e9 sklo<\/span><br \/><span>Sprchov\u00e1 vani\u010dka (ABS) akryl<\/span><br \/><span>Hlin\u00edkov\u00fd r\u00e1m<\/span><br \/><span>N\u00edzka sprchov\u00e1 vani\u010dka<\/span><br \/><span>Ve\u013ek\u00e9 trysky: 4 ks<\/span><br \/><span>Mal\u00e9 trysky Akupunkt\u00fara: 4 ks<\/span><br \/><span>Sprchov\u00e1 hlavica 1 ks<\/span><br \/><span>Multifunk\u010dn\u00e1 ru\u010dn\u00e1 sprcha: 1 ks<\/span><br \/><span>Regul\u00e1tor studen\u00e1 \/ tepl\u00e1 voda: 1 ks<\/span><br \/><span>Da\u017e\u010fov\u00e1 sprcha: \u00e1no<\/span><br \/><span>Vank\u00fa\u0161: 1 ks<\/span><br \/><span>N\u00e1doba na \u0161amp\u00f3n \/ sprchov\u00fd g\u00e9l: 2 ks<\/span><br \/><span>LED svetl\u00e1: \u00e1no<\/span><br \/><span>Sklenen\u00e9 police: 2 ks<\/span><br \/><span>Zrkadlo: 1 ks<\/span><br \/><span>Ods\u00e1vac\u00ed ventil\u00e1tor 1 ks<\/span><br \/><span>Reproduktor: 1 ks<\/span><br \/><span>R\u00e1dio: \u00e1no\u00a0Ovl\u00e1dac\u00ed<\/span><br \/><span>Panel s FM r\u00e1diom<\/span><br \/><span>Mas\u00e1\u017eny pr\u00edstroj na nohy: \u00e1no<\/span><\/p>\n","protected":false},"excerpt":{"rendered":"<p>Materi\u00e1l: 5 mm tvrden\u00e9 skloSprchov\u00e1 vani\u010dka (ABS) akrylHlin\u00edkov\u00fd r\u00e1mN\u00edzka sprchov\u00e1 vani\u010dkaVe\u013ek\u00e9 trysky: 4 ksMal\u00e9 trysky Akupunkt\u00fara: 4 ksSprchov\u00e1 hlavica 1 ksMultifunk\u010dn\u00e1 ru\u010dn\u00e1 sprcha: 1 ksRegul\u00e1tor studen\u00e1 \/ tepl\u00e1 voda: 1 ksDa\u017e\u010fov\u00e1 sprcha: \u00e1noVank\u00fa\u0161: 1 ksN\u00e1doba na \u0161amp\u00f3n \/ sprchov\u00fd g\u00e9l: 2 ksLED svetl\u00e1: \u00e1noSklenen\u00e9 police: 2 ksZrkadlo: 1 ksOds\u00e1vac\u00ed ventil\u00e1tor 1 ksReproduktor: 1 ksR\u00e1dio: \u00e1no\u00a0Ovl\u00e1dac\u00edPanel [&hellip;]<\/p>\n","protected":false},"featured_media":19402,"comment_status":"closed","ping_status":"open","template":"","meta":[],"product_brand":[2536],"product_cat":[111],"product_tag":[],"class_list":{"0":"post-19401","1":"product","2":"type-product","3":"status-publish","4":"has-post-thumbnail","6":"product_brand-m-spa","7":"product_cat-masazne-sprchove-boxy","8":"pa_pocet-trysiek-859","9":"pa_povrch-akryl","10":"pa_sirka-85-cm","11":"pa_vyrobca-m-spa","12":"pa_vyska-225-cm","13":"pa_zaruka-2-roky","15":"first","16":"instock","17":"sale","18":"taxable","19":"shipping-taxable","20":"purchasable","21":"product-type-simple"},"_links":{"self":[{"href":"https:\/\/diamondspa.sk\/sk\/wp-json\/wp\/v2\/product\/19401","targetHints":{"allow":["GET"]}}],"collection":[{"href":"https:\/\/diamondspa.sk\/sk\/wp-json\/wp\/v2\/product"}],"about":[{"href":"https:\/\/diamondspa.sk\/sk\/wp-json\/wp\/v2\/types\/product"}],"replies":[{"embeddable":true,"href":"https:\/\/diamondspa.sk\/sk\/wp-json\/wp\/v2\/comments?post=19401"}],"wp:featuredmedia":[{"embeddable":true,"href":"https:\/\/diamondspa.sk\/sk\/wp-json\/wp\/v2\/media\/19402"}],"wp:attachment":[{"href":"https:\/\/diamondspa.sk\/sk\/wp-json\/wp\/v2\/media?parent=19401"}],"wp:term":[{"taxonomy":"product_brand","embeddable":true,"href":"https:\/\/diamondspa.sk\/sk\/wp-json\/wp\/v2\/product_brand?post=19401"},{"taxonomy":"product_cat","embeddable":true,"href":"https:\/\/diamondspa.sk\/sk\/wp-json\/wp\/v2\/product_cat?post=19401"},{"taxonomy":"product_tag","embeddable":true,"href":"https:\/\/diamondspa.sk\/sk\/wp-json\/wp\/v2\/product_tag?post=19401"}],"curies":[{"name":"wp","href":"https:\/\/api.w.org\/{rel}","templated":true}]}}