{"id":19409,"date":"2024-03-10T03:34:35","date_gmt":"2024-03-10T02:34:35","guid":{"rendered":"https:\/\/diamondspa.sk\/product\/m-spa-kupelnova-vana-s-hydromasazou-003-plus-pre-2-osoby-140-x-140-x-67-cm\/"},"modified":"2025-09-05T10:46:39","modified_gmt":"2025-09-05T08:46:39","slug":"m-spa-kupelnova-vana-s-hydromasazou-003-plus-pre-2-osoby-140-x-140-x-67-cm","status":"publish","type":"product","link":"https:\/\/diamondspa.sk\/sk\/produkt\/m-spa-kupelnova-vana-s-hydromasazou-003-plus-pre-2-osoby-140-x-140-x-67-cm\/","title":{"rendered":"M-SPA &#8211; K\u00fape\u013e\u0148ov\u00e1 va\u0148a s hydromas\u00e1\u017eou 003 PLUS pre 2 osoby 140 x 140 x 67 cm"},"content":{"rendered":"<p>Typ: rohov\u00e1<br \/>Opierky hlavy: 2 ks<br \/>N\u00e1ter: akryl\u00a0\u00a0(100% akryl &#8211; nejde o akryl s pr\u00edmesou ABS )<br \/>Presklen\u00e1 predn\u00e1 strana: \u00e1no<br \/>Vodn\u00e9 \u010derpadlo 1,0 Hp: 1 ks<br \/>Vodn\u00e9 d\u00fdzy 10 ks vr\u00e1tane:<\/p>\n<ul>\n<li>ve\u013ek\u00fdch vodn\u00fdch d\u00fdz: 4 ks<\/li>\n<li>mal\u00fdch vodn\u00fdch d\u00fdz: 6 ks<\/li>\n<\/ul>\n<p>Vzduchov\u00e9 d\u00fdzy: 11 ks<br \/>Vzduchov\u00e9 \u010derpadlo 0,25 Hp: 1 ks<br \/>Syst\u00e9m prevzdu\u0161\u0148ovania vodn\u00fdmi tryskami: \u00e1no<br \/>Regul\u00e1tor prevzdu\u0161\u0148ovania: \u00e1no<br \/>1,5 kW ohrieva\u010d vody: \u00e1no<\/p>\n<p><strong>NOVINKA:<\/strong><\/p>\n<ul>\n<li>Syst\u00e9m (gravita\u010dn\u00fd) na su\u0161enie mas\u00e1\u017enych r\u00farok<\/li>\n<li>Gener\u00e1tor oz\u00f3nu: \u00e1no<\/li>\n<li>Sn\u00edma\u010de hladiny vody (ochrana \u010derpadla pred prip\u00e1len\u00edm): \u00e1no<\/li>\n<li>Multifunk\u010dn\u00e1 ru\u010dn\u00e1 sprcha: \u00e1no<\/li>\n<li>Termostatick\u00e1 bat\u00e9ria: \u00e1no<\/li>\n<li>Vodop\u00e1d: \u00e1no<\/li>\n<li>SPA svetlo 1 ks (7 druhov farieb)<\/li>\n<li>LED svetlo: 7 ks (7 druhov farieb, \u010delo vane)<\/li>\n<li>Ovl\u00e1dac\u00ed panel: \u00e1no (\u00fapln\u00e9 ovl\u00e1danie vane)<\/li>\n<li>R\u00e1dio: \u00e1no<\/li>\n<li>Reproduktor: \u00e1no<\/li>\n<\/ul>\n","protected":false},"excerpt":{"rendered":"<p>Typ: rohov\u00e1Opierky hlavy: 2 ksN\u00e1ter: akryl\u00a0\u00a0(100% akryl &#8211; nejde o akryl s pr\u00edmesou ABS )Presklen\u00e1 predn\u00e1 strana: \u00e1noVodn\u00e9 \u010derpadlo 1,0 Hp: 1 ksVodn\u00e9 d\u00fdzy 10 ks vr\u00e1tane: ve\u013ek\u00fdch vodn\u00fdch d\u00fdz: 4 ks mal\u00fdch vodn\u00fdch d\u00fdz: 6 ks Vzduchov\u00e9 d\u00fdzy: 11 ksVzduchov\u00e9 \u010derpadlo 0,25 Hp: 1 ksSyst\u00e9m prevzdu\u0161\u0148ovania vodn\u00fdmi tryskami: \u00e1noRegul\u00e1tor prevzdu\u0161\u0148ovania: \u00e1no1,5 kW ohrieva\u010d vody: [&hellip;]<\/p>\n","protected":false},"featured_media":19410,"comment_status":"closed","ping_status":"open","template":"","meta":[],"product_brand":[2536],"product_cat":[168,65],"product_tag":[],"class_list":{"0":"post-19409","1":"product","2":"type-product","3":"status-publish","4":"has-post-thumbnail","6":"product_brand-m-spa","7":"product_cat-hydromasazne-vane","8":"product_cat-vane","9":"pa_napajanie-220-240-v-50-hz","10":"pa_pocet-miest-166","11":"pa_povrch-akryl","12":"pa_sirka-140-cm","13":"pa_vyrobca-m-spa","14":"pa_vyska-67-cm","15":"pa_zaruka-2-roky","17":"first","18":"outofstock","19":"sale","20":"taxable","21":"shipping-taxable","22":"purchasable","23":"product-type-simple"},"_links":{"self":[{"href":"https:\/\/diamondspa.sk\/sk\/wp-json\/wp\/v2\/product\/19409","targetHints":{"allow":["GET"]}}],"collection":[{"href":"https:\/\/diamondspa.sk\/sk\/wp-json\/wp\/v2\/product"}],"about":[{"href":"https:\/\/diamondspa.sk\/sk\/wp-json\/wp\/v2\/types\/product"}],"replies":[{"embeddable":true,"href":"https:\/\/diamondspa.sk\/sk\/wp-json\/wp\/v2\/comments?post=19409"}],"wp:featuredmedia":[{"embeddable":true,"href":"https:\/\/diamondspa.sk\/sk\/wp-json\/wp\/v2\/media\/19410"}],"wp:attachment":[{"href":"https:\/\/diamondspa.sk\/sk\/wp-json\/wp\/v2\/media?parent=19409"}],"wp:term":[{"taxonomy":"product_brand","embeddable":true,"href":"https:\/\/diamondspa.sk\/sk\/wp-json\/wp\/v2\/product_brand?post=19409"},{"taxonomy":"product_cat","embeddable":true,"href":"https:\/\/diamondspa.sk\/sk\/wp-json\/wp\/v2\/product_cat?post=19409"},{"taxonomy":"product_tag","embeddable":true,"href":"https:\/\/diamondspa.sk\/sk\/wp-json\/wp\/v2\/product_tag?post=19409"}],"curies":[{"name":"wp","href":"https:\/\/api.w.org\/{rel}","templated":true}]}}