{"id":19417,"date":"2024-03-10T03:34:35","date_gmt":"2024-03-10T02:34:35","guid":{"rendered":"https:\/\/diamondspa.sk\/product\/m-spa-kupelnova-vana-s-hydromasazou-plus-1-osoba-181-x-91-x-60-cm\/"},"modified":"2025-09-05T10:46:39","modified_gmt":"2025-09-05T08:46:39","slug":"m-spa-kupelnova-vana-s-hydromasazou-plus-1-osoba-181-x-91-x-60-cm","status":"publish","type":"product","link":"https:\/\/diamondspa.sk\/sk\/produkt\/m-spa-kupelnova-vana-s-hydromasazou-plus-1-osoba-181-x-91-x-60-cm\/","title":{"rendered":"M-SPA &#8211; K\u00fape\u013e\u0148ov\u00e1 va\u0148a s hydromas\u00e1\u017eou PLUS 1-osoba 181 x 91 x 60 cm"},"content":{"rendered":"<p>Opierka hlavy<br \/>N\u00e1ter: akryl (100% akryl &#8211; nejde o akryl s pr\u00edmesou ABS)\u00a0<br \/>Presklen\u00e9 \u010delo<br \/>Vodn\u00e1 pumpa 1 Hp: 1 ks\u00a0<br \/>Vodn\u00e9 trysky: 12 ks\u00a0<br \/>Vzduchov\u00e1 pumpa 0,25 Hp<br \/>Vzduchov\u00e9 trysky: 23 ks (spodok vane)\u00a0<br \/>Syst\u00e9m prevzdu\u0161\u0148ovania vodn\u00fdch trysiek<br \/>Regul\u00e1tor prevzdu\u0161\u0148ovania 1,5 kW <br \/>Ohrieva\u010d vody<\/p>\n<p><strong>NOVINKA:\u00a0<\/strong><\/p>\n<p>(gravita\u010dn\u00fd) syst\u00e9m na su\u0161enie potrubia\u00a0<br \/>Senzory hladiny vody (ochrana \u010derpadla pred sp\u00e1len\u00edm<br \/>Gener\u00e1tor oz\u00f3nu<br \/>SPA svetlo: 1 ks (7 druhov farieb)<br \/>LED svetl\u00e1: 7 ks (7 druhov farieb)<br \/>Sprchov\u00e1 hlavica<br \/>Termostatick\u00e1 bat\u00e9ria<br \/>Vodop\u00e1d<br \/>Proti\u0161mykov\u00e1 spodn\u00e1 \u010das\u0165<br \/>Ovl\u00e1dac\u00ed panel &#8211; dotykov\u00e1 obrazovka<br \/>R\u00e1dio<br \/>Reproduktor<br \/>3 strany vstavan\u00fd<br \/>Vyp\u00fa\u0161\u0165acia z\u00e1str\u010dka<\/p>\n","protected":false},"excerpt":{"rendered":"<p>Opierka hlavyN\u00e1ter: akryl (100% akryl &#8211; nejde o akryl s pr\u00edmesou ABS)\u00a0Presklen\u00e9 \u010deloVodn\u00e1 pumpa 1 Hp: 1 ks\u00a0Vodn\u00e9 trysky: 12 ks\u00a0Vzduchov\u00e1 pumpa 0,25 HpVzduchov\u00e9 trysky: 23 ks (spodok vane)\u00a0Syst\u00e9m prevzdu\u0161\u0148ovania vodn\u00fdch trysiekRegul\u00e1tor prevzdu\u0161\u0148ovania 1,5 kW Ohrieva\u010d vody NOVINKA:\u00a0 (gravita\u010dn\u00fd) syst\u00e9m na su\u0161enie potrubia\u00a0Senzory hladiny vody (ochrana \u010derpadla pred sp\u00e1len\u00edmGener\u00e1tor oz\u00f3nuSPA svetlo: 1 ks (7 druhov [&hellip;]<\/p>\n","protected":false},"featured_media":19418,"comment_status":"closed","ping_status":"open","template":"","meta":[],"product_brand":[2536],"product_cat":[168,65],"product_tag":[],"class_list":{"0":"post-19417","1":"product","2":"type-product","3":"status-publish","4":"has-post-thumbnail","6":"product_brand-m-spa","7":"product_cat-hydromasazne-vane","8":"product_cat-vane","9":"pa_napajanie-220-240-v-50-hz","10":"pa_pocet-miest-622","11":"pa_povrch-akryl","12":"pa_sirka-91-cm","13":"pa_vyrobca-m-spa","14":"pa_vyska-60-cm","15":"pa_zaruka-2-roky","17":"first","18":"outofstock","19":"sale","20":"taxable","21":"shipping-taxable","22":"purchasable","23":"product-type-simple"},"_links":{"self":[{"href":"https:\/\/diamondspa.sk\/sk\/wp-json\/wp\/v2\/product\/19417","targetHints":{"allow":["GET"]}}],"collection":[{"href":"https:\/\/diamondspa.sk\/sk\/wp-json\/wp\/v2\/product"}],"about":[{"href":"https:\/\/diamondspa.sk\/sk\/wp-json\/wp\/v2\/types\/product"}],"replies":[{"embeddable":true,"href":"https:\/\/diamondspa.sk\/sk\/wp-json\/wp\/v2\/comments?post=19417"}],"wp:featuredmedia":[{"embeddable":true,"href":"https:\/\/diamondspa.sk\/sk\/wp-json\/wp\/v2\/media\/19418"}],"wp:attachment":[{"href":"https:\/\/diamondspa.sk\/sk\/wp-json\/wp\/v2\/media?parent=19417"}],"wp:term":[{"taxonomy":"product_brand","embeddable":true,"href":"https:\/\/diamondspa.sk\/sk\/wp-json\/wp\/v2\/product_brand?post=19417"},{"taxonomy":"product_cat","embeddable":true,"href":"https:\/\/diamondspa.sk\/sk\/wp-json\/wp\/v2\/product_cat?post=19417"},{"taxonomy":"product_tag","embeddable":true,"href":"https:\/\/diamondspa.sk\/sk\/wp-json\/wp\/v2\/product_tag?post=19417"}],"curies":[{"name":"wp","href":"https:\/\/api.w.org\/{rel}","templated":true}]}}