{"id":21117,"date":"2024-03-10T04:40:48","date_gmt":"2024-03-10T03:40:48","guid":{"rendered":"https:\/\/diamondspa.sk\/product\/m-spa-kupelnova-vana-s-hydromasazou-biela-turbo-2-miestna-157-x-157-x-68-cm\/"},"modified":"2025-09-05T10:46:38","modified_gmt":"2025-09-05T08:46:38","slug":"m-spa-kupelnova-vana-s-hydromasazou-biela-turbo-2-miestna-157-x-157-x-68-cm","status":"publish","type":"product","link":"https:\/\/diamondspa.sk\/sk\/produkt\/m-spa-kupelnova-vana-s-hydromasazou-biela-turbo-2-miestna-157-x-157-x-68-cm\/","title":{"rendered":"M-SPA &#8211; K\u00fape\u013e\u0148ov\u00e1 va\u0148a s hydromas\u00e1\u017eou biela TURBO 2-miestna 157 x 157 x 68 cm"},"content":{"rendered":"<p>Vonkaj\u0161ie rozmery: 157 x 157 x 67 cm\u00a0<em>(v\u00fd\u0161ka meran\u00e1 v najvy\u0161\u0161om bode akrylu)<\/em><br \/>Farba: Biela<br \/>Po\u0165ah: Akryl<br \/>Po\u010det miest na sedenie: 2 osoby<br \/>Nap\u00e1janie: 220 ~ 240V\/50<br \/>Celkov\u00fd v\u00fdkon: celkovo cca 2,8 kW<br \/>Vodn\u00e9 trysky 12 ks <br \/>Vr\u00e1tane:<br \/>\u2013 Vodn\u00e9 trysky (3,5\u2033): 4 ks<br \/>\u2013 Vodn\u00e9 trysky (2\u2033): 8 ks<br \/>\u2013 Akupunkt\u00farne vodn\u00e9 d\u00fdzy (1\u2033): 2 ks<br \/>Vodn\u00e9 \u010derpadlo 1,1 kW<br \/>Vzduchov\u00e9 d\u00fdzy (1\u2033): 8 ks<br \/>Vzduchov\u00e9 \u010derpadlo 0,2 kW<br \/>Ohrieva\u010d: 1,5 kW<br \/>Gener\u00e1tor oz\u00f3nu<br \/>Sn\u00edma\u010de hladiny vody: \u00e1no\u00a0<em>(ochrana \u010derpadiel pred horen\u00edm)<\/em><br \/>Podvodn\u00e9 svetlo SPA: 3 ks\u00a0<em>(sedem druhy farieb)<\/em><br \/>LED svetlo v pl\u00e1\u0161ti vane: 7 ks\u00a0<em>(pln\u00e1 modr\u00e1)<\/em><br \/>Termostatick\u00e1 bat\u00e9ria<br \/>Sprchov\u00e1 hlavica<br \/>V\u00fdtok<br \/>Vodop\u00e1d<br \/>Poli\u010dka na kozmetiku<br \/>Opierka hlavy: 2 ks\u00a0<em>(na pr\u00edsavky )<\/em><br \/>Ovl\u00e1dac\u00ed panel<br \/>R\u00e1dio<br \/>Reproduktor<br \/>Sklenen\u00e1 predn\u00e1 strana<\/p>\n<p><strong>V\u00ddHODY:<\/strong><\/p>\n<p>Regul\u00e1tor prevzdu\u0161\u0148ovania vodnej d\u00fdzy\u00a0<br \/>Syst\u00e9m prevzdu\u0161\u0148ovania vodnej d\u00fdzy )<br \/><em>(gravita\u010dn\u00fd)<\/em> syst\u00e9m na su\u0161enie potrub\u00ed <br \/>Proti\u0161mykov\u00e9\u00a0dno vane <br \/>2&#8243; vodn\u00e9 trysky vyroben\u00e9 z nehrdzavej\u00facej ocele\u00a0<br \/>Vodn\u00e9 a vzduchov\u00e9 \u010derpadl\u00e1 m\u00f4\u017eu fungova\u0165 paralelne<\/p>\n<p><strong>\u010eAL\u0160IE INFORM\u00c1CIE:<\/strong><\/p>\n<p>Kapacita vane: 350 l<br \/>Jednostranne vstavan\u00e1 va\u0148a\u00a0<em>(2 strany nezabudovan\u00e1).<br \/><\/em>Verzia vane: rohov\u00e1<\/p>\n","protected":false},"excerpt":{"rendered":"<p>Vonkaj\u0161ie rozmery: 157 x 157 x 67 cm\u00a0(v\u00fd\u0161ka meran\u00e1 v najvy\u0161\u0161om bode akrylu)Farba: BielaPo\u0165ah: AkrylPo\u010det miest na sedenie: 2 osobyNap\u00e1janie: 220 ~ 240V\/50Celkov\u00fd v\u00fdkon: celkovo cca 2,8 kWVodn\u00e9 trysky 12 ks Vr\u00e1tane:\u2013 Vodn\u00e9 trysky (3,5\u2033): 4 ks\u2013 Vodn\u00e9 trysky (2\u2033): 8 ks\u2013 Akupunkt\u00farne vodn\u00e9 d\u00fdzy (1\u2033): 2 ksVodn\u00e9 \u010derpadlo 1,1 kWVzduchov\u00e9 d\u00fdzy (1\u2033): 8 ksVzduchov\u00e9 [&hellip;]<\/p>\n","protected":false},"featured_media":21118,"comment_status":"closed","ping_status":"open","template":"","meta":[],"product_brand":[2536],"product_cat":[168,65],"product_tag":[],"class_list":{"0":"post-21117","1":"product","2":"type-product","3":"status-publish","4":"has-post-thumbnail","6":"product_brand-m-spa","7":"product_cat-hydromasazne-vane","8":"product_cat-vane","9":"pa_napajanie-220-240-v-50-hz","10":"pa_objem-350-l","11":"pa_pocet-miest-166","12":"pa_pocet-trysiek-857","13":"pa_povrch-akryl","14":"pa_sirka-157-cm","15":"pa_vyrobca-m-spa","16":"pa_vyska-68-cm","17":"pa_zaruka-2-roky","19":"first","20":"instock","21":"sale","22":"taxable","23":"shipping-taxable","24":"purchasable","25":"product-type-simple"},"_links":{"self":[{"href":"https:\/\/diamondspa.sk\/sk\/wp-json\/wp\/v2\/product\/21117","targetHints":{"allow":["GET"]}}],"collection":[{"href":"https:\/\/diamondspa.sk\/sk\/wp-json\/wp\/v2\/product"}],"about":[{"href":"https:\/\/diamondspa.sk\/sk\/wp-json\/wp\/v2\/types\/product"}],"replies":[{"embeddable":true,"href":"https:\/\/diamondspa.sk\/sk\/wp-json\/wp\/v2\/comments?post=21117"}],"wp:featuredmedia":[{"embeddable":true,"href":"https:\/\/diamondspa.sk\/sk\/wp-json\/wp\/v2\/media\/21118"}],"wp:attachment":[{"href":"https:\/\/diamondspa.sk\/sk\/wp-json\/wp\/v2\/media?parent=21117"}],"wp:term":[{"taxonomy":"product_brand","embeddable":true,"href":"https:\/\/diamondspa.sk\/sk\/wp-json\/wp\/v2\/product_brand?post=21117"},{"taxonomy":"product_cat","embeddable":true,"href":"https:\/\/diamondspa.sk\/sk\/wp-json\/wp\/v2\/product_cat?post=21117"},{"taxonomy":"product_tag","embeddable":true,"href":"https:\/\/diamondspa.sk\/sk\/wp-json\/wp\/v2\/product_tag?post=21117"}],"curies":[{"name":"wp","href":"https:\/\/api.w.org\/{rel}","templated":true}]}}