{"id":21138,"date":"2024-03-10T04:40:48","date_gmt":"2024-03-10T03:40:48","guid":{"rendered":"https:\/\/diamondspa.sk\/product\/sanotechnik-balaton-2-black-sprchovy-box-stvrtkruh-90x90x204-cm\/"},"modified":"2025-08-15T08:38:15","modified_gmt":"2025-08-15T06:38:15","slug":"sanotechnik-balaton-2-black-sprchovy-box-stvrtkruh-90x90x204-cm","status":"publish","type":"product","link":"https:\/\/diamondspa.sk\/sk\/produkt\/sanotechnik-balaton-2-black-sprchovy-box-stvrtkruh-90x90x204-cm\/","title":{"rendered":"Sanotechnik &#8211; BALATON 2 black &#8211; sprchov\u00fd box \u0161tvr\u0165kruh &#8211; 90x90x204 cm"},"content":{"rendered":"<p><span style=\"color: #000000;\"><span style=\"font-size: 12pt;\"><strong>POPIS<\/strong><\/span><\/span><\/p>\n<ul>\n<li><span style=\"font-size: 12pt;\">4 mm predn\u00e9 bezpe\u010dnostn\u00e9 \u010d\u00edre sklo<\/span><\/li>\n<li><span style=\"font-size: 12pt;\">4 mm zadn\u00e9 bezpe\u010dnostn\u00e9 biele sklo<\/span><\/li>\n<li><span style=\"font-size: 12pt;\">Hlinikov\u00e9 profily v \u010diernej farbe<\/span><\/li>\n<li><span style=\"font-size: 12pt;\">Sprchov\u00e1 ty\u010d s pos\u00favnym dr\u017eiakom a ru\u010dnou sprchou<br \/><\/span><\/li>\n<li><span style=\"font-size: 12pt;\">Rukov\u00e4te z ABS chr\u00f3movan\u00e9<br \/><\/span><\/li>\n<li><span style=\"font-size: 12pt;\">Mechanick\u00e1 zmie\u0161avacia p\u00e1kov\u00e1 bat\u00e9ria<\/span><\/li>\n<li><span style=\"font-size: 12pt;\">Sklenen\u00e1 poli\u010dka<\/span><\/li>\n<li><span style=\"font-size: 12pt;\">Vodiace kolieska (vrchn\u00e9, spodn\u00e9)<\/span><\/li>\n<li><span style=\"font-size: 12pt;\">Akryl\u00e1tov\u00e1 sprchov\u00e1 vani\u010dka so sif\u00f3nom 90 x 90 x 15 cm<br \/><\/span><\/li>\n<li><span style=\"font-size: 12pt;\"><strong>Bez strechy<\/strong><\/span><\/li>\n<\/ul>\n<p><span style=\"font-size: 12pt;\"><strong>FAREBNOS\u0164<\/strong><\/span><br \/><span style=\"font-size: 12pt;\"><strong>\u010dierny dizajn profilov \/ r\u00e1mov<\/strong> &#8211; dod\u00e1 va\u0161ej k\u00fape\u013eni vysok\u00fa eleganciu<\/span><\/p>\n<p><span style=\"font-size: 12pt;\"><strong>PRE\u010cO RAK\u00daSKY SANOTECHNIK?<br \/><\/strong>&#8211; <strong>30 ro\u010dn\u00e1 trad\u00edcia zna\u010dky<\/strong><\/span><br \/><span style=\"font-size: 12pt;\">&#8211; zast\u00fapenie <strong>v 19tich krajin\u00e1ch<\/strong> sveta<\/span><br \/><span style=\"font-size: 12pt;\">&#8211; <strong>vlastn\u00e9 v\u00fdrobn\u00e9 z\u00e1vody<\/strong> pre sprch. k\u00faty\/dvere\/z\u00e1steny, vani\u010dky, vane a n\u00e1bytok<\/span><br \/><span style=\"font-size: 12pt;\">&#8211; dov\u00e1\u017eame tovar priamo z Rak\u00faska ku v\u00e1m domov<\/span><br \/><span style=\"font-size: 12pt;\">&#8211; <strong>priamy dovoz<\/strong> = n\u00edzka cena, r\u00fdchle dodanie a najlep\u0161ie servisn\u00e9 slu\u017eby<\/span><\/p>\n<p><strong>Katal\u00f3g:<\/strong><\/p>\n<p><a href=\"\/fotky1950\/Katal%C3%B3gy\/shower_DE2023.pdf\" target=\"_blank\" rel=\"noopener\"><img fetchpriority=\"high\" decoding=\"async\" src=\"https:\/\/diamondspa.sk\/wp-content\/uploads\/2024\/03\/titulka.png\" width=\"462\" height=\"654\" alt=\"\" style=\"display: block; margin-left: auto; margin-right: auto;\"><\/a><\/p>\n","protected":false},"excerpt":{"rendered":"<p>POPIS 4 mm predn\u00e9 bezpe\u010dnostn\u00e9 \u010d\u00edre sklo 4 mm zadn\u00e9 bezpe\u010dnostn\u00e9 biele sklo Hlinikov\u00e9 profily v \u010diernej farbe Sprchov\u00e1 ty\u010d s pos\u00favnym dr\u017eiakom a ru\u010dnou sprchou Rukov\u00e4te z ABS chr\u00f3movan\u00e9 Mechanick\u00e1 zmie\u0161avacia p\u00e1kov\u00e1 bat\u00e9ria Sklenen\u00e1 poli\u010dka Vodiace kolieska (vrchn\u00e9, spodn\u00e9) Akryl\u00e1tov\u00e1 sprchov\u00e1 vani\u010dka so sif\u00f3nom 90 x 90 x 15 cm Bez strechy FAREBNOS\u0164\u010dierny dizajn [&hellip;]<\/p>\n","protected":false},"featured_media":21139,"comment_status":"closed","ping_status":"open","template":"","meta":[],"product_brand":[2703],"product_cat":[111],"product_tag":[],"class_list":{"0":"post-21138","1":"product","2":"type-product","3":"status-publish","4":"has-post-thumbnail","6":"product_brand-sanotechnik","7":"product_cat-masazne-sprchove-boxy","8":"pa_sirka-90-cm","9":"pa_umiestnenie-do-rohu","10":"pa_vaha-75-kg","11":"pa_vyrobca-sanotechnik-rakusko","12":"pa_vyska-204-cm","13":"pa_zaruka-2-roky","15":"first","16":"instock","17":"sale","18":"taxable","19":"shipping-taxable","20":"purchasable","21":"product-type-simple"},"_links":{"self":[{"href":"https:\/\/diamondspa.sk\/sk\/wp-json\/wp\/v2\/product\/21138","targetHints":{"allow":["GET"]}}],"collection":[{"href":"https:\/\/diamondspa.sk\/sk\/wp-json\/wp\/v2\/product"}],"about":[{"href":"https:\/\/diamondspa.sk\/sk\/wp-json\/wp\/v2\/types\/product"}],"replies":[{"embeddable":true,"href":"https:\/\/diamondspa.sk\/sk\/wp-json\/wp\/v2\/comments?post=21138"}],"wp:featuredmedia":[{"embeddable":true,"href":"https:\/\/diamondspa.sk\/sk\/wp-json\/wp\/v2\/media\/21139"}],"wp:attachment":[{"href":"https:\/\/diamondspa.sk\/sk\/wp-json\/wp\/v2\/media?parent=21138"}],"wp:term":[{"taxonomy":"product_brand","embeddable":true,"href":"https:\/\/diamondspa.sk\/sk\/wp-json\/wp\/v2\/product_brand?post=21138"},{"taxonomy":"product_cat","embeddable":true,"href":"https:\/\/diamondspa.sk\/sk\/wp-json\/wp\/v2\/product_cat?post=21138"},{"taxonomy":"product_tag","embeddable":true,"href":"https:\/\/diamondspa.sk\/sk\/wp-json\/wp\/v2\/product_tag?post=21138"}],"curies":[{"name":"wp","href":"https:\/\/api.w.org\/{rel}","templated":true}]}}