{"id":21814,"date":"2024-03-10T05:12:02","date_gmt":"2024-03-10T04:12:02","guid":{"rendered":"https:\/\/diamondspa.sk\/product\/sanotechnik-sprchovy-box-s-hlbokou-vanickou-stvrtkruh-90x90x215cm-biely\/"},"modified":"2025-08-15T08:38:14","modified_gmt":"2025-08-15T06:38:14","slug":"sanotechnik-sprchovy-box-s-hlbokou-vanickou-stvrtkruh-90x90x215cm-biely","status":"publish","type":"product","link":"https:\/\/diamondspa.sk\/sk\/produkt\/sanotechnik-sprchovy-box-s-hlbokou-vanickou-stvrtkruh-90x90x215cm-biely\/","title":{"rendered":"Sanotechnik &#8211; Sprchov\u00fd box s hlbokou vani\u010dkou, \u0161tvr\u0165kruh 90x90x215cm, biely"},"content":{"rendered":"<p><span style=\"color: #000000;\"><span style=\"font-size: 12pt;\"><strong>POPIS<\/strong><\/span><\/span><\/p>\n<ul>\n<li><span style=\"font-size: 12pt;\"><span style=\"color: #000000;\">Posuvn\u00e9 dvere z 5 mm bezpe\u010dnostn\u00e9ho skla \/ fixn\u00e9 skl\u00e1 t\u00f3novan\u00e9<br \/><\/span><\/span><\/li>\n<li><span style=\"font-size: 12pt;\"><span style=\"color: #000000;\">Zadn\u00e9 skl\u00e1 biele z 4 mm skla<br \/><\/span><\/span><\/li>\n<li><span style=\"font-size: 12pt;\"><span style=\"color: #000000;\">6 trysiek<br \/><\/span><\/span><\/li>\n<li><span style=\"font-size: 12pt;\"><span style=\"color: #000000;\">Pohodln\u00e9 pevn\u00e9 sed\u00e1tko<br \/><\/span><\/span><\/li>\n<li><span style=\"font-size: 12pt;\"><span style=\"color: #000000;\">Hlinikov\u00e9 profily, farba chr\u00f3m<br \/><\/span><\/span><\/li>\n<li><span style=\"font-size: 12pt;\"><span style=\"color: #000000;\">Dvojit\u00e9 kolieska<br \/><\/span><\/span><\/li>\n<li><span style=\"font-size: 12pt;\"><span style=\"color: #000000;\">Hlavov\u00e1 sprcha<br \/><\/span><\/span><\/li>\n<li><span style=\"font-size: 12pt;\"><span style=\"color: #000000;\">Ru\u010dn\u00e1 sprcha<br \/><\/span><\/span><\/li>\n<li><span style=\"font-size: 12pt;\"><span style=\"color: #000000;\">Sklenen\u00e1 poli\u010dka<br \/><\/span><\/span><\/li>\n<li><span style=\"font-size: 12pt;\"><span style=\"color: #000000;\">Dotykov\u00fd displej <br \/><\/span><\/span><\/li>\n<li><span style=\"font-size: 12pt;\"><span style=\"color: #000000;\">R\u00e1dio<br \/><\/span><\/span><\/li>\n<li><span style=\"font-size: 12pt;\"><span style=\"color: #000000;\">Svetl\u00e1 (slzi\u010dky) sa automaticky rozsvietia pri zapnut\u00ed boxu<br \/><\/span><\/span><\/li>\n<li><span style=\"font-size: 12pt;\"><span style=\"color: #000000;\">Sprchov\u00e1 vani\u010dka vysok\u00e1 cca 35cm<\/span><\/span><\/li>\n<\/ul>\n<p><span style=\"font-size: 12pt;\"><strong>PRE\u010cO RAK\u00daSKY SANOTECHNIK?<br \/><\/strong>&#8211; <strong>30 ro\u010dn\u00e1 trad\u00edcia zna\u010dky<\/strong><br \/>&#8211; zast\u00fapenie <strong>v 19tich krajin\u00e1ch<\/strong> sveta<br \/>&#8211; <strong>vlastn\u00e9 v\u00fdrobn\u00e9 z\u00e1vody<\/strong> pre sprch. k\u00faty\/dvere\/z\u00e1steny, vani\u010dky, vane a n\u00e1bytok<br \/>&#8211; dov\u00e1\u017eame tovar priamo z Rak\u00faska ku v\u00e1m domov<br \/>&#8211; <strong>priamy dovoz<\/strong> = n\u00edzka cena, r\u00fdchle dodanie a najlep\u0161ie servisn\u00e9 slu\u017eby<br \/><\/span><\/p>\n<p><strong>Katal\u00f3g:<\/strong><\/p>\n<p><a href=\"\/fotky1950\/Katal%C3%B3gy\/shower_DE2023.pdf\" target=\"_blank\" rel=\"noopener\"><img fetchpriority=\"high\" decoding=\"async\" src=\"https:\/\/diamondspa.sk\/wp-content\/uploads\/2024\/03\/titulka.png\" width=\"462\" height=\"654\" alt=\"\" style=\"display: block; margin-left: auto; margin-right: auto;\"><\/a><\/p>\n","protected":false},"excerpt":{"rendered":"<p>POPIS Posuvn\u00e9 dvere z 5 mm bezpe\u010dnostn\u00e9ho skla \/ fixn\u00e9 skl\u00e1 t\u00f3novan\u00e9 Zadn\u00e9 skl\u00e1 biele z 4 mm skla 6 trysiek Pohodln\u00e9 pevn\u00e9 sed\u00e1tko Hlinikov\u00e9 profily, farba chr\u00f3m Dvojit\u00e9 kolieska Hlavov\u00e1 sprcha Ru\u010dn\u00e1 sprcha Sklenen\u00e1 poli\u010dka Dotykov\u00fd displej R\u00e1dio Svetl\u00e1 (slzi\u010dky) sa automaticky rozsvietia pri zapnut\u00ed boxu Sprchov\u00e1 vani\u010dka vysok\u00e1 cca 35cm PRE\u010cO RAK\u00daSKY SANOTECHNIK?&#8211; [&hellip;]<\/p>\n","protected":false},"featured_media":21815,"comment_status":"closed","ping_status":"open","template":"","meta":[],"product_brand":[2703],"product_cat":[111],"product_tag":[],"class_list":{"0":"post-21814","1":"product","2":"type-product","3":"status-publish","4":"has-post-thumbnail","6":"product_brand-sanotechnik","7":"product_cat-masazne-sprchove-boxy","8":"pa_pocet-trysiek-383","9":"pa_sirka-90-cm","10":"pa_umiestnenie-do-rohu","11":"pa_vyrobca-sanotechnik-rakusko","12":"pa_vyska-215-cm","13":"pa_zaruka-2-roky","15":"first","16":"instock","17":"sale","18":"taxable","19":"shipping-taxable","20":"purchasable","21":"product-type-simple"},"_links":{"self":[{"href":"https:\/\/diamondspa.sk\/sk\/wp-json\/wp\/v2\/product\/21814","targetHints":{"allow":["GET"]}}],"collection":[{"href":"https:\/\/diamondspa.sk\/sk\/wp-json\/wp\/v2\/product"}],"about":[{"href":"https:\/\/diamondspa.sk\/sk\/wp-json\/wp\/v2\/types\/product"}],"replies":[{"embeddable":true,"href":"https:\/\/diamondspa.sk\/sk\/wp-json\/wp\/v2\/comments?post=21814"}],"wp:featuredmedia":[{"embeddable":true,"href":"https:\/\/diamondspa.sk\/sk\/wp-json\/wp\/v2\/media\/21815"}],"wp:attachment":[{"href":"https:\/\/diamondspa.sk\/sk\/wp-json\/wp\/v2\/media?parent=21814"}],"wp:term":[{"taxonomy":"product_brand","embeddable":true,"href":"https:\/\/diamondspa.sk\/sk\/wp-json\/wp\/v2\/product_brand?post=21814"},{"taxonomy":"product_cat","embeddable":true,"href":"https:\/\/diamondspa.sk\/sk\/wp-json\/wp\/v2\/product_cat?post=21814"},{"taxonomy":"product_tag","embeddable":true,"href":"https:\/\/diamondspa.sk\/sk\/wp-json\/wp\/v2\/product_tag?post=21814"}],"curies":[{"name":"wp","href":"https:\/\/api.w.org\/{rel}","templated":true}]}}