{"id":21871,"date":"2024-03-10T05:14:50","date_gmt":"2024-03-10T04:14:50","guid":{"rendered":"https:\/\/diamondspa.sk\/product\/m-spa-kupelnova-vana-prava-s-hydromasazou-634-b-pre-1-osobu-168-x-87-x-60-cm\/"},"modified":"2025-09-05T10:46:38","modified_gmt":"2025-09-05T08:46:38","slug":"m-spa-kupelnova-vana-prava-s-hydromasazou-634-b-pre-1-osobu-168-x-87-x-60-cm","status":"publish","type":"product","link":"https:\/\/diamondspa.sk\/sk\/produkt\/m-spa-kupelnova-vana-prava-s-hydromasazou-634-b-pre-1-osobu-168-x-87-x-60-cm\/","title":{"rendered":"M-SPA &#8211; K\u00fape\u013e\u0148ov\u00e1 va\u0148a prav\u00e1 s hydromas\u00e1\u017eou 634 B pre 1 osobu 168 x 87 x 60 cm"},"content":{"rendered":"<p>Opierky hlavy: 1 ks skrutkovan\u00e9<br \/>N\u00e1ter: akryl (ABS)<br \/>Vodn\u00e1 pumpa 0,7 kW<br \/>Voda trysky 9 ks (4 ve\u013ek\u00e9 \/ 5 mal\u00fdch)<br \/>Vzduchov\u00e9 \u010derpadlo 0,25 kW<br \/>Vzduchov\u00e9 trysky: 8 ks (spodn\u00e1 \u010das\u0165 vane)<br \/>Syst\u00e9m prevzdu\u0161\u0148ovania pre vodn\u00e9 trysky<br \/>Regul\u00e1tor prevzdu\u0161\u0148ovania<\/p>\n<p><strong>NOVINKA:<\/strong><\/p>\n<p>Gener\u00e1tor oz\u00f3nu<br \/>Multifunk\u010dn\u00e1 ru\u010dn\u00e1 sprcha\u00a0<br \/>1-regul\u00e1tor studenej \/ teplej vody\u00a0<br \/>Farebn\u00e9 podvodn\u00e9 osvetlenie: \u00e1no 1 ks\u00a0<br \/>Profilovan\u00e9 dno<br \/>Ovl\u00e1dac\u00ed panel: \u00e1no<br \/>R\u00e1dio: \u00e1no<br \/>Reproduktor: 1 ks<br \/>Bluetooth: \u00e1no\u00a0<br \/>3 vstavan\u00e9 strany<\/p>\n","protected":false},"excerpt":{"rendered":"<p>Opierky hlavy: 1 ks skrutkovan\u00e9N\u00e1ter: akryl (ABS)Vodn\u00e1 pumpa 0,7 kWVoda trysky 9 ks (4 ve\u013ek\u00e9 \/ 5 mal\u00fdch)Vzduchov\u00e9 \u010derpadlo 0,25 kWVzduchov\u00e9 trysky: 8 ks (spodn\u00e1 \u010das\u0165 vane)Syst\u00e9m prevzdu\u0161\u0148ovania pre vodn\u00e9 tryskyRegul\u00e1tor prevzdu\u0161\u0148ovania NOVINKA: Gener\u00e1tor oz\u00f3nuMultifunk\u010dn\u00e1 ru\u010dn\u00e1 sprcha\u00a01-regul\u00e1tor studenej \/ teplej vody\u00a0Farebn\u00e9 podvodn\u00e9 osvetlenie: \u00e1no 1 ks\u00a0Profilovan\u00e9 dnoOvl\u00e1dac\u00ed panel: \u00e1noR\u00e1dio: \u00e1noReproduktor: 1 ksBluetooth: \u00e1no\u00a03 vstavan\u00e9 strany<\/p>\n","protected":false},"featured_media":21872,"comment_status":"closed","ping_status":"open","template":"","meta":[],"product_brand":[2536],"product_cat":[168,65],"product_tag":[],"class_list":{"0":"post-21871","1":"product","2":"type-product","3":"status-publish","4":"has-post-thumbnail","6":"product_brand-m-spa","7":"product_cat-hydromasazne-vane","8":"product_cat-vane","9":"pa_napajanie-220-240-v-50-hz","10":"pa_pocet-miest-622","11":"pa_povrch-akryl","12":"pa_sirka-87-cm","13":"pa_vyrobca-m-spa","14":"pa_vyska-60-cm","15":"pa_zaruka-2-roky","17":"first","18":"outofstock","19":"sale","20":"taxable","21":"shipping-taxable","22":"purchasable","23":"product-type-simple"},"_links":{"self":[{"href":"https:\/\/diamondspa.sk\/sk\/wp-json\/wp\/v2\/product\/21871","targetHints":{"allow":["GET"]}}],"collection":[{"href":"https:\/\/diamondspa.sk\/sk\/wp-json\/wp\/v2\/product"}],"about":[{"href":"https:\/\/diamondspa.sk\/sk\/wp-json\/wp\/v2\/types\/product"}],"replies":[{"embeddable":true,"href":"https:\/\/diamondspa.sk\/sk\/wp-json\/wp\/v2\/comments?post=21871"}],"wp:featuredmedia":[{"embeddable":true,"href":"https:\/\/diamondspa.sk\/sk\/wp-json\/wp\/v2\/media\/21872"}],"wp:attachment":[{"href":"https:\/\/diamondspa.sk\/sk\/wp-json\/wp\/v2\/media?parent=21871"}],"wp:term":[{"taxonomy":"product_brand","embeddable":true,"href":"https:\/\/diamondspa.sk\/sk\/wp-json\/wp\/v2\/product_brand?post=21871"},{"taxonomy":"product_cat","embeddable":true,"href":"https:\/\/diamondspa.sk\/sk\/wp-json\/wp\/v2\/product_cat?post=21871"},{"taxonomy":"product_tag","embeddable":true,"href":"https:\/\/diamondspa.sk\/sk\/wp-json\/wp\/v2\/product_tag?post=21871"}],"curies":[{"name":"wp","href":"https:\/\/api.w.org\/{rel}","templated":true}]}}