{"id":21992,"date":"2024-03-10T05:17:13","date_gmt":"2024-03-10T04:17:13","guid":{"rendered":"https:\/\/diamondspa.sk\/product\/m-spa-spa-zahradna-vana-s-hydromasazou-expanzna-nadrz-240-x-240-x-100-cm\/"},"modified":"2025-08-15T08:35:16","modified_gmt":"2025-08-15T06:35:16","slug":"m-spa-spa-zahradna-vana-s-hydromasazou-expanzna-nadrz-240-x-240-x-100-cm","status":"publish","type":"product","link":"https:\/\/diamondspa.sk\/sk\/produkt\/m-spa-spa-zahradna-vana-s-hydromasazou-expanzna-nadrz-240-x-240-x-100-cm\/","title":{"rendered":"M-SPA &#8211; SPA z\u00e1hradn\u00e1 va\u0148a s hydromas\u00e1\u017eou + expanzn\u00e1 n\u00e1dr\u017e 240 x 240 x 100 cm"},"content":{"rendered":"<p><strong><span>\u0160PECIFIK\u00c1CIA PRODUKTU:<\/span><\/strong><\/p>\n<p><span>Vonkaj\u0161ie rozmery: 240 x 240 x 100 cm<\/span><br \/><span>Po\u010det miest na sedenie: 6 os\u00f4b<\/span><br \/><span>N\u00e1ter: Acrylic Aristech USA<\/span><br \/><span>Nap\u00e1janie: 380 ~ 400 V \/ 50 Hz<\/span><br \/><span>Po\u010det \u010derpadiel: 4 ks <br \/>Celkov\u00fd <\/span><span>v\u00fdkon: spolu cca 7,5 kW <br \/><\/span><span>Vodn\u00e1 <\/span><span>pumpa 2HP\/ 1,5 kW: 2 ks<\/span><br \/><span>Vodn\u00e9 obehov\u00e9 \u010derpadlo 1HP\/0,75kW: 1 ks<\/span><br \/><span>Vodn\u00e9 d\u00fdzy: 26 ks vr\u00e1tane:<\/span><br \/><span>\u2013 vodn\u00fdch d\u00fdz (2\u2033): 6 ks.\u00a0<\/span><em><span>(smerov\u00e9)<\/span><\/em><br \/><span>\u2013 vodn\u00e9 d\u00fdzy (3,5\u2033): 4 ks\u00a0<\/span><em><span>(smerov\u00e9)<\/span><\/em><br \/><span>\u2013 vodn\u00e9 d\u00fdzy (4,5\u2033): 6 ks\u00a0<\/span><em><span>(vr\u00e1tane 3 oto\u010dn\u00fdch)<\/span><\/em><br \/><span>\u2013 vodn\u00e9 d\u00fdzy (5\u2033): 10 ks\u00a0<\/span><em><span>(vr\u00e1tane 6 oto\u010dn\u00fdch )<\/span><\/em><br \/><span>Vzduchov\u00e9 \u010derpadlo 0,9 HP\/0,7 kW: 1 ks<\/span><br \/><span>Vzduchov\u00e9 trysky (1,5\u2033): 12 ks<\/span><br \/><span>3kW ohrieva\u010d vody: 1 ks\u00a0<\/span><em><span>(Balboa)<\/span><\/em><br \/><span>SPA svetlo: 1 ks\u00a0<\/span><em><span>(sedem farieb)<\/span><\/em><br \/><span>Vl\u00e1knov\u00e1 optika: 14 ks\u00a0<\/span><em><span>(sedem farieb)<\/span><\/em><br \/><span>Gener\u00e1tor oz\u00f3nu: \u00e1no<\/span><br \/><span>Prevzdu\u0161\u0148ovacie ventily: 2 ks (Easy-Flow Air Venturi)<\/span><br \/><span>Nas\u00e1vacie ventily: \u00e1no<\/span><br \/><span>Vstupn\u00e9 ventily: \u00e1no<\/span><br \/><span>Zapusten\u00e9 trysky vypl\u00e1chnite akrylom : \u00e1no<\/span><br \/><span>Trysky z nerezovej ocele: \u00e1no<\/span><br \/><span>Prepadov\u00e1 mrie\u017eka: \u00e1no<\/span><br \/><span>Prepadov\u00fd \u017e\u013eab: \u00e1no<\/span><br \/><span>Vyva\u017eovacia n\u00e1dr\u017e: \u00e1no<\/span><br \/><span>Nerezov\u00e1 kon\u0161trukcia: \u00e1no<\/span><br \/><span>Pln\u00e1 izol\u00e1cia um\u00fdvadla a pl\u00e1\u0161\u0165a vane: \u00e1no<\/span><br \/><span>Kartu\u0161ov\u00fd filter: 1 ks<\/span><br \/><span>Ovl\u00e1dac\u00ed panel: Balboa TP-600 pr\u00edp. VL-801D<\/span><\/p>\n<p><span>Dostupnos\u0165: 1 ks<\/span><br \/><span>Farba akrylu: Biela<\/span><br \/><span>Verzia: S grafitov\u00fdm pl\u00e1\u0161\u0165om<\/span><\/p>\n","protected":false},"excerpt":{"rendered":"<p>\u0160PECIFIK\u00c1CIA PRODUKTU: Vonkaj\u0161ie rozmery: 240 x 240 x 100 cmPo\u010det miest na sedenie: 6 os\u00f4bN\u00e1ter: Acrylic Aristech USANap\u00e1janie: 380 ~ 400 V \/ 50 HzPo\u010det \u010derpadiel: 4 ks Celkov\u00fd v\u00fdkon: spolu cca 7,5 kW Vodn\u00e1 pumpa 2HP\/ 1,5 kW: 2 ksVodn\u00e9 obehov\u00e9 \u010derpadlo 1HP\/0,75kW: 1 ksVodn\u00e9 d\u00fdzy: 26 ks vr\u00e1tane:\u2013 vodn\u00fdch d\u00fdz (2\u2033): 6 ks.\u00a0(smerov\u00e9)\u2013 [&hellip;]<\/p>\n","protected":false},"featured_media":21993,"comment_status":"closed","ping_status":"open","template":"","meta":[],"product_brand":[2536],"product_cat":[415],"product_tag":[],"class_list":{"0":"post-21992","1":"product","2":"type-product","3":"status-publish","4":"has-post-thumbnail","6":"product_brand-m-spa","7":"product_cat-zahradne-virivky-jacuzzi","8":"pa_napajanie-380-400-v-50-hz","9":"pa_pocet-miest-554","10":"pa_sirka-240-cm","11":"pa_vyrobca-m-spa","12":"pa_vyska-100-cm","13":"pa_zaruka-2-roky","15":"first","16":"instock","17":"taxable","18":"shipping-taxable","19":"purchasable","20":"product-type-simple"},"_links":{"self":[{"href":"https:\/\/diamondspa.sk\/sk\/wp-json\/wp\/v2\/product\/21992","targetHints":{"allow":["GET"]}}],"collection":[{"href":"https:\/\/diamondspa.sk\/sk\/wp-json\/wp\/v2\/product"}],"about":[{"href":"https:\/\/diamondspa.sk\/sk\/wp-json\/wp\/v2\/types\/product"}],"replies":[{"embeddable":true,"href":"https:\/\/diamondspa.sk\/sk\/wp-json\/wp\/v2\/comments?post=21992"}],"wp:featuredmedia":[{"embeddable":true,"href":"https:\/\/diamondspa.sk\/sk\/wp-json\/wp\/v2\/media\/21993"}],"wp:attachment":[{"href":"https:\/\/diamondspa.sk\/sk\/wp-json\/wp\/v2\/media?parent=21992"}],"wp:term":[{"taxonomy":"product_brand","embeddable":true,"href":"https:\/\/diamondspa.sk\/sk\/wp-json\/wp\/v2\/product_brand?post=21992"},{"taxonomy":"product_cat","embeddable":true,"href":"https:\/\/diamondspa.sk\/sk\/wp-json\/wp\/v2\/product_cat?post=21992"},{"taxonomy":"product_tag","embeddable":true,"href":"https:\/\/diamondspa.sk\/sk\/wp-json\/wp\/v2\/product_tag?post=21992"}],"curies":[{"name":"wp","href":"https:\/\/api.w.org\/{rel}","templated":true}]}}