{"id":21998,"date":"2024-03-10T05:17:13","date_gmt":"2024-03-10T04:17:13","guid":{"rendered":"https:\/\/diamondspa.sk\/product\/m-spa-spa-vana-s-hydromasaznou-zahradnou-218-x-218-x-98-cm\/"},"modified":"2025-08-15T08:35:16","modified_gmt":"2025-08-15T06:35:16","slug":"m-spa-spa-vana-s-hydromasaznou-zahradnou-218-x-218-x-98-cm","status":"publish","type":"product","link":"https:\/\/diamondspa.sk\/sk\/produkt\/m-spa-spa-vana-s-hydromasaznou-zahradnou-218-x-218-x-98-cm\/","title":{"rendered":"M-SPA &#8211; SPA va\u0148a s hydromas\u00e1\u017enou z\u00e1hradnou 218 x 218 x 98 cm"},"content":{"rendered":"<p><strong><span>\u0160PECIFIK\u00c1CIA PRODUKTU:<\/span><\/strong><\/p>\n<p><span>Vonkaj\u0161ie rozmery: 218 x 218 x 98 cm<\/span><br \/><span>Po\u010det miest na sedenie: 7 os\u00f4b<\/span><br \/><span>N\u00e1ter: Acrylic Aristech USA<\/span><br \/><span>Nap\u00e1janie: 380 ~ 400 V \/ 50 Hz<\/span><br \/><span>Po\u010det \u010derpadiel: 3 ks <br \/>Celkov\u00fd <\/span><span>v\u00fdkon: spolu cca 5,5 kW <br \/>Vodn\u00e1 <\/span><span>pumpa 2HP\/ 1,5kW: 1 ks<\/span><br \/><span>0,35HP\/0,25kW obehov\u00e9 vodn\u00e9 \u010derpadlo: 1 ks<\/span><br \/><span>Vodn\u00e9 trysky (3,5\u2033): 9 ks\u00a0<\/span><em><span>(smerov\u00e9)<\/span><\/em><br \/><span>0,9HP\/0,7kW vzduchov\u00e9 \u010derpadlo: 1 ks<\/span><br \/><span>Vzduchov\u00e9 d\u00fdzy (1,5\u2033): 12 ks<\/span><br \/><span>3kW ohrieva\u010d vody: 1 ks\u00a0<\/span><em><span>(Balboa)<\/span><\/em><br \/><span>SPA svetlo: 1 ks\u00a0<\/span><em><span>(sedem farieb)<\/span><\/em><br \/><span>Gener\u00e1tor oz\u00f3nu: \u00e1no<\/span><br \/><span>Prevzdu\u0161\u0148ovacie ventily: 2 ks\u00a0<\/span><em><span>(Easy-Flow Air Venturi)<\/span><\/em><br \/><span>Sacie ventily: \u00e1no<\/span><br \/><span>Vstupn\u00e9 ventily: \u00e1no<\/span><br \/><span>Trysky zapusten\u00e9 v jednej rovine s akryl\u00e1tom: \u00e1no<\/span><br \/><span>Trysky vyroben\u00e9 z nehrdzavej\u00facej ocele: \u00e1no<\/span><br \/><span>Prepadov\u00e1 mrie\u017eka: \u00e1no<\/span><br \/><span>Prepadov\u00fd \u017e\u013eab: \u00e1no<\/span><br \/><span>Kon\u0161trukcia z nehrdzavej\u00facej ocele: \u00e1no<\/span><br \/><span>Kartu\u0161ov\u00fd filter: 1 ks<\/span><br \/><span>Ovl\u00e1dac\u00ed panel: Balboa TP-600<\/span><\/p>\n","protected":false},"excerpt":{"rendered":"<p>\u0160PECIFIK\u00c1CIA PRODUKTU: Vonkaj\u0161ie rozmery: 218 x 218 x 98 cmPo\u010det miest na sedenie: 7 os\u00f4bN\u00e1ter: Acrylic Aristech USANap\u00e1janie: 380 ~ 400 V \/ 50 HzPo\u010det \u010derpadiel: 3 ks Celkov\u00fd v\u00fdkon: spolu cca 5,5 kW Vodn\u00e1 pumpa 2HP\/ 1,5kW: 1 ks0,35HP\/0,25kW obehov\u00e9 vodn\u00e9 \u010derpadlo: 1 ksVodn\u00e9 trysky (3,5\u2033): 9 ks\u00a0(smerov\u00e9)0,9HP\/0,7kW vzduchov\u00e9 \u010derpadlo: 1 ksVzduchov\u00e9 d\u00fdzy (1,5\u2033): [&hellip;]<\/p>\n","protected":false},"featured_media":21999,"comment_status":"closed","ping_status":"open","template":"","meta":[],"product_brand":[2536],"product_cat":[415],"product_tag":[],"class_list":{"0":"post-21998","1":"product","2":"type-product","3":"status-publish","4":"has-post-thumbnail","6":"product_brand-m-spa","7":"product_cat-zahradne-virivky-jacuzzi","8":"pa_napajanie-380-400-v-50-hz","9":"pa_pocet-miest-418","10":"pa_sirka-218-cm","11":"pa_vyrobca-m-spa","12":"pa_vyska-98-cm","13":"pa_zaruka-2-roky","15":"first","16":"instock","17":"sale","18":"taxable","19":"shipping-taxable","20":"purchasable","21":"product-type-simple"},"_links":{"self":[{"href":"https:\/\/diamondspa.sk\/sk\/wp-json\/wp\/v2\/product\/21998","targetHints":{"allow":["GET"]}}],"collection":[{"href":"https:\/\/diamondspa.sk\/sk\/wp-json\/wp\/v2\/product"}],"about":[{"href":"https:\/\/diamondspa.sk\/sk\/wp-json\/wp\/v2\/types\/product"}],"replies":[{"embeddable":true,"href":"https:\/\/diamondspa.sk\/sk\/wp-json\/wp\/v2\/comments?post=21998"}],"wp:featuredmedia":[{"embeddable":true,"href":"https:\/\/diamondspa.sk\/sk\/wp-json\/wp\/v2\/media\/21999"}],"wp:attachment":[{"href":"https:\/\/diamondspa.sk\/sk\/wp-json\/wp\/v2\/media?parent=21998"}],"wp:term":[{"taxonomy":"product_brand","embeddable":true,"href":"https:\/\/diamondspa.sk\/sk\/wp-json\/wp\/v2\/product_brand?post=21998"},{"taxonomy":"product_cat","embeddable":true,"href":"https:\/\/diamondspa.sk\/sk\/wp-json\/wp\/v2\/product_cat?post=21998"},{"taxonomy":"product_tag","embeddable":true,"href":"https:\/\/diamondspa.sk\/sk\/wp-json\/wp\/v2\/product_tag?post=21998"}],"curies":[{"name":"wp","href":"https:\/\/api.w.org\/{rel}","templated":true}]}}