{"id":22004,"date":"2024-03-10T05:17:13","date_gmt":"2024-03-10T04:17:13","guid":{"rendered":"https:\/\/diamondspa.sk\/product\/mspa-spa-zahradna-vana-s-hydromasazou-220-x-220-x-93-cm\/"},"modified":"2025-08-15T08:35:16","modified_gmt":"2025-08-15T06:35:16","slug":"mspa-spa-zahradna-vana-s-hydromasazou-220-x-220-x-93-cm","status":"publish","type":"product","link":"https:\/\/diamondspa.sk\/sk\/produkt\/mspa-spa-zahradna-vana-s-hydromasazou-220-x-220-x-93-cm\/","title":{"rendered":"MSPA &#8211; SPA z\u00e1hradn\u00e1 va\u0148a s hydromas\u00e1\u017eou 220 x 220 x 93 cm"},"content":{"rendered":"<p><span>Kapacita sedenia: 5 os\u00f4b\u00a0 <\/span><em><span>(vr\u00e1tane 1 polohovate\u013en\u00e9ho sedadla)<\/span><\/em><br \/><span>N\u00e1ter: Aristech USA akryl<\/span><br \/><span>Nap\u00e1janie: 380 ~ 400 V\/50 Hz<\/span><br \/><span>Po\u010det \u010derpadiel: 5\u00a0<\/span><br \/><span>Celkov\u00fd v\u00fdkon: cca 9 kW celkom<\/span><br \/><span>3HP\/2,25kW vodn\u00e9 \u010derpadlo: 1 ks<\/span><br \/><span>2HP\/1,5kW vodn\u00e9 \u010derpadlo: 2 ks<\/span><br \/><span>0,35HP\/0,25kW obehov\u00e9 vodn\u00e9 \u010derpadlo: 1 ks<\/span><br \/><span>Vodn\u00e9 d\u00fdzy: 118 ks vr\u00e1tane:<\/span><br \/><span>&#8211; vodn\u00fdch d\u00fdz (2 \u2033): 95 ks\u00a0<\/span><em><span>(smerov\u00e9)<\/span><\/em><br \/><span>\u2013 vodn\u00e9 trysky (2,2\u2033): 2 ks\u00a0\u00a0<\/span><em><span>(smerov\u00e9 \u2013 na mas\u00e1\u017e ramien)<\/span><br \/><span>\u2013 vodn\u00e9 trysky (2,5\u2033): 6 ks (oto\u010dn\u00e9)<\/span><\/em><br \/><span>\u2013 vodn\u00e9 trysky (3,5\u2033): 13 ks (\u00a0<\/span><em><span>vr\u00e1tane 6 oto\u010dn\u00fdch)<\/span><br \/><\/em><span>&#8211; vodn\u00e9 trysky (5\u2033): 2 ks\u00a0<\/span><em><span>(oto\u010dn\u00e9)<\/span><\/em><br \/><span>Vzduchov\u00e9 \u010derpadlo 0,9 HP\/0,7 kW: 1 ks<\/span><br \/><span>Vzduchov\u00e9 trysky (1,5\u2033): 12 ks<\/span><br \/><span>3kW ohrieva\u010d vody: 1 ks\u00a0\u00a0<\/span><em><span>(Balboa)<\/span><\/em><br \/><span>SPA svetlo: 1 ks\u00a0\u00a0<\/span><em><span>(sedem druhov farieb)<\/span><br \/><\/em><span>Vl\u00e1knov\u00e1 optika: 68 ks (\u00a0<\/span><em><span>sedem farby)<\/span><br \/><\/em><span>Font\u00e1ny\u00a0<\/span><em><span>(osvetlen\u00e9)<\/span><\/em><span>\u00a0: 2 ks\u00a0\u00a0<\/span><em><span>(sedem farieb)<\/span><br \/><\/em><span>Vodop\u00e1d\u00a0\u00a0<\/span><em><span>(osvetlen\u00e9)<\/span><\/em><span>\u00a0: 1 ks\u00a0\u00a0<\/span><em><span>(sedem farieb)<\/span><\/em><br \/><span>Gener\u00e1tor oz\u00f3nu: \u00e1no<\/span><br \/><span>Prevzdu\u0161\u0148ovacie ventily: 5 ks\u00a0<\/span><em><span>(Easy-Flow Air Venturi)<\/span><br \/><\/em><span>Ventily na regul\u00e1ciu pr\u00edvodu vody: 2 ks\u00a0 <\/span><em><span>(Comfort Diverter Valves)<\/span><br \/><\/em><span>Ventil na regul\u00e1ciu vodop\u00e1du: \u00e1no<\/span><br \/><span>Ventil na regul\u00e1ciu vodn\u00fdch st\u013apcov: \u00e1no<\/span><br \/><span>Ventil na regul\u00e1ciu mas\u00e1\u017enych trysiek ramien: \u00e1no<\/span><br \/><span>Nas\u00e1vacie ventily: \u00e1no<\/span><br \/><span>Vstupn\u00e9 ventily<\/span><br \/><span>Trysky zapusten\u00e9 s akrylom<\/span><br \/><span>Trysky z nehrdzavej\u00facej ocele<\/span><br \/><span>Kon\u0161trukcia z nehrdzavej\u00facej ocele<\/span><br \/><span>Va\u0148a vybaven\u00e1 plnou tepelnou izol\u00e1ciou<\/span><br \/><span>Aromaterapia<\/span><br \/><span>Kartu\u0161ov\u00fd filter<\/span><br \/><span>Opierky hlavy: 3 ks<\/span><br \/><span>Ovl\u00e1dac\u00ed panel: Balboa TP-600 alebo VL801D<\/span><\/p>\n","protected":false},"excerpt":{"rendered":"<p>Kapacita sedenia: 5 os\u00f4b\u00a0 (vr\u00e1tane 1 polohovate\u013en\u00e9ho sedadla)N\u00e1ter: Aristech USA akrylNap\u00e1janie: 380 ~ 400 V\/50 HzPo\u010det \u010derpadiel: 5\u00a0Celkov\u00fd v\u00fdkon: cca 9 kW celkom3HP\/2,25kW vodn\u00e9 \u010derpadlo: 1 ks2HP\/1,5kW vodn\u00e9 \u010derpadlo: 2 ks0,35HP\/0,25kW obehov\u00e9 vodn\u00e9 \u010derpadlo: 1 ksVodn\u00e9 d\u00fdzy: 118 ks vr\u00e1tane:&#8211; vodn\u00fdch d\u00fdz (2 \u2033): 95 ks\u00a0(smerov\u00e9)\u2013 vodn\u00e9 trysky (2,2\u2033): 2 ks\u00a0\u00a0(smerov\u00e9 \u2013 na mas\u00e1\u017e ramien)\u2013 [&hellip;]<\/p>\n","protected":false},"featured_media":22005,"comment_status":"closed","ping_status":"open","template":"","meta":[],"product_brand":[2536],"product_cat":[415],"product_tag":[],"class_list":{"0":"post-22004","1":"product","2":"type-product","3":"status-publish","4":"has-post-thumbnail","6":"product_brand-m-spa","7":"product_cat-zahradne-virivky-jacuzzi","8":"pa_napajanie-380-400-v-50-hz","9":"pa_pocet-miest-414","10":"pa_pocet-trysiek-1430","11":"pa_sirka-220-cm","12":"pa_vyrobca-m-spa","13":"pa_vyska-93-cm","14":"pa_zaruka-2-roky","16":"first","17":"instock","18":"taxable","19":"shipping-taxable","20":"purchasable","21":"product-type-simple"},"_links":{"self":[{"href":"https:\/\/diamondspa.sk\/sk\/wp-json\/wp\/v2\/product\/22004","targetHints":{"allow":["GET"]}}],"collection":[{"href":"https:\/\/diamondspa.sk\/sk\/wp-json\/wp\/v2\/product"}],"about":[{"href":"https:\/\/diamondspa.sk\/sk\/wp-json\/wp\/v2\/types\/product"}],"replies":[{"embeddable":true,"href":"https:\/\/diamondspa.sk\/sk\/wp-json\/wp\/v2\/comments?post=22004"}],"wp:featuredmedia":[{"embeddable":true,"href":"https:\/\/diamondspa.sk\/sk\/wp-json\/wp\/v2\/media\/22005"}],"wp:attachment":[{"href":"https:\/\/diamondspa.sk\/sk\/wp-json\/wp\/v2\/media?parent=22004"}],"wp:term":[{"taxonomy":"product_brand","embeddable":true,"href":"https:\/\/diamondspa.sk\/sk\/wp-json\/wp\/v2\/product_brand?post=22004"},{"taxonomy":"product_cat","embeddable":true,"href":"https:\/\/diamondspa.sk\/sk\/wp-json\/wp\/v2\/product_cat?post=22004"},{"taxonomy":"product_tag","embeddable":true,"href":"https:\/\/diamondspa.sk\/sk\/wp-json\/wp\/v2\/product_tag?post=22004"}],"curies":[{"name":"wp","href":"https:\/\/api.w.org\/{rel}","templated":true}]}}