{"id":22008,"date":"2024-03-10T05:17:13","date_gmt":"2024-03-10T04:17:13","guid":{"rendered":"https:\/\/diamondspa.sk\/product\/m-spa-spa-zahradna-vana-s-hydromasaznou-240-x-240-x-93-cm\/"},"modified":"2025-08-15T08:35:16","modified_gmt":"2025-08-15T06:35:16","slug":"m-spa-spa-zahradna-vana-s-hydromasaznou-240-x-240-x-93-cm","status":"publish","type":"product","link":"https:\/\/diamondspa.sk\/sk\/produkt\/m-spa-spa-zahradna-vana-s-hydromasaznou-240-x-240-x-93-cm\/","title":{"rendered":"M-SPA &#8211; SPA z\u00e1hradn\u00e1 va\u0148a s hydromas\u00e1\u017enou 240 x 240 x 93 cm"},"content":{"rendered":"<p><span>Vonkaj\u0161ie rozmery: 240 x 240 x 93 cm<\/span><br \/><span>Po\u010det miest na sedenie: 7 os\u00f4b\u00a0\u00a0<\/span><em><span>(vr\u00e1tane 3 miest na le\u017eanie)<\/span><\/em><br \/><span>N\u00e1ter: Acrylic Aristech USA<\/span><br \/><span>Nap\u00e1janie: 380 ~ 400 V \/ 50 Hz<\/span><br \/><span>Po\u010det \u010derpadiel: 5 ks Celkov\u00fd<\/span><br \/><span>v\u00fdkon: cca 10 kW celkom<\/span><br \/><span>3HP\/2,25kW vodn\u00e9 \u010derpadlo: 1 ks<\/span><br \/><span>Vodn\u00e9 \u010derpadlo 2HP\/1,5kW: 2 ks<\/span><br \/><span>1HP\/0,75kW obehov\u00e9 vodn\u00e9 \u010derpadlo: 1 ks<\/span><br \/><span>Vodn\u00e9 trysky: 151 ks vr\u00e1tane:<\/span><br \/><span>\u2013 Vodn\u00e9 trysky (2\u2033): 125 ks\u00a0<\/span><em><span>(smerov\u00e9)<\/span><\/em><br \/><span>&#8211; Vodn\u00e9 d\u00fdzy (2,5&#8243;): 10 ks\u00a0<\/span><em><span>\u00a0(oto\u010dn\u00e9)<\/span><\/em><br \/><span>&#8211; Vodn\u00e9 d\u00fdzy (3,5&#8243;): 14 ks\u00a0<\/span><em><span>(vr\u00e1tane 6 oto\u010dn\u00fdch)<\/span><\/em><br \/><span>&#8211; Vodn\u00e9 d\u00fdzy (5&#8243;): 2 ks\u00a0<\/span><em><span>(vr\u00e1tane 1 oto\u010dn\u00e9ho )<\/span><\/em><br \/><span>Vzduchov\u00e9 \u010derpadlo 0,9HP \/ 0,7kW: 1 ks<\/span><br \/><span>Vzduchov\u00e9 trysky (1,5 &#8222;): 12 ks.<\/span><br \/><span>3kW ohrieva\u010d vody: 1 ks\u00a0\u00a0<\/span><em><span>(Balboa)<\/span><\/em><br \/><span>SPA svetlo: 1 ks\u00a0\u00a0<\/span><em><span>(sedem farieb)<\/span><br \/><\/em><span>Vl\u00e1knov\u00e1 optika: 52 ks\u00a0<\/span><em><span>(sedem farieb)<\/span><br \/><\/em><span>Vodn\u00e9 st\u013apce\u00a0\u00a0<\/span><em><span>(osvetlen\u00e9)<\/span><\/em><span>\u00a0: 2 ks\u00a0\u00a0<\/span><em><span>(sedem farieb)<\/span><br \/><\/em><span>Vodop\u00e1d\u00a0\u00a0<\/span><em><span>(osvetlen\u00e9)<\/span><\/em><span>\u00a0: 1 ks\u00a0<\/span><em><span>(sedem farieb)<\/span><\/em><br \/><span>Gener\u00e1tor oz\u00f3nu<\/span><br \/><span>Prevzdu\u0161\u0148ovacie ventily: 5 ks\u00a0\u00a0<\/span><em><span>(Easy-Flow Air Venturi)<\/span><br \/><\/em><span>Regula\u010dn\u00e9 ventily pr\u00edvodu vody: 2 ks\u00a0\u00a0<\/span><em><span>(Comfort Diverter Valves)<\/span><br \/><\/em><span>Vodop\u00e1dov\u00fd regula\u010dn\u00fd ventil<\/span><br \/><span>Regula\u010dn\u00fd ventil vodn\u00e9ho st\u013apca\u00a0<\/span><br \/><span>Nas\u00e1vacie ventily\u00a0<\/span><br \/><span>Vstupn\u00e9 ventily<\/span><br \/><span>Trysky zapusten\u00e9 v jednej rovine s akryl\u00e1tom<\/span><br \/><span>Trysky z nehrdzavej\u00facej ocele<\/span><br \/><span>Kon\u0161trukcia z nehrdzavej\u00facej ocele<\/span><br \/><span>Aromaterapia<\/span><br \/><span>Patr\u00f3nov\u00fd filter<\/span><br \/><span>Opierky hlavy: 5 ks<\/span><br \/><span>Ovl\u00e1dac\u00ed panel: Balboa TP-600<\/span><\/p>\n","protected":false},"excerpt":{"rendered":"<p>Vonkaj\u0161ie rozmery: 240 x 240 x 93 cmPo\u010det miest na sedenie: 7 os\u00f4b\u00a0\u00a0(vr\u00e1tane 3 miest na le\u017eanie)N\u00e1ter: Acrylic Aristech USANap\u00e1janie: 380 ~ 400 V \/ 50 HzPo\u010det \u010derpadiel: 5 ks Celkov\u00fdv\u00fdkon: cca 10 kW celkom3HP\/2,25kW vodn\u00e9 \u010derpadlo: 1 ksVodn\u00e9 \u010derpadlo 2HP\/1,5kW: 2 ks1HP\/0,75kW obehov\u00e9 vodn\u00e9 \u010derpadlo: 1 ksVodn\u00e9 trysky: 151 ks vr\u00e1tane:\u2013 Vodn\u00e9 trysky (2\u2033): [&hellip;]<\/p>\n","protected":false},"featured_media":22009,"comment_status":"closed","ping_status":"open","template":"","meta":[],"product_brand":[2536],"product_cat":[415],"product_tag":[],"class_list":{"0":"post-22008","1":"product","2":"type-product","3":"status-publish","4":"has-post-thumbnail","6":"product_brand-m-spa","7":"product_cat-zahradne-virivky-jacuzzi","8":"pa_napajanie-380-400-v-50-hz","9":"pa_pocet-miest-418","10":"pa_pocet-trysiek-1432","11":"pa_sirka-240-cm","12":"pa_vyrobca-m-spa","13":"pa_vyska-93-cm","14":"pa_zaruka-2-roky","16":"first","17":"instock","18":"taxable","19":"shipping-taxable","20":"purchasable","21":"product-type-simple"},"_links":{"self":[{"href":"https:\/\/diamondspa.sk\/sk\/wp-json\/wp\/v2\/product\/22008","targetHints":{"allow":["GET"]}}],"collection":[{"href":"https:\/\/diamondspa.sk\/sk\/wp-json\/wp\/v2\/product"}],"about":[{"href":"https:\/\/diamondspa.sk\/sk\/wp-json\/wp\/v2\/types\/product"}],"replies":[{"embeddable":true,"href":"https:\/\/diamondspa.sk\/sk\/wp-json\/wp\/v2\/comments?post=22008"}],"wp:featuredmedia":[{"embeddable":true,"href":"https:\/\/diamondspa.sk\/sk\/wp-json\/wp\/v2\/media\/22009"}],"wp:attachment":[{"href":"https:\/\/diamondspa.sk\/sk\/wp-json\/wp\/v2\/media?parent=22008"}],"wp:term":[{"taxonomy":"product_brand","embeddable":true,"href":"https:\/\/diamondspa.sk\/sk\/wp-json\/wp\/v2\/product_brand?post=22008"},{"taxonomy":"product_cat","embeddable":true,"href":"https:\/\/diamondspa.sk\/sk\/wp-json\/wp\/v2\/product_cat?post=22008"},{"taxonomy":"product_tag","embeddable":true,"href":"https:\/\/diamondspa.sk\/sk\/wp-json\/wp\/v2\/product_tag?post=22008"}],"curies":[{"name":"wp","href":"https:\/\/api.w.org\/{rel}","templated":true}]}}