{"id":22011,"date":"2024-03-10T05:17:13","date_gmt":"2024-03-10T04:17:13","guid":{"rendered":"https:\/\/diamondspa.sk\/product\/m-spa-spa-zahradna-vana-s-hydromasazou-190-x-135-x-78-cm\/"},"modified":"2025-08-15T08:35:16","modified_gmt":"2025-08-15T06:35:16","slug":"m-spa-spa-zahradna-vana-s-hydromasazou-190-x-135-x-78-cm","status":"publish","type":"product","link":"https:\/\/diamondspa.sk\/sk\/produkt\/m-spa-spa-zahradna-vana-s-hydromasazou-190-x-135-x-78-cm\/","title":{"rendered":"M-SPA &#8211; SPA z\u00e1hradn\u00e1 va\u0148a s hydromas\u00e1\u017eou 190 x 135 x 78 cm"},"content":{"rendered":"<p><span>Vonkaj\u0161ie rozmery: 190 x 135 x 78 cm<\/span><br \/><span>Po\u010det miest na sedenie: 2 osoby\u00a0<\/span><em><span>(vr\u00e1tane 2 miest na le\u017eanie)<\/span><\/em><br \/><span>N\u00e1ter: Aristech USA akryl<\/span><br \/><span>Nap\u00e1janie: 220 ~ 240 V \/ 50 Hz<\/span><br \/><span>Po\u010det \u010derpadiel: celkom 2 ks<\/span><br \/><span>Celkov\u00fd v\u00fdkon: cca 5,5 celkom kW<\/span><br \/><span>Vodn\u00e9 \u010derpadlo 3HP\/2,25kW: 1 ks<\/span><br \/><span>Vodn\u00e9 obehov\u00e9 \u010derpadlo 0,35HP\/0,25kW: 1 ks<\/span><br \/><span>Vodn\u00e9 trysky: 22 ks Vr\u00e1tane:<\/span><br \/><span>\u2013 Vodn\u00e9 trysky (2,5\u2033): 12 ks\u00a0<\/span><em><span>(vr\u00e1tane 5 oto\u010dn\u00fdch)<\/span><\/em><br \/><span>\u2013 Voda trysky (3,5\u2033): 9 ks\u00a0<\/span><em><span>(vr\u00e1tane 2 oto\u010dn\u00fdch)<\/span><\/em><em><br \/><\/em><span>\u2013 Vodn\u00e9 trysky (5\u2033): 1 ks\u00a0<\/span><em><span>(oto\u010dn\u00e9)<\/span><\/em><br \/><span>Akupunkt\u00farne trysky (1,5\u2033): 12 ks<\/span><br \/><span>.3kW ohrieva\u010d vody: 1ks\u00a0\u00a0<\/span><em><span>(Balboa)<\/span><\/em><br \/><span>SPA svetlo: 1ks\u00a0\u00a0(\u00a0<\/span><em><span>sedem druhov farieb)<\/span><br \/><\/em><span>Optick\u00e9 vl\u00e1kna: 14 ks\u00a0<\/span><em><span>(sedem farieb)<\/span><\/em><em><br \/><\/em><span>Vodop\u00e1d (osvetlen\u00fd): 1 ks\u00a0\u00a0<\/span><em><span>(sedem farieb)<\/span><br \/><\/em><span>Osvetlen\u00e9 rohy: \u00e1no\u00a0<\/span><em><span>\u00a0(sedem farieb)<\/span><\/em><br \/><span>Gener\u00e1tor oz\u00f3nu<\/span><br \/><span>Prevzdu\u0161\u0148ovacie ventily: 2 ks\u00a0<\/span><em><span>(Easy-Flow Air Venturi)<\/span><\/em><em><br \/><\/em><span>Ventil na regul\u00e1ciu vodop\u00e1du<\/span><br \/><span>Nas\u00e1vacie ventily<\/span><br \/><span>Vstupn\u00e9 ventily<\/span><br \/><span>Splachovacie zapusten\u00e9 trysky s akrylom<\/span><br \/><span>Trysky z nehrdzavej\u00facej ocele<br \/><\/span><span>Kon\u0161trukcia z nehrdzavej\u00facej ocele<\/span><br \/><span>Kartu\u0161ov\u00fd filter<\/span><br \/><span>Opierky hlavy: 2 ks<\/span><br \/><span>Ovl\u00e1danie panelu: Balboa TP-500S<\/span><\/p>\n","protected":false},"excerpt":{"rendered":"<p>Vonkaj\u0161ie rozmery: 190 x 135 x 78 cmPo\u010det miest na sedenie: 2 osoby\u00a0(vr\u00e1tane 2 miest na le\u017eanie)N\u00e1ter: Aristech USA akrylNap\u00e1janie: 220 ~ 240 V \/ 50 HzPo\u010det \u010derpadiel: celkom 2 ksCelkov\u00fd v\u00fdkon: cca 5,5 celkom kWVodn\u00e9 \u010derpadlo 3HP\/2,25kW: 1 ksVodn\u00e9 obehov\u00e9 \u010derpadlo 0,35HP\/0,25kW: 1 ksVodn\u00e9 trysky: 22 ks Vr\u00e1tane:\u2013 Vodn\u00e9 trysky (2,5\u2033): 12 ks\u00a0(vr\u00e1tane 5 [&hellip;]<\/p>\n","protected":false},"featured_media":22012,"comment_status":"closed","ping_status":"open","template":"","meta":[],"product_brand":[2536],"product_cat":[415],"product_tag":[],"class_list":{"0":"post-22011","1":"product","2":"type-product","3":"status-publish","4":"has-post-thumbnail","6":"product_brand-m-spa","7":"product_cat-zahradne-virivky-jacuzzi","8":"pa_napajanie-220-240v-50hz","9":"pa_pocet-miest-166","10":"pa_pocet-trysiek-1433","11":"pa_sirka-135-cm","12":"pa_vyrobca-m-spa","13":"pa_vyska-78-cm","14":"pa_zaruka-2-roky","16":"first","17":"instock","18":"taxable","19":"shipping-taxable","20":"purchasable","21":"product-type-simple"},"_links":{"self":[{"href":"https:\/\/diamondspa.sk\/sk\/wp-json\/wp\/v2\/product\/22011","targetHints":{"allow":["GET"]}}],"collection":[{"href":"https:\/\/diamondspa.sk\/sk\/wp-json\/wp\/v2\/product"}],"about":[{"href":"https:\/\/diamondspa.sk\/sk\/wp-json\/wp\/v2\/types\/product"}],"replies":[{"embeddable":true,"href":"https:\/\/diamondspa.sk\/sk\/wp-json\/wp\/v2\/comments?post=22011"}],"wp:featuredmedia":[{"embeddable":true,"href":"https:\/\/diamondspa.sk\/sk\/wp-json\/wp\/v2\/media\/22012"}],"wp:attachment":[{"href":"https:\/\/diamondspa.sk\/sk\/wp-json\/wp\/v2\/media?parent=22011"}],"wp:term":[{"taxonomy":"product_brand","embeddable":true,"href":"https:\/\/diamondspa.sk\/sk\/wp-json\/wp\/v2\/product_brand?post=22011"},{"taxonomy":"product_cat","embeddable":true,"href":"https:\/\/diamondspa.sk\/sk\/wp-json\/wp\/v2\/product_cat?post=22011"},{"taxonomy":"product_tag","embeddable":true,"href":"https:\/\/diamondspa.sk\/sk\/wp-json\/wp\/v2\/product_tag?post=22011"}],"curies":[{"name":"wp","href":"https:\/\/api.w.org\/{rel}","templated":true}]}}