{"id":22019,"date":"2024-03-10T05:17:13","date_gmt":"2024-03-10T04:17:13","guid":{"rendered":"https:\/\/diamondspa.sk\/product\/m-spa-spa-zahradna-vana-s-hydromasazou-210-x-210-x-80-cm\/"},"modified":"2025-08-15T08:35:16","modified_gmt":"2025-08-15T06:35:16","slug":"m-spa-spa-zahradna-vana-s-hydromasazou-210-x-210-x-80-cm","status":"publish","type":"product","link":"https:\/\/diamondspa.sk\/sk\/produkt\/m-spa-spa-zahradna-vana-s-hydromasazou-210-x-210-x-80-cm\/","title":{"rendered":"M-SPA &#8211; SPA z\u00e1hradn\u00e1 va\u0148a s hydromas\u00e1\u017eou 210 x 210 x 80 cm"},"content":{"rendered":"<p><span>Vonkaj\u0161ie rozmery: 210 x 210 x 80 cm<\/span><br \/><span>Po\u010det sedadiel: 4 osoby\u00a0<\/span><em><span>(z toho 2 miesta na le\u017eanie)<\/span><\/em><br \/><span>N\u00e1ter: Acrylic Aristech USA<\/span><br \/><span>Nap\u00e1janie: 380 ~ 400 V \/ 50 Hz<\/span><br \/><span>Po\u010det \u010derpadiel: 4 ks celkovo<\/span><br \/><span>Celkov\u00fd v\u00fdkon: cca 8,2 celkov\u00fd kW<\/span><br \/><span>3HP\/2,25kW vodn\u00e9 \u010derpadlo: 2 ks<\/span><br \/><span>0,35HP\/0,25kW obehov\u00e9 vodn\u00e9 \u010derpadlo: 1 ks<\/span><br \/><span>Vodn\u00e9 d\u00fdzy: 53 ks vr\u00e1tane:<\/span><br \/><span>\u2013 Vodn\u00e9 d\u00fdzy (2,5\u2033): 27 ks\u00a0<\/span><em><span>(vr\u00e1tane 5 rotuj\u00facich)<\/span><\/em><br \/><span>\u2013 Voda trysky (3,5\u2033): 21 ks\u00a0<\/span><em><span>(vr\u00e1tane 13 oto\u010dn\u00fdch)<\/span><\/em><em><br \/><\/em><span>\u2013 Vodn\u00e9 d\u00fdzy (5\u2033): 5 ks\u00a0\u00a0<\/span><em><span>(vr\u00e1tane 2 oto\u010dn\u00fdch)<\/span><\/em><br \/><span>Vzduchov\u00e9 \u010derpadlo 0,55HP\/0,4kW : 1 ks.<\/span><br \/><span>Vzduchov\u00e9 d\u00fdzy (1,5\u2033): 8 ks<\/span><br \/><span>3kW ohrieva\u010d vody: 1 ks\u00a0\u00a0<\/span><em><span>(Balboa)<\/span><\/em><br \/><span>SPA svetlo: 1 ks\u00a0\u00a0.<\/span><em><span>(sedem farieb)<\/span><br \/><\/em><span>Vl\u00e1knov\u00e1 optika: 16 ks\u00a0<\/span><em><span>(sedem farieb)<\/span><br \/><\/em><span>Stropn\u00e9 svetlo (LED): 2 ks\u00a0<\/span><em><span>\u00a0(sedem farieb)<\/span><br \/><\/em><span>Vodn\u00e9 st\u013apce (osvetlen\u00e9): 2 ks\u00a0\u00a0<\/span><em><span>(sedem farieb)<\/span><br \/><\/em><span>Vodop\u00e1d (osvetlen\u00e9): 1 ks (\u00a0\u00a0<\/span><em><span>sedem farieb)<\/span><br \/><\/em><span>Osvetlen\u00e9 rohy : \u00e1no\u00a0<\/span><em><span>\u00a0(sedem farieb)<\/span><\/em><br \/><span>Gener\u00e1tor oz\u00f3nu<\/span><br \/><span>Prevzdu\u0161\u0148ovacie ventily: 3 ks\u00a0<\/span><em><span>(Easy-Flow Air Venturi)<\/span><\/em><em><br \/><\/em><span>Vodop\u00e1dov\u00fd regula\u010dn\u00fd ventil<\/span><br \/><span>Regula\u010dn\u00fd ventil vodn\u00e9ho st\u013apca<\/span><br \/><span>Nas\u00e1vacie ventily<\/span><br \/><span>Vstup ventilov<\/span><br \/><span>Trysky zapusten\u00e9 s akrylom<\/span><br \/><span>Trysky vyroben\u00e9 z nehrdzavej\u00facej ocele<\/span><br \/><span>Nerezov\u00e1 kon\u0161trukcia<\/span><br \/><span>Va\u0148a vybaven\u00e1 plnou tepelnou izol\u00e1ciou<\/span><br \/><span>Kartu\u0161ov\u00fd filter: 2 ks<\/span><br \/><span>Ovl\u00e1dac\u00ed panel: Balboa TP-600 alebo VL-801D<\/span><\/p>\n","protected":false},"excerpt":{"rendered":"<p>Vonkaj\u0161ie rozmery: 210 x 210 x 80 cmPo\u010det sedadiel: 4 osoby\u00a0(z toho 2 miesta na le\u017eanie)N\u00e1ter: Acrylic Aristech USANap\u00e1janie: 380 ~ 400 V \/ 50 HzPo\u010det \u010derpadiel: 4 ks celkovoCelkov\u00fd v\u00fdkon: cca 8,2 celkov\u00fd kW3HP\/2,25kW vodn\u00e9 \u010derpadlo: 2 ks0,35HP\/0,25kW obehov\u00e9 vodn\u00e9 \u010derpadlo: 1 ksVodn\u00e9 d\u00fdzy: 53 ks vr\u00e1tane:\u2013 Vodn\u00e9 d\u00fdzy (2,5\u2033): 27 ks\u00a0(vr\u00e1tane 5 rotuj\u00facich)\u2013 [&hellip;]<\/p>\n","protected":false},"featured_media":22020,"comment_status":"closed","ping_status":"open","template":"","meta":[],"product_brand":[2536],"product_cat":[415],"product_tag":[],"class_list":{"0":"post-22019","1":"product","2":"type-product","3":"status-publish","4":"has-post-thumbnail","6":"product_brand-m-spa","7":"product_cat-zahradne-virivky-jacuzzi","8":"pa_napajanie-380-400-v-50-hz","9":"pa_pocet-miest-717","10":"pa_pocet-trysiek-1434","11":"pa_povrch-akryl","12":"pa_sirka-210-cm","13":"pa_vyrobca-m-spa","14":"pa_vyska-80-cm","15":"pa_zaruka-2-roky","17":"first","18":"instock","19":"taxable","20":"shipping-taxable","21":"purchasable","22":"product-type-simple"},"_links":{"self":[{"href":"https:\/\/diamondspa.sk\/sk\/wp-json\/wp\/v2\/product\/22019","targetHints":{"allow":["GET"]}}],"collection":[{"href":"https:\/\/diamondspa.sk\/sk\/wp-json\/wp\/v2\/product"}],"about":[{"href":"https:\/\/diamondspa.sk\/sk\/wp-json\/wp\/v2\/types\/product"}],"replies":[{"embeddable":true,"href":"https:\/\/diamondspa.sk\/sk\/wp-json\/wp\/v2\/comments?post=22019"}],"wp:featuredmedia":[{"embeddable":true,"href":"https:\/\/diamondspa.sk\/sk\/wp-json\/wp\/v2\/media\/22020"}],"wp:attachment":[{"href":"https:\/\/diamondspa.sk\/sk\/wp-json\/wp\/v2\/media?parent=22019"}],"wp:term":[{"taxonomy":"product_brand","embeddable":true,"href":"https:\/\/diamondspa.sk\/sk\/wp-json\/wp\/v2\/product_brand?post=22019"},{"taxonomy":"product_cat","embeddable":true,"href":"https:\/\/diamondspa.sk\/sk\/wp-json\/wp\/v2\/product_cat?post=22019"},{"taxonomy":"product_tag","embeddable":true,"href":"https:\/\/diamondspa.sk\/sk\/wp-json\/wp\/v2\/product_tag?post=22019"}],"curies":[{"name":"wp","href":"https:\/\/api.w.org\/{rel}","templated":true}]}}