{"id":22030,"date":"2024-03-10T05:17:13","date_gmt":"2024-03-10T04:17:13","guid":{"rendered":"https:\/\/diamondspa.sk\/product\/m-spa-spa-zahradna-vana-s-hydromasazou-220-x-195-x-80-cm\/"},"modified":"2025-08-15T08:35:17","modified_gmt":"2025-08-15T06:35:17","slug":"m-spa-spa-zahradna-vana-s-hydromasazou-220-x-195-x-80-cm","status":"publish","type":"product","link":"https:\/\/diamondspa.sk\/sk\/produkt\/m-spa-spa-zahradna-vana-s-hydromasazou-220-x-195-x-80-cm\/","title":{"rendered":"M-SPA &#8211; SPA z\u00e1hradn\u00e1 va\u0148a s hydromas\u00e1\u017eou 220 x 195 x 80 cm"},"content":{"rendered":"<p><span>Vonkaj\u0161ie rozmery: 220 x 195 x 80 cm<\/span><br \/><span>Kapacita sedenia: 5 os\u00f4b\u00a0<\/span><em><span>(z toho 1 polohovate\u013en\u00e9 sedadlo)<\/span><\/em><br \/><span>N\u00e1ter: Aristech USA akryl<\/span><br \/><span>Nap\u00e1janie: 380~ 400 V\/50 Hz<\/span><br \/><span>Po\u010det \u010derpadiel: spolu 4 ks<\/span><br \/><span>Celkov\u00fd v\u00fdkon: cca 6,5 \u200b\u200bkW celkom<\/span><br \/><span>Vodn\u00e9 \u010derpadlo 1,5HP\/1,1kW: 1 ks<\/span><br \/><span>Vodn\u00e9 \u010derpadlo 2HP\/1,5kW: 1 ks<\/span><br \/><span>Vodn\u00e9 cirkula\u010dn\u00e9 \u010derpadlo 0,35HP\/0,25kW: 1 ks<\/span><br \/><span>Vodn\u00e9 d\u00fdzy: 22 ks Vr\u00e1tane:<\/span><br \/><span>\u2013 Vodn\u00e9 d\u00fdzy (3,5&#8243;): 2 ks\u00a0<\/span><em><span>(oto\u010dn\u00e9)<\/span><\/em><br \/><span>&#8211; Vodn\u00e9 d\u00fdzy (4,5&#8243;): 16 ks\u00a0<\/span><em><span>(vr\u00e1tane 9 oto\u010dn\u00fdch)<\/span><br \/><\/em><span>&#8211; Vodn\u00e9 d\u00fdzy (5&#8243;): 4 ks\u00a0<\/span><em><span>(vr\u00e1tane 2 oto\u010dn\u00fdch) )<\/span><\/em><br \/><span>Vzduchov\u00e9 \u010derpadlo 0,9HP\/0,7kW: 1 ks.<\/span><br \/><span>Vzduchov\u00e9 trysky (1,5\u2033): 12 ks.<\/span><br \/><span>3kW ohrieva\u010d vody: 1 ks\u00a0\u00a0<\/span><em><span>(Balboa)<\/span><\/em><br \/><span>SPA svetlo: 1 ks\u00a0\u00a0<\/span><em><span>(sedem farieb)<\/span><br \/><\/em><span>Vl\u00e1knov\u00e1 optika: 16 ks\u00a0<\/span><em><span>(sedem farieb)<\/span><\/em><em><br \/><\/em><span>Vodop\u00e1d &#8211; Granit\u00a0\u00a0<\/span><em><span>(osvetlen\u00fd)<\/span><\/em><span>\u00a0: 1 ks\u00a0\u00a0<\/span><em><span>(sedem farieb)<\/span><\/em><br \/><span>Gener\u00e1tor oz\u00f3nu<\/span><em><br \/><\/em><span>Vodop\u00e1dov\u00fd regula\u010dn\u00fd ventil<\/span><br \/><span>Nas\u00e1vacie ventily<\/span><br \/><span>Vstupn\u00e9 ventily<\/span><br \/><span>Zapusten\u00e9 trysky s akrylom<\/span><br \/><span>Trysky z nehrdzavej\u00facej ocele<\/span><br \/><span>Kon\u0161trukcia z nehrdzavej\u00facej ocele<\/span><br \/><span>Izol\u00e1cia celej vane<\/span><br \/><span>Kartu\u0161ov\u00fd filter<\/span><br \/><span>Opierky hlavy: 5 ks<\/span><br \/><span>Ovl\u00e1dac\u00ed panel: Balboa TP-600<\/span><\/p>\n","protected":false},"excerpt":{"rendered":"<p>Vonkaj\u0161ie rozmery: 220 x 195 x 80 cmKapacita sedenia: 5 os\u00f4b\u00a0(z toho 1 polohovate\u013en\u00e9 sedadlo)N\u00e1ter: Aristech USA akrylNap\u00e1janie: 380~ 400 V\/50 HzPo\u010det \u010derpadiel: spolu 4 ksCelkov\u00fd v\u00fdkon: cca 6,5 \u200b\u200bkW celkomVodn\u00e9 \u010derpadlo 1,5HP\/1,1kW: 1 ksVodn\u00e9 \u010derpadlo 2HP\/1,5kW: 1 ksVodn\u00e9 cirkula\u010dn\u00e9 \u010derpadlo 0,35HP\/0,25kW: 1 ksVodn\u00e9 d\u00fdzy: 22 ks Vr\u00e1tane:\u2013 Vodn\u00e9 d\u00fdzy (3,5&#8243;): 2 ks\u00a0(oto\u010dn\u00e9)&#8211; Vodn\u00e9 d\u00fdzy [&hellip;]<\/p>\n","protected":false},"featured_media":22031,"comment_status":"closed","ping_status":"open","template":"","meta":[],"product_brand":[2536],"product_cat":[415],"product_tag":[],"class_list":{"0":"post-22030","1":"product","2":"type-product","3":"status-publish","4":"has-post-thumbnail","6":"product_brand-m-spa","7":"product_cat-zahradne-virivky-jacuzzi","8":"pa_napajanie-380v-50-60hz","9":"pa_pocet-miest-414","10":"pa_pocet-trysiek-1433","11":"pa_sirka-195-cm","12":"pa_vyrobca-m-spa","13":"pa_vyska-80-cm","14":"pa_zaruka-2-roky","16":"first","17":"instock","18":"taxable","19":"shipping-taxable","20":"purchasable","21":"product-type-simple"},"_links":{"self":[{"href":"https:\/\/diamondspa.sk\/sk\/wp-json\/wp\/v2\/product\/22030","targetHints":{"allow":["GET"]}}],"collection":[{"href":"https:\/\/diamondspa.sk\/sk\/wp-json\/wp\/v2\/product"}],"about":[{"href":"https:\/\/diamondspa.sk\/sk\/wp-json\/wp\/v2\/types\/product"}],"replies":[{"embeddable":true,"href":"https:\/\/diamondspa.sk\/sk\/wp-json\/wp\/v2\/comments?post=22030"}],"wp:featuredmedia":[{"embeddable":true,"href":"https:\/\/diamondspa.sk\/sk\/wp-json\/wp\/v2\/media\/22031"}],"wp:attachment":[{"href":"https:\/\/diamondspa.sk\/sk\/wp-json\/wp\/v2\/media?parent=22030"}],"wp:term":[{"taxonomy":"product_brand","embeddable":true,"href":"https:\/\/diamondspa.sk\/sk\/wp-json\/wp\/v2\/product_brand?post=22030"},{"taxonomy":"product_cat","embeddable":true,"href":"https:\/\/diamondspa.sk\/sk\/wp-json\/wp\/v2\/product_cat?post=22030"},{"taxonomy":"product_tag","embeddable":true,"href":"https:\/\/diamondspa.sk\/sk\/wp-json\/wp\/v2\/product_tag?post=22030"}],"curies":[{"name":"wp","href":"https:\/\/api.w.org\/{rel}","templated":true}]}}