{"id":22038,"date":"2024-03-10T05:17:13","date_gmt":"2024-03-10T04:17:13","guid":{"rendered":"https:\/\/diamondspa.sk\/product\/m-spa-spa-zahradna-vana-s-hydromasazou-290-x-230-x-98-cm\/"},"modified":"2025-08-15T08:36:31","modified_gmt":"2025-08-15T06:36:31","slug":"m-spa-spa-zahradna-vana-s-hydromasazou-290-x-230-x-98-cm","status":"publish","type":"product","link":"https:\/\/diamondspa.sk\/sk\/produkt\/m-spa-spa-zahradna-vana-s-hydromasazou-290-x-230-x-98-cm\/","title":{"rendered":"M-SPA &#8211; SPA z\u00e1hradn\u00e1 va\u0148a s hydromas\u00e1\u017eou 290 x 230 x 98 cm"},"content":{"rendered":"<p><span>Vonkaj\u0161ie rozmery: 290 x 230 x 98 cm<\/span><br \/><span>Kapacita sedenia: 8 os\u00f4b\u00a0<\/span><em><span>(vr\u00e1tane 1 polohovate\u013en\u00e9ho sedadla)<\/span><\/em><br \/><span>Povrchov\u00e1 \u00faprava: Aristech USA akryl\u00a0Vzduchov\u00e1 pumpa 0,9HP\/0,7kW: 1 ks\u00a0LED vzduchov\u00e9 trysky (1,5\u2033): 12 ks\u00a0\u00a0<em>(sedem farieb )\u00a0<\/em>\u00a03kW ohrieva\u010d vody: 1 ks\u00a0\u00a0<em>(Balboa)<\/em>\u00a0SPA svetlo: 1 ks\u00a0\u00a0<em>(sedem farieb)<\/em>\u00a0Vl\u00e1knov\u00e1 optika: 43 ks\u00a0<em>(sedem farieb)<\/em><\/span><br \/><span>Nap\u00e1janie: 380 ~ 400 V\/50 Hz<\/span><br \/><span>Po\u010det \u010derpadiel: spolu 5 ks<\/span><br \/><span>Celkov\u00fd v\u00fdkon: cca 10,5 celkom kW<\/span><br \/><span>Vodn\u00e9 \u010derpadlo 3HP\/2,25kW: 2 ks<\/span><br \/><span>Vodn\u00e9 \u010derpadlo 2HP\/1,5kW: 1 ks<\/span><br \/><span>Cirkula\u010dn\u00e9 vodn\u00e9 \u010derpadlo 1HP\/0,75kW: 1 ks<\/span><br \/><span>Vodn\u00e9 d\u00fdzy: 108 ks vr\u00e1tane:<\/span><br \/><span>\u2013 Vodn\u00e9 d\u00fdzy (2\u2033): 77 ks\u00a0<\/span><em><span>\u00a0(smerov\u00e9)<\/span><\/em><br \/><span>\u2013 Vodn\u00e9 trysky (2,5\u2033): 9 ks\u00a0<\/span><em><span>(oto\u010dn\u00e9)<\/span><\/em><span>\u00a0\u2013<\/span><br \/><span>Vodn\u00e9 trysky (3,5\u2033): 12 ks\u00a0<\/span><em><span>(3 oto\u010dn\u00e9)<\/span><\/em><br \/><span>\u2013 Vodn\u00e9 trysky (4\u2033) ): 7 ks\u00a0<\/span><em><span>(vr\u00e1tane 4 oto\u010dn\u00fdch)<\/span><br \/><\/em><span>\u2013 Vodn\u00e9 trysky (5\u2033): 7 ks\u00a0<\/span><em><span>(vr\u00e1tane 1 oto\u010dn\u00e9ho)<\/span><\/em><em><br \/><\/em><span>Font\u00e1na 360\u00b0\u00a0<\/span><em><span>(osvetlen\u00e1)<\/span><\/em><span>\u00a0: 1 ks\u00a0\u00a0<\/span><em><span>(sedem farieb)<\/span><\/em><br \/><span>Gener\u00e1tor oz\u00f3nu<\/span><br \/><span>Prevzdu\u0161\u0148ovacie ventily: 5 ks\u00a0\u00a0<\/span><em><span>(Easy-Flow Air Venturi)<\/span><br \/><\/em><span>Ventily na regul\u00e1ciu pr\u00edvodu vody: 2 ks\u00a0<\/span><em><span>(Comfort Diverter Valves)<\/span><br \/><\/em><span>Regula\u010dn\u00fd ventil font\u00e1ny<\/span><br \/><span>Nas\u00e1vacie ventily<\/span><br \/><span>Vstupn\u00e9 ventily<\/span><br \/><span>Zapusten\u00e9 d\u00fdzy preplachova\u0165 akrylom<\/span><br \/><span>Trysky z nehrdzavej\u00facej ocele<\/span><br \/><span>Kon\u0161trukcia z nehrdzavej\u00facej ocele<\/span><br \/><span>Aromaterapia<\/span><br \/><span>Patr\u00f3nov\u00fd filter: 2 ks<\/span><br \/><span>Opierky hlavy: 4 ks<\/span><br \/><span>Ovl\u00e1dac\u00ed panel: Balboa TP-600<\/span><\/p>\n","protected":false},"excerpt":{"rendered":"<p>Vonkaj\u0161ie rozmery: 290 x 230 x 98 cmKapacita sedenia: 8 os\u00f4b\u00a0(vr\u00e1tane 1 polohovate\u013en\u00e9ho sedadla)Povrchov\u00e1 \u00faprava: Aristech USA akryl\u00a0Vzduchov\u00e1 pumpa 0,9HP\/0,7kW: 1 ks\u00a0LED vzduchov\u00e9 trysky (1,5\u2033): 12 ks\u00a0\u00a0(sedem farieb )\u00a0\u00a03kW ohrieva\u010d vody: 1 ks\u00a0\u00a0(Balboa)\u00a0SPA svetlo: 1 ks\u00a0\u00a0(sedem farieb)\u00a0Vl\u00e1knov\u00e1 optika: 43 ks\u00a0(sedem farieb)Nap\u00e1janie: 380 ~ 400 V\/50 HzPo\u010det \u010derpadiel: spolu 5 ksCelkov\u00fd v\u00fdkon: cca 10,5 celkom kWVodn\u00e9 [&hellip;]<\/p>\n","protected":false},"featured_media":22039,"comment_status":"closed","ping_status":"open","template":"","meta":[],"product_brand":[2536],"product_cat":[415],"product_tag":[],"class_list":{"0":"post-22038","1":"product","2":"type-product","3":"status-publish","4":"has-post-thumbnail","6":"product_brand-m-spa","7":"product_cat-zahradne-virivky-jacuzzi","8":"pa_napajanie-380-400-v-50-hz","9":"pa_pocet-miest-1439","10":"pa_pocet-trysiek-1440","11":"pa_sirka-230-cm","12":"pa_vyrobca-m-spa","13":"pa_vyska-98-cm","14":"pa_zaruka-2-roky","16":"first","17":"instock","18":"taxable","19":"shipping-taxable","20":"purchasable","21":"product-type-simple"},"_links":{"self":[{"href":"https:\/\/diamondspa.sk\/sk\/wp-json\/wp\/v2\/product\/22038","targetHints":{"allow":["GET"]}}],"collection":[{"href":"https:\/\/diamondspa.sk\/sk\/wp-json\/wp\/v2\/product"}],"about":[{"href":"https:\/\/diamondspa.sk\/sk\/wp-json\/wp\/v2\/types\/product"}],"replies":[{"embeddable":true,"href":"https:\/\/diamondspa.sk\/sk\/wp-json\/wp\/v2\/comments?post=22038"}],"wp:featuredmedia":[{"embeddable":true,"href":"https:\/\/diamondspa.sk\/sk\/wp-json\/wp\/v2\/media\/22039"}],"wp:attachment":[{"href":"https:\/\/diamondspa.sk\/sk\/wp-json\/wp\/v2\/media?parent=22038"}],"wp:term":[{"taxonomy":"product_brand","embeddable":true,"href":"https:\/\/diamondspa.sk\/sk\/wp-json\/wp\/v2\/product_brand?post=22038"},{"taxonomy":"product_cat","embeddable":true,"href":"https:\/\/diamondspa.sk\/sk\/wp-json\/wp\/v2\/product_cat?post=22038"},{"taxonomy":"product_tag","embeddable":true,"href":"https:\/\/diamondspa.sk\/sk\/wp-json\/wp\/v2\/product_tag?post=22038"}],"curies":[{"name":"wp","href":"https:\/\/api.w.org\/{rel}","templated":true}]}}