{"id":22047,"date":"2024-03-10T05:17:13","date_gmt":"2024-03-10T04:17:13","guid":{"rendered":"https:\/\/diamondspa.sk\/product\/m-spa-spa-zahradna-vana-s-hydromasazou-212-x-212-x-91-cm\/"},"modified":"2025-08-26T21:35:08","modified_gmt":"2025-08-26T19:35:08","slug":"m-spa-spa-zahradna-vana-s-hydromasazou-212-x-212-x-91-cm","status":"publish","type":"product","link":"https:\/\/diamondspa.sk\/sk\/produkt\/m-spa-spa-zahradna-vana-s-hydromasazou-212-x-212-x-91-cm\/","title":{"rendered":"M-SPA &#8211; SPA z\u00e1hradn\u00e1 va\u0148a s hydromas\u00e1\u017eou 212 x 212 x 91 cm"},"content":{"rendered":"<p><span>Vonkaj\u0161ie rozmery: 212 x 212 x 91 cm<\/span><br \/><span>Kapacita sedenia: 5 os\u00f4b\u00a0<\/span><br \/><span>N\u00e1ter: Aristech USA akryl<\/span><br \/><span>Nap\u00e1janie: 380 ~ 400 V\/50 Hz<\/span><br \/><span>Po\u010det \u010derpadiel: spolu 3 ks<\/span><br \/><span>Celkov\u00fd v\u00fdkon: cca 6,5 \u200b\u200bkW celkom<\/span><br \/><span>Vodn\u00e9 \u010derpadlo 3HP\/2,25kW: 1 ks<\/span><br \/><span>Vodn\u00e9 obehov\u00e9 \u010derpadlo 0,35HP\/0,25kW: 1 ks<\/span><br \/><span>Vodn\u00e9 trysky: 38 ks Vr\u00e1tane:<\/span><br \/><span>\u2013 Vodn\u00e9 trysky (2,2\u201d): 22 ks\u00a0<\/span><em><span>(vr\u00e1tane 11 rota\u010dn\u00fdch)<\/span><\/em><br \/><span>\u2013 vodn\u00e9 trysky (3,5\u201d): 9 ks\u00a0<\/span><em><span>(vr\u00e1tane 6 rota\u010dn\u00fdch)<\/span><\/em><br \/><span>\u2013 vodn\u00e9 d\u00fdzy (5\u201d): 6 ks\u00a0<\/span><em><span>(vr\u00e1tane 1 oto\u010dnej)<\/span><\/em><br \/><span>\u2013 vodn\u00e9 d\u00fdzy (7\u201d): 1 ks\u00a0<\/span><em><span>(smerov\u00e9 )<\/span><\/em><br \/><span>0,9HP\/0,7kW vzduchov\u00e9 \u010derpadlo : 1 ks<\/span><br \/><span>LED vzduchov\u00e9 trysky (1,5\u2033): 12 ks.\u00a0<\/span><em><span>(sedem farieb)\u00a0<\/span><\/em><br \/><span>3kW ohrieva\u010d vody: 1 ks\u00a0\u00a0<\/span><em><span>(Balboa)<\/span><\/em><br \/><span>SPA svetlo: 1 ks\u00a0\u00a0<\/span><em><span>(sedem farieb)<\/span><br \/><\/em><span>Vl\u00e1knov\u00e1 optika: 24 ks\u00a0<\/span><em><span>(sedem farieb)<\/span><\/em><em><br \/><\/em><span>Vodop\u00e1d\u00a0\u00a0<\/span><em><span>(osvetlen\u00fd)<\/span><\/em><span>\u00a0: 2 ks\u00a0<\/span><em><span>(sedem farieb)<\/span><br \/><\/em><span>Osvetlen\u00e9 rohy: \u00e1no\u00a0<\/span><em><span>\u00a0(sedem farieb)<\/span><\/em><br \/><span>Gener\u00e1tor oz\u00f3nu<\/span><br \/><span>Prevzdu\u0161\u0148ovacie ventily: 3 ks\u00a0<\/span><em><span>(Easy-Flow Air Venturi)<\/span><br \/><\/em><span>Riadiace ventily pr\u00edvodu vody: 1 ks\u00a0<\/span><em><span>(Comfort Diverter Valves)<\/span><br \/><\/em><span>Vodop\u00e1dov\u00fd regula\u010dn\u00fd ventil<\/span><br \/><span>Sacie ventily<\/span><br \/><span>Vstup ventilov<\/span><br \/><span>Trysky zapusten\u00e9 v jednej rovine s akryl\u00e1tom<\/span><br \/><span>Trysky z nehrdzavej\u00facej ocele<\/span><br \/><span>Kon\u0161trukcia z nehrdzavej\u00facej ocele<\/span><br \/><span>Aromaterapia<\/span><br \/><span>Patr\u00f3nov\u00fd filter: 2 ks<\/span><br \/><span>Opierky hlavy: 3 ks\u00a0\u00a0<\/span><em><span>(na h\u00e1\u010dikoch &#8211; osvetlen\u00e9) (sedem druhov farieb)<\/span><\/em><br \/><span>Ovl\u00e1dac\u00ed panel: Balboa TP-600<\/span><\/p>\n","protected":false},"excerpt":{"rendered":"<p>Vonkaj\u0161ie rozmery: 212 x 212 x 91 cmKapacita sedenia: 5 os\u00f4b\u00a0N\u00e1ter: Aristech USA akrylNap\u00e1janie: 380 ~ 400 V\/50 HzPo\u010det \u010derpadiel: spolu 3 ksCelkov\u00fd v\u00fdkon: cca 6,5 \u200b\u200bkW celkomVodn\u00e9 \u010derpadlo 3HP\/2,25kW: 1 ksVodn\u00e9 obehov\u00e9 \u010derpadlo 0,35HP\/0,25kW: 1 ksVodn\u00e9 trysky: 38 ks Vr\u00e1tane:\u2013 Vodn\u00e9 trysky (2,2\u201d): 22 ks\u00a0(vr\u00e1tane 11 rota\u010dn\u00fdch)\u2013 vodn\u00e9 trysky (3,5\u201d): 9 ks\u00a0(vr\u00e1tane 6 rota\u010dn\u00fdch)\u2013 [&hellip;]<\/p>\n","protected":false},"featured_media":22048,"comment_status":"closed","ping_status":"open","template":"","meta":[],"product_brand":[2536],"product_cat":[415],"product_tag":[],"class_list":{"0":"post-22047","1":"product","2":"type-product","3":"status-publish","4":"has-post-thumbnail","6":"product_brand-m-spa","7":"product_cat-zahradne-virivky-jacuzzi","8":"pa_napajanie-380-400-v-50-hz","9":"pa_pocet-miest-414","10":"pa_pocet-trysiek-853","11":"pa_sirka-212-cm","12":"pa_vyrobca-m-spa","13":"pa_vyska-91-cm","14":"pa_zaruka-2-roky","16":"first","17":"instock","18":"taxable","19":"shipping-taxable","20":"purchasable","21":"product-type-simple"},"_links":{"self":[{"href":"https:\/\/diamondspa.sk\/sk\/wp-json\/wp\/v2\/product\/22047","targetHints":{"allow":["GET"]}}],"collection":[{"href":"https:\/\/diamondspa.sk\/sk\/wp-json\/wp\/v2\/product"}],"about":[{"href":"https:\/\/diamondspa.sk\/sk\/wp-json\/wp\/v2\/types\/product"}],"replies":[{"embeddable":true,"href":"https:\/\/diamondspa.sk\/sk\/wp-json\/wp\/v2\/comments?post=22047"}],"wp:featuredmedia":[{"embeddable":true,"href":"https:\/\/diamondspa.sk\/sk\/wp-json\/wp\/v2\/media\/22048"}],"wp:attachment":[{"href":"https:\/\/diamondspa.sk\/sk\/wp-json\/wp\/v2\/media?parent=22047"}],"wp:term":[{"taxonomy":"product_brand","embeddable":true,"href":"https:\/\/diamondspa.sk\/sk\/wp-json\/wp\/v2\/product_brand?post=22047"},{"taxonomy":"product_cat","embeddable":true,"href":"https:\/\/diamondspa.sk\/sk\/wp-json\/wp\/v2\/product_cat?post=22047"},{"taxonomy":"product_tag","embeddable":true,"href":"https:\/\/diamondspa.sk\/sk\/wp-json\/wp\/v2\/product_tag?post=22047"}],"curies":[{"name":"wp","href":"https:\/\/api.w.org\/{rel}","templated":true}]}}