{"id":22058,"date":"2024-03-10T05:17:13","date_gmt":"2024-03-10T04:17:13","guid":{"rendered":"https:\/\/diamondspa.sk\/product\/m-spa-spa-zahradna-vana-s-hydromasazou-230-x-230-x-105-cm\/"},"modified":"2025-08-15T08:36:30","modified_gmt":"2025-08-15T06:36:30","slug":"m-spa-spa-zahradna-vana-s-hydromasazou-230-x-230-x-105-cm","status":"publish","type":"product","link":"https:\/\/diamondspa.sk\/sk\/produkt\/m-spa-spa-zahradna-vana-s-hydromasazou-230-x-230-x-105-cm\/","title":{"rendered":"M-SPA &#8211; SPA z\u00e1hradn\u00e1 va\u0148a s hydromas\u00e1\u017eou 230 x 230 x 105 cm"},"content":{"rendered":"<p><span>Vonkaj\u0161ie rozmery: 230 x 230 x 105 cm<\/span><br \/><span>Po\u010det sedadiel: 5 os\u00f4b\u00a0<\/span><em><span>(vr\u00e1tane 2 miest na le\u017eanie)<\/span><\/em><br \/><span>N\u00e1ter: Aristech USA akryl<\/span><br \/><span>Nap\u00e1janie: 380 ~ 400 V \/ 50 Hz<\/span><br \/><span>Po\u010det \u010derpadiel: 4 ks celkovo<\/span><br \/><span>Celkov\u00fd v\u00fdkon: cca 8,5 celkov\u00fd kW<\/span><br \/><span>3HP\/2,25kW vodn\u00e9 \u010derpadlo: 2 ks<\/span><br \/><span>1HP\/0,75kW obehov\u00e9 vodn\u00e9 \u010derpadlo: 1 ks<\/span><br \/><span>Vodn\u00e9 trysky: 52 ks vr\u00e1tane:<\/span><br \/><span>\u2013 Vodn\u00e9 trysky (2,5\u2033): 2 ks\u00a0<\/span><em><span>\u00a0(smerov\u00e9 \u2013 na mas\u00e1\u017e ramien)<\/span><\/em><br \/><span>\u2013 Vodn\u00e9 trysky (2,5\u2033): 25 ks\u00a0<\/span><em><span>(vr\u00e1tane 13 oto\u010dn\u00fdch)<\/span><\/em><br \/><span>\u2013 Vodn\u00e9 trysky (3,5\u2033): 21 ks\u00a0<\/span><em><span>(vr\u00e1tane 10 oto\u010dn\u00fdch)<\/span><\/em><br \/><span>\u2013 Vodn\u00e9 trysky (5\u2033): 3 ks\u00a0<\/span><em><span>(vr\u00e1tane 2 oto\u010dn\u00fdch)<\/span><\/em><br \/><span>&#8211; Vodn\u00e9 trysky (7 &#8222;): 1 ks\u00a0<\/span><em><span>(smerov\u00e9)<\/span><\/em><br \/><span>Vzduchov\u00e9 \u010derpadlo 0,9 HP\/0,7 kW: 1 ks<\/span><br \/><span>Vzduchov\u00e9 trysky (1,5\u2033): 12 ks\u00a0<br \/>3kW ohrieva\u010d vody: 1 ks\u00a0\u00a0<em>(Balboa)<\/em>\u00a0<br \/>SPA svetlo: 1 ks\u00a0\u00a0<em>(sedem druhov farieb)<\/em>\u00a0<br \/>Vl\u00e1knov\u00e1 optika: 22 ks\u00a0<em>(sedem farby)<\/em>\u00a0<br \/>Vodn\u00e9 st\u013apce (osvetlen\u00e9): 3 ks\u00a0<em>(sedem farieb)<\/em>\u00a0<br \/>Osvetlen\u00e9\u00a0rohy: \u00e1no\u00a0<em>\u00a0(sedem farieb)<\/em>\u00a0<br \/>Gener\u00e1tor oz\u00f3nu<br \/>Prevzdu\u0161\u0148ovacie ventily: 3 ks\u00a0<em>(Easy-Flow Air Venturi)<\/em>\u00a0<br \/>Ventily na regul\u00e1ciu pr\u00edvodu vody: 1 ks\u00a0<em>(Komfort Prep\u00ednacie ventily)<\/em>\u00a0<br \/>Ventil na regul\u00e1ciu vodn\u00fdch st\u013apcov<br \/>Nas\u00e1vacie ventily: \u00e1no\u00a0Vstupn\u00e9 ventily: \u00e1no\u00a0Zapusten\u00e9 d\u00fdzy vypl\u00e1chnite akryl\u00e1tom<\/span><br \/><span>Trysky z nehrdzavej\u00facej ocele<\/span><br \/><span>Kon\u0161trukcia z nehrdzavej\u00facej ocele<\/span><br \/><span>Patr\u00f3nov\u00fd filter: 2 ks<\/span><br \/><span>Opierky hlavy: 3 ks<\/span><br \/><span>Ovl\u00e1dac\u00ed panel: Balboa TP-600<\/span><\/p>\n","protected":false},"excerpt":{"rendered":"<p>Vonkaj\u0161ie rozmery: 230 x 230 x 105 cmPo\u010det sedadiel: 5 os\u00f4b\u00a0(vr\u00e1tane 2 miest na le\u017eanie)N\u00e1ter: Aristech USA akrylNap\u00e1janie: 380 ~ 400 V \/ 50 HzPo\u010det \u010derpadiel: 4 ks celkovoCelkov\u00fd v\u00fdkon: cca 8,5 celkov\u00fd kW3HP\/2,25kW vodn\u00e9 \u010derpadlo: 2 ks1HP\/0,75kW obehov\u00e9 vodn\u00e9 \u010derpadlo: 1 ksVodn\u00e9 trysky: 52 ks vr\u00e1tane:\u2013 Vodn\u00e9 trysky (2,5\u2033): 2 ks\u00a0\u00a0(smerov\u00e9 \u2013 na mas\u00e1\u017e [&hellip;]<\/p>\n","protected":false},"featured_media":22059,"comment_status":"closed","ping_status":"open","template":"","meta":[],"product_brand":[2536],"product_cat":[415],"product_tag":[],"class_list":{"0":"post-22058","1":"product","2":"type-product","3":"status-publish","4":"has-post-thumbnail","6":"product_brand-m-spa","7":"product_cat-zahradne-virivky-jacuzzi","8":"pa_napajanie-380-400-v-50-hz","9":"pa_pocet-miest-414","10":"pa_pocet-trysiek-851","11":"pa_sirka-230-cm","12":"pa_vyrobca-m-spa","13":"pa_vyska-105-cm","14":"pa_zaruka-2-roky","16":"first","17":"instock","18":"taxable","19":"shipping-taxable","20":"purchasable","21":"product-type-simple"},"_links":{"self":[{"href":"https:\/\/diamondspa.sk\/sk\/wp-json\/wp\/v2\/product\/22058","targetHints":{"allow":["GET"]}}],"collection":[{"href":"https:\/\/diamondspa.sk\/sk\/wp-json\/wp\/v2\/product"}],"about":[{"href":"https:\/\/diamondspa.sk\/sk\/wp-json\/wp\/v2\/types\/product"}],"replies":[{"embeddable":true,"href":"https:\/\/diamondspa.sk\/sk\/wp-json\/wp\/v2\/comments?post=22058"}],"wp:featuredmedia":[{"embeddable":true,"href":"https:\/\/diamondspa.sk\/sk\/wp-json\/wp\/v2\/media\/22059"}],"wp:attachment":[{"href":"https:\/\/diamondspa.sk\/sk\/wp-json\/wp\/v2\/media?parent=22058"}],"wp:term":[{"taxonomy":"product_brand","embeddable":true,"href":"https:\/\/diamondspa.sk\/sk\/wp-json\/wp\/v2\/product_brand?post=22058"},{"taxonomy":"product_cat","embeddable":true,"href":"https:\/\/diamondspa.sk\/sk\/wp-json\/wp\/v2\/product_cat?post=22058"},{"taxonomy":"product_tag","embeddable":true,"href":"https:\/\/diamondspa.sk\/sk\/wp-json\/wp\/v2\/product_tag?post=22058"}],"curies":[{"name":"wp","href":"https:\/\/api.w.org\/{rel}","templated":true}]}}