{"id":22065,"date":"2024-03-10T05:17:13","date_gmt":"2024-03-10T04:17:13","guid":{"rendered":"https:\/\/diamondspa.sk\/product\/m-spa-spa-zahradna-vana-s-hydromasazou-220-x-220-x-93-cm-3\/"},"modified":"2025-08-15T08:35:17","modified_gmt":"2025-08-15T06:35:17","slug":"m-spa-spa-zahradna-vana-s-hydromasazou-220-x-220-x-93-cm-3","status":"publish","type":"product","link":"https:\/\/diamondspa.sk\/sk\/produkt\/m-spa-spa-zahradna-vana-s-hydromasazou-220-x-220-x-93-cm-3\/","title":{"rendered":"M-SPA &#8211; SPA z\u00e1hradn\u00e1 va\u0148a s hydromas\u00e1\u017eou 220 x 220 x 93 cm"},"content":{"rendered":"<p><span>Vonkaj\u0161ie rozmery: 220 x 220 x 93 cm<\/span><br \/><span>Po\u010det miest na sedenie: 5 os\u00f4b\u00a0<\/span><em><span>(vr\u00e1tane 2 miest na le\u017eanie)<\/span><\/em><br \/><span>N\u00e1ter: Acrylic Aristech USA<\/span><br \/><span>Nap\u00e1janie: 380 ~ 400 V \/ 50 Hz<\/span><br \/><span>Po\u010det \u010derpadiel: 4 ks celkovo<\/span><br \/><span>Celkov\u00fd v\u00fdkon: cca 8,5 celkov\u00fd kW<\/span><br \/><span>3HP\/2,25kW vodn\u00e9 \u010derpadlo: 2 ks<\/span><br \/><span>0,35HP\/0,25kW obehov\u00e9 vodn\u00e9 \u010derpadlo: 1 ks<\/span><br \/><span>Vodn\u00e9 trysky: 57 ks vr\u00e1tane:<\/span><br \/><span>\u2013 Vodn\u00e9 trysky (2,2\u2033): 2 ks\u00a0<\/span><em><span>(smerov\u00e9 \u2013 na mas\u00e1\u017e ramien)<\/span><\/em><br \/><span>\u2013 Vodn\u00e9 trysky (2,2\u2033): 12 ks\u00a0<\/span><em><span>(smerov\u00e9)<\/span><\/em><br \/><span>\u2013 Vodn\u00e9 trysky (2,5\u2033): 18 ks\u00a0<\/span><em><span>(vr\u00e1tane 2 oto\u010dn\u00fdch)<\/span><\/em><br \/><span>\u2013 Vodn\u00e9 trysky (3,5\u2033) : 21 ks\u00a0<\/span><em><span>(vr\u00e1tane 8 rotuj\u00facich)<\/span><\/em><br \/><span>\u2013 Vodn\u00e9 trysky ( 5&#8243;): 3 ks\u00a0<\/span><em><span>(smerov\u00e9)<\/span><br \/><\/em><span>&#8211; Vodn\u00e9 trysky (7&#8243;): 1 ks.<\/span><em><span>(smerov\u00e9)<\/span><\/em><br \/><span>0,9HP\/0,7kW vzduchov\u00e9 \u010derpadlo: 1 ks<\/span><br \/><span>Vzduchov\u00e9 trysky (1,5\u2033): 12 ks<\/span><br \/><span>3kW ohrieva\u010d vody: 1 ks\u00a0\u00a0<\/span><em><span>(Balboa)<\/span><\/em><br \/><span>SPA svetlo: 1 ks\u00a0\u00a0<\/span><em><span>(sedem farieb)<\/span><br \/><\/em><span>Vl\u00e1knov\u00e1 optika: 19 ks.\u00a0<\/span><em><span>(sedem farieb)<\/span><\/em><em><br \/><\/em><span>Vodop\u00e1d\u00a0\u00a0<\/span><em><span>(osvetlen\u00fd)<\/span><\/em><span>\u00a0: 1\u00a0<em>(Easy-Flow Air Venturi)<\/em>\u00a0<br \/>Prevzdu\u0161\u0148ovacie ventily: 3 ks\u00a0<br \/>Gener\u00e1tor oz\u00f3nu: \u00e1no<em>\u00a0(sedem farieb)<br \/><\/em>Osvetlen\u00e9 rohy: \u00e1no<\/span><em><span>(sedem farieb)<\/span><br \/><\/em><span>Vodop\u00e1dov\u00fd nastavovac\u00ed ventil<br \/>Nastavovac\u00ed ventil mas\u00e1\u017enej trysky ramena<br \/>Sacie ventily<\/span><br \/><span>Vstupn\u00e9 ventily<\/span><br \/><span>Splachovacie zapusten\u00e9 trysky akrylom<br \/>Trysky z nehrdzavej\u00facej ocele<br \/>Kon\u0161trukcia <\/span><span>z nehrdzavej\u00facej ocele <br \/>Kartu\u0161ov\u00fd filter: 2 ks\u00a0<br \/>Opierky hlavy: 3 ks <br \/>Ovl\u00e1dac\u00ed panel: Balboa TP-600<\/span><\/p>\n","protected":false},"excerpt":{"rendered":"<p>Vonkaj\u0161ie rozmery: 220 x 220 x 93 cmPo\u010det miest na sedenie: 5 os\u00f4b\u00a0(vr\u00e1tane 2 miest na le\u017eanie)N\u00e1ter: Acrylic Aristech USANap\u00e1janie: 380 ~ 400 V \/ 50 HzPo\u010det \u010derpadiel: 4 ks celkovoCelkov\u00fd v\u00fdkon: cca 8,5 celkov\u00fd kW3HP\/2,25kW vodn\u00e9 \u010derpadlo: 2 ks0,35HP\/0,25kW obehov\u00e9 vodn\u00e9 \u010derpadlo: 1 ksVodn\u00e9 trysky: 57 ks vr\u00e1tane:\u2013 Vodn\u00e9 trysky (2,2\u2033): 2 ks\u00a0(smerov\u00e9 \u2013 [&hellip;]<\/p>\n","protected":false},"featured_media":22066,"comment_status":"closed","ping_status":"open","template":"","meta":[],"product_brand":[2536],"product_cat":[415],"product_tag":[],"class_list":{"0":"post-22065","1":"product","2":"type-product","3":"status-publish","4":"has-post-thumbnail","6":"product_brand-m-spa","7":"product_cat-zahradne-virivky-jacuzzi","8":"pa_napajanie-380-400-v-50-hz","9":"pa_pocet-miest-414","10":"pa_pocet-trysiek-989","11":"pa_sirka-220-cm","12":"pa_vyrobca-m-spa","13":"pa_vyska-93-cm","14":"pa_zaruka-2-roky","16":"first","17":"instock","18":"taxable","19":"shipping-taxable","20":"purchasable","21":"product-type-simple"},"_links":{"self":[{"href":"https:\/\/diamondspa.sk\/sk\/wp-json\/wp\/v2\/product\/22065","targetHints":{"allow":["GET"]}}],"collection":[{"href":"https:\/\/diamondspa.sk\/sk\/wp-json\/wp\/v2\/product"}],"about":[{"href":"https:\/\/diamondspa.sk\/sk\/wp-json\/wp\/v2\/types\/product"}],"replies":[{"embeddable":true,"href":"https:\/\/diamondspa.sk\/sk\/wp-json\/wp\/v2\/comments?post=22065"}],"wp:featuredmedia":[{"embeddable":true,"href":"https:\/\/diamondspa.sk\/sk\/wp-json\/wp\/v2\/media\/22066"}],"wp:attachment":[{"href":"https:\/\/diamondspa.sk\/sk\/wp-json\/wp\/v2\/media?parent=22065"}],"wp:term":[{"taxonomy":"product_brand","embeddable":true,"href":"https:\/\/diamondspa.sk\/sk\/wp-json\/wp\/v2\/product_brand?post=22065"},{"taxonomy":"product_cat","embeddable":true,"href":"https:\/\/diamondspa.sk\/sk\/wp-json\/wp\/v2\/product_cat?post=22065"},{"taxonomy":"product_tag","embeddable":true,"href":"https:\/\/diamondspa.sk\/sk\/wp-json\/wp\/v2\/product_tag?post=22065"}],"curies":[{"name":"wp","href":"https:\/\/api.w.org\/{rel}","templated":true}]}}