{"id":22069,"date":"2024-03-10T05:17:13","date_gmt":"2024-03-10T04:17:13","guid":{"rendered":"https:\/\/diamondspa.sk\/product\/m-spa-spa-zahradna-vana-s-hydromasazou-220-x-220-x-93-cm-4\/"},"modified":"2025-08-15T08:35:17","modified_gmt":"2025-08-15T06:35:17","slug":"m-spa-spa-zahradna-vana-s-hydromasazou-220-x-220-x-93-cm-4","status":"publish","type":"product","link":"https:\/\/diamondspa.sk\/sk\/produkt\/m-spa-spa-zahradna-vana-s-hydromasazou-220-x-220-x-93-cm-4\/","title":{"rendered":"M-SPA &#8211; SPA z\u00e1hradn\u00e1 va\u0148a s hydromas\u00e1\u017eou 220 x 220 x 93 cm"},"content":{"rendered":"<p><span>Vonkaj\u0161ie rozmery: 220 x 220 x 93 cm<\/span><br \/><span>Kapacita sedenia: 5 os\u00f4b\u00a0<\/span><em><span>(z toho 1 polohovate\u013en\u00e9 sedadlo)<\/span><\/em><br \/><span>N\u00e1ter: Aristech USA akryl<\/span><br \/><span>Nap\u00e1janie: 380 ~ 400 V\/50 Hz<\/span><br \/><span>Po\u010det \u010derpadiel: spolu 5 ks<\/span><br \/><span>Celkov\u00fd v\u00fdkon: cca 9,5 kW spolu<\/span><br \/><span>3HP\/2,25kW vodn\u00e9 \u010derpadlo: 1 ks<\/span><br \/><span>2HP\/1,5kW vodn\u00e9 \u010derpadlo: 2 ks<\/span><br \/><span>0,35HP\/0,25kW obehov\u00e9 vodn\u00e9 \u010derpadlo: 1 ks<\/span><br \/><span>Vodn\u00e9 trysky: 109 ks spolu<\/span><br \/><span>0,9HP vzduchov\u00e9 \u010derpadlo \/0,7kW: 1 ks Vzduchov\u00e9<\/span><br \/><span>trysky (1,5&#8243;): 12 ks<\/span><br \/><span>3kW ohrieva\u010d vody: 1 ks\u00a0\u00a0<\/span><em><span>(Balboa)<\/span><\/em><br \/><span>SPA svetlo: 1 ks\u00a0\u00a0<\/span><em><span>(sedem farieb)<\/span><br \/><\/em><span>Vl\u00e1knov\u00e1 optika: 27 ks\u00a0<\/span><em><span>(sedem farieb)<\/span><br \/><\/em><span>Vodn\u00e9 st\u013apce (osvetlen\u00e9): 2 ks.<\/span><em><span>(sedem farieb)<\/span><\/em><em><br \/><\/em><span>Vodop\u00e1d\u00a0\u00a0<\/span><em><span>(osvetlen\u00fd)<\/span><\/em><span>\u00a0: 1 ks\u00a0\u00a0<\/span><em><span>(sedem farieb)<\/span><br \/><\/em><span>Osvetlen\u00e9 rohy: \u00e1no\u00a0<\/span><em><span>\u00a0(sedem farieb)<\/span><\/em><br \/><span>Gener\u00e1tor oz\u00f3nu<\/span><br \/><span>Prevzdu\u0161\u0148ovacie ventily: 5 ks\u00a0\u00a0<\/span><em><span>(Easy-Flow Air Venturi)<\/span><br \/><\/em><span>Ventily na regul\u00e1ciu pr\u00edvodu vody: 2 ks\u00a0<\/span><em><span>(Comfort Diverter Valves)<\/span><br \/><\/em><span>Ventil na nastavenie vodop\u00e1du<\/span><br \/><span>Ventil na nastavenie vodn\u00e9ho st\u013apca<\/span><br \/><span>Ventil na nastavenie trysiek na mas\u00e1\u017e ramien<br \/>Nas\u00e1vacie ventily<br \/>Vstupn\u00e9 ventily<\/span><br \/><span>Trysky zapusten\u00e9 v jednej rovine s akrylom<\/span><br \/><span>Trysky z nehrdzavej\u00facej ocele<\/span><br \/><span>Kon\u0161trukcia z nehrdzavej\u00facej\u00a0ocele\u00a0\u00a0<\/span><br \/><span>Aromaterapia<\/span><br \/><span>Patr\u00f3nov\u00fd filter: 2 ks<\/span><br \/><span>Ovl\u00e1dac\u00ed panel: Balboa TP-600<\/span><\/p>\n","protected":false},"excerpt":{"rendered":"<p>Vonkaj\u0161ie rozmery: 220 x 220 x 93 cmKapacita sedenia: 5 os\u00f4b\u00a0(z toho 1 polohovate\u013en\u00e9 sedadlo)N\u00e1ter: Aristech USA akrylNap\u00e1janie: 380 ~ 400 V\/50 HzPo\u010det \u010derpadiel: spolu 5 ksCelkov\u00fd v\u00fdkon: cca 9,5 kW spolu3HP\/2,25kW vodn\u00e9 \u010derpadlo: 1 ks2HP\/1,5kW vodn\u00e9 \u010derpadlo: 2 ks0,35HP\/0,25kW obehov\u00e9 vodn\u00e9 \u010derpadlo: 1 ksVodn\u00e9 trysky: 109 ks spolu0,9HP vzduchov\u00e9 \u010derpadlo \/0,7kW: 1 ks Vzduchov\u00e9trysky [&hellip;]<\/p>\n","protected":false},"featured_media":22070,"comment_status":"closed","ping_status":"open","template":"","meta":[],"product_brand":[2536],"product_cat":[415],"product_tag":[],"class_list":{"0":"post-22069","1":"product","2":"type-product","3":"status-publish","4":"has-post-thumbnail","6":"product_brand-m-spa","7":"product_cat-zahradne-virivky-jacuzzi","8":"pa_napajanie-380-400-v-50-hz","9":"pa_pocet-miest-414","10":"pa_pocet-trysiek-1446","11":"pa_sirka-220-cm","12":"pa_vyrobca-m-spa","13":"pa_vyska-93-cm","14":"pa_zaruka-2-roky","16":"first","17":"instock","18":"taxable","19":"shipping-taxable","20":"purchasable","21":"product-type-simple"},"_links":{"self":[{"href":"https:\/\/diamondspa.sk\/sk\/wp-json\/wp\/v2\/product\/22069","targetHints":{"allow":["GET"]}}],"collection":[{"href":"https:\/\/diamondspa.sk\/sk\/wp-json\/wp\/v2\/product"}],"about":[{"href":"https:\/\/diamondspa.sk\/sk\/wp-json\/wp\/v2\/types\/product"}],"replies":[{"embeddable":true,"href":"https:\/\/diamondspa.sk\/sk\/wp-json\/wp\/v2\/comments?post=22069"}],"wp:featuredmedia":[{"embeddable":true,"href":"https:\/\/diamondspa.sk\/sk\/wp-json\/wp\/v2\/media\/22070"}],"wp:attachment":[{"href":"https:\/\/diamondspa.sk\/sk\/wp-json\/wp\/v2\/media?parent=22069"}],"wp:term":[{"taxonomy":"product_brand","embeddable":true,"href":"https:\/\/diamondspa.sk\/sk\/wp-json\/wp\/v2\/product_brand?post=22069"},{"taxonomy":"product_cat","embeddable":true,"href":"https:\/\/diamondspa.sk\/sk\/wp-json\/wp\/v2\/product_cat?post=22069"},{"taxonomy":"product_tag","embeddable":true,"href":"https:\/\/diamondspa.sk\/sk\/wp-json\/wp\/v2\/product_tag?post=22069"}],"curies":[{"name":"wp","href":"https:\/\/api.w.org\/{rel}","templated":true}]}}