{"id":22081,"date":"2024-03-10T05:20:16","date_gmt":"2024-03-10T04:20:16","guid":{"rendered":"https:\/\/diamondspa.sk\/product\/m-spa-virivka-spa-s-hydromasazou-225-x-225-x-102-cm\/"},"modified":"2025-08-15T08:35:16","modified_gmt":"2025-08-15T06:35:16","slug":"m-spa-virivka-spa-s-hydromasazou-225-x-225-x-102-cm","status":"publish","type":"product","link":"https:\/\/diamondspa.sk\/sk\/produkt\/m-spa-virivka-spa-s-hydromasazou-225-x-225-x-102-cm\/","title":{"rendered":"M-SPA &#8211; V\u00edrivka SPA s hydromas\u00e1\u017eou 225 x 225 x 102 cm"},"content":{"rendered":"<p><span>Vonkaj\u0161ie rozmery: 225 x 225 x 102 cm<\/span><br \/><span>Po\u010det miest na sedenie: 5 os\u00f4b<\/span><br \/><span>Povrchov\u00e1 \u00faprava: Akryl<\/span><br \/><span>Farba akrylu: Mramorovan\u00fd<\/span><br \/><span>P\u00fazdro: Thermowood\u00a0<\/span><em><span>(Dub tmav\u00fd)<\/span><\/em><br \/><span>Nap\u00e1janie 220 ~ 240V\/50Hz<\/span><br \/><span>Po\u010det \u010derpadiel: 2 ks Celkov\u00fd<\/span><br \/><span>v\u00fdkon: cca 2 kW celkom<\/span><br \/><span>Vodn\u00e9 \u010derpadlo 1,5HP\/1,1kW: 1 ks<\/span><br \/><span>&#8211; Vodn\u00e9 d\u00fdzy (2,5&#8243;): 8 ks\u00a0<\/span><em><span>(smerov\u00e9)<\/span><\/em><br \/><span>Vzduchov\u00e9 \u010derpadlo 0,9HP\/0,7kW: 1 ks<\/span><br \/><span>&#8211; Vzduchov\u00e9 d\u00fdzy (1&#8243;): 12 ks<\/span><br \/><span>Vstavan\u00fd nerezov\u00fd spor\u00e1k<\/span><br \/><span>SPA svetlo: 2 ks\u00a0<\/span><em><span>(sedem druhov farieb)<\/span><br \/><\/em><span>Termokryt <\/span><em><span>(\u010dierna)<\/span><br \/><\/em><span>Schody\/Schod\u00edky vo farbe krytu<\/span><br \/><span>Kom\u00edn 200 cm vysok\u00fd so strie\u0161kou <\/span><em><span>(koleno, z\u00e1suvka, strie\u0161ka v cene)<\/span><br \/><\/em><span>Pneumatick\u00e9 tla\u010didl\u00e1: 3 ks\u00a0<\/span><em><span>(vodn\u00e1 pumpa, vzduchov\u00e1 pumpa, SPA svetlo)<\/span><br \/><\/em><span>Regul\u00e1tor prevzdu\u0161\u0148ovania vodn\u00fdch trysiek:\u00a0<\/span><br \/><span>Sac\u00ed ventil<\/span><br \/><span>Vstupn\u00e9 ventily<\/span><br \/><span>Pripojovacie ventily pre pieskov\u00fd filter<\/span><br \/><span>Zapusten\u00e9 trysky zarovnan\u00e9 s akrylom<\/span><br \/><span>Trysky z nehrdzavej\u00facej ocele<\/span><br \/><span>Minibar namontovan\u00fd na pl\u00e1\u0161ti<\/span><br \/><span>Kompletn\u00e1 izol\u00e1cia um\u00fdvadla vane<\/span><br \/><span>Dreven\u00e1 kon\u0161trukcia<\/span><\/p>\n","protected":false},"excerpt":{"rendered":"<p>Vonkaj\u0161ie rozmery: 225 x 225 x 102 cmPo\u010det miest na sedenie: 5 os\u00f4bPovrchov\u00e1 \u00faprava: AkrylFarba akrylu: Mramorovan\u00fdP\u00fazdro: Thermowood\u00a0(Dub tmav\u00fd)Nap\u00e1janie 220 ~ 240V\/50HzPo\u010det \u010derpadiel: 2 ks Celkov\u00fdv\u00fdkon: cca 2 kW celkomVodn\u00e9 \u010derpadlo 1,5HP\/1,1kW: 1 ks&#8211; Vodn\u00e9 d\u00fdzy (2,5&#8243;): 8 ks\u00a0(smerov\u00e9)Vzduchov\u00e9 \u010derpadlo 0,9HP\/0,7kW: 1 ks&#8211; Vzduchov\u00e9 d\u00fdzy (1&#8243;): 12 ksVstavan\u00fd nerezov\u00fd spor\u00e1kSPA svetlo: 2 ks\u00a0(sedem druhov farieb)Termokryt [&hellip;]<\/p>\n","protected":false},"featured_media":22082,"comment_status":"closed","ping_status":"open","template":"","meta":[],"product_brand":[2536],"product_cat":[415],"product_tag":[],"class_list":{"0":"post-22081","1":"product","2":"type-product","3":"status-publish","4":"has-post-thumbnail","6":"product_brand-m-spa","7":"product_cat-zahradne-virivky-jacuzzi","8":"pa_napajanie-220-240v-50hz","9":"pa_pocet-miest-414","10":"pa_pocet-trysiek-859","11":"pa_sirka-225-cm","12":"pa_vyrobca-m-spa","13":"pa_vyska-102-cm","14":"pa_zaruka-2-roky","16":"first","17":"instock","18":"taxable","19":"shipping-taxable","20":"purchasable","21":"product-type-simple"},"_links":{"self":[{"href":"https:\/\/diamondspa.sk\/sk\/wp-json\/wp\/v2\/product\/22081","targetHints":{"allow":["GET"]}}],"collection":[{"href":"https:\/\/diamondspa.sk\/sk\/wp-json\/wp\/v2\/product"}],"about":[{"href":"https:\/\/diamondspa.sk\/sk\/wp-json\/wp\/v2\/types\/product"}],"replies":[{"embeddable":true,"href":"https:\/\/diamondspa.sk\/sk\/wp-json\/wp\/v2\/comments?post=22081"}],"wp:featuredmedia":[{"embeddable":true,"href":"https:\/\/diamondspa.sk\/sk\/wp-json\/wp\/v2\/media\/22082"}],"wp:attachment":[{"href":"https:\/\/diamondspa.sk\/sk\/wp-json\/wp\/v2\/media?parent=22081"}],"wp:term":[{"taxonomy":"product_brand","embeddable":true,"href":"https:\/\/diamondspa.sk\/sk\/wp-json\/wp\/v2\/product_brand?post=22081"},{"taxonomy":"product_cat","embeddable":true,"href":"https:\/\/diamondspa.sk\/sk\/wp-json\/wp\/v2\/product_cat?post=22081"},{"taxonomy":"product_tag","embeddable":true,"href":"https:\/\/diamondspa.sk\/sk\/wp-json\/wp\/v2\/product_tag?post=22081"}],"curies":[{"name":"wp","href":"https:\/\/api.w.org\/{rel}","templated":true}]}}