{"id":22181,"date":"2024-03-10T05:23:45","date_gmt":"2024-03-10T04:23:45","guid":{"rendered":"https:\/\/diamondspa.sk\/product\/m-spa-sucha-sauna-s-pieckou-cierna-180-x-180-x-200-cm-6-kw\/"},"modified":"2025-08-15T08:35:13","modified_gmt":"2025-08-15T06:35:13","slug":"m-spa-sucha-sauna-s-pieckou-cierna-180-x-180-x-200-cm-6-kw","status":"publish","type":"product","link":"https:\/\/diamondspa.sk\/sk\/produkt\/m-spa-sucha-sauna-s-pieckou-cierna-180-x-180-x-200-cm-6-kw\/","title":{"rendered":"M-SPA &#8211; Such\u00e1 sauna s pieckou \u010dierna 180 x 180 x 200 cm 6 kW"},"content":{"rendered":"<p><span>Vonkaj\u0161ie rozmery: 180 x 180 x 200 cm<\/span><br \/><span>Typ: such\u00e1 sauna\u00a0<\/span><em><span>(f\u00ednska)<\/span><\/em><br \/><span>Farba: \u010dierna<\/span><\/p>\n<p><strong>Materi\u00e1l:<\/strong><\/p>\n<ul>\n<li><span><strong>Sauny: <\/strong>kanadsk\u00e1 borovica<\/span><\/li>\n<li><span><strong>Dvere: <\/strong>tvrden\u00e9 sklo (8 mm)<\/span><\/li>\n<\/ul>\n<p><span>Po\u010det miest na sedenie: 4 osoby<\/span><br \/><span>Nap\u00e1janie: 220 ~ 240V\/50Hz<\/span><br \/><span>Spor\u00e1k : Harvia VEGA BC60<\/span><br \/><span>Maxim\u00e1lny v\u00fdkon: 6000W<\/span><br \/><span>Teplotn\u00fd rozsah: 40-80 \u2103<\/span><br \/><span>\u010cas ohrevu: cca 30 min\u00fat<\/span><br \/><span>Osvetlenie sauny: 2 ks\u00a0<\/span><em><span>(lampy namontovan\u00e9 na h\u00e1\u010dikoch)<\/span><\/em><br \/><span>Farebn\u00e1 terapia\u00a0<\/span><em><span> (LED &#8211; namontovan\u00e9 za operadlom &#8211; <\/span><\/em><em><span>sedem druhov farby)<\/span><\/em><br \/><span>Dreven\u00fd kryt na upevnenie spor\u00e1ka<\/span><br \/><span>Opierka chrbta<\/span><br \/><span>Rukov\u00e4\u0165 2 ks<\/span><br \/><span>Kamene na spor\u00e1k: \u00e1no (16 kg)<\/span><br \/><span>Termovlhkomer<\/span><br \/><span>Vedierko s nabera\u010dkou<\/span><br \/><span>Pres\u00fdpacie hodiny<\/span><\/p>\n","protected":false},"excerpt":{"rendered":"<p>Vonkaj\u0161ie rozmery: 180 x 180 x 200 cmTyp: such\u00e1 sauna\u00a0(f\u00ednska)Farba: \u010dierna Materi\u00e1l: Sauny: kanadsk\u00e1 borovica Dvere: tvrden\u00e9 sklo (8 mm) Po\u010det miest na sedenie: 4 osobyNap\u00e1janie: 220 ~ 240V\/50HzSpor\u00e1k : Harvia VEGA BC60Maxim\u00e1lny v\u00fdkon: 6000WTeplotn\u00fd rozsah: 40-80 \u2103\u010cas ohrevu: cca 30 min\u00fatOsvetlenie sauny: 2 ks\u00a0(lampy namontovan\u00e9 na h\u00e1\u010dikoch)Farebn\u00e1 terapia\u00a0 (LED &#8211; namontovan\u00e9 za operadlom &#8211; [&hellip;]<\/p>\n","protected":false},"featured_media":22182,"comment_status":"closed","ping_status":"open","template":"","meta":[],"product_brand":[2536],"product_cat":[740,626],"product_tag":[],"class_list":{"0":"post-22181","1":"product","2":"type-product","3":"status-publish","4":"has-post-thumbnail","6":"product_brand-m-spa","7":"product_cat-finske-suche-sauny-sk","8":"product_cat-sauny-sk","9":"pa_napajanie-220-240-v-50-hz","10":"pa_pocet-miest-717","11":"pa_sirka-180-cm","12":"pa_umiestnenie-interier","13":"pa_vykon-6000-w","14":"pa_vyrobca-m-spa","15":"pa_vyska-200-cm","16":"pa_zaruka-2-roky","18":"first","19":"instock","20":"sale","21":"taxable","22":"shipping-taxable","23":"purchasable","24":"product-type-simple"},"_links":{"self":[{"href":"https:\/\/diamondspa.sk\/sk\/wp-json\/wp\/v2\/product\/22181","targetHints":{"allow":["GET"]}}],"collection":[{"href":"https:\/\/diamondspa.sk\/sk\/wp-json\/wp\/v2\/product"}],"about":[{"href":"https:\/\/diamondspa.sk\/sk\/wp-json\/wp\/v2\/types\/product"}],"replies":[{"embeddable":true,"href":"https:\/\/diamondspa.sk\/sk\/wp-json\/wp\/v2\/comments?post=22181"}],"wp:featuredmedia":[{"embeddable":true,"href":"https:\/\/diamondspa.sk\/sk\/wp-json\/wp\/v2\/media\/22182"}],"wp:attachment":[{"href":"https:\/\/diamondspa.sk\/sk\/wp-json\/wp\/v2\/media?parent=22181"}],"wp:term":[{"taxonomy":"product_brand","embeddable":true,"href":"https:\/\/diamondspa.sk\/sk\/wp-json\/wp\/v2\/product_brand?post=22181"},{"taxonomy":"product_cat","embeddable":true,"href":"https:\/\/diamondspa.sk\/sk\/wp-json\/wp\/v2\/product_cat?post=22181"},{"taxonomy":"product_tag","embeddable":true,"href":"https:\/\/diamondspa.sk\/sk\/wp-json\/wp\/v2\/product_tag?post=22181"}],"curies":[{"name":"wp","href":"https:\/\/api.w.org\/{rel}","templated":true}]}}