{"id":22232,"date":"2024-03-10T05:23:45","date_gmt":"2024-03-10T04:23:45","guid":{"rendered":"https:\/\/diamondspa.sk\/product\/m-spa-sucha-sauna-s-pieckou-220-x-180-x-210-cm-6kw-2\/"},"modified":"2025-08-15T08:35:14","modified_gmt":"2025-08-15T06:35:14","slug":"m-spa-sucha-sauna-s-pieckou-220-x-180-x-210-cm-6kw-2","status":"publish","type":"product","link":"https:\/\/diamondspa.sk\/sk\/produkt\/m-spa-sucha-sauna-s-pieckou-220-x-180-x-210-cm-6kw-2\/","title":{"rendered":"M-SPA &#8211; Such\u00e1 sauna s pieckou 220 x 180 x 210 cm 6kW"},"content":{"rendered":"<p><span>Vonkaj\u0161ie rozmery: 220 x 180 x 210 cm<\/span><br \/><span>Typ: such\u00e1 sauna\u00a0\u00a0<\/span><em><span>(f\u00ednska)<\/span><\/em><br \/><span>Farba: pr\u00edrodn\u00e9 drevo<\/span><\/p>\n<p><strong>Materi\u00e1l:<\/strong><\/p>\n<ul>\n<li><span><strong>Sauny: <\/strong>Biela borovica\/f\u00ednska borovica<\/span><\/li>\n<li><span><strong>Dvere: <\/strong>tvrden\u00e9 sklo (8 mm)<\/span><\/li>\n<li><span><strong>Zadn\u00e1 stena: <\/strong>dekora\u010dn\u00fd kame\u0148<\/span><\/li>\n<li><span><strong>Podlahy: <\/strong>dosky mramor<\/span><\/li>\n<\/ul>\n<p><span>Po\u010det miest na sedenie: 4 osoby<\/span><br \/><span>Nap\u00e1janie: 220 ~ 240V\/50Hz<\/span><br \/><span>Elektricky ovl\u00e1dan\u00e1 r\u00fara <\/span><em><span>(ovl\u00e1dac\u00ed panel)<\/span><br \/><\/em><span>Postrekova\u010d na polievanie kame\u0148ov<\/span><br \/><span>Maxim\u00e1lny v\u00fdkon: 6000W<\/span><br \/><span>Rozsah tepl\u00f4t: 40-80 \u2103<\/span><br \/><span>\u010cas ohrevu: cca 30 min\u00fat<\/span><br \/><span>Ovl\u00e1dac\u00ed panel<\/span><br \/><span>Osvetlenie sauny <\/span><em><span>(lampa na h\u00e1\u010dik)<\/span><br \/><\/em><span>LED svetl\u00e1\u00a0<\/span><em><span>(namontovan\u00e9 v streche)<\/span><\/em><br \/><span>Opierka<\/span><br \/><span>Rukov\u00e4\u0165 2 ks<\/span><br \/><span>Kachle na kachle (16 kg)<\/span><br \/><span>Termovlhkomer<\/span><br \/><span>Vedierko s nabera\u010dkou<\/span><br \/><span>Pres\u00fdpacie hodiny<\/span><\/p>\n","protected":false},"excerpt":{"rendered":"<p>Vonkaj\u0161ie rozmery: 220 x 180 x 210 cmTyp: such\u00e1 sauna\u00a0\u00a0(f\u00ednska)Farba: pr\u00edrodn\u00e9 drevo Materi\u00e1l: Sauny: Biela borovica\/f\u00ednska borovica Dvere: tvrden\u00e9 sklo (8 mm) Zadn\u00e1 stena: dekora\u010dn\u00fd kame\u0148 Podlahy: dosky mramor Po\u010det miest na sedenie: 4 osobyNap\u00e1janie: 220 ~ 240V\/50HzElektricky ovl\u00e1dan\u00e1 r\u00fara (ovl\u00e1dac\u00ed panel)Postrekova\u010d na polievanie kame\u0148ovMaxim\u00e1lny v\u00fdkon: 6000WRozsah tepl\u00f4t: 40-80 \u2103\u010cas ohrevu: cca 30 min\u00fatOvl\u00e1dac\u00ed panelOsvetlenie [&hellip;]<\/p>\n","protected":false},"featured_media":22233,"comment_status":"closed","ping_status":"open","template":"","meta":[],"product_brand":[2536],"product_cat":[740,626],"product_tag":[],"class_list":{"0":"post-22232","1":"product","2":"type-product","3":"status-publish","4":"has-post-thumbnail","6":"product_brand-m-spa","7":"product_cat-finske-suche-sauny-sk","8":"product_cat-sauny-sk","9":"pa_material-biela-borovica","10":"pa_napajanie-220-240v-50hz","11":"pa_pocet-miest-717","12":"pa_sirka-180-cm","13":"pa_umiestnenie-interier","14":"pa_vykon-6000-w","15":"pa_vyrobca-m-spa","16":"pa_vyska-210-cm","17":"pa_zaruka-2-roky","19":"first","20":"instock","21":"sale","22":"taxable","23":"shipping-taxable","24":"purchasable","25":"product-type-simple"},"_links":{"self":[{"href":"https:\/\/diamondspa.sk\/sk\/wp-json\/wp\/v2\/product\/22232","targetHints":{"allow":["GET"]}}],"collection":[{"href":"https:\/\/diamondspa.sk\/sk\/wp-json\/wp\/v2\/product"}],"about":[{"href":"https:\/\/diamondspa.sk\/sk\/wp-json\/wp\/v2\/types\/product"}],"replies":[{"embeddable":true,"href":"https:\/\/diamondspa.sk\/sk\/wp-json\/wp\/v2\/comments?post=22232"}],"wp:featuredmedia":[{"embeddable":true,"href":"https:\/\/diamondspa.sk\/sk\/wp-json\/wp\/v2\/media\/22233"}],"wp:attachment":[{"href":"https:\/\/diamondspa.sk\/sk\/wp-json\/wp\/v2\/media?parent=22232"}],"wp:term":[{"taxonomy":"product_brand","embeddable":true,"href":"https:\/\/diamondspa.sk\/sk\/wp-json\/wp\/v2\/product_brand?post=22232"},{"taxonomy":"product_cat","embeddable":true,"href":"https:\/\/diamondspa.sk\/sk\/wp-json\/wp\/v2\/product_cat?post=22232"},{"taxonomy":"product_tag","embeddable":true,"href":"https:\/\/diamondspa.sk\/sk\/wp-json\/wp\/v2\/product_tag?post=22232"}],"curies":[{"name":"wp","href":"https:\/\/api.w.org\/{rel}","templated":true}]}}