{"id":22300,"date":"2024-03-10T05:27:52","date_gmt":"2024-03-10T04:27:52","guid":{"rendered":"https:\/\/diamondspa.sk\/product\/sanotechnik-vonkajsia-finska-sauna-pre-4-osoby-bergen\/"},"modified":"2025-08-15T08:38:13","modified_gmt":"2025-08-15T06:38:13","slug":"sanotechnik-vonkajsia-finska-sauna-pre-4-osoby-bergen","status":"publish","type":"product","link":"https:\/\/diamondspa.sk\/sk\/produkt\/sanotechnik-vonkajsia-finska-sauna-pre-4-osoby-bergen\/","title":{"rendered":"Sanotechnik &#8211; Vonkaj\u0161ia F\u00ednska sauna pre 4 osoby Bergen"},"content":{"rendered":"<p><strong>V\u00fdhody saunovania v infrasaun\u00e1ch SANOTECHNIK:<\/strong><\/p>\n<ul>\n<li>Redukcia bolesti a \u00fa\u013eava po fyzickej n\u00e1mahe<\/li>\n<li>O\u010distenie tela od alkoholu, nikot\u00ednu a cholesterolu<\/li>\n<li>Zmier\u0148ovanie sympt\u00f3mov akn\u00e9<\/li>\n<li>Strata hmotnosti a zmiernenie prejavov celulit\u00eddy<\/li>\n<li>Posilnenie n\u00e1lady a zn\u00ed\u017eenie stresu<\/li>\n<li>Zmier\u0148ovanie opuchnut\u00fdch k\u013abov a svalov<\/li>\n<li>V\u00fdrazn\u00e9 zlep\u0161enie zdravia poko\u017eky<\/li>\n<\/ul>\n<p>Pre zdraviu prospe\u0161n\u00e9 saunovanie sta\u010d\u00ed v saune relaxova\u0165 2-3 kr\u00e1t t\u00fd\u017edenne po\u010das 45 min\u00fat.<\/p>\n<p><b>POPIS PRODUKTU<\/b><\/p>\n<ul>\n<li>Vonkaj\u0161ie rozmery (\u0160xVxH): 180x180x188 cm<\/li>\n<li>Vn\u00fatorn\u00e9 rozmery (\u0160xVxH): 116x174x174 cm<\/li>\n<li>rozmer z\u00e1kladne : cca 150&#215;140 cm<\/li>\n<li>Hr\u00fabka steny: 3 cm<\/li>\n<li>Sed\u00e1k (\u0160xH): cca 115,2&#215;42,5&#215;5 cm<\/li>\n<li>Vonkaj\u0161ie sedadlo (\u0160xH) 53,2&#215;42,5&#215;5 cm<\/li>\n<li>Celkov\u00e1 hmotnos\u0165: 402 kg<\/li>\n<li>4.5 kW Harvia Ofen<\/li>\n<li>Vr\u00e1tane asfaltovej strechy<\/li>\n<li>8 mm bezpe\u010dnostn\u00e9 sklo<\/li>\n<li>2 poschodov\u00e9 lavice<\/li>\n<li>2 lavi\u010dky v prednej \u010dasti<\/li>\n<li>2 ergonomick\u00e9 operadl\u00e1<\/li>\n<li><b>Termo smrekov\u00e9 drevo<\/b><\/li>\n<li>Dva vzduchov\u00e9 otvory pre optim\u00e1lnu cirkul\u00e1ciu vzduchu<\/li>\n<li>Max. Teplota: 70-90\u00b0C<\/li>\n<li>Saunov\u00e1 vani\u010dka<\/li>\n<li>Pres\u00fdpacie hodiny<\/li>\n<li>Teplomer<\/li>\n<li><span class=\"\">Uhol otv\u00e1rania dver\u00ed: 90\u00b0<\/span><\/li>\n<li>Nap\u00e1jacie nap\u00e4tie 220-240V alebo 380V<\/li>\n<\/ul>\n<p><b>ROZSAH DORU\u010cENIA<\/b><\/p>\n<ul>\n<li>F\u00ednska sauna<\/li>\n<li>Asfaltov\u00e1 strecha<\/li>\n<li>Saunov\u00e1 pec<\/li>\n<li>Saunov\u00e1 vani\u010dka<\/li>\n<li>Teplomer<\/li>\n<li>Pres\u00fdpacie hodiny<\/li>\n<li>Saunov\u00e9 kamene<\/li>\n<\/ul>\n<p><b>Rozmery balenia:<\/b><\/p>\n<p>CTN 1 189x67x25 cm 80.00 kg<\/p>\n<p>CTN 2 189x67x25 cm 80,00 kg<\/p>\n<p>CTN 3 184x104x16 cm 53,00 kg<\/p>\n<p>CTN 4 172x62x29 cm 45,00 kg<\/p>\n<p>CTN 5 176x66x26 cm 36,00 kg<\/p>\n<p>CTN 6 109x41x25 cm 70,00 kg<\/p>\n<p>CTN 7 44x31x33 cm 7 kg<\/p>\n<p>CTN 8 44x34x17 cm 20,00 kg<\/p>\n<p>CTN 9 32x51x48 cm 11,00 kg<\/p>\n<p><strong>Katal\u00f3g:<\/strong><\/p>\n<p><a href=\"\/fotky1950\/Katal%C3%B3gy\/SPAOASE%20KATALOG%20DE%2009-2021.pdf\" target=\"_blank\" rel=\"noopener\"><img fetchpriority=\"high\" decoding=\"async\" src=\"https:\/\/diamondspa.sk\/wp-content\/uploads\/2024\/03\/TITULKAsauy.png\" width=\"363\" alt=\"\" height=\"514\" style=\"display: block; margin-left: auto; margin-right: auto;\"><\/a><\/p>\n<p>\u00a0<\/p>\n<p><b><img decoding=\"async\" src=\"https:\/\/diamondspa.sk\/wp-content\/uploads\/2024\/03\/K10180-15-600x600-1.jpeg\" width=\"600\" height=\"600\" alt=\"\"><\/b><\/p>\n<p><b><img decoding=\"async\" src=\"https:\/\/diamondspa.sk\/wp-content\/uploads\/2024\/03\/K10180-19-600x600-1.jpeg\" width=\"600\" height=\"600\" alt=\"\"><\/b><\/p>\n<p><b><img loading=\"lazy\" decoding=\"async\" src=\"https:\/\/diamondspa.sk\/wp-content\/uploads\/2024\/03\/K10180-25-600x600-1.jpeg\" width=\"600\" height=\"600\" alt=\"\"><\/b><\/p>\n<p><b><img loading=\"lazy\" decoding=\"async\" src=\"https:\/\/diamondspa.sk\/wp-content\/uploads\/2024\/03\/K10180-29-600x600-1.jpeg\" width=\"600\" height=\"600\" alt=\"\"><\/b><\/p>\n<p><b><img loading=\"lazy\" decoding=\"async\" src=\"https:\/\/diamondspa.sk\/wp-content\/uploads\/2024\/03\/K10180-36-600x600-1.jpeg\" width=\"600\" height=\"600\" alt=\"\"><\/b><\/p>\n","protected":false},"excerpt":{"rendered":"<p>V\u00fdhody saunovania v infrasaun\u00e1ch SANOTECHNIK: Redukcia bolesti a \u00fa\u013eava po fyzickej n\u00e1mahe O\u010distenie tela od alkoholu, nikot\u00ednu a cholesterolu Zmier\u0148ovanie sympt\u00f3mov akn\u00e9 Strata hmotnosti a zmiernenie prejavov celulit\u00eddy Posilnenie n\u00e1lady a zn\u00ed\u017eenie stresu Zmier\u0148ovanie opuchnut\u00fdch k\u013abov a svalov V\u00fdrazn\u00e9 zlep\u0161enie zdravia poko\u017eky Pre zdraviu prospe\u0161n\u00e9 saunovanie sta\u010d\u00ed v saune relaxova\u0165 2-3 kr\u00e1t t\u00fd\u017edenne po\u010das 45 [&hellip;]<\/p>\n","protected":false},"featured_media":22301,"comment_status":"closed","ping_status":"open","template":"","meta":[],"product_brand":[2703],"product_cat":[626],"product_tag":[],"class_list":{"0":"post-22300","1":"product","2":"type-product","3":"status-publish","4":"has-post-thumbnail","6":"product_brand-sanotechnik","7":"product_cat-sauny-sk","8":"pa_hlbka-188-cm","9":"pa_hmotnost-402-kg","10":"pa_material-termalne-smrekove-drevo","11":"pa_napajanie-220-240-v-a-380-v","12":"pa_pocet-miest-717","13":"pa_sirka-180-cm","14":"pa_umiestnenie-exterier","15":"pa_vyrobca-sanotechnik-rakusko","16":"pa_vyska-180-cm","17":"pa_zaruka-2-roky","19":"first","20":"outofstock","21":"taxable","22":"shipping-taxable","23":"purchasable","24":"product-type-simple"},"_links":{"self":[{"href":"https:\/\/diamondspa.sk\/sk\/wp-json\/wp\/v2\/product\/22300","targetHints":{"allow":["GET"]}}],"collection":[{"href":"https:\/\/diamondspa.sk\/sk\/wp-json\/wp\/v2\/product"}],"about":[{"href":"https:\/\/diamondspa.sk\/sk\/wp-json\/wp\/v2\/types\/product"}],"replies":[{"embeddable":true,"href":"https:\/\/diamondspa.sk\/sk\/wp-json\/wp\/v2\/comments?post=22300"}],"wp:featuredmedia":[{"embeddable":true,"href":"https:\/\/diamondspa.sk\/sk\/wp-json\/wp\/v2\/media\/22301"}],"wp:attachment":[{"href":"https:\/\/diamondspa.sk\/sk\/wp-json\/wp\/v2\/media?parent=22300"}],"wp:term":[{"taxonomy":"product_brand","embeddable":true,"href":"https:\/\/diamondspa.sk\/sk\/wp-json\/wp\/v2\/product_brand?post=22300"},{"taxonomy":"product_cat","embeddable":true,"href":"https:\/\/diamondspa.sk\/sk\/wp-json\/wp\/v2\/product_cat?post=22300"},{"taxonomy":"product_tag","embeddable":true,"href":"https:\/\/diamondspa.sk\/sk\/wp-json\/wp\/v2\/product_tag?post=22300"}],"curies":[{"name":"wp","href":"https:\/\/api.w.org\/{rel}","templated":true}]}}