{"id":22316,"date":"2024-03-10T05:27:52","date_gmt":"2024-03-10T04:27:52","guid":{"rendered":"https:\/\/diamondspa.sk\/product\/m-spa-zahradna-sauna-barrel-240-cm-x-o-210-cm\/"},"modified":"2025-08-15T08:35:12","modified_gmt":"2025-08-15T06:35:12","slug":"m-spa-zahradna-sauna-barrel-240-cm-x-o-210-cm","status":"publish","type":"product","link":"https:\/\/diamondspa.sk\/sk\/produkt\/m-spa-zahradna-sauna-barrel-240-cm-x-o-210-cm\/","title":{"rendered":"M-SPA &#8211; Z\u00e1hradn\u00e1 sauna barrel 240 cm x \u00d8 210 cm"},"content":{"rendered":"<p><span>Vonkaj\u0161ie rozmery: 240 cm x &#216; 210 cm<\/span><br \/><span>Typ: such\u00e1 z\u00e1hradn\u00e1 sauna\u00a0<\/span><em><span>(f\u00ednska)<\/span><\/em><br \/><span>Farba: pr\u00edrodn\u00e9 drevo<\/span><\/p>\n<p><strong>Materi\u00e1l:<\/strong><\/p>\n<ul>\n<li><span><strong>Sauny: <\/strong>Termo borovicov\u00e9 drevo<\/span><\/li>\n<li><span><strong>Vstupn\u00e9 dvere: <\/strong>tvrden\u00e9 sklo (10 mm)<\/span><\/li>\n<li><span><strong>Zadn\u00e1 stena: <\/strong>Poloprieh\u013eadn\u00e9 tvrden\u00e9 sklo, borovica drevo Thermo<\/span><\/li>\n<\/ul>\n<p><span>Po\u010det miest na sedenie: 4-6 os\u00f4b<\/span><br \/><span>Osvetlenie sauny: LED RGB<\/span><em><br \/><\/em><span>LED svetl\u00e1\u00a0<\/span><em><span>(upevnen\u00e9 za operadlom)<\/span><\/em><br \/><span>\u0160tandardn\u00e1 dlh\u00e1 jednovrstvov\u00e1 lavica: 2 ks<\/span><br \/><span>Terasa: \u00e1no\u00a0<\/span><em><span>(d\u013a\u017eka 50 cm)\u00a0<\/span><\/em><br \/><span>\u0160tandardn\u00e1 kr\u00e1tka jednovrstvov\u00e1 lavica\u00a0<\/span><em><span>( terasa)<\/span><\/em><span>\u00a0: 2 ks<\/span><br \/><span>Kon\u0161trukcia vystu\u017een\u00e1 nerezov\u00fdmi pr\u00edchytkami<\/span><br \/><span>Ventila\u010dn\u00fd syst\u00e9m sauny<\/span><br \/><span>Bit\u00famenov\u00fd \u0161inde\u013e<\/span><br \/><span>Operadlo<\/span><br \/><span>Rukov\u00e4\u0165 2 ks<\/span><br \/><span>Termohygrometer<\/span><br \/><span>Vedierko s nabera\u010dkou<\/span><br \/><span>Pres\u00fdpacie hodiny<\/span><\/p>\n","protected":false},"excerpt":{"rendered":"<p>Vonkaj\u0161ie rozmery: 240 cm x &#216; 210 cmTyp: such\u00e1 z\u00e1hradn\u00e1 sauna\u00a0(f\u00ednska)Farba: pr\u00edrodn\u00e9 drevo Materi\u00e1l: Sauny: Termo borovicov\u00e9 drevo Vstupn\u00e9 dvere: tvrden\u00e9 sklo (10 mm) Zadn\u00e1 stena: Poloprieh\u013eadn\u00e9 tvrden\u00e9 sklo, borovica drevo Thermo Po\u010det miest na sedenie: 4-6 os\u00f4bOsvetlenie sauny: LED RGBLED svetl\u00e1\u00a0(upevnen\u00e9 za operadlom)\u0160tandardn\u00e1 dlh\u00e1 jednovrstvov\u00e1 lavica: 2 ksTerasa: \u00e1no\u00a0(d\u013a\u017eka 50 cm)\u00a0\u0160tandardn\u00e1 kr\u00e1tka jednovrstvov\u00e1 lavica\u00a0( [&hellip;]<\/p>\n","protected":false},"featured_media":22317,"comment_status":"closed","ping_status":"open","template":"","meta":[],"product_brand":[2536],"product_cat":[740,626],"product_tag":[],"class_list":{"0":"post-22316","1":"product","2":"type-product","3":"status-publish","4":"has-post-thumbnail","6":"product_brand-m-spa","7":"product_cat-finske-suche-sauny-sk","8":"product_cat-sauny-sk","9":"pa_material-termo-borovicove-drevo","10":"pa_pocet-miest-554","11":"pa_sirka-240-cm","12":"pa_umiestnenie-exterier","13":"pa_vyrobca-m-spa","14":"pa_vyska-210-cm","15":"pa_zaruka-2-roky","17":"first","18":"instock","19":"sale","20":"taxable","21":"shipping-taxable","22":"purchasable","23":"product-type-simple"},"_links":{"self":[{"href":"https:\/\/diamondspa.sk\/sk\/wp-json\/wp\/v2\/product\/22316","targetHints":{"allow":["GET"]}}],"collection":[{"href":"https:\/\/diamondspa.sk\/sk\/wp-json\/wp\/v2\/product"}],"about":[{"href":"https:\/\/diamondspa.sk\/sk\/wp-json\/wp\/v2\/types\/product"}],"replies":[{"embeddable":true,"href":"https:\/\/diamondspa.sk\/sk\/wp-json\/wp\/v2\/comments?post=22316"}],"wp:featuredmedia":[{"embeddable":true,"href":"https:\/\/diamondspa.sk\/sk\/wp-json\/wp\/v2\/media\/22317"}],"wp:attachment":[{"href":"https:\/\/diamondspa.sk\/sk\/wp-json\/wp\/v2\/media?parent=22316"}],"wp:term":[{"taxonomy":"product_brand","embeddable":true,"href":"https:\/\/diamondspa.sk\/sk\/wp-json\/wp\/v2\/product_brand?post=22316"},{"taxonomy":"product_cat","embeddable":true,"href":"https:\/\/diamondspa.sk\/sk\/wp-json\/wp\/v2\/product_cat?post=22316"},{"taxonomy":"product_tag","embeddable":true,"href":"https:\/\/diamondspa.sk\/sk\/wp-json\/wp\/v2\/product_tag?post=22316"}],"curies":[{"name":"wp","href":"https:\/\/api.w.org\/{rel}","templated":true}]}}