{"id":22324,"date":"2024-03-10T05:27:52","date_gmt":"2024-03-10T04:27:52","guid":{"rendered":"https:\/\/diamondspa.sk\/product\/m-spa-zahradna-sauna-barrel-300-cm-x-o-210-cm\/"},"modified":"2025-08-15T08:35:12","modified_gmt":"2025-08-15T06:35:12","slug":"m-spa-zahradna-sauna-barrel-300-cm-x-o-210-cm","status":"publish","type":"product","link":"https:\/\/diamondspa.sk\/sk\/produkt\/m-spa-zahradna-sauna-barrel-300-cm-x-o-210-cm\/","title":{"rendered":"M-SPA &#8211; Z\u00e1hradn\u00e1 sauna barrel 300 cm x \u00d8 210 cm"},"content":{"rendered":"<p>Vonkaj\u0161ie rozmery: 300 cm x &#216; 210 cm<br \/>Typ: such\u00e1 z\u00e1hradn\u00e1 sauna\u00a0<em>(f\u00ednska)<\/em><br \/>Farba: pr\u00edrodn\u00e9 drevo<\/p>\n<p><strong>Materi\u00e1l:<\/strong><\/p>\n<ul>\n<li><strong>Sauny: <\/strong>Termo borovicov\u00e9 drevo<\/li>\n<li><strong>Vstupn\u00e9 dvere: <\/strong>tvrden\u00e9 sklo (10 mm)<\/li>\n<li><strong>Zadn\u00e1 stena: <\/strong>Poloprieh\u013eadn\u00e9 tvrden\u00e9 sklo, borovica drevo Thermo<\/li>\n<\/ul>\n<p>Po\u010det miest: 6-8 os\u00f4b<br \/>Osvetlenie sauny: LED RGB<em><br \/><\/em>LED svetl\u00e1\u00a0<em>(upevnen\u00e9 za operadlo)<\/em><br \/>\u0160tandardn\u00e1 dlh\u00e1 jednovrstvov\u00e1 lavica: 2 ks<br \/>Terasa: \u00e1no\u00a0<em>(d\u013a\u017eka 50 cm)\u00a0<\/em><br \/>\u0160tandardn\u00e1 kr\u00e1tka jednovrstvov\u00e1 lavica\u00a0<em>(terasa )<\/em>\u00a0: 2 ks<br \/>Kon\u0161trukcia vystu\u017een\u00e1 nerezov\u00fdmi pr\u00edchytkami<br \/>Ventila\u010dn\u00fd syst\u00e9m sauny<br \/>Bit\u00famenov\u00fd \u0161inde\u013e<br \/>Operadlo<br \/>Rukov\u00e4\u0165 2 ks<br \/>Termohygrometer<br \/>Vedierko s nabera\u010dkou<br \/>Pres\u00fdpacie hodiny<\/p>\n","protected":false},"excerpt":{"rendered":"<p>Vonkaj\u0161ie rozmery: 300 cm x &#216; 210 cmTyp: such\u00e1 z\u00e1hradn\u00e1 sauna\u00a0(f\u00ednska)Farba: pr\u00edrodn\u00e9 drevo Materi\u00e1l: Sauny: Termo borovicov\u00e9 drevo Vstupn\u00e9 dvere: tvrden\u00e9 sklo (10 mm) Zadn\u00e1 stena: Poloprieh\u013eadn\u00e9 tvrden\u00e9 sklo, borovica drevo Thermo Po\u010det miest: 6-8 os\u00f4bOsvetlenie sauny: LED RGBLED svetl\u00e1\u00a0(upevnen\u00e9 za operadlo)\u0160tandardn\u00e1 dlh\u00e1 jednovrstvov\u00e1 lavica: 2 ksTerasa: \u00e1no\u00a0(d\u013a\u017eka 50 cm)\u00a0\u0160tandardn\u00e1 kr\u00e1tka jednovrstvov\u00e1 lavica\u00a0(terasa )\u00a0: 2 [&hellip;]<\/p>\n","protected":false},"featured_media":22325,"comment_status":"closed","ping_status":"open","template":"","meta":[],"product_brand":[2536],"product_cat":[740,626],"product_tag":[],"class_list":{"0":"post-22324","1":"product","2":"type-product","3":"status-publish","4":"has-post-thumbnail","6":"product_brand-m-spa","7":"product_cat-finske-suche-sauny-sk","8":"product_cat-sauny-sk","9":"pa_material-termo-borovicove-drevo","10":"pa_pocet-miest-1439","11":"pa_sirka-300-cm","12":"pa_umiestnenie-exterier","13":"pa_vyrobca-m-spa","14":"pa_vyska-210-cm","15":"pa_zaruka-2-roky","17":"first","18":"instock","19":"sale","20":"taxable","21":"shipping-taxable","22":"purchasable","23":"product-type-simple"},"_links":{"self":[{"href":"https:\/\/diamondspa.sk\/sk\/wp-json\/wp\/v2\/product\/22324","targetHints":{"allow":["GET"]}}],"collection":[{"href":"https:\/\/diamondspa.sk\/sk\/wp-json\/wp\/v2\/product"}],"about":[{"href":"https:\/\/diamondspa.sk\/sk\/wp-json\/wp\/v2\/types\/product"}],"replies":[{"embeddable":true,"href":"https:\/\/diamondspa.sk\/sk\/wp-json\/wp\/v2\/comments?post=22324"}],"wp:featuredmedia":[{"embeddable":true,"href":"https:\/\/diamondspa.sk\/sk\/wp-json\/wp\/v2\/media\/22325"}],"wp:attachment":[{"href":"https:\/\/diamondspa.sk\/sk\/wp-json\/wp\/v2\/media?parent=22324"}],"wp:term":[{"taxonomy":"product_brand","embeddable":true,"href":"https:\/\/diamondspa.sk\/sk\/wp-json\/wp\/v2\/product_brand?post=22324"},{"taxonomy":"product_cat","embeddable":true,"href":"https:\/\/diamondspa.sk\/sk\/wp-json\/wp\/v2\/product_cat?post=22324"},{"taxonomy":"product_tag","embeddable":true,"href":"https:\/\/diamondspa.sk\/sk\/wp-json\/wp\/v2\/product_tag?post=22324"}],"curies":[{"name":"wp","href":"https:\/\/api.w.org\/{rel}","templated":true}]}}