{"id":22364,"date":"2024-03-10T05:27:52","date_gmt":"2024-03-10T04:27:52","guid":{"rendered":"https:\/\/diamondspa.sk\/product\/m-spa-kupelnova-vana-spa-s-hydromasazou-150-x-92-x-53-cm\/"},"modified":"2025-09-05T10:46:37","modified_gmt":"2025-09-05T08:46:37","slug":"m-spa-kupelnova-vana-spa-s-hydromasazou-150-x-92-x-53-cm","status":"publish","type":"product","link":"https:\/\/diamondspa.sk\/sk\/produkt\/m-spa-kupelnova-vana-spa-s-hydromasazou-150-x-92-x-53-cm\/","title":{"rendered":"M-SPA &#8211; K\u00fape\u013e\u0148ov\u00e1 va\u0148a SPA s hydromas\u00e1\u017eou 150 x 92 x 53 cm"},"content":{"rendered":"<p>Vonkaj\u0161ie rozmery: 150 x 92 x 53 cm\u00a0<em>(v\u00fd\u0161ka meran\u00e1 v najvy\u0161\u0161om bode akrylu)<\/em><br \/>Farba: Biela<br \/>Povrchov\u00e1 \u00faprava: Akryl (ABS)<br \/>Po\u010det miest na sedenie: 1 osoba<br \/>Nap\u00e1janie: 220 ~ 240V\/50<br \/>Celkov\u00fd v\u00fdkon: cca 1,05 kW <br \/>Po\u010det trysiek na vodu 6 ks <br \/><strong>Vr\u00e1tane:<\/strong><br \/>\u2013 Vodn\u00e9 d\u00fdzy (3,5\u2033): 6 ks<br \/>Vodn\u00e9 \u010derpadlo 0,7 kW<br \/>Vzduchov\u00e9 d\u00fdzy (1\u2033): 6 ks<br \/>Vzduchov\u00e9 \u010derpadlo 0,35 kW<br \/>Gener\u00e1tor oz\u00f3nu<br \/>SPA podvodn\u00e9 svetlo <em>(sedem druhov farieb)<\/em><br \/>Sprchov\u00e1 hlavica<br \/>V\u00fdtok<br \/>Poli\u010dka na kozmetiku<br \/>Opierka hlavy <em>(na pr\u00edsavky)<\/em><br \/>Ovl\u00e1dac\u00ed panel<br \/>R\u00e1dio<br \/>Reproduktor<\/p>\n<p><strong>\u010eAL\u0160IE INFORM\u00c1CIE:<\/strong><\/p>\n<p>Profilovan\u00e9 dno vane<br \/>Jednostranne zabudovan\u00e1 va\u0148a\u00a0<em>(2 strany nezastavan\u00e9)<\/em><br \/>Verzia vane: asymetrick\u00e1<\/p>\n","protected":false},"excerpt":{"rendered":"<p>Vonkaj\u0161ie rozmery: 150 x 92 x 53 cm\u00a0(v\u00fd\u0161ka meran\u00e1 v najvy\u0161\u0161om bode akrylu)Farba: BielaPovrchov\u00e1 \u00faprava: Akryl (ABS)Po\u010det miest na sedenie: 1 osobaNap\u00e1janie: 220 ~ 240V\/50Celkov\u00fd v\u00fdkon: cca 1,05 kW Po\u010det trysiek na vodu 6 ks Vr\u00e1tane:\u2013 Vodn\u00e9 d\u00fdzy (3,5\u2033): 6 ksVodn\u00e9 \u010derpadlo 0,7 kWVzduchov\u00e9 d\u00fdzy (1\u2033): 6 ksVzduchov\u00e9 \u010derpadlo 0,35 kWGener\u00e1tor oz\u00f3nuSPA podvodn\u00e9 svetlo (sedem [&hellip;]<\/p>\n","protected":false},"featured_media":22365,"comment_status":"closed","ping_status":"open","template":"","meta":[],"product_brand":[2536],"product_cat":[168,65],"product_tag":[],"class_list":{"0":"post-22364","1":"product","2":"type-product","3":"status-publish","4":"has-post-thumbnail","6":"product_brand-m-spa","7":"product_cat-hydromasazne-vane","8":"product_cat-vane","9":"pa_napajanie-220-240-v-50-hz","10":"pa_pocet-miest-622","11":"pa_pocet-trysiek-383","12":"pa_povrch-akryl","13":"pa_sirka-92-cm","14":"pa_vyrobca-m-spa","15":"pa_vyska-53-cm","16":"pa_zaruka-2-roky","18":"first","19":"instock","20":"sale","21":"taxable","22":"shipping-taxable","23":"purchasable","24":"product-type-simple"},"_links":{"self":[{"href":"https:\/\/diamondspa.sk\/sk\/wp-json\/wp\/v2\/product\/22364","targetHints":{"allow":["GET"]}}],"collection":[{"href":"https:\/\/diamondspa.sk\/sk\/wp-json\/wp\/v2\/product"}],"about":[{"href":"https:\/\/diamondspa.sk\/sk\/wp-json\/wp\/v2\/types\/product"}],"replies":[{"embeddable":true,"href":"https:\/\/diamondspa.sk\/sk\/wp-json\/wp\/v2\/comments?post=22364"}],"wp:featuredmedia":[{"embeddable":true,"href":"https:\/\/diamondspa.sk\/sk\/wp-json\/wp\/v2\/media\/22365"}],"wp:attachment":[{"href":"https:\/\/diamondspa.sk\/sk\/wp-json\/wp\/v2\/media?parent=22364"}],"wp:term":[{"taxonomy":"product_brand","embeddable":true,"href":"https:\/\/diamondspa.sk\/sk\/wp-json\/wp\/v2\/product_brand?post=22364"},{"taxonomy":"product_cat","embeddable":true,"href":"https:\/\/diamondspa.sk\/sk\/wp-json\/wp\/v2\/product_cat?post=22364"},{"taxonomy":"product_tag","embeddable":true,"href":"https:\/\/diamondspa.sk\/sk\/wp-json\/wp\/v2\/product_tag?post=22364"}],"curies":[{"name":"wp","href":"https:\/\/api.w.org\/{rel}","templated":true}]}}