{"id":22477,"date":"2024-03-10T05:33:08","date_gmt":"2024-03-10T04:33:08","guid":{"rendered":"https:\/\/diamondspa.sk\/product\/m-spa-lava-kupelnova-vana-spa-turbo-plus-hydromasazou-180-x-120-x-54-cm\/"},"modified":"2025-09-05T10:46:36","modified_gmt":"2025-09-05T08:46:36","slug":"m-spa-lava-kupelnova-vana-spa-turbo-plus-hydromasazou-180-x-120-x-54-cm","status":"publish","type":"product","link":"https:\/\/diamondspa.sk\/sk\/produkt\/m-spa-lava-kupelnova-vana-spa-turbo-plus-hydromasazou-180-x-120-x-54-cm\/","title":{"rendered":"M-SPA &#8211;  \u013dav\u00e1 k\u00fape\u013e\u0148ov\u00e1 va\u0148a SPA TURBO PLUS hydromas\u00e1\u017eou 180 x 120 x 54 cm"},"content":{"rendered":"<p>Vonkaj\u0161ie rozmery: 180 x 120 x 54 cm\u00a0<em>(v\u00fd\u0161ka meran\u00e1 v najvy\u0161\u0161om bode akrylu)<\/em><br \/>Farba: Biela<br \/>Po\u0165ah: Akryl<br \/>Po\u010det miest na sedenie: 2 osoby<br \/>Verzia: \u013eav\u00e1<br \/>Nap\u00e1janie: 220 ~ 240V\/50<br \/>Celkov\u00fd v\u00fdkon: cca 3 kW celkom<br \/>Vodn\u00e9 trysky 16 ks vr\u00e1tane:<br \/>\u2013 Vodn\u00e9 trysky (3,5\u2033): 6 ks<br \/>\u2013 Vodn\u00e9 trysky (2\u2033): 10 ks<br \/>Vodn\u00e9 \u010derpadlo 1,1 kW<br \/>Vzduchov\u00e9 d\u00fdzy (1\u2033): 16 ks<br \/>Pumpa vzduch 0,4 kW<br \/>Ohrieva\u010d: 1,5 kW<br \/>Gener\u00e1tor oz\u00f3nu<br \/>Sn\u00edma\u010de hladiny vody <em>(ochrana \u010derpadiel pred horen\u00edm)<\/em><br \/>SPA podvodn\u00e9 svetlo <em>(sedem druhov farieb)<\/em><br \/>Sprchov\u00e9 sl\u00fachadlo\u00a0<br \/>Termostatick\u00fd mix\u00e9r<br \/>V\u00fdtok<br \/>Poli\u010dka na kozmetiku<br \/>Opierka hlavy: 2 ks\u00a0<em>(skrutkovan\u00e9)<\/em><br \/>Ovl\u00e1dac\u00ed panel<br \/>Bluetooth<br \/>R\u00e1dio<br \/>Reproduktor<\/p>\n<p><strong>V\u00ddHODY:<\/strong><\/p>\n<p>Turbomas\u00e1\u017e\u00a0\u00a0<em>(koordin\u00e1cia vodn\u00e9ho \u010derpadla so vzduchov\u00fdm \u010derpadlom)<\/em><br \/>Regul\u00e1tor prevzdu\u0161\u0148ovania vodn\u00fdch trysiek<br \/>Syst\u00e9m prevzdu\u0161\u0148ovania vodn\u00fdch trysiek<br \/>Syst\u00e9m\u00a0\u00a0<em>(gravita\u010dn\u00fd)<\/em>\u00a0\u00a0na su\u0161enie potrubia<br \/>Syst\u00e9m\u00a0\u00a0<em>(elektrick\u00fd)<\/em>\u00a0\u00a0na su\u0161enie vodn\u00fdch trysiek<br \/>Syst\u00e9m\u00a0\u00a0<em>(auto-clean)<\/em>\u00a0\u00a0na automatick\u00e9 \u010distenie potrubia a vodn\u00e9 trysky<br \/>Proti\u0161mykov\u00e9 dno vane<br \/>2&#8243; vodn\u00e9 trysky z nehrdzavej\u00facej ocele<br \/>Vodn\u00e9 a vzduchov\u00e9 \u010derpadl\u00e1 m\u00f4\u017eu pracova\u0165 paralelne<\/p>\n<p><strong>\u010eAL\u0160IE INFORM\u00c1CIE:<\/strong><\/p>\n<p>Kapacita vane: min.\u00a0310 l<br \/>Hmotnos\u0165 vane: 70 kg<br \/>Va\u0148a postaven\u00e1 na 2 stran\u00e1ch\u00a0<em>(2 strany nezakryt\u00e9)<\/em><\/p>\n","protected":false},"excerpt":{"rendered":"<p>Vonkaj\u0161ie rozmery: 180 x 120 x 54 cm\u00a0(v\u00fd\u0161ka meran\u00e1 v najvy\u0161\u0161om bode akrylu)Farba: BielaPo\u0165ah: AkrylPo\u010det miest na sedenie: 2 osobyVerzia: \u013eav\u00e1Nap\u00e1janie: 220 ~ 240V\/50Celkov\u00fd v\u00fdkon: cca 3 kW celkomVodn\u00e9 trysky 16 ks vr\u00e1tane:\u2013 Vodn\u00e9 trysky (3,5\u2033): 6 ks\u2013 Vodn\u00e9 trysky (2\u2033): 10 ksVodn\u00e9 \u010derpadlo 1,1 kWVzduchov\u00e9 d\u00fdzy (1\u2033): 16 ksPumpa vzduch 0,4 kWOhrieva\u010d: 1,5 kWGener\u00e1tor [&hellip;]<\/p>\n","protected":false},"featured_media":22478,"comment_status":"closed","ping_status":"open","template":"","meta":[],"product_brand":[2536],"product_cat":[168,65],"product_tag":[],"class_list":{"0":"post-22477","1":"product","2":"type-product","3":"status-publish","4":"has-post-thumbnail","6":"product_brand-m-spa","7":"product_cat-hydromasazne-vane","8":"product_cat-vane","9":"pa_objem-310-l","10":"pa_pocet-miest-166","11":"pa_pocet-trysiek-889","12":"pa_povrch-akryl","13":"pa_sirka-120-cm","14":"pa_vaha-70-kg","15":"pa_vyrobca-m-spa","16":"pa_vyska-54-cm","17":"pa_zaruka-2-roky","19":"first","20":"instock","21":"sale","22":"taxable","23":"shipping-taxable","24":"purchasable","25":"product-type-simple"},"_links":{"self":[{"href":"https:\/\/diamondspa.sk\/sk\/wp-json\/wp\/v2\/product\/22477","targetHints":{"allow":["GET"]}}],"collection":[{"href":"https:\/\/diamondspa.sk\/sk\/wp-json\/wp\/v2\/product"}],"about":[{"href":"https:\/\/diamondspa.sk\/sk\/wp-json\/wp\/v2\/types\/product"}],"replies":[{"embeddable":true,"href":"https:\/\/diamondspa.sk\/sk\/wp-json\/wp\/v2\/comments?post=22477"}],"wp:featuredmedia":[{"embeddable":true,"href":"https:\/\/diamondspa.sk\/sk\/wp-json\/wp\/v2\/media\/22478"}],"wp:attachment":[{"href":"https:\/\/diamondspa.sk\/sk\/wp-json\/wp\/v2\/media?parent=22477"}],"wp:term":[{"taxonomy":"product_brand","embeddable":true,"href":"https:\/\/diamondspa.sk\/sk\/wp-json\/wp\/v2\/product_brand?post=22477"},{"taxonomy":"product_cat","embeddable":true,"href":"https:\/\/diamondspa.sk\/sk\/wp-json\/wp\/v2\/product_cat?post=22477"},{"taxonomy":"product_tag","embeddable":true,"href":"https:\/\/diamondspa.sk\/sk\/wp-json\/wp\/v2\/product_tag?post=22477"}],"curies":[{"name":"wp","href":"https:\/\/api.w.org\/{rel}","templated":true}]}}