{"id":22501,"date":"2024-03-10T05:33:08","date_gmt":"2024-03-10T04:33:08","guid":{"rendered":"https:\/\/diamondspa.sk\/product\/m-spa-kupelnova-vana-s-hydromasazou-turbo-right-spa-180-x-120-x-54-cm\/"},"modified":"2025-09-05T10:46:36","modified_gmt":"2025-09-05T08:46:36","slug":"m-spa-kupelnova-vana-s-hydromasazou-turbo-right-spa-180-x-120-x-54-cm","status":"publish","type":"product","link":"https:\/\/diamondspa.sk\/sk\/produkt\/m-spa-kupelnova-vana-s-hydromasazou-turbo-right-spa-180-x-120-x-54-cm\/","title":{"rendered":"M-SPA &#8211; K\u00fape\u013e\u0148ov\u00e1 va\u0148a s hydromas\u00e1\u017eou TURBO RIGHT SPA 180 x 120 x 54 cm"},"content":{"rendered":"<p>Vonkaj\u0161ie rozmery: 180 x 120 x 54 cm\u00a0<em>(v\u00fd\u0161ka meran\u00e1 v najvy\u0161\u0161om bode akrylu)<\/em><br \/>Farba: \u010cierna<br \/>Povrchov\u00e1 \u00faprava: Akryl (ABS)<br \/>Po\u010det sedadiel: 2-miestne<br \/>Verzia: prav\u00e1<br \/>Nap\u00e1janie: 220 ~ 240V\/50<br \/>Celkov\u00fd v\u00fdkon: cca 3 kW celkom<br \/>Vodn\u00e9 trysky 16 ks <br \/><strong>Vr\u00e1tane:<\/strong><br \/>&#8211; Vodn\u00e9 trysky (3,5&#8243;): 6 ks<br \/>&#8211; Vodn\u00e9 trysky (2&#8243;): 10 ks<br \/>Vodn\u00e9 \u010derpadlo 1,1 kW<br \/>Vzduchov\u00e9 d\u00fdzy (1&#8243;): 16 ks<br \/>Vzduchov\u00e9 \u010derpadlo 0,4 kW<br \/>Ohrieva\u010d: 1,5 kW<br \/>Gener\u00e1tor oz\u00f3nu<br \/>Sn\u00edma\u010de hladiny vody <em>(ochrana \u010derpadiel pred sp\u00e1len\u00edm)<\/em><br \/>SPA podvodn\u00e9 svetlo <em>(sedem druhov farieb )<\/em><br \/>Sprcha hlava<br \/>Termostatick\u00fd mix\u00e9r<br \/>V\u00fdtok<br \/>Poli\u010dka na kozmetiku<br \/>Opierka hlavy: 2 ks\u00a0<em>(skrutkovan\u00e9)<\/em><br \/>Ovl\u00e1dac\u00ed panel<br \/>Bluetooth<br \/>R\u00e1dio<br \/>Reproduktor<\/p>\n<p><strong>V\u00ddHODY:<\/strong><\/p>\n<p>Turbomas\u00e1\u017e\u00a0\u00a0<em>(koordin\u00e1cia vodn\u00e9ho \u010derpadla so vzduchov\u00fdm \u010derpadlom)<\/em><br \/>Regul\u00e1tor prevzdu\u0161\u0148ovania vodn\u00fdch trysiek\u00a0<br \/>Syst\u00e9m\u00a0 prevzdu\u0161\u0148ovania vodn\u00fdch trysiek )<br \/><em>(gravita\u010dn\u00fd)<\/em> syst\u00e9m su\u0161enia had\u00edc\u00a0<br \/>Syst\u00e9m <em>(elektrick\u00fd)<\/em> na su\u0161enie vodn\u00fdch\u00a0trysiek <br \/>Proti\u0161mykov\u00e9 dno vane\u00a0<br \/>2\u2033 vodn\u00e9 trysky z nehrdzavej\u00facej ocele\u00a0<br \/>Voda a vzduchov\u00e9 \u010derpadlo m\u00f4\u017ee pracova\u0165 paralelne<\/p>\n<p><strong>\u010eAL\u0160IE INFORM\u00c1CIE:<\/strong><\/p>\n<p>Kapacita vane: min.\u00a0310 l<br \/>Hmotnos\u0165 vane: 70 kg<br \/>Va\u0148a postaven\u00e1 na 2 stran\u00e1ch\u00a0<em>(2 strany nezakryt\u00e9)<\/em><\/p>\n","protected":false},"excerpt":{"rendered":"<p>Vonkaj\u0161ie rozmery: 180 x 120 x 54 cm\u00a0(v\u00fd\u0161ka meran\u00e1 v najvy\u0161\u0161om bode akrylu)Farba: \u010ciernaPovrchov\u00e1 \u00faprava: Akryl (ABS)Po\u010det sedadiel: 2-miestneVerzia: prav\u00e1Nap\u00e1janie: 220 ~ 240V\/50Celkov\u00fd v\u00fdkon: cca 3 kW celkomVodn\u00e9 trysky 16 ks Vr\u00e1tane:&#8211; Vodn\u00e9 trysky (3,5&#8243;): 6 ks&#8211; Vodn\u00e9 trysky (2&#8243;): 10 ksVodn\u00e9 \u010derpadlo 1,1 kWVzduchov\u00e9 d\u00fdzy (1&#8243;): 16 ksVzduchov\u00e9 \u010derpadlo 0,4 kWOhrieva\u010d: 1,5 kWGener\u00e1tor oz\u00f3nuSn\u00edma\u010de [&hellip;]<\/p>\n","protected":false},"featured_media":22502,"comment_status":"closed","ping_status":"open","template":"","meta":[],"product_brand":[2536],"product_cat":[168,65],"product_tag":[],"class_list":{"0":"post-22501","1":"product","2":"type-product","3":"status-publish","4":"has-post-thumbnail","6":"product_brand-m-spa","7":"product_cat-hydromasazne-vane","8":"product_cat-vane","9":"pa_napajanie-220-240-v-50-hz","10":"pa_objem-310-l","11":"pa_pocet-miest-166","12":"pa_pocet-trysiek-889","13":"pa_povrch-akryl","14":"pa_sirka-120-cm","15":"pa_vaha-70-kg","16":"pa_vyrobca-m-spa","17":"pa_vyska-54-cm","18":"pa_zaruka-2-roky","20":"first","21":"outofstock","22":"sale","23":"taxable","24":"shipping-taxable","25":"purchasable","26":"product-type-simple"},"_links":{"self":[{"href":"https:\/\/diamondspa.sk\/sk\/wp-json\/wp\/v2\/product\/22501","targetHints":{"allow":["GET"]}}],"collection":[{"href":"https:\/\/diamondspa.sk\/sk\/wp-json\/wp\/v2\/product"}],"about":[{"href":"https:\/\/diamondspa.sk\/sk\/wp-json\/wp\/v2\/types\/product"}],"replies":[{"embeddable":true,"href":"https:\/\/diamondspa.sk\/sk\/wp-json\/wp\/v2\/comments?post=22501"}],"wp:featuredmedia":[{"embeddable":true,"href":"https:\/\/diamondspa.sk\/sk\/wp-json\/wp\/v2\/media\/22502"}],"wp:attachment":[{"href":"https:\/\/diamondspa.sk\/sk\/wp-json\/wp\/v2\/media?parent=22501"}],"wp:term":[{"taxonomy":"product_brand","embeddable":true,"href":"https:\/\/diamondspa.sk\/sk\/wp-json\/wp\/v2\/product_brand?post=22501"},{"taxonomy":"product_cat","embeddable":true,"href":"https:\/\/diamondspa.sk\/sk\/wp-json\/wp\/v2\/product_cat?post=22501"},{"taxonomy":"product_tag","embeddable":true,"href":"https:\/\/diamondspa.sk\/sk\/wp-json\/wp\/v2\/product_tag?post=22501"}],"curies":[{"name":"wp","href":"https:\/\/api.w.org\/{rel}","templated":true}]}}