{"id":22517,"date":"2024-03-10T05:33:08","date_gmt":"2024-03-10T04:33:08","guid":{"rendered":"https:\/\/diamondspa.sk\/product\/m-spa-lava-kupelnova-vana-plus-spa-s-hydromasazou-180-x-120-x-54-cm\/"},"modified":"2025-09-05T10:46:36","modified_gmt":"2025-09-05T08:46:36","slug":"m-spa-lava-kupelnova-vana-plus-spa-s-hydromasazou-180-x-120-x-54-cm","status":"publish","type":"product","link":"https:\/\/diamondspa.sk\/sk\/produkt\/m-spa-lava-kupelnova-vana-plus-spa-s-hydromasazou-180-x-120-x-54-cm\/","title":{"rendered":"M-SPA &#8211; \u013dav\u00e1 k\u00fape\u013e\u0148ov\u00e1 va\u0148a PLUS SPA s hydromas\u00e1\u017eou 180 x 120 x 54 cm"},"content":{"rendered":"<p>Vonkaj\u0161ie rozmery: 180 x 120 x 54 cm (v\u00fd\u0161ka meran\u00e1 v najvy\u0161\u0161om bode akrylu)<br \/>Farba: \u010cerven\u00e1<br \/>Po\u0165ah: Akryl (ABS)<br \/>Po\u010det sedadiel: 2 osoby<br \/>Verzia: \u013eav\u00e1<br \/>Nap\u00e1janie: 220 ~ 240V\/50<br \/>Celkov\u00fd v\u00fdkon: cca 3 kW spolu<br \/>Vodn\u00e9 d\u00fdzy 16 ks, vr\u00e1tane:<br \/>\u2013 Vodn\u00e9 d\u00fdzy (3,5\u2033): 6 ks<br \/>\u2013 Vodn\u00e9 d\u00fdzy (2\u2033): 10 ks<br \/>Vodn\u00e9 \u010derpadlo 1,1 kW<br \/>Vzduchov\u00e9 d\u00fdzy (1\u2033): 16 ks<br \/>Vzduchov\u00e9 \u010derpadlo 0,4 kW<br \/>Ohrieva\u010d: 1,5 kW\u00a0<br \/>Gener\u00e1tor oz\u00f3nu<br \/>Sn\u00edma\u010de hladiny vody (ochrana \u010derpadiel pred horen\u00edm)<br \/>SPA podvodn\u00e9 svetlo (sedem druhov farieb) )<br \/>Sprchov\u00e1 hlavica<br \/>Termostatick\u00fd mix\u00e9r<br \/>V\u00fdtok<br \/>Poli\u010dka na kozmetiku<br \/>Opierka hlavy: 2 ks (skrutkovan\u00e9)<br \/>Ovl\u00e1dac\u00ed panel<br \/>Bluetooth<br \/>R\u00e1dio<br \/>Reproduktor<\/p>\n<p><strong>\u010eAL\u0160IE INFORM\u00c1CIE:<\/strong><\/p>\n<p>Regul\u00e1tor prevzdu\u0161\u0148ovania vodn\u00fdch trysiek<br \/>Syst\u00e9m prevzdu\u0161\u0148ovania vodn\u00fdch trysiek<br \/>Syst\u00e9m na su\u0161enie r\u00far (gravit\u00e1cia)<br \/>Proti\u0161mykov\u00e9 dno vane <br \/>2&#8243; vodn\u00e9 d\u00fdzy vyroben\u00e9 z nehrdzavej\u00facej ocele<br \/>Vodn\u00e9 a vzduchov\u00e9 \u010derpadl\u00e1 m\u00f4\u017eu pracova\u0165 paralelne<\/p>\n<p>Kapacita vane: min.\u00a0310 l<br \/>Hmotnos\u0165 vane: 70 kg<br \/>Va\u0148a vstavan\u00e1 na 2 stran\u00e1ch (2 strany nie s\u00fa vstavan\u00e9)<\/p>\n","protected":false},"excerpt":{"rendered":"<p>Vonkaj\u0161ie rozmery: 180 x 120 x 54 cm (v\u00fd\u0161ka meran\u00e1 v najvy\u0161\u0161om bode akrylu)Farba: \u010cerven\u00e1Po\u0165ah: Akryl (ABS)Po\u010det sedadiel: 2 osobyVerzia: \u013eav\u00e1Nap\u00e1janie: 220 ~ 240V\/50Celkov\u00fd v\u00fdkon: cca 3 kW spoluVodn\u00e9 d\u00fdzy 16 ks, vr\u00e1tane:\u2013 Vodn\u00e9 d\u00fdzy (3,5\u2033): 6 ks\u2013 Vodn\u00e9 d\u00fdzy (2\u2033): 10 ksVodn\u00e9 \u010derpadlo 1,1 kWVzduchov\u00e9 d\u00fdzy (1\u2033): 16 ksVzduchov\u00e9 \u010derpadlo 0,4 kWOhrieva\u010d: 1,5 kW\u00a0Gener\u00e1tor [&hellip;]<\/p>\n","protected":false},"featured_media":22518,"comment_status":"closed","ping_status":"open","template":"","meta":[],"product_brand":[2536],"product_cat":[168,65],"product_tag":[],"class_list":{"0":"post-22517","1":"product","2":"type-product","3":"status-publish","4":"has-post-thumbnail","6":"product_brand-m-spa","7":"product_cat-hydromasazne-vane","8":"product_cat-vane","9":"pa_napajanie-220-240-v-50-hz","10":"pa_objem-310-l","11":"pa_pocet-miest-166","12":"pa_pocet-trysiek-889","13":"pa_sirka-120-cm","14":"pa_vaha-70-kg","15":"pa_vyrobca-m-spa","16":"pa_vyska-54-cm","17":"pa_zaruka-2-roky","19":"first","20":"instock","21":"sale","22":"taxable","23":"shipping-taxable","24":"purchasable","25":"product-type-simple"},"_links":{"self":[{"href":"https:\/\/diamondspa.sk\/sk\/wp-json\/wp\/v2\/product\/22517","targetHints":{"allow":["GET"]}}],"collection":[{"href":"https:\/\/diamondspa.sk\/sk\/wp-json\/wp\/v2\/product"}],"about":[{"href":"https:\/\/diamondspa.sk\/sk\/wp-json\/wp\/v2\/types\/product"}],"replies":[{"embeddable":true,"href":"https:\/\/diamondspa.sk\/sk\/wp-json\/wp\/v2\/comments?post=22517"}],"wp:featuredmedia":[{"embeddable":true,"href":"https:\/\/diamondspa.sk\/sk\/wp-json\/wp\/v2\/media\/22518"}],"wp:attachment":[{"href":"https:\/\/diamondspa.sk\/sk\/wp-json\/wp\/v2\/media?parent=22517"}],"wp:term":[{"taxonomy":"product_brand","embeddable":true,"href":"https:\/\/diamondspa.sk\/sk\/wp-json\/wp\/v2\/product_brand?post=22517"},{"taxonomy":"product_cat","embeddable":true,"href":"https:\/\/diamondspa.sk\/sk\/wp-json\/wp\/v2\/product_cat?post=22517"},{"taxonomy":"product_tag","embeddable":true,"href":"https:\/\/diamondspa.sk\/sk\/wp-json\/wp\/v2\/product_tag?post=22517"}],"curies":[{"name":"wp","href":"https:\/\/api.w.org\/{rel}","templated":true}]}}