{"id":22537,"date":"2024-03-10T05:33:08","date_gmt":"2024-03-10T04:33:08","guid":{"rendered":"https:\/\/diamondspa.sk\/product\/m-spa-kupelnova-vana-spa-turbo-s-hydromasazou-168-x-86-x-60-cm\/"},"modified":"2025-09-05T10:46:35","modified_gmt":"2025-09-05T08:46:35","slug":"m-spa-kupelnova-vana-spa-turbo-s-hydromasazou-168-x-86-x-60-cm","status":"publish","type":"product","link":"https:\/\/diamondspa.sk\/sk\/produkt\/m-spa-kupelnova-vana-spa-turbo-s-hydromasazou-168-x-86-x-60-cm\/","title":{"rendered":"M-SPA &#8211; K\u00fape\u013e\u0148ov\u00e1 va\u0148a SPA TURBO s hydromas\u00e1\u017eou 168 x 86 x 60 cm"},"content":{"rendered":"<p>Vonkaj\u0161ie rozmery: 168 x 86 x 60 cm\u00a0<em>(v\u00fd\u0161ka meran\u00e1 v najvy\u0161\u0161om bode akrylu)<\/em><br \/>Farba: Biela<br \/>Po\u0165ah: Akryl<br \/>Po\u010det miest na sedenie: 1 osoba<br \/>Nap\u00e1janie: 220 ~ 240V\/50<br \/>Celkov\u00fd v\u00fdkon: celkovo cca 2,4 kW<br \/>Vodn\u00e9 trysky 9 ks vr\u00e1tane:<br \/>\u2013 Vodn\u00e9 d\u00fdzy (3,5\u2033): 4 ks<br \/>\u2013 Vodn\u00e9 d\u00fdzy (2\u2033): 5 ks<br \/>Vodn\u00e9 \u010derpadlo 0,7 kW<br \/>Vzduchov\u00e9 d\u00fdzy (1\u2033): 8 ks<br \/>Vzduchov\u00e9 \u010derpadlo 0,2 kW\u00a0<br \/>Ohrieva\u010d: 1,5 kW<br \/>Gener\u00e1tor oz\u00f3nu<br \/>Sn\u00edma\u010de hladiny vody <em>(ochrana \u010derpadiel pred horen\u00edm)<\/em><br \/>SPA podvodn\u00e9 svetlo <em>(sedem druhov farieb)<\/em><br \/>LED svetlo v pl\u00e1\u0161ti vane: 7 ks<em>(pln\u00e1 modr\u00e1)<\/em><br \/>Sprchov\u00e1 hlavica<br \/>V\u00fdtok<br \/>Opierka hlavy <em>(skrutkovacia)<\/em><br \/>Ovl\u00e1dac\u00ed panel<br \/>R\u00e1dio<br \/>Reproduktor<br \/>Sklenen\u00e1 predn\u00e1 strana<\/p>\n<p><strong>V\u00ddHODY:<\/strong><\/p>\n<p>Turbomas\u00e1\u017e\u00a0<em>(koordin\u00e1cia vodn\u00e9ho \u010derpadla so vzduchov\u00fdm \u010derpadlom)<\/em><br \/>Regul\u00e1tor prevzdu\u0161\u0148ovania vodn\u00fdch trysiek<br \/>Syst\u00e9m prevzdu\u0161\u0148ovania vodn\u00fdch trysiek<br \/>Syst\u00e9m\u00a0su\u0161enia potrubia\u00a0<em>(gravita\u010dn\u00fd)<\/em><br \/>Syst\u00e9m\u00a0su\u0161enia vodn\u00fdch trysiek\u00a0<em>(elektrick\u00fd)<\/em><br \/>Profilovan\u00e9 dno vane<br \/>2&#8243; trysky vody z nerezovej ocele<br \/>Voda a vzduchov\u00e9 \u010derpadl\u00e1 m\u00f4\u017eu pracova\u0165 paralelne<\/p>\n<p><strong>\u010eAL\u0160IE INFORM\u00c1CIE:<\/strong><\/p>\n<p>Kapacita vane: min.\u00a0180 rokov<br \/>Hmotnos\u0165 vane: 65 kg<br \/>Va\u0148a vstavan\u00e1 na 3 stran\u00e1ch\u00a0<em>(1 strana nezastavan\u00e1)<\/em><br \/>Verzia vane: obd\u013a\u017enikov\u00e1<\/p>\n","protected":false},"excerpt":{"rendered":"<p>Vonkaj\u0161ie rozmery: 168 x 86 x 60 cm\u00a0(v\u00fd\u0161ka meran\u00e1 v najvy\u0161\u0161om bode akrylu)Farba: BielaPo\u0165ah: AkrylPo\u010det miest na sedenie: 1 osobaNap\u00e1janie: 220 ~ 240V\/50Celkov\u00fd v\u00fdkon: celkovo cca 2,4 kWVodn\u00e9 trysky 9 ks vr\u00e1tane:\u2013 Vodn\u00e9 d\u00fdzy (3,5\u2033): 4 ks\u2013 Vodn\u00e9 d\u00fdzy (2\u2033): 5 ksVodn\u00e9 \u010derpadlo 0,7 kWVzduchov\u00e9 d\u00fdzy (1\u2033): 8 ksVzduchov\u00e9 \u010derpadlo 0,2 kW\u00a0Ohrieva\u010d: 1,5 kWGener\u00e1tor oz\u00f3nuSn\u00edma\u010de [&hellip;]<\/p>\n","protected":false},"featured_media":22538,"comment_status":"closed","ping_status":"open","template":"","meta":[],"product_brand":[2536],"product_cat":[168,65],"product_tag":[],"class_list":{"0":"post-22537","1":"product","2":"type-product","3":"status-publish","4":"has-post-thumbnail","6":"product_brand-m-spa","7":"product_cat-hydromasazne-vane","8":"product_cat-vane","9":"pa_objem-180-l","10":"pa_pocet-miest-622","11":"pa_pocet-trysiek-866","12":"pa_povrch-akryl","13":"pa_sirka-86-cm","14":"pa_vaha-65-kg","15":"pa_vyrobca-m-spa","16":"pa_vyska-60-cm","17":"pa_zaruka-2-roky","19":"first","20":"instock","21":"sale","22":"taxable","23":"shipping-taxable","24":"purchasable","25":"product-type-simple"},"_links":{"self":[{"href":"https:\/\/diamondspa.sk\/sk\/wp-json\/wp\/v2\/product\/22537","targetHints":{"allow":["GET"]}}],"collection":[{"href":"https:\/\/diamondspa.sk\/sk\/wp-json\/wp\/v2\/product"}],"about":[{"href":"https:\/\/diamondspa.sk\/sk\/wp-json\/wp\/v2\/types\/product"}],"replies":[{"embeddable":true,"href":"https:\/\/diamondspa.sk\/sk\/wp-json\/wp\/v2\/comments?post=22537"}],"wp:featuredmedia":[{"embeddable":true,"href":"https:\/\/diamondspa.sk\/sk\/wp-json\/wp\/v2\/media\/22538"}],"wp:attachment":[{"href":"https:\/\/diamondspa.sk\/sk\/wp-json\/wp\/v2\/media?parent=22537"}],"wp:term":[{"taxonomy":"product_brand","embeddable":true,"href":"https:\/\/diamondspa.sk\/sk\/wp-json\/wp\/v2\/product_brand?post=22537"},{"taxonomy":"product_cat","embeddable":true,"href":"https:\/\/diamondspa.sk\/sk\/wp-json\/wp\/v2\/product_cat?post=22537"},{"taxonomy":"product_tag","embeddable":true,"href":"https:\/\/diamondspa.sk\/sk\/wp-json\/wp\/v2\/product_tag?post=22537"}],"curies":[{"name":"wp","href":"https:\/\/api.w.org\/{rel}","templated":true}]}}