{"id":22566,"date":"2024-03-10T05:33:08","date_gmt":"2024-03-10T04:33:08","guid":{"rendered":"https:\/\/diamondspa.sk\/product\/m-spa-kupelnova-vana-spa-s-hydromasazou-170-x-87-x-60-cm\/"},"modified":"2025-09-05T10:46:35","modified_gmt":"2025-09-05T08:46:35","slug":"m-spa-kupelnova-vana-spa-s-hydromasazou-170-x-87-x-60-cm","status":"publish","type":"product","link":"https:\/\/diamondspa.sk\/sk\/produkt\/m-spa-kupelnova-vana-spa-s-hydromasazou-170-x-87-x-60-cm\/","title":{"rendered":"M-SPA &#8211; K\u00fape\u013e\u0148ov\u00e1 va\u0148a SPA s hydromas\u00e1\u017eou 170 x 87 x 60 cm"},"content":{"rendered":"<p>Vonkaj\u0161ie rozmery: 170 x 87 x 60 cm (v\u00fd\u0161ka meran\u00e1 v najvy\u0161\u0161om bode akrylu)<br \/>Farba: Biela<br \/>Po\u0165ah: Akryl<br \/>Po\u010det miest na sedenie: 1 osoba<br \/>Nap\u00e1janie: 220 ~ 240V\/50<br \/>Celkov\u00fd v\u00fdkon: cca 0,9 kW celkom<br \/>Vodn\u00e9 trysky 9 ks vr\u00e1tane:<br \/>\u2013 Vodn\u00e9 trysky (3,5\u2033): 4 ks<br \/>\u2013 Vodn\u00e9 trysky (2\u2033): 5 ks<br \/>Vodn\u00e9 \u010derpadlo 0,7 kW<br \/>Vzduchov\u00e9 d\u00fdzy (1\u2033): 8 ks<br \/>Vzduchov\u00e9 \u010derpadlo 0,2 kW<br \/>Gener\u00e1tor oz\u00f3nu<br \/>SPA podvodn\u00e9 svetlo (sedem druhov farieb)<br \/>LED svetlo v pl\u00e1\u0161ti vane: 7 ks (pln\u00e1 modr\u00e1 farba)<br \/>Termostatick\u00e1 bat\u00e9ria<br \/>Sprchov\u00e1 hlavica<br \/>V\u00fdtok<br \/>Opierka hlavy (skrutkovate\u013en\u00e1)<br \/>Ovl\u00e1dac\u00ed panel<br \/>Bluetooth<br \/>R\u00e1dio<br \/>Reproduktor<br \/>Sklenen\u00e1 predn\u00e1 strana<\/p>\n<p><strong>\u010eAL\u0160IE INFORM\u00c1CIE:<\/strong><\/p>\n<p>Regul\u00e1tor prevzdu\u0161\u0148ovania vodn\u00fdch trysiek<br \/>Syst\u00e9m prevzdu\u0161\u0148ovania vodn\u00fdch trysiek<br \/>Syst\u00e9m pre su\u0161enie tr\u00fabiek (gravit\u00e1cia)<br \/>Profilovan\u00e9 dno vane<br \/>2\u2033 vodn\u00e9 d\u00fdzy vyroben\u00e9 z nehrdzavej\u00facej ocele<br \/>Vodn\u00e9 a vzduchov\u00e9 \u010derpadl\u00e1 m\u00f4\u017eu pracova\u0165 paralelne<\/p>\n<p>Kapacita vane: 170 litrov<br \/>Hmotnos\u0165 vane: 60 kg<br \/>Va\u0148a vstavan\u00e1 na 3 stran\u00e1ch (1 strana nezastavan\u00e1)<br \/>Verzia vane: obd\u013a\u017enikov\u00e1<\/p>\n","protected":false},"excerpt":{"rendered":"<p>Vonkaj\u0161ie rozmery: 170 x 87 x 60 cm (v\u00fd\u0161ka meran\u00e1 v najvy\u0161\u0161om bode akrylu)Farba: BielaPo\u0165ah: AkrylPo\u010det miest na sedenie: 1 osobaNap\u00e1janie: 220 ~ 240V\/50Celkov\u00fd v\u00fdkon: cca 0,9 kW celkomVodn\u00e9 trysky 9 ks vr\u00e1tane:\u2013 Vodn\u00e9 trysky (3,5\u2033): 4 ks\u2013 Vodn\u00e9 trysky (2\u2033): 5 ksVodn\u00e9 \u010derpadlo 0,7 kWVzduchov\u00e9 d\u00fdzy (1\u2033): 8 ksVzduchov\u00e9 \u010derpadlo 0,2 kWGener\u00e1tor oz\u00f3nuSPA podvodn\u00e9 [&hellip;]<\/p>\n","protected":false},"featured_media":22567,"comment_status":"closed","ping_status":"open","template":"","meta":[],"product_brand":[2536],"product_cat":[168,65],"product_tag":[],"class_list":{"0":"post-22566","1":"product","2":"type-product","3":"status-publish","4":"has-post-thumbnail","6":"product_brand-m-spa","7":"product_cat-hydromasazne-vane","8":"product_cat-vane","9":"pa_napajanie-220-240-v-50-hz","10":"pa_objem-170-l","11":"pa_pocet-miest-622","12":"pa_pocet-trysiek-866","13":"pa_povrch-akryl","14":"pa_sirka-87-cm","15":"pa_vaha-60-kg","16":"pa_vyrobca-m-spa","17":"pa_vyska-60-cm","18":"pa_zaruka-2-roky","20":"first","21":"outofstock","22":"sale","23":"taxable","24":"shipping-taxable","25":"purchasable","26":"product-type-simple"},"_links":{"self":[{"href":"https:\/\/diamondspa.sk\/sk\/wp-json\/wp\/v2\/product\/22566","targetHints":{"allow":["GET"]}}],"collection":[{"href":"https:\/\/diamondspa.sk\/sk\/wp-json\/wp\/v2\/product"}],"about":[{"href":"https:\/\/diamondspa.sk\/sk\/wp-json\/wp\/v2\/types\/product"}],"replies":[{"embeddable":true,"href":"https:\/\/diamondspa.sk\/sk\/wp-json\/wp\/v2\/comments?post=22566"}],"wp:featuredmedia":[{"embeddable":true,"href":"https:\/\/diamondspa.sk\/sk\/wp-json\/wp\/v2\/media\/22567"}],"wp:attachment":[{"href":"https:\/\/diamondspa.sk\/sk\/wp-json\/wp\/v2\/media?parent=22566"}],"wp:term":[{"taxonomy":"product_brand","embeddable":true,"href":"https:\/\/diamondspa.sk\/sk\/wp-json\/wp\/v2\/product_brand?post=22566"},{"taxonomy":"product_cat","embeddable":true,"href":"https:\/\/diamondspa.sk\/sk\/wp-json\/wp\/v2\/product_cat?post=22566"},{"taxonomy":"product_tag","embeddable":true,"href":"https:\/\/diamondspa.sk\/sk\/wp-json\/wp\/v2\/product_tag?post=22566"}],"curies":[{"name":"wp","href":"https:\/\/api.w.org\/{rel}","templated":true}]}}